{"id":317,"date":"2025-04-17T09:09:15","date_gmt":"2025-04-17T09:09:15","guid":{"rendered":"https:\/\/www.emidav.com\/?page_id=317"},"modified":"2025-07-11T12:54:26","modified_gmt":"2025-07-11T12:54:26","slug":"agricultura","status":"publish","type":"page","link":"https:\/\/www.emidav.com\/ro\/agricultura\/","title":{"rendered":"Agricultur\u0103"},"content":{"rendered":"<p><span style=\"font-size: 18pt;\"><strong>Agricultur\u0103<\/strong><\/span><\/p>\n<p>Pentru func\u021bionarea stabil\u0103 a echipamentelor \u0219i sistemelor de alimentare cu ap\u0103 utilizate \u00een agricultur\u0103, este esen\u021bial\u0103 prezen\u021ba unor motoare electrice, pompe \u0219i componente fiabile.<br \/>\nCompania noastr\u0103 ofer\u0103 o gam\u0103 larg\u0103 de produse \u2013 cum ar fi vase hidrofor, condensatoare sau rulmen\u021bi \u2013 special concepute pentru utilizare \u00een medii agricole, fie c\u0103 este vorba despre sisteme de iriga\u021bii sau \u00eentre\u021binerea utilajelor.<\/p>\n","protected":false},"excerpt":{"rendered":"<p>Pentru func\u021bionarea stabil\u0103 a echipamentelor \u0219i sistemelor de alimentare cu ap\u0103 utilizate \u00een agricultur\u0103, este esen\u021bial\u0103 prezen\u021ba unor motoare electrice, pompe \u0219i componente fiabile.<br \/>\nCompania noastr\u0103 ofer\u0103 o gam\u0103 larg\u0103 de produse \u2013 cum ar fi vase hidrofor, condensatoare sau rulmen\u021bi \u2013 special concepute pentru utilizare \u00een medii agricole, fie c\u0103 este vorba despre sisteme de iriga\u021bii sau \u00eentre\u021binerea utilajelor.<\/p>\n","protected":false},"author":1,"featured_media":0,"parent":0,"menu_order":27,"comment_status":"closed","ping_status":"closed","template":"template-categories.php","meta":{"footnotes":""},"categories":[18],"class_list":["post-317","page","type-page","status-publish","hentry","category-kiemelt-2-ro"],"yoast_head":"<!-- This site is optimized with the Yoast SEO plugin v25.9 - https:\/\/yoast.com\/wordpress\/plugins\/seo\/ -->\n<title>Piese Agricole: Pompe, Motoare \u0219i Componente | Emidav Kft.<\/title>\n<meta name=\"description\" content=\"Pompe, motoare electrice \u0219i piese pentru sisteme de iriga\u021bii \u0219i \u00eentre\u021binerea utilajelor. Solu\u021bii de calitate pentru o func\u021bionare stabil\u0103 \u0219i fiabil\u0103.\" \/>\n<meta name=\"robots\" content=\"index, follow, max-snippet:-1, max-image-preview:large, max-video-preview:-1\" \/>\n<link rel=\"canonical\" href=\"https:\/\/www.emidav.com\/ro\/agricultura\/\" \/>\n<meta property=\"og:locale\" content=\"ro_RO\" \/>\n<meta property=\"og:type\" content=\"article\" \/>\n<meta property=\"og:title\" content=\"Piese Agricole: Pompe, Motoare \u0219i Componente | Emidav Kft.\" \/>\n<meta property=\"og:description\" content=\"Pompe, motoare electrice \u0219i piese pentru sisteme de iriga\u021bii \u0219i \u00eentre\u021binerea utilajelor. Solu\u021bii de calitate pentru o func\u021bionare stabil\u0103 \u0219i fiabil\u0103.\" \/>\n<meta property=\"og:url\" content=\"https:\/\/www.emidav.com\/ro\/agricultura\/\" \/>\n<meta property=\"og:site_name\" content=\"Emidav\" \/>\n<meta property=\"article:modified_time\" content=\"2025-07-11T12:54:26+00:00\" \/>\n<meta property=\"og:image\" content=\"https:\/\/www.emidav.com\/wp-content\/uploads\/2025\/07\/emidav_site_image.webp\" \/>\n\t<meta property=\"og:image:width\" content=\"1200\" \/>\n\t<meta property=\"og:image:height\" content=\"675\" \/>\n\t<meta property=\"og:image:type\" content=\"image\/webp\" \/>\n<meta name=\"twitter:card\" content=\"summary_large_image\" \/>\n<meta name=\"twitter:label1\" content=\"Timp estimat pentru citire\" \/>\n\t<meta name=\"twitter:data1\" content=\"1 minut\" \/>\n<script type=\"application\/ld+json\" class=\"yoast-schema-graph\">{\"@context\":\"https:\/\/schema.org\",\"@graph\":[{\"@type\":\"WebPage\",\"@id\":\"https:\/\/www.emidav.com\/ro\/agricultura\/\",\"url\":\"https:\/\/www.emidav.com\/ro\/agricultura\/\",\"name\":\"Piese Agricole: Pompe, Motoare \u0219i Componente | Emidav Kft.\",\"isPartOf\":{\"@id\":\"https:\/\/www.emidav.com\/ro\/#website\"},\"datePublished\":\"2025-04-17T09:09:15+00:00\",\"dateModified\":\"2025-07-11T12:54:26+00:00\",\"description\":\"Pompe, motoare electrice \u0219i piese pentru sisteme de iriga\u021bii \u0219i \u00eentre\u021binerea utilajelor. Solu\u021bii de calitate pentru o func\u021bionare stabil\u0103 \u0219i fiabil\u0103.\",\"breadcrumb\":{\"@id\":\"https:\/\/www.emidav.com\/ro\/agricultura\/#breadcrumb\"},\"inLanguage\":\"ro-RO\",\"potentialAction\":[{\"@type\":\"ReadAction\",\"target\":[\"https:\/\/www.emidav.com\/ro\/agricultura\/\"]}]},{\"@type\":\"BreadcrumbList\",\"@id\":\"https:\/\/www.emidav.com\/ro\/agricultura\/#breadcrumb\",\"itemListElement\":[{\"@type\":\"ListItem\",\"position\":1,\"name\":\"Acas\u0103\",\"item\":\"https:\/\/www.emidav.com\/ro\/\"},{\"@type\":\"ListItem\",\"position\":2,\"name\":\"Agricultur\u0103\"}]},{\"@type\":\"WebSite\",\"@id\":\"https:\/\/www.emidav.com\/ro\/#website\",\"url\":\"https:\/\/www.emidav.com\/ro\/\",\"name\":\"Emidav Hungary\",\"description\":\"\",\"publisher\":{\"@id\":\"https:\/\/www.emidav.com\/ro\/#organization\"},\"alternateName\":\"Emidav\",\"potentialAction\":[{\"@type\":\"SearchAction\",\"target\":{\"@type\":\"EntryPoint\",\"urlTemplate\":\"https:\/\/www.emidav.com\/ro\/?s={search_term_string}\"},\"query-input\":{\"@type\":\"PropertyValueSpecification\",\"valueRequired\":true,\"valueName\":\"search_term_string\"}}],\"inLanguage\":\"ro-RO\"},{\"@type\":\"Organization\",\"@id\":\"https:\/\/www.emidav.com\/ro\/#organization\",\"name\":\"Emidav Hungary Kft.\",\"url\":\"https:\/\/www.emidav.com\/ro\/\",\"logo\":{\"@type\":\"ImageObject\",\"inLanguage\":\"ro-RO\",\"@id\":\"https:\/\/www.emidav.com\/ro\/#\/schema\/logo\/image\/\",\"url\":\"https:\/\/www.emidav.com\/wp-content\/uploads\/2025\/07\/emidav_logo.webp\",\"contentUrl\":\"https:\/\/www.emidav.com\/wp-content\/uploads\/2025\/07\/emidav_logo.webp\",\"width\":1490,\"height\":533,\"caption\":\"Emidav Hungary Kft.\"},\"image\":{\"@id\":\"https:\/\/www.emidav.com\/ro\/#\/schema\/logo\/image\/\"}}]}<\/script>\n<!-- \/ Yoast SEO plugin. -->","yoast_head_json":{"title":"Piese Agricole: Pompe, Motoare \u0219i Componente | Emidav Kft.","description":"Pompe, motoare electrice \u0219i piese pentru sisteme de iriga\u021bii \u0219i \u00eentre\u021binerea utilajelor. Solu\u021bii de calitate pentru o func\u021bionare stabil\u0103 \u0219i fiabil\u0103.","robots":{"index":"index","follow":"follow","max-snippet":"max-snippet:-1","max-image-preview":"max-image-preview:large","max-video-preview":"max-video-preview:-1"},"canonical":"https:\/\/www.emidav.com\/ro\/agricultura\/","og_locale":"ro_RO","og_type":"article","og_title":"Piese Agricole: Pompe, Motoare \u0219i Componente | Emidav Kft.","og_description":"Pompe, motoare electrice \u0219i piese pentru sisteme de iriga\u021bii \u0219i \u00eentre\u021binerea utilajelor. Solu\u021bii de calitate pentru o func\u021bionare stabil\u0103 \u0219i fiabil\u0103.","og_url":"https:\/\/www.emidav.com\/ro\/agricultura\/","og_site_name":"Emidav","article_modified_time":"2025-07-11T12:54:26+00:00","og_image":[{"width":1200,"height":675,"url":"https:\/\/www.emidav.com\/wp-content\/uploads\/2025\/07\/emidav_site_image.webp","type":"image\/webp"}],"twitter_card":"summary_large_image","twitter_misc":{"Timp estimat pentru citire":"1 minut"},"schema":{"@context":"https:\/\/schema.org","@graph":[{"@type":"WebPage","@id":"https:\/\/www.emidav.com\/ro\/agricultura\/","url":"https:\/\/www.emidav.com\/ro\/agricultura\/","name":"Piese Agricole: Pompe, Motoare \u0219i Componente | Emidav Kft.","isPartOf":{"@id":"https:\/\/www.emidav.com\/ro\/#website"},"datePublished":"2025-04-17T09:09:15+00:00","dateModified":"2025-07-11T12:54:26+00:00","description":"Pompe, motoare electrice \u0219i piese pentru sisteme de iriga\u021bii \u0219i \u00eentre\u021binerea utilajelor. Solu\u021bii de calitate pentru o func\u021bionare stabil\u0103 \u0219i fiabil\u0103.","breadcrumb":{"@id":"https:\/\/www.emidav.com\/ro\/agricultura\/#breadcrumb"},"inLanguage":"ro-RO","potentialAction":[{"@type":"ReadAction","target":["https:\/\/www.emidav.com\/ro\/agricultura\/"]}]},{"@type":"BreadcrumbList","@id":"https:\/\/www.emidav.com\/ro\/agricultura\/#breadcrumb","itemListElement":[{"@type":"ListItem","position":1,"name":"Acas\u0103","item":"https:\/\/www.emidav.com\/ro\/"},{"@type":"ListItem","position":2,"name":"Agricultur\u0103"}]},{"@type":"WebSite","@id":"https:\/\/www.emidav.com\/ro\/#website","url":"https:\/\/www.emidav.com\/ro\/","name":"Emidav Hungary","description":"","publisher":{"@id":"https:\/\/www.emidav.com\/ro\/#organization"},"alternateName":"Emidav","potentialAction":[{"@type":"SearchAction","target":{"@type":"EntryPoint","urlTemplate":"https:\/\/www.emidav.com\/ro\/?s={search_term_string}"},"query-input":{"@type":"PropertyValueSpecification","valueRequired":true,"valueName":"search_term_string"}}],"inLanguage":"ro-RO"},{"@type":"Organization","@id":"https:\/\/www.emidav.com\/ro\/#organization","name":"Emidav Hungary Kft.","url":"https:\/\/www.emidav.com\/ro\/","logo":{"@type":"ImageObject","inLanguage":"ro-RO","@id":"https:\/\/www.emidav.com\/ro\/#\/schema\/logo\/image\/","url":"https:\/\/www.emidav.com\/wp-content\/uploads\/2025\/07\/emidav_logo.webp","contentUrl":"https:\/\/www.emidav.com\/wp-content\/uploads\/2025\/07\/emidav_logo.webp","width":1490,"height":533,"caption":"Emidav Hungary Kft."},"image":{"@id":"https:\/\/www.emidav.com\/ro\/#\/schema\/logo\/image\/"}}]}},"_links":{"self":[{"href":"https:\/\/www.emidav.com\/ro\/wp-json\/wp\/v2\/pages\/317","targetHints":{"allow":["GET"]}}],"collection":[{"href":"https:\/\/www.emidav.com\/ro\/wp-json\/wp\/v2\/pages"}],"about":[{"href":"https:\/\/www.emidav.com\/ro\/wp-json\/wp\/v2\/types\/page"}],"author":[{"embeddable":true,"href":"https:\/\/www.emidav.com\/ro\/wp-json\/wp\/v2\/users\/1"}],"replies":[{"embeddable":true,"href":"https:\/\/www.emidav.com\/ro\/wp-json\/wp\/v2\/comments?post=317"}],"version-history":[{"count":3,"href":"https:\/\/www.emidav.com\/ro\/wp-json\/wp\/v2\/pages\/317\/revisions"}],"predecessor-version":[{"id":624,"href":"https:\/\/www.emidav.com\/ro\/wp-json\/wp\/v2\/pages\/317\/revisions\/624"}],"wp:attachment":[{"href":"https:\/\/www.emidav.com\/ro\/wp-json\/wp\/v2\/media?parent=317"}],"wp:term":[{"taxonomy":"category","embeddable":true,"href":"https:\/\/www.emidav.com\/ro\/wp-json\/wp\/v2\/categories?post=317"}],"curies":[{"name":"wp","href":"https:\/\/api.w.org\/{rel}","templated":true}]}}