{"id":309,"date":"2025-04-17T09:09:33","date_gmt":"2025-04-17T09:09:33","guid":{"rendered":"https:\/\/www.emidav.com\/?page_id=309"},"modified":"2025-07-11T11:39:31","modified_gmt":"2025-07-11T11:39:31","slug":"inginerie-civila","status":"publish","type":"page","link":"https:\/\/www.emidav.com\/ro\/inginerie-civila\/","title":{"rendered":"Inginerie civil\u0103"},"content":{"rendered":"<p><span style=\"font-size: 18pt;\"><strong>Inginerie civil\u0103<\/strong><\/span><\/p>\n<p>\u00cen domeniul instala\u021biilor pentru cl\u0103diri, este deosebit de important\u0103 utilizarea unor solu\u021bii tehnice fiabile, eficiente din punct de vedere energetic \u0219i durabile.<br \/>\nProdusele noastre \u2013 de la pompe, ventilatoare \u0219i invertoare, p\u00e2n\u0103 la elemente de comand\u0103 \u0219i comutatoare \u2013 sunt perfect adaptate pentru implementarea \u0219i \u00eentre\u021binerea sistemelor de \u00eenc\u0103lzire, r\u0103cire, alimentare cu ap\u0103 sau ventila\u021bie.<br \/>\nOferim componente de calitate profesional\u0103 pentru operarea eficient\u0103 a cl\u0103dirilor.<\/p>\n","protected":false},"excerpt":{"rendered":"<p>\u00cen domeniul instala\u021biilor pentru cl\u0103diri, este deosebit de important\u0103 utilizarea unor solu\u021bii tehnice fiabile, eficiente din punct de vedere energetic \u0219i durabile.<br \/>\nProdusele noastre \u2013 de la pompe, ventilatoare \u0219i invertoare, p\u00e2n\u0103 la elemente de comand\u0103 \u0219i comutatoare \u2013 sunt perfect adaptate pentru implementarea \u0219i \u00eentre\u021binerea sistemelor de \u00eenc\u0103lzire, r\u0103cire, alimentare cu ap\u0103 sau ventila\u021bie.<\/p>\n","protected":false},"author":1,"featured_media":0,"parent":0,"menu_order":9,"comment_status":"closed","ping_status":"closed","template":"template-categories.php","meta":{"footnotes":""},"categories":[18],"class_list":["post-309","page","type-page","status-publish","hentry","category-kiemelt-2-ro"],"yoast_head":"<!-- This site is optimized with the Yoast SEO plugin v25.9 - https:\/\/yoast.com\/wordpress\/plugins\/seo\/ -->\n<title>Componente Profesionale pentru Instala\u021bii Cl\u0103diri | Emidav Kft.<\/title>\n<meta name=\"description\" content=\"Gam\u0103 complet\u0103 de pompe, ventilatoare \u0219i comutatoare pentru sisteme HVAC \u0219i alimentare cu ap\u0103. Piese de calitate pentru operare fiabil\u0103 \u0219i eficient\u0103.\" \/>\n<meta name=\"robots\" content=\"index, follow, max-snippet:-1, max-image-preview:large, max-video-preview:-1\" \/>\n<link rel=\"canonical\" href=\"https:\/\/www.emidav.com\/ro\/inginerie-civila\/\" \/>\n<meta property=\"og:locale\" content=\"ro_RO\" \/>\n<meta property=\"og:type\" content=\"article\" \/>\n<meta property=\"og:title\" content=\"Componente Profesionale pentru Instala\u021bii Cl\u0103diri | Emidav Kft.\" \/>\n<meta property=\"og:description\" content=\"Gam\u0103 complet\u0103 de pompe, ventilatoare \u0219i comutatoare pentru sisteme HVAC \u0219i alimentare cu ap\u0103. Piese de calitate pentru operare fiabil\u0103 \u0219i eficient\u0103.\" \/>\n<meta property=\"og:url\" content=\"https:\/\/www.emidav.com\/ro\/inginerie-civila\/\" \/>\n<meta property=\"og:site_name\" content=\"Emidav\" \/>\n<meta property=\"article:modified_time\" content=\"2025-07-11T11:39:31+00:00\" \/>\n<meta property=\"og:image\" content=\"https:\/\/www.emidav.com\/wp-content\/uploads\/2025\/07\/emidav_site_image.webp\" \/>\n\t<meta property=\"og:image:width\" content=\"1200\" \/>\n\t<meta property=\"og:image:height\" content=\"675\" \/>\n\t<meta property=\"og:image:type\" content=\"image\/webp\" \/>\n<meta name=\"twitter:card\" content=\"summary_large_image\" \/>\n<meta name=\"twitter:label1\" content=\"Timp estimat pentru citire\" \/>\n\t<meta name=\"twitter:data1\" content=\"1 minut\" \/>\n<script type=\"application\/ld+json\" class=\"yoast-schema-graph\">{\"@context\":\"https:\/\/schema.org\",\"@graph\":[{\"@type\":\"WebPage\",\"@id\":\"https:\/\/www.emidav.com\/ro\/inginerie-civila\/\",\"url\":\"https:\/\/www.emidav.com\/ro\/inginerie-civila\/\",\"name\":\"Componente Profesionale pentru Instala\u021bii Cl\u0103diri | Emidav Kft.\",\"isPartOf\":{\"@id\":\"https:\/\/www.emidav.com\/ro\/#website\"},\"datePublished\":\"2025-04-17T09:09:33+00:00\",\"dateModified\":\"2025-07-11T11:39:31+00:00\",\"description\":\"Gam\u0103 complet\u0103 de pompe, ventilatoare \u0219i comutatoare pentru sisteme HVAC \u0219i alimentare cu ap\u0103. Piese de calitate pentru operare fiabil\u0103 \u0219i eficient\u0103.\",\"breadcrumb\":{\"@id\":\"https:\/\/www.emidav.com\/ro\/inginerie-civila\/#breadcrumb\"},\"inLanguage\":\"ro-RO\",\"potentialAction\":[{\"@type\":\"ReadAction\",\"target\":[\"https:\/\/www.emidav.com\/ro\/inginerie-civila\/\"]}]},{\"@type\":\"BreadcrumbList\",\"@id\":\"https:\/\/www.emidav.com\/ro\/inginerie-civila\/#breadcrumb\",\"itemListElement\":[{\"@type\":\"ListItem\",\"position\":1,\"name\":\"Acas\u0103\",\"item\":\"https:\/\/www.emidav.com\/ro\/\"},{\"@type\":\"ListItem\",\"position\":2,\"name\":\"Inginerie civil\u0103\"}]},{\"@type\":\"WebSite\",\"@id\":\"https:\/\/www.emidav.com\/ro\/#website\",\"url\":\"https:\/\/www.emidav.com\/ro\/\",\"name\":\"Emidav Hungary\",\"description\":\"\",\"publisher\":{\"@id\":\"https:\/\/www.emidav.com\/ro\/#organization\"},\"alternateName\":\"Emidav\",\"potentialAction\":[{\"@type\":\"SearchAction\",\"target\":{\"@type\":\"EntryPoint\",\"urlTemplate\":\"https:\/\/www.emidav.com\/ro\/?s={search_term_string}\"},\"query-input\":{\"@type\":\"PropertyValueSpecification\",\"valueRequired\":true,\"valueName\":\"search_term_string\"}}],\"inLanguage\":\"ro-RO\"},{\"@type\":\"Organization\",\"@id\":\"https:\/\/www.emidav.com\/ro\/#organization\",\"name\":\"Emidav Hungary Kft.\",\"url\":\"https:\/\/www.emidav.com\/ro\/\",\"logo\":{\"@type\":\"ImageObject\",\"inLanguage\":\"ro-RO\",\"@id\":\"https:\/\/www.emidav.com\/ro\/#\/schema\/logo\/image\/\",\"url\":\"https:\/\/www.emidav.com\/wp-content\/uploads\/2025\/07\/emidav_logo.webp\",\"contentUrl\":\"https:\/\/www.emidav.com\/wp-content\/uploads\/2025\/07\/emidav_logo.webp\",\"width\":1490,\"height\":533,\"caption\":\"Emidav Hungary Kft.\"},\"image\":{\"@id\":\"https:\/\/www.emidav.com\/ro\/#\/schema\/logo\/image\/\"}}]}<\/script>\n<!-- \/ Yoast SEO plugin. -->","yoast_head_json":{"title":"Componente Profesionale pentru Instala\u021bii Cl\u0103diri | Emidav Kft.","description":"Gam\u0103 complet\u0103 de pompe, ventilatoare \u0219i comutatoare pentru sisteme HVAC \u0219i alimentare cu ap\u0103. Piese de calitate pentru operare fiabil\u0103 \u0219i eficient\u0103.","robots":{"index":"index","follow":"follow","max-snippet":"max-snippet:-1","max-image-preview":"max-image-preview:large","max-video-preview":"max-video-preview:-1"},"canonical":"https:\/\/www.emidav.com\/ro\/inginerie-civila\/","og_locale":"ro_RO","og_type":"article","og_title":"Componente Profesionale pentru Instala\u021bii Cl\u0103diri | Emidav Kft.","og_description":"Gam\u0103 complet\u0103 de pompe, ventilatoare \u0219i comutatoare pentru sisteme HVAC \u0219i alimentare cu ap\u0103. Piese de calitate pentru operare fiabil\u0103 \u0219i eficient\u0103.","og_url":"https:\/\/www.emidav.com\/ro\/inginerie-civila\/","og_site_name":"Emidav","article_modified_time":"2025-07-11T11:39:31+00:00","og_image":[{"width":1200,"height":675,"url":"https:\/\/www.emidav.com\/wp-content\/uploads\/2025\/07\/emidav_site_image.webp","type":"image\/webp"}],"twitter_card":"summary_large_image","twitter_misc":{"Timp estimat pentru citire":"1 minut"},"schema":{"@context":"https:\/\/schema.org","@graph":[{"@type":"WebPage","@id":"https:\/\/www.emidav.com\/ro\/inginerie-civila\/","url":"https:\/\/www.emidav.com\/ro\/inginerie-civila\/","name":"Componente Profesionale pentru Instala\u021bii Cl\u0103diri | Emidav Kft.","isPartOf":{"@id":"https:\/\/www.emidav.com\/ro\/#website"},"datePublished":"2025-04-17T09:09:33+00:00","dateModified":"2025-07-11T11:39:31+00:00","description":"Gam\u0103 complet\u0103 de pompe, ventilatoare \u0219i comutatoare pentru sisteme HVAC \u0219i alimentare cu ap\u0103. Piese de calitate pentru operare fiabil\u0103 \u0219i eficient\u0103.","breadcrumb":{"@id":"https:\/\/www.emidav.com\/ro\/inginerie-civila\/#breadcrumb"},"inLanguage":"ro-RO","potentialAction":[{"@type":"ReadAction","target":["https:\/\/www.emidav.com\/ro\/inginerie-civila\/"]}]},{"@type":"BreadcrumbList","@id":"https:\/\/www.emidav.com\/ro\/inginerie-civila\/#breadcrumb","itemListElement":[{"@type":"ListItem","position":1,"name":"Acas\u0103","item":"https:\/\/www.emidav.com\/ro\/"},{"@type":"ListItem","position":2,"name":"Inginerie civil\u0103"}]},{"@type":"WebSite","@id":"https:\/\/www.emidav.com\/ro\/#website","url":"https:\/\/www.emidav.com\/ro\/","name":"Emidav Hungary","description":"","publisher":{"@id":"https:\/\/www.emidav.com\/ro\/#organization"},"alternateName":"Emidav","potentialAction":[{"@type":"SearchAction","target":{"@type":"EntryPoint","urlTemplate":"https:\/\/www.emidav.com\/ro\/?s={search_term_string}"},"query-input":{"@type":"PropertyValueSpecification","valueRequired":true,"valueName":"search_term_string"}}],"inLanguage":"ro-RO"},{"@type":"Organization","@id":"https:\/\/www.emidav.com\/ro\/#organization","name":"Emidav Hungary Kft.","url":"https:\/\/www.emidav.com\/ro\/","logo":{"@type":"ImageObject","inLanguage":"ro-RO","@id":"https:\/\/www.emidav.com\/ro\/#\/schema\/logo\/image\/","url":"https:\/\/www.emidav.com\/wp-content\/uploads\/2025\/07\/emidav_logo.webp","contentUrl":"https:\/\/www.emidav.com\/wp-content\/uploads\/2025\/07\/emidav_logo.webp","width":1490,"height":533,"caption":"Emidav Hungary Kft."},"image":{"@id":"https:\/\/www.emidav.com\/ro\/#\/schema\/logo\/image\/"}}]}},"_links":{"self":[{"href":"https:\/\/www.emidav.com\/ro\/wp-json\/wp\/v2\/pages\/309","targetHints":{"allow":["GET"]}}],"collection":[{"href":"https:\/\/www.emidav.com\/ro\/wp-json\/wp\/v2\/pages"}],"about":[{"href":"https:\/\/www.emidav.com\/ro\/wp-json\/wp\/v2\/types\/page"}],"author":[{"embeddable":true,"href":"https:\/\/www.emidav.com\/ro\/wp-json\/wp\/v2\/users\/1"}],"replies":[{"embeddable":true,"href":"https:\/\/www.emidav.com\/ro\/wp-json\/wp\/v2\/comments?post=309"}],"version-history":[{"count":3,"href":"https:\/\/www.emidav.com\/ro\/wp-json\/wp\/v2\/pages\/309\/revisions"}],"predecessor-version":[{"id":625,"href":"https:\/\/www.emidav.com\/ro\/wp-json\/wp\/v2\/pages\/309\/revisions\/625"}],"wp:attachment":[{"href":"https:\/\/www.emidav.com\/ro\/wp-json\/wp\/v2\/media?parent=309"}],"wp:term":[{"taxonomy":"category","embeddable":true,"href":"https:\/\/www.emidav.com\/ro\/wp-json\/wp\/v2\/categories?post=309"}],"curies":[{"name":"wp","href":"https:\/\/api.w.org\/{rel}","templated":true}]}}