{"id":307,"date":"2025-04-10T17:43:30","date_gmt":"2025-04-10T17:43:30","guid":{"rendered":"https:\/\/www.emidav.com\/?page_id=307"},"modified":"2025-07-08T11:30:11","modified_gmt":"2025-07-08T11:30:11","slug":"informatii","status":"publish","type":"page","link":"https:\/\/www.emidav.com\/ro\/informatii\/","title":{"rendered":"Despre Noi"},"content":{"rendered":"<p><strong>Prezen\u021b\u0103 pe Pia\u021b\u0103<br \/>\n<\/strong><br \/>\nEmidav Kft. a fost fondat\u0103 \u00een 1998 \u0219i de atunci se ocup\u0103 cu distribu\u021bia de produse electromecanice. De peste dou\u0103zeci \u0219i cinci de ani activ\u0103m pe pie\u021bele din Ungaria \u0219i Rom\u00e2nia, oferind produse fiabile \u0219i de \u00eenalt\u0103 calitate, provenite \u00een principal de la produc\u0103tori italieni \u0219i europeni.<\/p>\n<p><strong>Parteneriate \u0219i Dezvoltare<br \/>\n<\/strong><br \/>\n\u00cenc\u0103 de la \u00eenceput, scopul nostru a fost s\u0103 oferim produse \u0219i servicii de calitate superioar\u0103 la pre\u021buri corecte. Datorit\u0103 rela\u021biilor str\u00e2nse cu furnizori de \u00eencredere \u0219i aten\u021biei continue acordate nevoilor clien\u021bilor, am devenit un actor important \u00een domeniul nostru.<\/p>\n<p><strong>Expertiz\u0103 \u0219i Cre\u0219tere<br \/>\n<\/strong><br \/>\nMisiunea noastr\u0103 este s\u0103 oferim produse electromecanice de excep\u021bie \u0219i servicii fiabile \u0219i punctuale, construind rela\u021bii de durat\u0103 bazate pe \u00eencredere, competen\u021b\u0103 \u0219i transparen\u021b\u0103.<\/p>\n","protected":false},"excerpt":{"rendered":"<p>Prezen\u021b\u0103 pe Pia\u021b\u0103 Emidav Kft. a fost fondat\u0103 \u00een 1998 \u0219i de atunci se ocup\u0103 cu distribu\u021bia de produse electromecanice. De peste dou\u0103zeci \u0219i cinci de ani activ\u0103m pe pie\u021bele din Ungaria \u0219i Rom\u00e2nia, oferind produse fiabile \u0219i de \u00eenalt\u0103 calitate, provenite \u00een principal de la produc\u0103tori italieni \u0219i europeni. Parteneriate \u0219i Dezvoltare \u00cenc\u0103 de [&hellip;]<\/p>\n","protected":false},"author":1,"featured_media":0,"parent":0,"menu_order":32,"comment_status":"closed","ping_status":"closed","template":"","meta":{"footnotes":""},"categories":[],"class_list":["post-307","page","type-page","status-publish","hentry"],"yoast_head":"<!-- This site is optimized with the Yoast SEO plugin v25.9 - https:\/\/yoast.com\/wordpress\/plugins\/seo\/ -->\n<title>Despre Noi | Emidav Kft. | Solu\u021bii Electromecanice<\/title>\n<meta name=\"description\" content=\"De peste 25 de ani, Emidav Kft. distribuie produse electromecanice de calitate superioar\u0103 de la produc\u0103tori europeni. Expertiz\u0103 \u0219i fiabilitate.\" \/>\n<meta name=\"robots\" content=\"index, follow, max-snippet:-1, max-image-preview:large, max-video-preview:-1\" \/>\n<link rel=\"canonical\" href=\"https:\/\/www.emidav.com\/ro\/informatii\/\" \/>\n<meta property=\"og:locale\" content=\"ro_RO\" \/>\n<meta property=\"og:type\" content=\"article\" \/>\n<meta property=\"og:title\" content=\"Despre Noi | Emidav Kft. | Solu\u021bii Electromecanice\" \/>\n<meta property=\"og:description\" content=\"De peste 25 de ani, Emidav Kft. distribuie produse electromecanice de calitate superioar\u0103 de la produc\u0103tori europeni. Expertiz\u0103 \u0219i fiabilitate.\" \/>\n<meta property=\"og:url\" content=\"https:\/\/www.emidav.com\/ro\/informatii\/\" \/>\n<meta property=\"og:site_name\" content=\"Emidav\" \/>\n<meta property=\"article:modified_time\" content=\"2025-07-08T11:30:11+00:00\" \/>\n<meta property=\"og:image\" content=\"https:\/\/www.emidav.com\/wp-content\/uploads\/2025\/07\/emidav_site_image.webp\" \/>\n\t<meta property=\"og:image:width\" content=\"1200\" \/>\n\t<meta property=\"og:image:height\" content=\"675\" \/>\n\t<meta property=\"og:image:type\" content=\"image\/webp\" \/>\n<meta name=\"twitter:card\" content=\"summary_large_image\" \/>\n<meta name=\"twitter:label1\" content=\"Timp estimat pentru citire\" \/>\n\t<meta name=\"twitter:data1\" content=\"1 minut\" \/>\n<script type=\"application\/ld+json\" class=\"yoast-schema-graph\">{\"@context\":\"https:\/\/schema.org\",\"@graph\":[{\"@type\":\"WebPage\",\"@id\":\"https:\/\/www.emidav.com\/ro\/informatii\/\",\"url\":\"https:\/\/www.emidav.com\/ro\/informatii\/\",\"name\":\"Despre Noi | Emidav Kft. | Solu\u021bii Electromecanice\",\"isPartOf\":{\"@id\":\"https:\/\/www.emidav.com\/ro\/#website\"},\"datePublished\":\"2025-04-10T17:43:30+00:00\",\"dateModified\":\"2025-07-08T11:30:11+00:00\",\"description\":\"De peste 25 de ani, Emidav Kft. distribuie produse electromecanice de calitate superioar\u0103 de la produc\u0103tori europeni. Expertiz\u0103 \u0219i fiabilitate.\",\"breadcrumb\":{\"@id\":\"https:\/\/www.emidav.com\/ro\/informatii\/#breadcrumb\"},\"inLanguage\":\"ro-RO\",\"potentialAction\":[{\"@type\":\"ReadAction\",\"target\":[\"https:\/\/www.emidav.com\/ro\/informatii\/\"]}]},{\"@type\":\"BreadcrumbList\",\"@id\":\"https:\/\/www.emidav.com\/ro\/informatii\/#breadcrumb\",\"itemListElement\":[{\"@type\":\"ListItem\",\"position\":1,\"name\":\"Acas\u0103\",\"item\":\"https:\/\/www.emidav.com\/ro\/\"},{\"@type\":\"ListItem\",\"position\":2,\"name\":\"Despre Noi\"}]},{\"@type\":\"WebSite\",\"@id\":\"https:\/\/www.emidav.com\/ro\/#website\",\"url\":\"https:\/\/www.emidav.com\/ro\/\",\"name\":\"Emidav Hungary\",\"description\":\"\",\"publisher\":{\"@id\":\"https:\/\/www.emidav.com\/ro\/#organization\"},\"alternateName\":\"Emidav\",\"potentialAction\":[{\"@type\":\"SearchAction\",\"target\":{\"@type\":\"EntryPoint\",\"urlTemplate\":\"https:\/\/www.emidav.com\/ro\/?s={search_term_string}\"},\"query-input\":{\"@type\":\"PropertyValueSpecification\",\"valueRequired\":true,\"valueName\":\"search_term_string\"}}],\"inLanguage\":\"ro-RO\"},{\"@type\":\"Organization\",\"@id\":\"https:\/\/www.emidav.com\/ro\/#organization\",\"name\":\"Emidav Hungary Kft.\",\"url\":\"https:\/\/www.emidav.com\/ro\/\",\"logo\":{\"@type\":\"ImageObject\",\"inLanguage\":\"ro-RO\",\"@id\":\"https:\/\/www.emidav.com\/ro\/#\/schema\/logo\/image\/\",\"url\":\"https:\/\/www.emidav.com\/wp-content\/uploads\/2025\/07\/emidav_logo.webp\",\"contentUrl\":\"https:\/\/www.emidav.com\/wp-content\/uploads\/2025\/07\/emidav_logo.webp\",\"width\":1490,\"height\":533,\"caption\":\"Emidav Hungary Kft.\"},\"image\":{\"@id\":\"https:\/\/www.emidav.com\/ro\/#\/schema\/logo\/image\/\"}}]}<\/script>\n<!-- \/ Yoast SEO plugin. -->","yoast_head_json":{"title":"Despre Noi | Emidav Kft. | Solu\u021bii Electromecanice","description":"De peste 25 de ani, Emidav Kft. distribuie produse electromecanice de calitate superioar\u0103 de la produc\u0103tori europeni. Expertiz\u0103 \u0219i fiabilitate.","robots":{"index":"index","follow":"follow","max-snippet":"max-snippet:-1","max-image-preview":"max-image-preview:large","max-video-preview":"max-video-preview:-1"},"canonical":"https:\/\/www.emidav.com\/ro\/informatii\/","og_locale":"ro_RO","og_type":"article","og_title":"Despre Noi | Emidav Kft. | Solu\u021bii Electromecanice","og_description":"De peste 25 de ani, Emidav Kft. distribuie produse electromecanice de calitate superioar\u0103 de la produc\u0103tori europeni. Expertiz\u0103 \u0219i fiabilitate.","og_url":"https:\/\/www.emidav.com\/ro\/informatii\/","og_site_name":"Emidav","article_modified_time":"2025-07-08T11:30:11+00:00","og_image":[{"width":1200,"height":675,"url":"https:\/\/www.emidav.com\/wp-content\/uploads\/2025\/07\/emidav_site_image.webp","type":"image\/webp"}],"twitter_card":"summary_large_image","twitter_misc":{"Timp estimat pentru citire":"1 minut"},"schema":{"@context":"https:\/\/schema.org","@graph":[{"@type":"WebPage","@id":"https:\/\/www.emidav.com\/ro\/informatii\/","url":"https:\/\/www.emidav.com\/ro\/informatii\/","name":"Despre Noi | Emidav Kft. | Solu\u021bii Electromecanice","isPartOf":{"@id":"https:\/\/www.emidav.com\/ro\/#website"},"datePublished":"2025-04-10T17:43:30+00:00","dateModified":"2025-07-08T11:30:11+00:00","description":"De peste 25 de ani, Emidav Kft. distribuie produse electromecanice de calitate superioar\u0103 de la produc\u0103tori europeni. Expertiz\u0103 \u0219i fiabilitate.","breadcrumb":{"@id":"https:\/\/www.emidav.com\/ro\/informatii\/#breadcrumb"},"inLanguage":"ro-RO","potentialAction":[{"@type":"ReadAction","target":["https:\/\/www.emidav.com\/ro\/informatii\/"]}]},{"@type":"BreadcrumbList","@id":"https:\/\/www.emidav.com\/ro\/informatii\/#breadcrumb","itemListElement":[{"@type":"ListItem","position":1,"name":"Acas\u0103","item":"https:\/\/www.emidav.com\/ro\/"},{"@type":"ListItem","position":2,"name":"Despre Noi"}]},{"@type":"WebSite","@id":"https:\/\/www.emidav.com\/ro\/#website","url":"https:\/\/www.emidav.com\/ro\/","name":"Emidav Hungary","description":"","publisher":{"@id":"https:\/\/www.emidav.com\/ro\/#organization"},"alternateName":"Emidav","potentialAction":[{"@type":"SearchAction","target":{"@type":"EntryPoint","urlTemplate":"https:\/\/www.emidav.com\/ro\/?s={search_term_string}"},"query-input":{"@type":"PropertyValueSpecification","valueRequired":true,"valueName":"search_term_string"}}],"inLanguage":"ro-RO"},{"@type":"Organization","@id":"https:\/\/www.emidav.com\/ro\/#organization","name":"Emidav Hungary Kft.","url":"https:\/\/www.emidav.com\/ro\/","logo":{"@type":"ImageObject","inLanguage":"ro-RO","@id":"https:\/\/www.emidav.com\/ro\/#\/schema\/logo\/image\/","url":"https:\/\/www.emidav.com\/wp-content\/uploads\/2025\/07\/emidav_logo.webp","contentUrl":"https:\/\/www.emidav.com\/wp-content\/uploads\/2025\/07\/emidav_logo.webp","width":1490,"height":533,"caption":"Emidav Hungary Kft."},"image":{"@id":"https:\/\/www.emidav.com\/ro\/#\/schema\/logo\/image\/"}}]}},"_links":{"self":[{"href":"https:\/\/www.emidav.com\/ro\/wp-json\/wp\/v2\/pages\/307","targetHints":{"allow":["GET"]}}],"collection":[{"href":"https:\/\/www.emidav.com\/ro\/wp-json\/wp\/v2\/pages"}],"about":[{"href":"https:\/\/www.emidav.com\/ro\/wp-json\/wp\/v2\/types\/page"}],"author":[{"embeddable":true,"href":"https:\/\/www.emidav.com\/ro\/wp-json\/wp\/v2\/users\/1"}],"replies":[{"embeddable":true,"href":"https:\/\/www.emidav.com\/ro\/wp-json\/wp\/v2\/comments?post=307"}],"version-history":[{"count":4,"href":"https:\/\/www.emidav.com\/ro\/wp-json\/wp\/v2\/pages\/307\/revisions"}],"predecessor-version":[{"id":1075,"href":"https:\/\/www.emidav.com\/ro\/wp-json\/wp\/v2\/pages\/307\/revisions\/1075"}],"wp:attachment":[{"href":"https:\/\/www.emidav.com\/ro\/wp-json\/wp\/v2\/media?parent=307"}],"wp:term":[{"taxonomy":"category","embeddable":true,"href":"https:\/\/www.emidav.com\/ro\/wp-json\/wp\/v2\/categories?post=307"}],"curies":[{"name":"wp","href":"https:\/\/api.w.org\/{rel}","templated":true}]}}