{"id":303,"date":"2025-05-22T19:02:54","date_gmt":"2025-05-22T19:02:54","guid":{"rendered":"https:\/\/www.emidav.com\/?page_id=303"},"modified":"2025-07-08T19:10:07","modified_gmt":"2025-07-08T19:10:07","slug":"rulmenti","status":"publish","type":"page","link":"https:\/\/www.emidav.com\/ro\/produse\/piese-si-componente-de-schimb-pentru-motoare-electrice\/rulmenti\/","title":{"rendered":"Rulmen\u021bi"},"content":{"rendered":"<p>Rulmen\u021bii sunt unele dintre cele mai critice componente ale motoarelor electrice, asigur\u00e2nd mi\u0219carea uniform\u0103 \u0219i silen\u021bioas\u0103 a rotorului.<br \/>\nRulmen\u021bii de calitate garanteaz\u0103 o durat\u0103 de via\u021b\u0103 lung\u0103 \u0219i o func\u021bionare fiabil\u0103.<br \/>\nOferim o gam\u0103 larg\u0103 de tipuri, dimensiuni \u0219i clase de sarcin\u0103.<\/p>\n<ul>\n<li><a href=\"https:\/\/faet.it\/en\/products\/other\/bearings\/skf-bearings\/\" target=\"_blank\" rel=\"noopener\">SKF<\/a><\/li>\n<li><a href=\"https:\/\/faet.it\/en\/products\/other\/bearings\/ems-bearings\/\" target=\"_blank\" rel=\"noopener\">EMS<\/a><\/li>\n<li><a href=\"https:\/\/faet.it\/en\/products\/other\/bearings\/accessories-for-bearings\/\" target=\"_blank\" rel=\"noopener\">Accesorii<\/a><\/li>\n<\/ul>\n<div class=\"gallery-imgs gal-878881 row\">\r\n            <div class=\"gallery-item col-sm-6 col-lg-4\">\r\n                    \r\n                        <img decoding=\"async\" src=\"https:\/\/www.emidav.com\/wp-content\/uploads\/2025\/06\/661515427088187284-380x352-1-300x215.jpg\" alt=\"\" class=\"img-fluid\">\r\n\t\t\t\t\t\t\t\t\r\n                    \r\n            <\/div>\r\n            <div class=\"gallery-item col-sm-6 col-lg-4\">\r\n                    \r\n                        <img decoding=\"async\" src=\"https:\/\/www.emidav.com\/wp-content\/uploads\/2025\/06\/851412904476956786-380x287-1-300x215.jpg\" alt=\"\" class=\"img-fluid\">\r\n\t\t\t\t\t\t\t\t\r\n                    \r\n            <\/div>\r\n            <div class=\"gallery-item col-sm-6 col-lg-4\">\r\n                    \r\n                        <img decoding=\"async\" src=\"https:\/\/www.emidav.com\/wp-content\/uploads\/2025\/06\/964312904481767941-380x239-1-300x215.jpg\" alt=\"\" class=\"img-fluid\">\r\n\t\t\t\t\t\t\t\t\r\n                    \r\n            <\/div><\/div>\n","protected":false},"excerpt":{"rendered":"<p>Rulmen\u021bii sunt unele dintre cele mai critice componente ale motoarelor electrice, asigur\u00e2nd mi\u0219carea uniform\u0103 \u0219i silen\u021bioas\u0103 a rotorului. Rulmen\u021bii de calitate garanteaz\u0103 o durat\u0103 de via\u021b\u0103 lung\u0103 \u0219i o func\u021bionare fiabil\u0103. Oferim o gam\u0103 larg\u0103 de tipuri, dimensiuni \u0219i clase de sarcin\u0103. SKF EMS Accesorii<\/p>\n","protected":false},"author":1,"featured_media":1630,"parent":271,"menu_order":46,"comment_status":"closed","ping_status":"closed","template":"","meta":{"footnotes":""},"categories":[],"class_list":["post-303","page","type-page","status-publish","has-post-thumbnail","hentry"],"yoast_head":"<!-- This site is optimized with the Yoast SEO plugin v25.9 - https:\/\/yoast.com\/wordpress\/plugins\/seo\/ -->\n<title>Rulmen\u021bi de Calitate pentru Motoare Electrice | Emidav Kft.<\/title>\n<meta name=\"description\" content=\"Rulmen\u021bi de calitate pentru motoare electrice, \u00eentr-o gam\u0103 larg\u0103 de dimensiuni \u0219i tipuri. Asigur\u0103 func\u021bionare silen\u021bioas\u0103, fiabil\u0103 \u0219i durat\u0103 lung\u0103 de via\u021b\u0103.\" \/>\n<meta name=\"robots\" content=\"index, follow, max-snippet:-1, max-image-preview:large, max-video-preview:-1\" \/>\n<link rel=\"canonical\" href=\"https:\/\/www.emidav.com\/ro\/produse\/piese-si-componente-de-schimb-pentru-motoare-electrice\/rulmenti\/\" \/>\n<meta property=\"og:locale\" content=\"ro_RO\" \/>\n<meta property=\"og:type\" content=\"article\" \/>\n<meta property=\"og:title\" content=\"Rulmen\u021bi de Calitate pentru Motoare Electrice | Emidav Kft.\" \/>\n<meta property=\"og:description\" content=\"Rulmen\u021bi de calitate pentru motoare electrice, \u00eentr-o gam\u0103 larg\u0103 de dimensiuni \u0219i tipuri. Asigur\u0103 func\u021bionare silen\u021bioas\u0103, fiabil\u0103 \u0219i durat\u0103 lung\u0103 de via\u021b\u0103.\" \/>\n<meta property=\"og:url\" content=\"https:\/\/www.emidav.com\/ro\/produse\/piese-si-componente-de-schimb-pentru-motoare-electrice\/rulmenti\/\" \/>\n<meta property=\"og:site_name\" content=\"Emidav\" \/>\n<meta property=\"article:modified_time\" content=\"2025-07-08T19:10:07+00:00\" \/>\n<meta property=\"og:image\" content=\"https:\/\/www.emidav.com\/wp-content\/uploads\/2025\/07\/csapagy.jpg\" \/>\n\t<meta property=\"og:image:width\" content=\"1920\" \/>\n\t<meta property=\"og:image:height\" content=\"1280\" \/>\n\t<meta property=\"og:image:type\" content=\"image\/jpeg\" \/>\n<meta name=\"twitter:card\" content=\"summary_large_image\" \/>\n<meta name=\"twitter:label1\" content=\"Timp estimat pentru citire\" \/>\n\t<meta name=\"twitter:data1\" content=\"1 minut\" \/>\n<script type=\"application\/ld+json\" class=\"yoast-schema-graph\">{\"@context\":\"https:\/\/schema.org\",\"@graph\":[{\"@type\":\"WebPage\",\"@id\":\"https:\/\/www.emidav.com\/ro\/produse\/piese-si-componente-de-schimb-pentru-motoare-electrice\/rulmenti\/\",\"url\":\"https:\/\/www.emidav.com\/ro\/produse\/piese-si-componente-de-schimb-pentru-motoare-electrice\/rulmenti\/\",\"name\":\"Rulmen\u021bi de Calitate pentru Motoare Electrice | Emidav Kft.\",\"isPartOf\":{\"@id\":\"https:\/\/www.emidav.com\/ro\/#website\"},\"primaryImageOfPage\":{\"@id\":\"https:\/\/www.emidav.com\/ro\/produse\/piese-si-componente-de-schimb-pentru-motoare-electrice\/rulmenti\/#primaryimage\"},\"image\":{\"@id\":\"https:\/\/www.emidav.com\/ro\/produse\/piese-si-componente-de-schimb-pentru-motoare-electrice\/rulmenti\/#primaryimage\"},\"thumbnailUrl\":\"https:\/\/www.emidav.com\/wp-content\/uploads\/2025\/07\/csapagy.jpg\",\"datePublished\":\"2025-05-22T19:02:54+00:00\",\"dateModified\":\"2025-07-08T19:10:07+00:00\",\"description\":\"Rulmen\u021bi de calitate pentru motoare electrice, \u00eentr-o gam\u0103 larg\u0103 de dimensiuni \u0219i tipuri. Asigur\u0103 func\u021bionare silen\u021bioas\u0103, fiabil\u0103 \u0219i durat\u0103 lung\u0103 de via\u021b\u0103.\",\"breadcrumb\":{\"@id\":\"https:\/\/www.emidav.com\/ro\/produse\/piese-si-componente-de-schimb-pentru-motoare-electrice\/rulmenti\/#breadcrumb\"},\"inLanguage\":\"ro-RO\",\"potentialAction\":[{\"@type\":\"ReadAction\",\"target\":[\"https:\/\/www.emidav.com\/ro\/produse\/piese-si-componente-de-schimb-pentru-motoare-electrice\/rulmenti\/\"]}]},{\"@type\":\"ImageObject\",\"inLanguage\":\"ro-RO\",\"@id\":\"https:\/\/www.emidav.com\/ro\/produse\/piese-si-componente-de-schimb-pentru-motoare-electrice\/rulmenti\/#primaryimage\",\"url\":\"https:\/\/www.emidav.com\/wp-content\/uploads\/2025\/07\/csapagy.jpg\",\"contentUrl\":\"https:\/\/www.emidav.com\/wp-content\/uploads\/2025\/07\/csapagy.jpg\",\"width\":1920,\"height\":1280},{\"@type\":\"BreadcrumbList\",\"@id\":\"https:\/\/www.emidav.com\/ro\/produse\/piese-si-componente-de-schimb-pentru-motoare-electrice\/rulmenti\/#breadcrumb\",\"itemListElement\":[{\"@type\":\"ListItem\",\"position\":1,\"name\":\"Acas\u0103\",\"item\":\"https:\/\/www.emidav.com\/ro\/\"},{\"@type\":\"ListItem\",\"position\":2,\"name\":\"Produse\",\"item\":\"https:\/\/www.emidav.com\/ro\/produse\/\"},{\"@type\":\"ListItem\",\"position\":3,\"name\":\"Piese \u0219i Componente de Schimb pentru Motoare Electrice\",\"item\":\"https:\/\/www.emidav.com\/ro\/produse\/piese-si-componente-de-schimb-pentru-motoare-electrice\/\"},{\"@type\":\"ListItem\",\"position\":4,\"name\":\"Rulmen\u021bi\"}]},{\"@type\":\"WebSite\",\"@id\":\"https:\/\/www.emidav.com\/ro\/#website\",\"url\":\"https:\/\/www.emidav.com\/ro\/\",\"name\":\"Emidav Hungary\",\"description\":\"\",\"publisher\":{\"@id\":\"https:\/\/www.emidav.com\/ro\/#organization\"},\"alternateName\":\"Emidav\",\"potentialAction\":[{\"@type\":\"SearchAction\",\"target\":{\"@type\":\"EntryPoint\",\"urlTemplate\":\"https:\/\/www.emidav.com\/ro\/?s={search_term_string}\"},\"query-input\":{\"@type\":\"PropertyValueSpecification\",\"valueRequired\":true,\"valueName\":\"search_term_string\"}}],\"inLanguage\":\"ro-RO\"},{\"@type\":\"Organization\",\"@id\":\"https:\/\/www.emidav.com\/ro\/#organization\",\"name\":\"Emidav Hungary Kft.\",\"url\":\"https:\/\/www.emidav.com\/ro\/\",\"logo\":{\"@type\":\"ImageObject\",\"inLanguage\":\"ro-RO\",\"@id\":\"https:\/\/www.emidav.com\/ro\/#\/schema\/logo\/image\/\",\"url\":\"https:\/\/www.emidav.com\/wp-content\/uploads\/2025\/07\/emidav_logo.webp\",\"contentUrl\":\"https:\/\/www.emidav.com\/wp-content\/uploads\/2025\/07\/emidav_logo.webp\",\"width\":1490,\"height\":533,\"caption\":\"Emidav Hungary Kft.\"},\"image\":{\"@id\":\"https:\/\/www.emidav.com\/ro\/#\/schema\/logo\/image\/\"}}]}<\/script>\n<!-- \/ Yoast SEO plugin. -->","yoast_head_json":{"title":"Rulmen\u021bi de Calitate pentru Motoare Electrice | Emidav Kft.","description":"Rulmen\u021bi de calitate pentru motoare electrice, \u00eentr-o gam\u0103 larg\u0103 de dimensiuni \u0219i tipuri. Asigur\u0103 func\u021bionare silen\u021bioas\u0103, fiabil\u0103 \u0219i durat\u0103 lung\u0103 de via\u021b\u0103.","robots":{"index":"index","follow":"follow","max-snippet":"max-snippet:-1","max-image-preview":"max-image-preview:large","max-video-preview":"max-video-preview:-1"},"canonical":"https:\/\/www.emidav.com\/ro\/produse\/piese-si-componente-de-schimb-pentru-motoare-electrice\/rulmenti\/","og_locale":"ro_RO","og_type":"article","og_title":"Rulmen\u021bi de Calitate pentru Motoare Electrice | Emidav Kft.","og_description":"Rulmen\u021bi de calitate pentru motoare electrice, \u00eentr-o gam\u0103 larg\u0103 de dimensiuni \u0219i tipuri. Asigur\u0103 func\u021bionare silen\u021bioas\u0103, fiabil\u0103 \u0219i durat\u0103 lung\u0103 de via\u021b\u0103.","og_url":"https:\/\/www.emidav.com\/ro\/produse\/piese-si-componente-de-schimb-pentru-motoare-electrice\/rulmenti\/","og_site_name":"Emidav","article_modified_time":"2025-07-08T19:10:07+00:00","og_image":[{"width":1920,"height":1280,"url":"https:\/\/www.emidav.com\/wp-content\/uploads\/2025\/07\/csapagy.jpg","type":"image\/jpeg"}],"twitter_card":"summary_large_image","twitter_misc":{"Timp estimat pentru citire":"1 minut"},"schema":{"@context":"https:\/\/schema.org","@graph":[{"@type":"WebPage","@id":"https:\/\/www.emidav.com\/ro\/produse\/piese-si-componente-de-schimb-pentru-motoare-electrice\/rulmenti\/","url":"https:\/\/www.emidav.com\/ro\/produse\/piese-si-componente-de-schimb-pentru-motoare-electrice\/rulmenti\/","name":"Rulmen\u021bi de Calitate pentru Motoare Electrice | Emidav Kft.","isPartOf":{"@id":"https:\/\/www.emidav.com\/ro\/#website"},"primaryImageOfPage":{"@id":"https:\/\/www.emidav.com\/ro\/produse\/piese-si-componente-de-schimb-pentru-motoare-electrice\/rulmenti\/#primaryimage"},"image":{"@id":"https:\/\/www.emidav.com\/ro\/produse\/piese-si-componente-de-schimb-pentru-motoare-electrice\/rulmenti\/#primaryimage"},"thumbnailUrl":"https:\/\/www.emidav.com\/wp-content\/uploads\/2025\/07\/csapagy.jpg","datePublished":"2025-05-22T19:02:54+00:00","dateModified":"2025-07-08T19:10:07+00:00","description":"Rulmen\u021bi de calitate pentru motoare electrice, \u00eentr-o gam\u0103 larg\u0103 de dimensiuni \u0219i tipuri. Asigur\u0103 func\u021bionare silen\u021bioas\u0103, fiabil\u0103 \u0219i durat\u0103 lung\u0103 de via\u021b\u0103.","breadcrumb":{"@id":"https:\/\/www.emidav.com\/ro\/produse\/piese-si-componente-de-schimb-pentru-motoare-electrice\/rulmenti\/#breadcrumb"},"inLanguage":"ro-RO","potentialAction":[{"@type":"ReadAction","target":["https:\/\/www.emidav.com\/ro\/produse\/piese-si-componente-de-schimb-pentru-motoare-electrice\/rulmenti\/"]}]},{"@type":"ImageObject","inLanguage":"ro-RO","@id":"https:\/\/www.emidav.com\/ro\/produse\/piese-si-componente-de-schimb-pentru-motoare-electrice\/rulmenti\/#primaryimage","url":"https:\/\/www.emidav.com\/wp-content\/uploads\/2025\/07\/csapagy.jpg","contentUrl":"https:\/\/www.emidav.com\/wp-content\/uploads\/2025\/07\/csapagy.jpg","width":1920,"height":1280},{"@type":"BreadcrumbList","@id":"https:\/\/www.emidav.com\/ro\/produse\/piese-si-componente-de-schimb-pentru-motoare-electrice\/rulmenti\/#breadcrumb","itemListElement":[{"@type":"ListItem","position":1,"name":"Acas\u0103","item":"https:\/\/www.emidav.com\/ro\/"},{"@type":"ListItem","position":2,"name":"Produse","item":"https:\/\/www.emidav.com\/ro\/produse\/"},{"@type":"ListItem","position":3,"name":"Piese \u0219i Componente de Schimb pentru Motoare Electrice","item":"https:\/\/www.emidav.com\/ro\/produse\/piese-si-componente-de-schimb-pentru-motoare-electrice\/"},{"@type":"ListItem","position":4,"name":"Rulmen\u021bi"}]},{"@type":"WebSite","@id":"https:\/\/www.emidav.com\/ro\/#website","url":"https:\/\/www.emidav.com\/ro\/","name":"Emidav Hungary","description":"","publisher":{"@id":"https:\/\/www.emidav.com\/ro\/#organization"},"alternateName":"Emidav","potentialAction":[{"@type":"SearchAction","target":{"@type":"EntryPoint","urlTemplate":"https:\/\/www.emidav.com\/ro\/?s={search_term_string}"},"query-input":{"@type":"PropertyValueSpecification","valueRequired":true,"valueName":"search_term_string"}}],"inLanguage":"ro-RO"},{"@type":"Organization","@id":"https:\/\/www.emidav.com\/ro\/#organization","name":"Emidav Hungary Kft.","url":"https:\/\/www.emidav.com\/ro\/","logo":{"@type":"ImageObject","inLanguage":"ro-RO","@id":"https:\/\/www.emidav.com\/ro\/#\/schema\/logo\/image\/","url":"https:\/\/www.emidav.com\/wp-content\/uploads\/2025\/07\/emidav_logo.webp","contentUrl":"https:\/\/www.emidav.com\/wp-content\/uploads\/2025\/07\/emidav_logo.webp","width":1490,"height":533,"caption":"Emidav Hungary Kft."},"image":{"@id":"https:\/\/www.emidav.com\/ro\/#\/schema\/logo\/image\/"}}]}},"_links":{"self":[{"href":"https:\/\/www.emidav.com\/ro\/wp-json\/wp\/v2\/pages\/303","targetHints":{"allow":["GET"]}}],"collection":[{"href":"https:\/\/www.emidav.com\/ro\/wp-json\/wp\/v2\/pages"}],"about":[{"href":"https:\/\/www.emidav.com\/ro\/wp-json\/wp\/v2\/types\/page"}],"author":[{"embeddable":true,"href":"https:\/\/www.emidav.com\/ro\/wp-json\/wp\/v2\/users\/1"}],"replies":[{"embeddable":true,"href":"https:\/\/www.emidav.com\/ro\/wp-json\/wp\/v2\/comments?post=303"}],"version-history":[{"count":8,"href":"https:\/\/www.emidav.com\/ro\/wp-json\/wp\/v2\/pages\/303\/revisions"}],"predecessor-version":[{"id":1431,"href":"https:\/\/www.emidav.com\/ro\/wp-json\/wp\/v2\/pages\/303\/revisions\/1431"}],"up":[{"embeddable":true,"href":"https:\/\/www.emidav.com\/ro\/wp-json\/wp\/v2\/pages\/271"}],"wp:featuredmedia":[{"embeddable":true,"href":"https:\/\/www.emidav.com\/ro\/wp-json\/wp\/v2\/media\/1630"}],"wp:attachment":[{"href":"https:\/\/www.emidav.com\/ro\/wp-json\/wp\/v2\/media?parent=303"}],"wp:term":[{"taxonomy":"category","embeddable":true,"href":"https:\/\/www.emidav.com\/ro\/wp-json\/wp\/v2\/categories?post=303"}],"curies":[{"name":"wp","href":"https:\/\/api.w.org\/{rel}","templated":true}]}}