{"id":301,"date":"2025-05-22T19:07:26","date_gmt":"2025-05-22T19:07:26","guid":{"rendered":"https:\/\/www.emidav.com\/?page_id=301"},"modified":"2025-07-09T10:29:06","modified_gmt":"2025-07-09T10:29:06","slug":"limitatoare-de-cursa","status":"publish","type":"page","link":"https:\/\/www.emidav.com\/ro\/produse\/comutatoare-si-accesorii\/limitatoare-de-cursa\/","title":{"rendered":"Limitatoare de Curs\u0103"},"content":{"rendered":"<p>Comutatoarele de limit\u0103 joac\u0103 un rol esen\u021bial \u00een func\u021bionarea sigur\u0103 a sistemelor automatizate, detectarea pozi\u021biei \u0219i determinarea limitelor de mi\u0219care.<br \/>\n\u00cen oferta noastr\u0103 g\u0103si\u021bi diverse tipuri mecanice \u0219i cu role, care pot fi integrate u\u0219or \u00een ma\u0219ini, u\u0219i, echipamente de ridicat \u0219i alte aplica\u021bii.<\/p>\n<ul>\n<li><a href=\"https:\/\/faet.it\/en\/products\/switches\/limit-switches\/giovenzana-kr-series-worm-screws\/\" target=\"_blank\" rel=\"noopener\">Seria KR \u2013 limitatoare de curs\u0103 cu \u0219urub f\u0103r\u0103 sf\u00e2r\u0219it (cu melc), marca Giovenzana<\/a><\/li>\n<li><a href=\"https:\/\/faet.it\/en\/products\/switches\/limit-switches\/giovenzana-angles-for-aux-circuits\/\" target=\"_blank\" rel=\"noopener\">Seria FCR \u2013 limitatoare de curs\u0103 dreptunghiulare, marca Giovenzana<\/a><\/li>\n<li><a href=\"https:\/\/faet.it\/en\/products\/switches\/limit-switches\/e100-series\/\" target=\"_blank\" rel=\"noopener\">Seria E100 \u2013 comutatoare de pozi\u021bie, marca Bremas<\/a><\/li>\n<li><a href=\"https:\/\/faet.it\/en\/products\/switches\/limit-switches\/e400-series\/\" target=\"_blank\" rel=\"noopener\">Seria E400 \u2013 comutatoare de pozi\u021bie, marca Bremas<\/a><\/li>\n<\/ul>\n<div class=\"gallery-imgs gal-939942 row\">\r\n            <div class=\"gallery-item col-sm-6 col-lg-4\">\r\n                    \r\n                        <img decoding=\"async\" src=\"https:\/\/www.emidav.com\/wp-content\/uploads\/2025\/06\/666612904474834134-380x443-1-300x215.jpg\" alt=\"\" class=\"img-fluid\">\r\n\t\t\t\t\t\t\t\t\r\n                    \r\n            <\/div>\r\n            <div class=\"gallery-item col-sm-6 col-lg-4\">\r\n                    \r\n                        <img decoding=\"async\" src=\"https:\/\/www.emidav.com\/wp-content\/uploads\/2025\/06\/88521401970049595-380x531-1-300x215.jpg\" alt=\"\" class=\"img-fluid\">\r\n\t\t\t\t\t\t\t\t\r\n                    \r\n            <\/div>\r\n            <div class=\"gallery-item col-sm-6 col-lg-4\">\r\n                    \r\n                        <img decoding=\"async\" src=\"https:\/\/www.emidav.com\/wp-content\/uploads\/2025\/06\/246112904474082384-380x444-1-300x215.jpg\" alt=\"\" class=\"img-fluid\">\r\n\t\t\t\t\t\t\t\t\r\n                    \r\n            <\/div><\/div>\n","protected":false},"excerpt":{"rendered":"<p>Comutatoarele de limit\u0103 joac\u0103 un rol esen\u021bial \u00een func\u021bionarea sigur\u0103 a sistemelor automatizate, detectarea pozi\u021biei \u0219i determinarea limitelor de mi\u0219care. \u00cen oferta noastr\u0103 g\u0103si\u021bi diverse tipuri mecanice \u0219i cu role, care pot fi integrate u\u0219or \u00een ma\u0219ini, u\u0219i, echipamente de ridicat \u0219i alte aplica\u021bii. Seria KR \u2013 limitatoare de curs\u0103 cu \u0219urub f\u0103r\u0103 sf\u00e2r\u0219it (cu [&hellip;]<\/p>\n","protected":false},"author":1,"featured_media":1645,"parent":273,"menu_order":74,"comment_status":"closed","ping_status":"closed","template":"","meta":{"footnotes":""},"categories":[],"class_list":["post-301","page","type-page","status-publish","has-post-thumbnail","hentry"],"yoast_head":"<!-- This site is optimized with the Yoast SEO plugin v25.9 - https:\/\/yoast.com\/wordpress\/plugins\/seo\/ -->\n<title>Limitatoare de Curs\u0103 \u0219i Senzori de Pozi\u021bie Industriali | Emidav Kft.<\/title>\n<meta name=\"description\" content=\"Limitatoare de curs\u0103 pentru detectarea pozi\u021biei \u0219i limitarea mi\u0219c\u0103rii \u00een sisteme automatizate. Tipuri mecanice \u0219i cu role pentru ma\u0219ini, u\u0219i \u0219i lifturi.\" \/>\n<meta name=\"robots\" content=\"index, follow, max-snippet:-1, max-image-preview:large, max-video-preview:-1\" \/>\n<link rel=\"canonical\" href=\"https:\/\/www.emidav.com\/ro\/produse\/comutatoare-si-accesorii\/limitatoare-de-cursa\/\" \/>\n<meta property=\"og:locale\" content=\"ro_RO\" \/>\n<meta property=\"og:type\" content=\"article\" \/>\n<meta property=\"og:title\" content=\"Limitatoare de Curs\u0103 \u0219i Senzori de Pozi\u021bie Industriali | Emidav Kft.\" \/>\n<meta property=\"og:description\" content=\"Limitatoare de curs\u0103 pentru detectarea pozi\u021biei \u0219i limitarea mi\u0219c\u0103rii \u00een sisteme automatizate. Tipuri mecanice \u0219i cu role pentru ma\u0219ini, u\u0219i \u0219i lifturi.\" \/>\n<meta property=\"og:url\" content=\"https:\/\/www.emidav.com\/ro\/produse\/comutatoare-si-accesorii\/limitatoare-de-cursa\/\" \/>\n<meta property=\"og:site_name\" content=\"Emidav\" \/>\n<meta property=\"article:modified_time\" content=\"2025-07-09T10:29:06+00:00\" \/>\n<meta property=\"og:image\" content=\"https:\/\/www.emidav.com\/wp-content\/uploads\/2025\/07\/vegkapcs-scaled.jpg\" \/>\n\t<meta property=\"og:image:width\" content=\"1707\" \/>\n\t<meta property=\"og:image:height\" content=\"2560\" \/>\n\t<meta property=\"og:image:type\" content=\"image\/jpeg\" \/>\n<meta name=\"twitter:card\" content=\"summary_large_image\" \/>\n<meta name=\"twitter:label1\" content=\"Timp estimat pentru citire\" \/>\n\t<meta name=\"twitter:data1\" content=\"1 minut\" \/>\n<script type=\"application\/ld+json\" class=\"yoast-schema-graph\">{\"@context\":\"https:\/\/schema.org\",\"@graph\":[{\"@type\":\"WebPage\",\"@id\":\"https:\/\/www.emidav.com\/ro\/produse\/comutatoare-si-accesorii\/limitatoare-de-cursa\/\",\"url\":\"https:\/\/www.emidav.com\/ro\/produse\/comutatoare-si-accesorii\/limitatoare-de-cursa\/\",\"name\":\"Limitatoare de Curs\u0103 \u0219i Senzori de Pozi\u021bie Industriali | Emidav Kft.\",\"isPartOf\":{\"@id\":\"https:\/\/www.emidav.com\/ro\/#website\"},\"primaryImageOfPage\":{\"@id\":\"https:\/\/www.emidav.com\/ro\/produse\/comutatoare-si-accesorii\/limitatoare-de-cursa\/#primaryimage\"},\"image\":{\"@id\":\"https:\/\/www.emidav.com\/ro\/produse\/comutatoare-si-accesorii\/limitatoare-de-cursa\/#primaryimage\"},\"thumbnailUrl\":\"https:\/\/www.emidav.com\/wp-content\/uploads\/2025\/07\/vegkapcs-scaled.jpg\",\"datePublished\":\"2025-05-22T19:07:26+00:00\",\"dateModified\":\"2025-07-09T10:29:06+00:00\",\"description\":\"Limitatoare de curs\u0103 pentru detectarea pozi\u021biei \u0219i limitarea mi\u0219c\u0103rii \u00een sisteme automatizate. Tipuri mecanice \u0219i cu role pentru ma\u0219ini, u\u0219i \u0219i lifturi.\",\"breadcrumb\":{\"@id\":\"https:\/\/www.emidav.com\/ro\/produse\/comutatoare-si-accesorii\/limitatoare-de-cursa\/#breadcrumb\"},\"inLanguage\":\"ro-RO\",\"potentialAction\":[{\"@type\":\"ReadAction\",\"target\":[\"https:\/\/www.emidav.com\/ro\/produse\/comutatoare-si-accesorii\/limitatoare-de-cursa\/\"]}]},{\"@type\":\"ImageObject\",\"inLanguage\":\"ro-RO\",\"@id\":\"https:\/\/www.emidav.com\/ro\/produse\/comutatoare-si-accesorii\/limitatoare-de-cursa\/#primaryimage\",\"url\":\"https:\/\/www.emidav.com\/wp-content\/uploads\/2025\/07\/vegkapcs-scaled.jpg\",\"contentUrl\":\"https:\/\/www.emidav.com\/wp-content\/uploads\/2025\/07\/vegkapcs-scaled.jpg\",\"width\":1707,\"height\":2560},{\"@type\":\"BreadcrumbList\",\"@id\":\"https:\/\/www.emidav.com\/ro\/produse\/comutatoare-si-accesorii\/limitatoare-de-cursa\/#breadcrumb\",\"itemListElement\":[{\"@type\":\"ListItem\",\"position\":1,\"name\":\"Acas\u0103\",\"item\":\"https:\/\/www.emidav.com\/ro\/\"},{\"@type\":\"ListItem\",\"position\":2,\"name\":\"Produse\",\"item\":\"https:\/\/www.emidav.com\/ro\/produse\/\"},{\"@type\":\"ListItem\",\"position\":3,\"name\":\"Comutatoare \u0219i Accesorii\",\"item\":\"https:\/\/www.emidav.com\/ro\/produse\/comutatoare-si-accesorii\/\"},{\"@type\":\"ListItem\",\"position\":4,\"name\":\"Limitatoare de Curs\u0103\"}]},{\"@type\":\"WebSite\",\"@id\":\"https:\/\/www.emidav.com\/ro\/#website\",\"url\":\"https:\/\/www.emidav.com\/ro\/\",\"name\":\"Emidav Hungary\",\"description\":\"\",\"publisher\":{\"@id\":\"https:\/\/www.emidav.com\/ro\/#organization\"},\"alternateName\":\"Emidav\",\"potentialAction\":[{\"@type\":\"SearchAction\",\"target\":{\"@type\":\"EntryPoint\",\"urlTemplate\":\"https:\/\/www.emidav.com\/ro\/?s={search_term_string}\"},\"query-input\":{\"@type\":\"PropertyValueSpecification\",\"valueRequired\":true,\"valueName\":\"search_term_string\"}}],\"inLanguage\":\"ro-RO\"},{\"@type\":\"Organization\",\"@id\":\"https:\/\/www.emidav.com\/ro\/#organization\",\"name\":\"Emidav Hungary Kft.\",\"url\":\"https:\/\/www.emidav.com\/ro\/\",\"logo\":{\"@type\":\"ImageObject\",\"inLanguage\":\"ro-RO\",\"@id\":\"https:\/\/www.emidav.com\/ro\/#\/schema\/logo\/image\/\",\"url\":\"https:\/\/www.emidav.com\/wp-content\/uploads\/2025\/07\/emidav_logo.webp\",\"contentUrl\":\"https:\/\/www.emidav.com\/wp-content\/uploads\/2025\/07\/emidav_logo.webp\",\"width\":1490,\"height\":533,\"caption\":\"Emidav Hungary Kft.\"},\"image\":{\"@id\":\"https:\/\/www.emidav.com\/ro\/#\/schema\/logo\/image\/\"}}]}<\/script>\n<!-- \/ Yoast SEO plugin. -->","yoast_head_json":{"title":"Limitatoare de Curs\u0103 \u0219i Senzori de Pozi\u021bie Industriali | Emidav Kft.","description":"Limitatoare de curs\u0103 pentru detectarea pozi\u021biei \u0219i limitarea mi\u0219c\u0103rii \u00een sisteme automatizate. Tipuri mecanice \u0219i cu role pentru ma\u0219ini, u\u0219i \u0219i lifturi.","robots":{"index":"index","follow":"follow","max-snippet":"max-snippet:-1","max-image-preview":"max-image-preview:large","max-video-preview":"max-video-preview:-1"},"canonical":"https:\/\/www.emidav.com\/ro\/produse\/comutatoare-si-accesorii\/limitatoare-de-cursa\/","og_locale":"ro_RO","og_type":"article","og_title":"Limitatoare de Curs\u0103 \u0219i Senzori de Pozi\u021bie Industriali | Emidav Kft.","og_description":"Limitatoare de curs\u0103 pentru detectarea pozi\u021biei \u0219i limitarea mi\u0219c\u0103rii \u00een sisteme automatizate. Tipuri mecanice \u0219i cu role pentru ma\u0219ini, u\u0219i \u0219i lifturi.","og_url":"https:\/\/www.emidav.com\/ro\/produse\/comutatoare-si-accesorii\/limitatoare-de-cursa\/","og_site_name":"Emidav","article_modified_time":"2025-07-09T10:29:06+00:00","og_image":[{"width":1707,"height":2560,"url":"https:\/\/www.emidav.com\/wp-content\/uploads\/2025\/07\/vegkapcs-scaled.jpg","type":"image\/jpeg"}],"twitter_card":"summary_large_image","twitter_misc":{"Timp estimat pentru citire":"1 minut"},"schema":{"@context":"https:\/\/schema.org","@graph":[{"@type":"WebPage","@id":"https:\/\/www.emidav.com\/ro\/produse\/comutatoare-si-accesorii\/limitatoare-de-cursa\/","url":"https:\/\/www.emidav.com\/ro\/produse\/comutatoare-si-accesorii\/limitatoare-de-cursa\/","name":"Limitatoare de Curs\u0103 \u0219i Senzori de Pozi\u021bie Industriali | Emidav Kft.","isPartOf":{"@id":"https:\/\/www.emidav.com\/ro\/#website"},"primaryImageOfPage":{"@id":"https:\/\/www.emidav.com\/ro\/produse\/comutatoare-si-accesorii\/limitatoare-de-cursa\/#primaryimage"},"image":{"@id":"https:\/\/www.emidav.com\/ro\/produse\/comutatoare-si-accesorii\/limitatoare-de-cursa\/#primaryimage"},"thumbnailUrl":"https:\/\/www.emidav.com\/wp-content\/uploads\/2025\/07\/vegkapcs-scaled.jpg","datePublished":"2025-05-22T19:07:26+00:00","dateModified":"2025-07-09T10:29:06+00:00","description":"Limitatoare de curs\u0103 pentru detectarea pozi\u021biei \u0219i limitarea mi\u0219c\u0103rii \u00een sisteme automatizate. Tipuri mecanice \u0219i cu role pentru ma\u0219ini, u\u0219i \u0219i lifturi.","breadcrumb":{"@id":"https:\/\/www.emidav.com\/ro\/produse\/comutatoare-si-accesorii\/limitatoare-de-cursa\/#breadcrumb"},"inLanguage":"ro-RO","potentialAction":[{"@type":"ReadAction","target":["https:\/\/www.emidav.com\/ro\/produse\/comutatoare-si-accesorii\/limitatoare-de-cursa\/"]}]},{"@type":"ImageObject","inLanguage":"ro-RO","@id":"https:\/\/www.emidav.com\/ro\/produse\/comutatoare-si-accesorii\/limitatoare-de-cursa\/#primaryimage","url":"https:\/\/www.emidav.com\/wp-content\/uploads\/2025\/07\/vegkapcs-scaled.jpg","contentUrl":"https:\/\/www.emidav.com\/wp-content\/uploads\/2025\/07\/vegkapcs-scaled.jpg","width":1707,"height":2560},{"@type":"BreadcrumbList","@id":"https:\/\/www.emidav.com\/ro\/produse\/comutatoare-si-accesorii\/limitatoare-de-cursa\/#breadcrumb","itemListElement":[{"@type":"ListItem","position":1,"name":"Acas\u0103","item":"https:\/\/www.emidav.com\/ro\/"},{"@type":"ListItem","position":2,"name":"Produse","item":"https:\/\/www.emidav.com\/ro\/produse\/"},{"@type":"ListItem","position":3,"name":"Comutatoare \u0219i Accesorii","item":"https:\/\/www.emidav.com\/ro\/produse\/comutatoare-si-accesorii\/"},{"@type":"ListItem","position":4,"name":"Limitatoare de Curs\u0103"}]},{"@type":"WebSite","@id":"https:\/\/www.emidav.com\/ro\/#website","url":"https:\/\/www.emidav.com\/ro\/","name":"Emidav Hungary","description":"","publisher":{"@id":"https:\/\/www.emidav.com\/ro\/#organization"},"alternateName":"Emidav","potentialAction":[{"@type":"SearchAction","target":{"@type":"EntryPoint","urlTemplate":"https:\/\/www.emidav.com\/ro\/?s={search_term_string}"},"query-input":{"@type":"PropertyValueSpecification","valueRequired":true,"valueName":"search_term_string"}}],"inLanguage":"ro-RO"},{"@type":"Organization","@id":"https:\/\/www.emidav.com\/ro\/#organization","name":"Emidav Hungary Kft.","url":"https:\/\/www.emidav.com\/ro\/","logo":{"@type":"ImageObject","inLanguage":"ro-RO","@id":"https:\/\/www.emidav.com\/ro\/#\/schema\/logo\/image\/","url":"https:\/\/www.emidav.com\/wp-content\/uploads\/2025\/07\/emidav_logo.webp","contentUrl":"https:\/\/www.emidav.com\/wp-content\/uploads\/2025\/07\/emidav_logo.webp","width":1490,"height":533,"caption":"Emidav Hungary Kft."},"image":{"@id":"https:\/\/www.emidav.com\/ro\/#\/schema\/logo\/image\/"}}]}},"_links":{"self":[{"href":"https:\/\/www.emidav.com\/ro\/wp-json\/wp\/v2\/pages\/301","targetHints":{"allow":["GET"]}}],"collection":[{"href":"https:\/\/www.emidav.com\/ro\/wp-json\/wp\/v2\/pages"}],"about":[{"href":"https:\/\/www.emidav.com\/ro\/wp-json\/wp\/v2\/types\/page"}],"author":[{"embeddable":true,"href":"https:\/\/www.emidav.com\/ro\/wp-json\/wp\/v2\/users\/1"}],"replies":[{"embeddable":true,"href":"https:\/\/www.emidav.com\/ro\/wp-json\/wp\/v2\/comments?post=301"}],"version-history":[{"count":6,"href":"https:\/\/www.emidav.com\/ro\/wp-json\/wp\/v2\/pages\/301\/revisions"}],"predecessor-version":[{"id":1436,"href":"https:\/\/www.emidav.com\/ro\/wp-json\/wp\/v2\/pages\/301\/revisions\/1436"}],"up":[{"embeddable":true,"href":"https:\/\/www.emidav.com\/ro\/wp-json\/wp\/v2\/pages\/273"}],"wp:featuredmedia":[{"embeddable":true,"href":"https:\/\/www.emidav.com\/ro\/wp-json\/wp\/v2\/media\/1645"}],"wp:attachment":[{"href":"https:\/\/www.emidav.com\/ro\/wp-json\/wp\/v2\/media?parent=301"}],"wp:term":[{"taxonomy":"category","embeddable":true,"href":"https:\/\/www.emidav.com\/ro\/wp-json\/wp\/v2\/categories?post=301"}],"curies":[{"name":"wp","href":"https:\/\/api.w.org\/{rel}","templated":true}]}}