{"id":299,"date":"2025-05-22T19:07:13","date_gmt":"2025-05-22T19:07:13","guid":{"rendered":"https:\/\/www.emidav.com\/?page_id=299"},"modified":"2025-07-09T10:03:43","modified_gmt":"2025-07-09T10:03:43","slug":"panouri-de-comanda","status":"publish","type":"page","link":"https:\/\/www.emidav.com\/ro\/produse\/comutatoare-si-accesorii\/panouri-de-comanda\/","title":{"rendered":"Panouri de Comand\u0103"},"content":{"rendered":"<p>Tablourile noastre de comand\u0103 ofer\u0103 o solu\u021bie sigur\u0103 \u0219i organizat\u0103 pentru distribuirea, controlul \u0219i protec\u021bia circuitelor electrice.<br \/>\nSunt disponibile modele de diferite dimensiuni \u0219i configura\u021bii, ideale pentru utilizare \u00een medii industriale \u0219i ateliere.<br \/>\nConstruc\u021bia lor robust\u0103 asigur\u0103 o utilizare de durat\u0103.<\/p>\n<ul>\n<li><a href=\"https:\/\/faet.it\/en\/products\/switches\/pushbutton-panels\/wall-mounted-pushbutton-panel\/\" target=\"_blank\" rel=\"noopener\">Montaj pe perete<\/a><\/li>\n<li><a href=\"https:\/\/faet.it\/en\/products\/switches\/pushbutton-panels\/pendant-pushbutton-panels\/\" target=\"_blank\" rel=\"noopener\">Model suspendat (pentru perete)<\/a><\/li>\n<li><a href=\"https:\/\/faet.it\/en\/products\/switches\/pushbutton-panels\/driver-inverters\/\" target=\"_blank\" rel=\"noopener\">Invertoare de sens<\/a><\/li>\n<li><a href=\"https:\/\/faet.it\/en\/products\/switches\/pushbutton-panels\/mushroom-pushbutton-panel-pegasus\/\" target=\"_blank\" rel=\"noopener\">Comutatoare tip buton \u2013 Pegasus<\/a><\/li>\n<li><a href=\"https:\/\/faet.it\/en\/products\/switches\/pushbutton-panels\/pedal-controls-foot-pedal\/\" target=\"_blank\" rel=\"noopener\">Comenzi cu pedal\u0103<\/a><\/li>\n<li><a href=\"https:\/\/faet.it\/en\/products\/switches\/pushbutton-panels\/acoustic-signals-buzzer\/\" target=\"_blank\" rel=\"noopener\">Semnalizatoare acustice<\/a><\/li>\n<\/ul>\n<div class=\"gallery-imgs gal-928935 row\">\r\n            <div class=\"gallery-item col-sm-6 col-lg-4\">\r\n                    \r\n                        <img decoding=\"async\" src=\"https:\/\/www.emidav.com\/wp-content\/uploads\/2025\/06\/837112904474377821-380x313-1-300x215.jpg\" alt=\"\" class=\"img-fluid\">\r\n\t\t\t\t\t\t\t\t\r\n                    \r\n            <\/div>\r\n            <div class=\"gallery-item col-sm-6 col-lg-4\">\r\n                    \r\n                        <img decoding=\"async\" src=\"https:\/\/www.emidav.com\/wp-content\/uploads\/2025\/06\/223312904480301286-380x381-1-300x215.jpg\" alt=\"\" class=\"img-fluid\">\r\n\t\t\t\t\t\t\t\t\r\n                    \r\n            <\/div>\r\n            <div class=\"gallery-item col-sm-6 col-lg-4\">\r\n                    \r\n                        <img decoding=\"async\" src=\"https:\/\/www.emidav.com\/wp-content\/uploads\/2025\/06\/17012904479184619-380x308-1-300x215.jpg\" alt=\"\" class=\"img-fluid\">\r\n\t\t\t\t\t\t\t\t\r\n                    \r\n            <\/div><\/div>\n","protected":false},"excerpt":{"rendered":"<p>Tablourile noastre de comand\u0103 ofer\u0103 o solu\u021bie sigur\u0103 \u0219i organizat\u0103 pentru distribuirea, controlul \u0219i protec\u021bia circuitelor electrice. Sunt disponibile modele de diferite dimensiuni \u0219i configura\u021bii, ideale pentru utilizare \u00een medii industriale \u0219i ateliere. Construc\u021bia lor robust\u0103 asigur\u0103 o utilizare de durat\u0103. Montaj pe perete Model suspendat (pentru perete) Invertoare de sens Comutatoare tip buton \u2013 [&hellip;]<\/p>\n","protected":false},"author":1,"featured_media":1642,"parent":273,"menu_order":69,"comment_status":"closed","ping_status":"closed","template":"","meta":{"footnotes":""},"categories":[],"class_list":["post-299","page","type-page","status-publish","has-post-thumbnail","hentry"],"yoast_head":"<!-- This site is optimized with the Yoast SEO plugin v25.9 - https:\/\/yoast.com\/wordpress\/plugins\/seo\/ -->\n<title>Tablouri Electrice Industriale \u0219i Panouri de Comand\u0103 | Emidav Kft.<\/title>\n<meta name=\"description\" content=\"Tablouri de comand\u0103 pentru distribu\u021bia sigur\u0103 a circuitelor. Modele robuste, de diferite dimensiuni, pentru industrie \u0219i ateliere. Vede\u021bi gama noastr\u0103!\" \/>\n<meta name=\"robots\" content=\"index, follow, max-snippet:-1, max-image-preview:large, max-video-preview:-1\" \/>\n<link rel=\"canonical\" href=\"https:\/\/www.emidav.com\/ro\/produse\/comutatoare-si-accesorii\/panouri-de-comanda\/\" \/>\n<meta property=\"og:locale\" content=\"ro_RO\" \/>\n<meta property=\"og:type\" content=\"article\" \/>\n<meta property=\"og:title\" content=\"Tablouri Electrice Industriale \u0219i Panouri de Comand\u0103 | Emidav Kft.\" \/>\n<meta property=\"og:description\" content=\"Tablouri de comand\u0103 pentru distribu\u021bia sigur\u0103 a circuitelor. Modele robuste, de diferite dimensiuni, pentru industrie \u0219i ateliere. Vede\u021bi gama noastr\u0103!\" \/>\n<meta property=\"og:url\" content=\"https:\/\/www.emidav.com\/ro\/produse\/comutatoare-si-accesorii\/panouri-de-comanda\/\" \/>\n<meta property=\"og:site_name\" content=\"Emidav\" \/>\n<meta property=\"article:modified_time\" content=\"2025-07-09T10:03:43+00:00\" \/>\n<meta property=\"og:image\" content=\"https:\/\/www.emidav.com\/wp-content\/uploads\/2025\/07\/kapcs.jpg\" \/>\n\t<meta property=\"og:image:width\" content=\"1920\" \/>\n\t<meta property=\"og:image:height\" content=\"1920\" \/>\n\t<meta property=\"og:image:type\" content=\"image\/jpeg\" \/>\n<meta name=\"twitter:card\" content=\"summary_large_image\" \/>\n<meta name=\"twitter:label1\" content=\"Timp estimat pentru citire\" \/>\n\t<meta name=\"twitter:data1\" content=\"1 minut\" \/>\n<script type=\"application\/ld+json\" class=\"yoast-schema-graph\">{\"@context\":\"https:\/\/schema.org\",\"@graph\":[{\"@type\":\"WebPage\",\"@id\":\"https:\/\/www.emidav.com\/ro\/produse\/comutatoare-si-accesorii\/panouri-de-comanda\/\",\"url\":\"https:\/\/www.emidav.com\/ro\/produse\/comutatoare-si-accesorii\/panouri-de-comanda\/\",\"name\":\"Tablouri Electrice Industriale \u0219i Panouri de Comand\u0103 | Emidav Kft.\",\"isPartOf\":{\"@id\":\"https:\/\/www.emidav.com\/ro\/#website\"},\"primaryImageOfPage\":{\"@id\":\"https:\/\/www.emidav.com\/ro\/produse\/comutatoare-si-accesorii\/panouri-de-comanda\/#primaryimage\"},\"image\":{\"@id\":\"https:\/\/www.emidav.com\/ro\/produse\/comutatoare-si-accesorii\/panouri-de-comanda\/#primaryimage\"},\"thumbnailUrl\":\"https:\/\/www.emidav.com\/wp-content\/uploads\/2025\/07\/kapcs.jpg\",\"datePublished\":\"2025-05-22T19:07:13+00:00\",\"dateModified\":\"2025-07-09T10:03:43+00:00\",\"description\":\"Tablouri de comand\u0103 pentru distribu\u021bia sigur\u0103 a circuitelor. Modele robuste, de diferite dimensiuni, pentru industrie \u0219i ateliere. Vede\u021bi gama noastr\u0103!\",\"breadcrumb\":{\"@id\":\"https:\/\/www.emidav.com\/ro\/produse\/comutatoare-si-accesorii\/panouri-de-comanda\/#breadcrumb\"},\"inLanguage\":\"ro-RO\",\"potentialAction\":[{\"@type\":\"ReadAction\",\"target\":[\"https:\/\/www.emidav.com\/ro\/produse\/comutatoare-si-accesorii\/panouri-de-comanda\/\"]}]},{\"@type\":\"ImageObject\",\"inLanguage\":\"ro-RO\",\"@id\":\"https:\/\/www.emidav.com\/ro\/produse\/comutatoare-si-accesorii\/panouri-de-comanda\/#primaryimage\",\"url\":\"https:\/\/www.emidav.com\/wp-content\/uploads\/2025\/07\/kapcs.jpg\",\"contentUrl\":\"https:\/\/www.emidav.com\/wp-content\/uploads\/2025\/07\/kapcs.jpg\",\"width\":1920,\"height\":1920},{\"@type\":\"BreadcrumbList\",\"@id\":\"https:\/\/www.emidav.com\/ro\/produse\/comutatoare-si-accesorii\/panouri-de-comanda\/#breadcrumb\",\"itemListElement\":[{\"@type\":\"ListItem\",\"position\":1,\"name\":\"Acas\u0103\",\"item\":\"https:\/\/www.emidav.com\/ro\/\"},{\"@type\":\"ListItem\",\"position\":2,\"name\":\"Produse\",\"item\":\"https:\/\/www.emidav.com\/ro\/produse\/\"},{\"@type\":\"ListItem\",\"position\":3,\"name\":\"Comutatoare \u0219i Accesorii\",\"item\":\"https:\/\/www.emidav.com\/ro\/produse\/comutatoare-si-accesorii\/\"},{\"@type\":\"ListItem\",\"position\":4,\"name\":\"Panouri de Comand\u0103\"}]},{\"@type\":\"WebSite\",\"@id\":\"https:\/\/www.emidav.com\/ro\/#website\",\"url\":\"https:\/\/www.emidav.com\/ro\/\",\"name\":\"Emidav Hungary\",\"description\":\"\",\"publisher\":{\"@id\":\"https:\/\/www.emidav.com\/ro\/#organization\"},\"alternateName\":\"Emidav\",\"potentialAction\":[{\"@type\":\"SearchAction\",\"target\":{\"@type\":\"EntryPoint\",\"urlTemplate\":\"https:\/\/www.emidav.com\/ro\/?s={search_term_string}\"},\"query-input\":{\"@type\":\"PropertyValueSpecification\",\"valueRequired\":true,\"valueName\":\"search_term_string\"}}],\"inLanguage\":\"ro-RO\"},{\"@type\":\"Organization\",\"@id\":\"https:\/\/www.emidav.com\/ro\/#organization\",\"name\":\"Emidav Hungary Kft.\",\"url\":\"https:\/\/www.emidav.com\/ro\/\",\"logo\":{\"@type\":\"ImageObject\",\"inLanguage\":\"ro-RO\",\"@id\":\"https:\/\/www.emidav.com\/ro\/#\/schema\/logo\/image\/\",\"url\":\"https:\/\/www.emidav.com\/wp-content\/uploads\/2025\/07\/emidav_logo.webp\",\"contentUrl\":\"https:\/\/www.emidav.com\/wp-content\/uploads\/2025\/07\/emidav_logo.webp\",\"width\":1490,\"height\":533,\"caption\":\"Emidav Hungary Kft.\"},\"image\":{\"@id\":\"https:\/\/www.emidav.com\/ro\/#\/schema\/logo\/image\/\"}}]}<\/script>\n<!-- \/ Yoast SEO plugin. -->","yoast_head_json":{"title":"Tablouri Electrice Industriale \u0219i Panouri de Comand\u0103 | Emidav Kft.","description":"Tablouri de comand\u0103 pentru distribu\u021bia sigur\u0103 a circuitelor. Modele robuste, de diferite dimensiuni, pentru industrie \u0219i ateliere. Vede\u021bi gama noastr\u0103!","robots":{"index":"index","follow":"follow","max-snippet":"max-snippet:-1","max-image-preview":"max-image-preview:large","max-video-preview":"max-video-preview:-1"},"canonical":"https:\/\/www.emidav.com\/ro\/produse\/comutatoare-si-accesorii\/panouri-de-comanda\/","og_locale":"ro_RO","og_type":"article","og_title":"Tablouri Electrice Industriale \u0219i Panouri de Comand\u0103 | Emidav Kft.","og_description":"Tablouri de comand\u0103 pentru distribu\u021bia sigur\u0103 a circuitelor. Modele robuste, de diferite dimensiuni, pentru industrie \u0219i ateliere. Vede\u021bi gama noastr\u0103!","og_url":"https:\/\/www.emidav.com\/ro\/produse\/comutatoare-si-accesorii\/panouri-de-comanda\/","og_site_name":"Emidav","article_modified_time":"2025-07-09T10:03:43+00:00","og_image":[{"width":1920,"height":1920,"url":"https:\/\/www.emidav.com\/wp-content\/uploads\/2025\/07\/kapcs.jpg","type":"image\/jpeg"}],"twitter_card":"summary_large_image","twitter_misc":{"Timp estimat pentru citire":"1 minut"},"schema":{"@context":"https:\/\/schema.org","@graph":[{"@type":"WebPage","@id":"https:\/\/www.emidav.com\/ro\/produse\/comutatoare-si-accesorii\/panouri-de-comanda\/","url":"https:\/\/www.emidav.com\/ro\/produse\/comutatoare-si-accesorii\/panouri-de-comanda\/","name":"Tablouri Electrice Industriale \u0219i Panouri de Comand\u0103 | Emidav Kft.","isPartOf":{"@id":"https:\/\/www.emidav.com\/ro\/#website"},"primaryImageOfPage":{"@id":"https:\/\/www.emidav.com\/ro\/produse\/comutatoare-si-accesorii\/panouri-de-comanda\/#primaryimage"},"image":{"@id":"https:\/\/www.emidav.com\/ro\/produse\/comutatoare-si-accesorii\/panouri-de-comanda\/#primaryimage"},"thumbnailUrl":"https:\/\/www.emidav.com\/wp-content\/uploads\/2025\/07\/kapcs.jpg","datePublished":"2025-05-22T19:07:13+00:00","dateModified":"2025-07-09T10:03:43+00:00","description":"Tablouri de comand\u0103 pentru distribu\u021bia sigur\u0103 a circuitelor. Modele robuste, de diferite dimensiuni, pentru industrie \u0219i ateliere. Vede\u021bi gama noastr\u0103!","breadcrumb":{"@id":"https:\/\/www.emidav.com\/ro\/produse\/comutatoare-si-accesorii\/panouri-de-comanda\/#breadcrumb"},"inLanguage":"ro-RO","potentialAction":[{"@type":"ReadAction","target":["https:\/\/www.emidav.com\/ro\/produse\/comutatoare-si-accesorii\/panouri-de-comanda\/"]}]},{"@type":"ImageObject","inLanguage":"ro-RO","@id":"https:\/\/www.emidav.com\/ro\/produse\/comutatoare-si-accesorii\/panouri-de-comanda\/#primaryimage","url":"https:\/\/www.emidav.com\/wp-content\/uploads\/2025\/07\/kapcs.jpg","contentUrl":"https:\/\/www.emidav.com\/wp-content\/uploads\/2025\/07\/kapcs.jpg","width":1920,"height":1920},{"@type":"BreadcrumbList","@id":"https:\/\/www.emidav.com\/ro\/produse\/comutatoare-si-accesorii\/panouri-de-comanda\/#breadcrumb","itemListElement":[{"@type":"ListItem","position":1,"name":"Acas\u0103","item":"https:\/\/www.emidav.com\/ro\/"},{"@type":"ListItem","position":2,"name":"Produse","item":"https:\/\/www.emidav.com\/ro\/produse\/"},{"@type":"ListItem","position":3,"name":"Comutatoare \u0219i Accesorii","item":"https:\/\/www.emidav.com\/ro\/produse\/comutatoare-si-accesorii\/"},{"@type":"ListItem","position":4,"name":"Panouri de Comand\u0103"}]},{"@type":"WebSite","@id":"https:\/\/www.emidav.com\/ro\/#website","url":"https:\/\/www.emidav.com\/ro\/","name":"Emidav Hungary","description":"","publisher":{"@id":"https:\/\/www.emidav.com\/ro\/#organization"},"alternateName":"Emidav","potentialAction":[{"@type":"SearchAction","target":{"@type":"EntryPoint","urlTemplate":"https:\/\/www.emidav.com\/ro\/?s={search_term_string}"},"query-input":{"@type":"PropertyValueSpecification","valueRequired":true,"valueName":"search_term_string"}}],"inLanguage":"ro-RO"},{"@type":"Organization","@id":"https:\/\/www.emidav.com\/ro\/#organization","name":"Emidav Hungary Kft.","url":"https:\/\/www.emidav.com\/ro\/","logo":{"@type":"ImageObject","inLanguage":"ro-RO","@id":"https:\/\/www.emidav.com\/ro\/#\/schema\/logo\/image\/","url":"https:\/\/www.emidav.com\/wp-content\/uploads\/2025\/07\/emidav_logo.webp","contentUrl":"https:\/\/www.emidav.com\/wp-content\/uploads\/2025\/07\/emidav_logo.webp","width":1490,"height":533,"caption":"Emidav Hungary Kft."},"image":{"@id":"https:\/\/www.emidav.com\/ro\/#\/schema\/logo\/image\/"}}]}},"_links":{"self":[{"href":"https:\/\/www.emidav.com\/ro\/wp-json\/wp\/v2\/pages\/299","targetHints":{"allow":["GET"]}}],"collection":[{"href":"https:\/\/www.emidav.com\/ro\/wp-json\/wp\/v2\/pages"}],"about":[{"href":"https:\/\/www.emidav.com\/ro\/wp-json\/wp\/v2\/types\/page"}],"author":[{"embeddable":true,"href":"https:\/\/www.emidav.com\/ro\/wp-json\/wp\/v2\/users\/1"}],"replies":[{"embeddable":true,"href":"https:\/\/www.emidav.com\/ro\/wp-json\/wp\/v2\/comments?post=299"}],"version-history":[{"count":6,"href":"https:\/\/www.emidav.com\/ro\/wp-json\/wp\/v2\/pages\/299\/revisions"}],"predecessor-version":[{"id":1435,"href":"https:\/\/www.emidav.com\/ro\/wp-json\/wp\/v2\/pages\/299\/revisions\/1435"}],"up":[{"embeddable":true,"href":"https:\/\/www.emidav.com\/ro\/wp-json\/wp\/v2\/pages\/273"}],"wp:featuredmedia":[{"embeddable":true,"href":"https:\/\/www.emidav.com\/ro\/wp-json\/wp\/v2\/media\/1642"}],"wp:attachment":[{"href":"https:\/\/www.emidav.com\/ro\/wp-json\/wp\/v2\/media?parent=299"}],"wp:term":[{"taxonomy":"category","embeddable":true,"href":"https:\/\/www.emidav.com\/ro\/wp-json\/wp\/v2\/categories?post=299"}],"curies":[{"name":"wp","href":"https:\/\/api.w.org\/{rel}","templated":true}]}}