{"id":295,"date":"2025-05-22T19:06:38","date_gmt":"2025-05-22T19:06:38","guid":{"rendered":"https:\/\/www.emidav.com\/?page_id=295"},"modified":"2025-07-08T19:33:29","modified_gmt":"2025-07-08T19:33:29","slug":"comutatoare-bremas","status":"publish","type":"page","link":"https:\/\/www.emidav.com\/ro\/produse\/comutatoare-si-accesorii\/comutatoare-bremas\/","title":{"rendered":"Comutatoare Bremas"},"content":{"rendered":"<p>Comutatoarele Bremas ofer\u0103 o solu\u021bie fiabil\u0103 \u0219i durabil\u0103 pentru comutarea echipamentelor industriale, motoarelor electrice \u0219i unit\u0103\u021bilor de comand\u0103.<br \/>\nAcestea se caracterizeaz\u0103 prin calitate excelent\u0103, capacitate mare de curent \u0219i durat\u0103 lung\u0103 de via\u021b\u0103.<br \/>\n\u00cen oferta noastr\u0103 sunt disponibile comutatoare rotative, \u00eentrerup\u0103toare principale \u0219i alte tipuri Bremas \u2013 compatibile cu diverse moduri de montaj.<\/p>\n<ul>\n<li><a href=\"https:\/\/faet.it\/en\/products\/switches\/semi-rotating-and-lever-switches\/semi-rotating-690-v-switches\/\" target=\"_blank\" rel=\"noopener\">Invertori<\/a><\/li>\n<li><a href=\"https:\/\/faet.it\/en\/products\/switches\/semi-rotating-and-lever-switches\/switches-for-lafert-motors\/\" target=\"_blank\" rel=\"noopener\">Invertori pentru motoare LAFERT<\/a><\/li>\n<li><a href=\"https:\/\/faet.it\/en\/products\/switches\/semi-rotating-and-lever-switches\/two-and-three-poles-switches\/\" target=\"_blank\" rel=\"noopener\">Invertori pentru unelte electrice de m\u00e2n\u0103<\/a><\/li>\n<li><a href=\"https:\/\/faet.it\/en\/products\/switches\/semi-rotating-and-lever-switches\/accessory-boxes-for-commutators\/\" target=\"_blank\" rel=\"noopener\">Carcase pentru invertori<\/a><\/li>\n<li><a href=\"https:\/\/faet.it\/en\/products\/switches\/semi-rotating-and-lever-switches\/door-panel-back-locking-switches\/\" target=\"_blank\" rel=\"noopener\">Comutatoare principale (deconectoare)<\/a><\/li>\n<li><a href=\"https:\/\/faet.it\/en\/products\/switches\/semi-rotating-and-lever-switches\/industrial-plugs\/\" target=\"_blank\" rel=\"noopener\">Conectori industriali<\/a><\/li>\n<li><a href=\"https:\/\/faet.it\/en\/products\/switches\/semi-rotating-and-lever-switches\/c1-2p-and-cs-boxes-with-cee-plug\/\" target=\"_blank\" rel=\"noopener\">Carcase C1\/2P \u0219i CS<\/a><\/li>\n<li><a href=\"https:\/\/faet.it\/en\/products\/switches\/semi-rotating-and-lever-switches\/motor-starters\/\" target=\"_blank\" rel=\"noopener\">Startere<\/a><\/li>\n<\/ul>\n<div class=\"gallery-imgs gal-901904 row\">\r\n            <div class=\"gallery-item col-sm-6 col-lg-4\">\r\n                    \r\n                        <img decoding=\"async\" src=\"https:\/\/www.emidav.com\/wp-content\/uploads\/2025\/06\/368114024030702632-380x384-1-300x215.jpg\" alt=\"\" class=\"img-fluid\">\r\n\t\t\t\t\t\t\t\t\r\n                    \r\n            <\/div>\r\n            <div class=\"gallery-item col-sm-6 col-lg-4\">\r\n                    \r\n                        <img decoding=\"async\" src=\"https:\/\/www.emidav.com\/wp-content\/uploads\/2025\/06\/636014025766147969-380x390-1-300x215.jpg\" alt=\"\" class=\"img-fluid\">\r\n\t\t\t\t\t\t\t\t\r\n                    \r\n            <\/div>\r\n            <div class=\"gallery-item col-sm-6 col-lg-4\">\r\n                    \r\n                        <img decoding=\"async\" src=\"https:\/\/www.emidav.com\/wp-content\/uploads\/2025\/06\/459314020577802746-380x404-1-300x215.jpg\" alt=\"\" class=\"img-fluid\">\r\n\t\t\t\t\t\t\t\t\r\n                    \r\n            <\/div><\/div>\n","protected":false},"excerpt":{"rendered":"<p>Comutatoarele Bremas ofer\u0103 o solu\u021bie fiabil\u0103 \u0219i durabil\u0103 pentru comutarea echipamentelor industriale, motoarelor electrice \u0219i unit\u0103\u021bilor de comand\u0103. Acestea se caracterizeaz\u0103 prin calitate excelent\u0103, capacitate mare de curent \u0219i durat\u0103 lung\u0103 de via\u021b\u0103. \u00cen oferta noastr\u0103 sunt disponibile comutatoare rotative, \u00eentrerup\u0103toare principale \u0219i alte tipuri Bremas \u2013 compatibile cu diverse moduri de montaj. Invertori Invertori [&hellip;]<\/p>\n","protected":false},"author":1,"featured_media":1636,"parent":273,"menu_order":68,"comment_status":"closed","ping_status":"closed","template":"","meta":{"footnotes":""},"categories":[],"class_list":["post-295","page","type-page","status-publish","has-post-thumbnail","hentry"],"yoast_head":"<!-- This site is optimized with the Yoast SEO plugin v25.9 - https:\/\/yoast.com\/wordpress\/plugins\/seo\/ -->\n<title>Comutatoare Industriale pentru Control \u0219i Motoare | Bremas | Emidav<\/title>\n<meta name=\"description\" content=\"Descoperi\u021bi gama noastr\u0103 de comutatoare rotative \u0219i principale Bremas pentru uz industrial. Calitate superioar\u0103, capacitate mare de curent \u0219i durabilitate.\" \/>\n<meta name=\"robots\" content=\"index, follow, max-snippet:-1, max-image-preview:large, max-video-preview:-1\" \/>\n<link rel=\"canonical\" href=\"https:\/\/www.emidav.com\/ro\/produse\/comutatoare-si-accesorii\/comutatoare-bremas\/\" \/>\n<meta property=\"og:locale\" content=\"ro_RO\" \/>\n<meta property=\"og:type\" content=\"article\" \/>\n<meta property=\"og:title\" content=\"Comutatoare Industriale pentru Control \u0219i Motoare | Bremas | Emidav\" \/>\n<meta property=\"og:description\" content=\"Descoperi\u021bi gama noastr\u0103 de comutatoare rotative \u0219i principale Bremas pentru uz industrial. Calitate superioar\u0103, capacitate mare de curent \u0219i durabilitate.\" \/>\n<meta property=\"og:url\" content=\"https:\/\/www.emidav.com\/ro\/produse\/comutatoare-si-accesorii\/comutatoare-bremas\/\" \/>\n<meta property=\"og:site_name\" content=\"Emidav\" \/>\n<meta property=\"article:modified_time\" content=\"2025-07-08T19:33:29+00:00\" \/>\n<meta property=\"og:image\" content=\"https:\/\/www.emidav.com\/wp-content\/uploads\/2025\/07\/bremas.jpg\" \/>\n\t<meta property=\"og:image:width\" content=\"1920\" \/>\n\t<meta property=\"og:image:height\" content=\"1920\" \/>\n\t<meta property=\"og:image:type\" content=\"image\/jpeg\" \/>\n<meta name=\"twitter:card\" content=\"summary_large_image\" \/>\n<meta name=\"twitter:label1\" content=\"Timp estimat pentru citire\" \/>\n\t<meta name=\"twitter:data1\" content=\"1 minut\" \/>\n<script type=\"application\/ld+json\" class=\"yoast-schema-graph\">{\"@context\":\"https:\/\/schema.org\",\"@graph\":[{\"@type\":\"WebPage\",\"@id\":\"https:\/\/www.emidav.com\/ro\/produse\/comutatoare-si-accesorii\/comutatoare-bremas\/\",\"url\":\"https:\/\/www.emidav.com\/ro\/produse\/comutatoare-si-accesorii\/comutatoare-bremas\/\",\"name\":\"Comutatoare Industriale pentru Control \u0219i Motoare | Bremas | Emidav\",\"isPartOf\":{\"@id\":\"https:\/\/www.emidav.com\/ro\/#website\"},\"primaryImageOfPage\":{\"@id\":\"https:\/\/www.emidav.com\/ro\/produse\/comutatoare-si-accesorii\/comutatoare-bremas\/#primaryimage\"},\"image\":{\"@id\":\"https:\/\/www.emidav.com\/ro\/produse\/comutatoare-si-accesorii\/comutatoare-bremas\/#primaryimage\"},\"thumbnailUrl\":\"https:\/\/www.emidav.com\/wp-content\/uploads\/2025\/07\/bremas.jpg\",\"datePublished\":\"2025-05-22T19:06:38+00:00\",\"dateModified\":\"2025-07-08T19:33:29+00:00\",\"description\":\"Descoperi\u021bi gama noastr\u0103 de comutatoare rotative \u0219i principale Bremas pentru uz industrial. Calitate superioar\u0103, capacitate mare de curent \u0219i durabilitate.\",\"breadcrumb\":{\"@id\":\"https:\/\/www.emidav.com\/ro\/produse\/comutatoare-si-accesorii\/comutatoare-bremas\/#breadcrumb\"},\"inLanguage\":\"ro-RO\",\"potentialAction\":[{\"@type\":\"ReadAction\",\"target\":[\"https:\/\/www.emidav.com\/ro\/produse\/comutatoare-si-accesorii\/comutatoare-bremas\/\"]}]},{\"@type\":\"ImageObject\",\"inLanguage\":\"ro-RO\",\"@id\":\"https:\/\/www.emidav.com\/ro\/produse\/comutatoare-si-accesorii\/comutatoare-bremas\/#primaryimage\",\"url\":\"https:\/\/www.emidav.com\/wp-content\/uploads\/2025\/07\/bremas.jpg\",\"contentUrl\":\"https:\/\/www.emidav.com\/wp-content\/uploads\/2025\/07\/bremas.jpg\",\"width\":1920,\"height\":1920},{\"@type\":\"BreadcrumbList\",\"@id\":\"https:\/\/www.emidav.com\/ro\/produse\/comutatoare-si-accesorii\/comutatoare-bremas\/#breadcrumb\",\"itemListElement\":[{\"@type\":\"ListItem\",\"position\":1,\"name\":\"Acas\u0103\",\"item\":\"https:\/\/www.emidav.com\/ro\/\"},{\"@type\":\"ListItem\",\"position\":2,\"name\":\"Produse\",\"item\":\"https:\/\/www.emidav.com\/ro\/produse\/\"},{\"@type\":\"ListItem\",\"position\":3,\"name\":\"Comutatoare \u0219i Accesorii\",\"item\":\"https:\/\/www.emidav.com\/ro\/produse\/comutatoare-si-accesorii\/\"},{\"@type\":\"ListItem\",\"position\":4,\"name\":\"Comutatoare Bremas\"}]},{\"@type\":\"WebSite\",\"@id\":\"https:\/\/www.emidav.com\/ro\/#website\",\"url\":\"https:\/\/www.emidav.com\/ro\/\",\"name\":\"Emidav Hungary\",\"description\":\"\",\"publisher\":{\"@id\":\"https:\/\/www.emidav.com\/ro\/#organization\"},\"alternateName\":\"Emidav\",\"potentialAction\":[{\"@type\":\"SearchAction\",\"target\":{\"@type\":\"EntryPoint\",\"urlTemplate\":\"https:\/\/www.emidav.com\/ro\/?s={search_term_string}\"},\"query-input\":{\"@type\":\"PropertyValueSpecification\",\"valueRequired\":true,\"valueName\":\"search_term_string\"}}],\"inLanguage\":\"ro-RO\"},{\"@type\":\"Organization\",\"@id\":\"https:\/\/www.emidav.com\/ro\/#organization\",\"name\":\"Emidav Hungary Kft.\",\"url\":\"https:\/\/www.emidav.com\/ro\/\",\"logo\":{\"@type\":\"ImageObject\",\"inLanguage\":\"ro-RO\",\"@id\":\"https:\/\/www.emidav.com\/ro\/#\/schema\/logo\/image\/\",\"url\":\"https:\/\/www.emidav.com\/wp-content\/uploads\/2025\/07\/emidav_logo.webp\",\"contentUrl\":\"https:\/\/www.emidav.com\/wp-content\/uploads\/2025\/07\/emidav_logo.webp\",\"width\":1490,\"height\":533,\"caption\":\"Emidav Hungary Kft.\"},\"image\":{\"@id\":\"https:\/\/www.emidav.com\/ro\/#\/schema\/logo\/image\/\"}}]}<\/script>\n<!-- \/ Yoast SEO plugin. -->","yoast_head_json":{"title":"Comutatoare Industriale pentru Control \u0219i Motoare | Bremas | Emidav","description":"Descoperi\u021bi gama noastr\u0103 de comutatoare rotative \u0219i principale Bremas pentru uz industrial. Calitate superioar\u0103, capacitate mare de curent \u0219i durabilitate.","robots":{"index":"index","follow":"follow","max-snippet":"max-snippet:-1","max-image-preview":"max-image-preview:large","max-video-preview":"max-video-preview:-1"},"canonical":"https:\/\/www.emidav.com\/ro\/produse\/comutatoare-si-accesorii\/comutatoare-bremas\/","og_locale":"ro_RO","og_type":"article","og_title":"Comutatoare Industriale pentru Control \u0219i Motoare | Bremas | Emidav","og_description":"Descoperi\u021bi gama noastr\u0103 de comutatoare rotative \u0219i principale Bremas pentru uz industrial. Calitate superioar\u0103, capacitate mare de curent \u0219i durabilitate.","og_url":"https:\/\/www.emidav.com\/ro\/produse\/comutatoare-si-accesorii\/comutatoare-bremas\/","og_site_name":"Emidav","article_modified_time":"2025-07-08T19:33:29+00:00","og_image":[{"width":1920,"height":1920,"url":"https:\/\/www.emidav.com\/wp-content\/uploads\/2025\/07\/bremas.jpg","type":"image\/jpeg"}],"twitter_card":"summary_large_image","twitter_misc":{"Timp estimat pentru citire":"1 minut"},"schema":{"@context":"https:\/\/schema.org","@graph":[{"@type":"WebPage","@id":"https:\/\/www.emidav.com\/ro\/produse\/comutatoare-si-accesorii\/comutatoare-bremas\/","url":"https:\/\/www.emidav.com\/ro\/produse\/comutatoare-si-accesorii\/comutatoare-bremas\/","name":"Comutatoare Industriale pentru Control \u0219i Motoare | Bremas | Emidav","isPartOf":{"@id":"https:\/\/www.emidav.com\/ro\/#website"},"primaryImageOfPage":{"@id":"https:\/\/www.emidav.com\/ro\/produse\/comutatoare-si-accesorii\/comutatoare-bremas\/#primaryimage"},"image":{"@id":"https:\/\/www.emidav.com\/ro\/produse\/comutatoare-si-accesorii\/comutatoare-bremas\/#primaryimage"},"thumbnailUrl":"https:\/\/www.emidav.com\/wp-content\/uploads\/2025\/07\/bremas.jpg","datePublished":"2025-05-22T19:06:38+00:00","dateModified":"2025-07-08T19:33:29+00:00","description":"Descoperi\u021bi gama noastr\u0103 de comutatoare rotative \u0219i principale Bremas pentru uz industrial. Calitate superioar\u0103, capacitate mare de curent \u0219i durabilitate.","breadcrumb":{"@id":"https:\/\/www.emidav.com\/ro\/produse\/comutatoare-si-accesorii\/comutatoare-bremas\/#breadcrumb"},"inLanguage":"ro-RO","potentialAction":[{"@type":"ReadAction","target":["https:\/\/www.emidav.com\/ro\/produse\/comutatoare-si-accesorii\/comutatoare-bremas\/"]}]},{"@type":"ImageObject","inLanguage":"ro-RO","@id":"https:\/\/www.emidav.com\/ro\/produse\/comutatoare-si-accesorii\/comutatoare-bremas\/#primaryimage","url":"https:\/\/www.emidav.com\/wp-content\/uploads\/2025\/07\/bremas.jpg","contentUrl":"https:\/\/www.emidav.com\/wp-content\/uploads\/2025\/07\/bremas.jpg","width":1920,"height":1920},{"@type":"BreadcrumbList","@id":"https:\/\/www.emidav.com\/ro\/produse\/comutatoare-si-accesorii\/comutatoare-bremas\/#breadcrumb","itemListElement":[{"@type":"ListItem","position":1,"name":"Acas\u0103","item":"https:\/\/www.emidav.com\/ro\/"},{"@type":"ListItem","position":2,"name":"Produse","item":"https:\/\/www.emidav.com\/ro\/produse\/"},{"@type":"ListItem","position":3,"name":"Comutatoare \u0219i Accesorii","item":"https:\/\/www.emidav.com\/ro\/produse\/comutatoare-si-accesorii\/"},{"@type":"ListItem","position":4,"name":"Comutatoare Bremas"}]},{"@type":"WebSite","@id":"https:\/\/www.emidav.com\/ro\/#website","url":"https:\/\/www.emidav.com\/ro\/","name":"Emidav Hungary","description":"","publisher":{"@id":"https:\/\/www.emidav.com\/ro\/#organization"},"alternateName":"Emidav","potentialAction":[{"@type":"SearchAction","target":{"@type":"EntryPoint","urlTemplate":"https:\/\/www.emidav.com\/ro\/?s={search_term_string}"},"query-input":{"@type":"PropertyValueSpecification","valueRequired":true,"valueName":"search_term_string"}}],"inLanguage":"ro-RO"},{"@type":"Organization","@id":"https:\/\/www.emidav.com\/ro\/#organization","name":"Emidav Hungary Kft.","url":"https:\/\/www.emidav.com\/ro\/","logo":{"@type":"ImageObject","inLanguage":"ro-RO","@id":"https:\/\/www.emidav.com\/ro\/#\/schema\/logo\/image\/","url":"https:\/\/www.emidav.com\/wp-content\/uploads\/2025\/07\/emidav_logo.webp","contentUrl":"https:\/\/www.emidav.com\/wp-content\/uploads\/2025\/07\/emidav_logo.webp","width":1490,"height":533,"caption":"Emidav Hungary Kft."},"image":{"@id":"https:\/\/www.emidav.com\/ro\/#\/schema\/logo\/image\/"}}]}},"_links":{"self":[{"href":"https:\/\/www.emidav.com\/ro\/wp-json\/wp\/v2\/pages\/295","targetHints":{"allow":["GET"]}}],"collection":[{"href":"https:\/\/www.emidav.com\/ro\/wp-json\/wp\/v2\/pages"}],"about":[{"href":"https:\/\/www.emidav.com\/ro\/wp-json\/wp\/v2\/types\/page"}],"author":[{"embeddable":true,"href":"https:\/\/www.emidav.com\/ro\/wp-json\/wp\/v2\/users\/1"}],"replies":[{"embeddable":true,"href":"https:\/\/www.emidav.com\/ro\/wp-json\/wp\/v2\/comments?post=295"}],"version-history":[{"count":7,"href":"https:\/\/www.emidav.com\/ro\/wp-json\/wp\/v2\/pages\/295\/revisions"}],"predecessor-version":[{"id":1433,"href":"https:\/\/www.emidav.com\/ro\/wp-json\/wp\/v2\/pages\/295\/revisions\/1433"}],"up":[{"embeddable":true,"href":"https:\/\/www.emidav.com\/ro\/wp-json\/wp\/v2\/pages\/273"}],"wp:featuredmedia":[{"embeddable":true,"href":"https:\/\/www.emidav.com\/ro\/wp-json\/wp\/v2\/media\/1636"}],"wp:attachment":[{"href":"https:\/\/www.emidav.com\/ro\/wp-json\/wp\/v2\/media?parent=295"}],"wp:term":[{"taxonomy":"category","embeddable":true,"href":"https:\/\/www.emidav.com\/ro\/wp-json\/wp\/v2\/categories?post=295"}],"curies":[{"name":"wp","href":"https:\/\/api.w.org\/{rel}","templated":true}]}}