{"id":293,"date":"2025-05-22T19:03:09","date_gmt":"2025-05-22T19:03:09","guid":{"rendered":"https:\/\/www.emidav.com\/?page_id=293"},"modified":"2025-07-08T19:21:20","modified_gmt":"2025-07-08T19:21:20","slug":"papuci-presetupe-si-clesti","status":"publish","type":"page","link":"https:\/\/www.emidav.com\/ro\/produse\/piese-si-componente-de-schimb-pentru-motoare-electrice\/papuci-presetupe-si-clesti\/","title":{"rendered":"Papuci, Presetupe \u0219i Cle\u0219ti"},"content":{"rendered":"<p>Accesoriile practice necesare pentru conectarea, repararea \u0219i montarea motoarelor electrice \u2013 cum ar fi papucii electrici, trecerile de cablu \u0219i cle\u0219tii \u2013 sunt esen\u021biale pentru o munc\u0103 rapid\u0103 \u0219i sigur\u0103.<br \/>\n\u00cen oferta noastr\u0103 ve\u021bi g\u0103si produse fiabile, de calitate industrial\u0103, care faciliteaz\u0103 procesele de asamblare.<\/p>\n<ul>\n<li><a href=\"https:\/\/faet.it\/en\/products\/other\/terminals-cable-clamps-pliers\/cable-clamps\/\" target=\"_blank\" rel=\"noopener\">Presetupe \/ Coliere de cablu<\/a><\/li>\n<li><a href=\"https:\/\/faet.it\/en\/products\/other\/terminals-cable-clamps-pliers\/terminals\/\" target=\"_blank\" rel=\"noopener\">Papuci de cablu (conectori terminali)<\/a><\/li>\n<li><a href=\"https:\/\/faet.it\/en\/products\/other\/terminals-cable-clamps-pliers\/pilers-for-terminals-and-ties\/\" target=\"_blank\" rel=\"noopener\">Cle\u0219ti pentru papuci \u0219i benzi de legare<\/a><\/li>\n<li><a href=\"https:\/\/faet.it\/en\/products\/other\/terminals-cable-clamps-pliers\/crocodile-pliers\/\" target=\"_blank\" rel=\"noopener\">Cle\u0219ti tip crocodil<\/a><\/li>\n<\/ul>\n<div class=\"gallery-imgs gal-889892 row\">\r\n            <div class=\"gallery-item col-sm-6 col-lg-4\">\r\n                    \r\n                        <img decoding=\"async\" src=\"https:\/\/www.emidav.com\/wp-content\/uploads\/2025\/06\/256212904482798093-380x311-1-300x215.jpg\" alt=\"\" class=\"img-fluid\">\r\n\t\t\t\t\t\t\t\t\r\n                    \r\n            <\/div>\r\n            <div class=\"gallery-item col-sm-6 col-lg-4\">\r\n                    \r\n                        <img decoding=\"async\" src=\"https:\/\/www.emidav.com\/wp-content\/uploads\/2025\/06\/48611290448125460-380x292-1-300x215.jpg\" alt=\"\" class=\"img-fluid\">\r\n\t\t\t\t\t\t\t\t\r\n                    \r\n            <\/div>\r\n            <div class=\"gallery-item col-sm-6 col-lg-4\">\r\n                    \r\n                        <img decoding=\"async\" src=\"https:\/\/www.emidav.com\/wp-content\/uploads\/2025\/06\/764712904474832015-380x333-1-300x215.jpg\" alt=\"\" class=\"img-fluid\">\r\n\t\t\t\t\t\t\t\t\r\n                    \r\n            <\/div><\/div>\n","protected":false},"excerpt":{"rendered":"<p>Accesoriile practice necesare pentru conectarea, repararea \u0219i montarea motoarelor electrice \u2013 cum ar fi papucii electrici, trecerile de cablu \u0219i cle\u0219tii \u2013 sunt esen\u021biale pentru o munc\u0103 rapid\u0103 \u0219i sigur\u0103. \u00cen oferta noastr\u0103 ve\u021bi g\u0103si produse fiabile, de calitate industrial\u0103, care faciliteaz\u0103 procesele de asamblare. Presetupe \/ Coliere de cablu Papuci de cablu (conectori terminali) [&hellip;]<\/p>\n","protected":false},"author":1,"featured_media":1633,"parent":271,"menu_order":57,"comment_status":"closed","ping_status":"closed","template":"","meta":{"footnotes":""},"categories":[],"class_list":["post-293","page","type-page","status-publish","has-post-thumbnail","hentry"],"yoast_head":"<!-- This site is optimized with the Yoast SEO plugin v25.9 - https:\/\/yoast.com\/wordpress\/plugins\/seo\/ -->\n<title>Accesorii de Montaj Industriale pentru Motoare | Emidav Kft.<\/title>\n<meta name=\"description\" content=\"Papuci electrici, presetupe \u0219i alte accesorii de montaj pentru repara\u021bia rapid\u0103 \u0219i sigur\u0103 a motoarelor. Produse fiabile, de calitate industrial\u0103.\" \/>\n<meta name=\"robots\" content=\"index, follow, max-snippet:-1, max-image-preview:large, max-video-preview:-1\" \/>\n<link rel=\"canonical\" href=\"https:\/\/www.emidav.com\/ro\/produse\/piese-si-componente-de-schimb-pentru-motoare-electrice\/papuci-presetupe-si-clesti\/\" \/>\n<meta property=\"og:locale\" content=\"ro_RO\" \/>\n<meta property=\"og:type\" content=\"article\" \/>\n<meta property=\"og:title\" content=\"Accesorii de Montaj Industriale pentru Motoare | Emidav Kft.\" \/>\n<meta property=\"og:description\" content=\"Papuci electrici, presetupe \u0219i alte accesorii de montaj pentru repara\u021bia rapid\u0103 \u0219i sigur\u0103 a motoarelor. Produse fiabile, de calitate industrial\u0103.\" \/>\n<meta property=\"og:url\" content=\"https:\/\/www.emidav.com\/ro\/produse\/piese-si-componente-de-schimb-pentru-motoare-electrice\/papuci-presetupe-si-clesti\/\" \/>\n<meta property=\"og:site_name\" content=\"Emidav\" \/>\n<meta property=\"article:modified_time\" content=\"2025-07-08T19:21:20+00:00\" \/>\n<meta property=\"og:image\" content=\"https:\/\/www.emidav.com\/wp-content\/uploads\/2025\/07\/fogo.jpg\" \/>\n\t<meta property=\"og:image:width\" content=\"1920\" \/>\n\t<meta property=\"og:image:height\" content=\"1280\" \/>\n\t<meta property=\"og:image:type\" content=\"image\/jpeg\" \/>\n<meta name=\"twitter:card\" content=\"summary_large_image\" \/>\n<meta name=\"twitter:label1\" content=\"Timp estimat pentru citire\" \/>\n\t<meta name=\"twitter:data1\" content=\"1 minut\" \/>\n<script type=\"application\/ld+json\" class=\"yoast-schema-graph\">{\"@context\":\"https:\/\/schema.org\",\"@graph\":[{\"@type\":\"WebPage\",\"@id\":\"https:\/\/www.emidav.com\/ro\/produse\/piese-si-componente-de-schimb-pentru-motoare-electrice\/papuci-presetupe-si-clesti\/\",\"url\":\"https:\/\/www.emidav.com\/ro\/produse\/piese-si-componente-de-schimb-pentru-motoare-electrice\/papuci-presetupe-si-clesti\/\",\"name\":\"Accesorii de Montaj Industriale pentru Motoare | Emidav Kft.\",\"isPartOf\":{\"@id\":\"https:\/\/www.emidav.com\/ro\/#website\"},\"primaryImageOfPage\":{\"@id\":\"https:\/\/www.emidav.com\/ro\/produse\/piese-si-componente-de-schimb-pentru-motoare-electrice\/papuci-presetupe-si-clesti\/#primaryimage\"},\"image\":{\"@id\":\"https:\/\/www.emidav.com\/ro\/produse\/piese-si-componente-de-schimb-pentru-motoare-electrice\/papuci-presetupe-si-clesti\/#primaryimage\"},\"thumbnailUrl\":\"https:\/\/www.emidav.com\/wp-content\/uploads\/2025\/07\/fogo.jpg\",\"datePublished\":\"2025-05-22T19:03:09+00:00\",\"dateModified\":\"2025-07-08T19:21:20+00:00\",\"description\":\"Papuci electrici, presetupe \u0219i alte accesorii de montaj pentru repara\u021bia rapid\u0103 \u0219i sigur\u0103 a motoarelor. Produse fiabile, de calitate industrial\u0103.\",\"breadcrumb\":{\"@id\":\"https:\/\/www.emidav.com\/ro\/produse\/piese-si-componente-de-schimb-pentru-motoare-electrice\/papuci-presetupe-si-clesti\/#breadcrumb\"},\"inLanguage\":\"ro-RO\",\"potentialAction\":[{\"@type\":\"ReadAction\",\"target\":[\"https:\/\/www.emidav.com\/ro\/produse\/piese-si-componente-de-schimb-pentru-motoare-electrice\/papuci-presetupe-si-clesti\/\"]}]},{\"@type\":\"ImageObject\",\"inLanguage\":\"ro-RO\",\"@id\":\"https:\/\/www.emidav.com\/ro\/produse\/piese-si-componente-de-schimb-pentru-motoare-electrice\/papuci-presetupe-si-clesti\/#primaryimage\",\"url\":\"https:\/\/www.emidav.com\/wp-content\/uploads\/2025\/07\/fogo.jpg\",\"contentUrl\":\"https:\/\/www.emidav.com\/wp-content\/uploads\/2025\/07\/fogo.jpg\",\"width\":1920,\"height\":1280},{\"@type\":\"BreadcrumbList\",\"@id\":\"https:\/\/www.emidav.com\/ro\/produse\/piese-si-componente-de-schimb-pentru-motoare-electrice\/papuci-presetupe-si-clesti\/#breadcrumb\",\"itemListElement\":[{\"@type\":\"ListItem\",\"position\":1,\"name\":\"Acas\u0103\",\"item\":\"https:\/\/www.emidav.com\/ro\/\"},{\"@type\":\"ListItem\",\"position\":2,\"name\":\"Produse\",\"item\":\"https:\/\/www.emidav.com\/ro\/produse\/\"},{\"@type\":\"ListItem\",\"position\":3,\"name\":\"Piese \u0219i Componente de Schimb pentru Motoare Electrice\",\"item\":\"https:\/\/www.emidav.com\/ro\/produse\/piese-si-componente-de-schimb-pentru-motoare-electrice\/\"},{\"@type\":\"ListItem\",\"position\":4,\"name\":\"Papuci, Presetupe \u0219i Cle\u0219ti\"}]},{\"@type\":\"WebSite\",\"@id\":\"https:\/\/www.emidav.com\/ro\/#website\",\"url\":\"https:\/\/www.emidav.com\/ro\/\",\"name\":\"Emidav Hungary\",\"description\":\"\",\"publisher\":{\"@id\":\"https:\/\/www.emidav.com\/ro\/#organization\"},\"alternateName\":\"Emidav\",\"potentialAction\":[{\"@type\":\"SearchAction\",\"target\":{\"@type\":\"EntryPoint\",\"urlTemplate\":\"https:\/\/www.emidav.com\/ro\/?s={search_term_string}\"},\"query-input\":{\"@type\":\"PropertyValueSpecification\",\"valueRequired\":true,\"valueName\":\"search_term_string\"}}],\"inLanguage\":\"ro-RO\"},{\"@type\":\"Organization\",\"@id\":\"https:\/\/www.emidav.com\/ro\/#organization\",\"name\":\"Emidav Hungary Kft.\",\"url\":\"https:\/\/www.emidav.com\/ro\/\",\"logo\":{\"@type\":\"ImageObject\",\"inLanguage\":\"ro-RO\",\"@id\":\"https:\/\/www.emidav.com\/ro\/#\/schema\/logo\/image\/\",\"url\":\"https:\/\/www.emidav.com\/wp-content\/uploads\/2025\/07\/emidav_logo.webp\",\"contentUrl\":\"https:\/\/www.emidav.com\/wp-content\/uploads\/2025\/07\/emidav_logo.webp\",\"width\":1490,\"height\":533,\"caption\":\"Emidav Hungary Kft.\"},\"image\":{\"@id\":\"https:\/\/www.emidav.com\/ro\/#\/schema\/logo\/image\/\"}}]}<\/script>\n<!-- \/ Yoast SEO plugin. -->","yoast_head_json":{"title":"Accesorii de Montaj Industriale pentru Motoare | Emidav Kft.","description":"Papuci electrici, presetupe \u0219i alte accesorii de montaj pentru repara\u021bia rapid\u0103 \u0219i sigur\u0103 a motoarelor. Produse fiabile, de calitate industrial\u0103.","robots":{"index":"index","follow":"follow","max-snippet":"max-snippet:-1","max-image-preview":"max-image-preview:large","max-video-preview":"max-video-preview:-1"},"canonical":"https:\/\/www.emidav.com\/ro\/produse\/piese-si-componente-de-schimb-pentru-motoare-electrice\/papuci-presetupe-si-clesti\/","og_locale":"ro_RO","og_type":"article","og_title":"Accesorii de Montaj Industriale pentru Motoare | Emidav Kft.","og_description":"Papuci electrici, presetupe \u0219i alte accesorii de montaj pentru repara\u021bia rapid\u0103 \u0219i sigur\u0103 a motoarelor. Produse fiabile, de calitate industrial\u0103.","og_url":"https:\/\/www.emidav.com\/ro\/produse\/piese-si-componente-de-schimb-pentru-motoare-electrice\/papuci-presetupe-si-clesti\/","og_site_name":"Emidav","article_modified_time":"2025-07-08T19:21:20+00:00","og_image":[{"width":1920,"height":1280,"url":"https:\/\/www.emidav.com\/wp-content\/uploads\/2025\/07\/fogo.jpg","type":"image\/jpeg"}],"twitter_card":"summary_large_image","twitter_misc":{"Timp estimat pentru citire":"1 minut"},"schema":{"@context":"https:\/\/schema.org","@graph":[{"@type":"WebPage","@id":"https:\/\/www.emidav.com\/ro\/produse\/piese-si-componente-de-schimb-pentru-motoare-electrice\/papuci-presetupe-si-clesti\/","url":"https:\/\/www.emidav.com\/ro\/produse\/piese-si-componente-de-schimb-pentru-motoare-electrice\/papuci-presetupe-si-clesti\/","name":"Accesorii de Montaj Industriale pentru Motoare | Emidav Kft.","isPartOf":{"@id":"https:\/\/www.emidav.com\/ro\/#website"},"primaryImageOfPage":{"@id":"https:\/\/www.emidav.com\/ro\/produse\/piese-si-componente-de-schimb-pentru-motoare-electrice\/papuci-presetupe-si-clesti\/#primaryimage"},"image":{"@id":"https:\/\/www.emidav.com\/ro\/produse\/piese-si-componente-de-schimb-pentru-motoare-electrice\/papuci-presetupe-si-clesti\/#primaryimage"},"thumbnailUrl":"https:\/\/www.emidav.com\/wp-content\/uploads\/2025\/07\/fogo.jpg","datePublished":"2025-05-22T19:03:09+00:00","dateModified":"2025-07-08T19:21:20+00:00","description":"Papuci electrici, presetupe \u0219i alte accesorii de montaj pentru repara\u021bia rapid\u0103 \u0219i sigur\u0103 a motoarelor. Produse fiabile, de calitate industrial\u0103.","breadcrumb":{"@id":"https:\/\/www.emidav.com\/ro\/produse\/piese-si-componente-de-schimb-pentru-motoare-electrice\/papuci-presetupe-si-clesti\/#breadcrumb"},"inLanguage":"ro-RO","potentialAction":[{"@type":"ReadAction","target":["https:\/\/www.emidav.com\/ro\/produse\/piese-si-componente-de-schimb-pentru-motoare-electrice\/papuci-presetupe-si-clesti\/"]}]},{"@type":"ImageObject","inLanguage":"ro-RO","@id":"https:\/\/www.emidav.com\/ro\/produse\/piese-si-componente-de-schimb-pentru-motoare-electrice\/papuci-presetupe-si-clesti\/#primaryimage","url":"https:\/\/www.emidav.com\/wp-content\/uploads\/2025\/07\/fogo.jpg","contentUrl":"https:\/\/www.emidav.com\/wp-content\/uploads\/2025\/07\/fogo.jpg","width":1920,"height":1280},{"@type":"BreadcrumbList","@id":"https:\/\/www.emidav.com\/ro\/produse\/piese-si-componente-de-schimb-pentru-motoare-electrice\/papuci-presetupe-si-clesti\/#breadcrumb","itemListElement":[{"@type":"ListItem","position":1,"name":"Acas\u0103","item":"https:\/\/www.emidav.com\/ro\/"},{"@type":"ListItem","position":2,"name":"Produse","item":"https:\/\/www.emidav.com\/ro\/produse\/"},{"@type":"ListItem","position":3,"name":"Piese \u0219i Componente de Schimb pentru Motoare Electrice","item":"https:\/\/www.emidav.com\/ro\/produse\/piese-si-componente-de-schimb-pentru-motoare-electrice\/"},{"@type":"ListItem","position":4,"name":"Papuci, Presetupe \u0219i Cle\u0219ti"}]},{"@type":"WebSite","@id":"https:\/\/www.emidav.com\/ro\/#website","url":"https:\/\/www.emidav.com\/ro\/","name":"Emidav Hungary","description":"","publisher":{"@id":"https:\/\/www.emidav.com\/ro\/#organization"},"alternateName":"Emidav","potentialAction":[{"@type":"SearchAction","target":{"@type":"EntryPoint","urlTemplate":"https:\/\/www.emidav.com\/ro\/?s={search_term_string}"},"query-input":{"@type":"PropertyValueSpecification","valueRequired":true,"valueName":"search_term_string"}}],"inLanguage":"ro-RO"},{"@type":"Organization","@id":"https:\/\/www.emidav.com\/ro\/#organization","name":"Emidav Hungary Kft.","url":"https:\/\/www.emidav.com\/ro\/","logo":{"@type":"ImageObject","inLanguage":"ro-RO","@id":"https:\/\/www.emidav.com\/ro\/#\/schema\/logo\/image\/","url":"https:\/\/www.emidav.com\/wp-content\/uploads\/2025\/07\/emidav_logo.webp","contentUrl":"https:\/\/www.emidav.com\/wp-content\/uploads\/2025\/07\/emidav_logo.webp","width":1490,"height":533,"caption":"Emidav Hungary Kft."},"image":{"@id":"https:\/\/www.emidav.com\/ro\/#\/schema\/logo\/image\/"}}]}},"_links":{"self":[{"href":"https:\/\/www.emidav.com\/ro\/wp-json\/wp\/v2\/pages\/293","targetHints":{"allow":["GET"]}}],"collection":[{"href":"https:\/\/www.emidav.com\/ro\/wp-json\/wp\/v2\/pages"}],"about":[{"href":"https:\/\/www.emidav.com\/ro\/wp-json\/wp\/v2\/types\/page"}],"author":[{"embeddable":true,"href":"https:\/\/www.emidav.com\/ro\/wp-json\/wp\/v2\/users\/1"}],"replies":[{"embeddable":true,"href":"https:\/\/www.emidav.com\/ro\/wp-json\/wp\/v2\/comments?post=293"}],"version-history":[{"count":7,"href":"https:\/\/www.emidav.com\/ro\/wp-json\/wp\/v2\/pages\/293\/revisions"}],"predecessor-version":[{"id":1432,"href":"https:\/\/www.emidav.com\/ro\/wp-json\/wp\/v2\/pages\/293\/revisions\/1432"}],"up":[{"embeddable":true,"href":"https:\/\/www.emidav.com\/ro\/wp-json\/wp\/v2\/pages\/271"}],"wp:featuredmedia":[{"embeddable":true,"href":"https:\/\/www.emidav.com\/ro\/wp-json\/wp\/v2\/media\/1633"}],"wp:attachment":[{"href":"https:\/\/www.emidav.com\/ro\/wp-json\/wp\/v2\/media?parent=293"}],"wp:term":[{"taxonomy":"category","embeddable":true,"href":"https:\/\/www.emidav.com\/ro\/wp-json\/wp\/v2\/categories?post=293"}],"curies":[{"name":"wp","href":"https:\/\/api.w.org\/{rel}","templated":true}]}}