{"id":291,"date":"2025-05-22T18:59:25","date_gmt":"2025-05-22T18:59:25","guid":{"rendered":"https:\/\/www.emidav.com\/?page_id=291"},"modified":"2025-07-08T17:19:38","modified_gmt":"2025-07-08T17:19:38","slug":"redresoare","status":"publish","type":"page","link":"https:\/\/www.emidav.com\/ro\/produse\/piese-si-componente-de-schimb-pentru-motoare-electrice\/redresoare\/","title":{"rendered":"Redresoare"},"content":{"rendered":"<p>Redresoarele sunt componente esen\u021biale pentru conversia AC\/DC, indispensabile pentru func\u021bionarea anumitor motoare electrice \u0219i sisteme de fr\u00e2nare.<br \/>\n\u00cen oferta noastr\u0103 se reg\u0103sesc unit\u0103\u021bi redresoare fiabile, concepute pentru uz industrial, care asigur\u0103 o func\u021bionare stabil\u0103 \u0219i eficient\u0103.<\/p>\n<ul>\n<li><a href=\"https:\/\/faet.it\/en\/products\/other\/rectifiers\/three-phase-bridge-rectifiers\/\" target=\"_blank\" rel=\"noopener\">Cu punte trifazat\u0103<\/a><\/li>\n<li><a href=\"https:\/\/faet.it\/en\/products\/other\/rectifiers\/single-phase-bridge-rectifiers\/\" target=\"_blank\" rel=\"noopener\">Cu punte monofazat\u0103<\/a><\/li>\n<li><a href=\"https:\/\/faet.it\/en\/products\/other\/rectifiers\/spares-for-rectifiers\/\" target=\"_blank\" rel=\"noopener\">Componente<\/a><\/li>\n<li><a href=\"https:\/\/faet.it\/en\/products\/other\/rectifiers\/rectifiers-for-limited-space\/\" target=\"_blank\" rel=\"noopener\">Design compact<\/a><\/li>\n<li><a href=\"https:\/\/faet.it\/en\/products\/other\/rectifiers\/rectifiers-for-extruded-mount\/\" target=\"_blank\" rel=\"noopener\">Pentru montaj pe radiator<\/a><\/li>\n<\/ul>\n<div class=\"gallery-imgs gal-857863 row\">\r\n            <div class=\"gallery-item col-sm-6 col-lg-4\">\r\n                    \r\n                        <img decoding=\"async\" src=\"https:\/\/www.emidav.com\/wp-content\/uploads\/2025\/06\/102012904482381698-380x312-1-300x215.jpg\" alt=\"\" class=\"img-fluid\">\r\n\t\t\t\t\t\t\t\t\r\n                    \r\n            <\/div>\r\n            <div class=\"gallery-item col-sm-6 col-lg-4\">\r\n                    \r\n                        <img decoding=\"async\" src=\"https:\/\/www.emidav.com\/wp-content\/uploads\/2025\/06\/828715427866262288-380x273-1-300x215.jpg\" alt=\"\" class=\"img-fluid\">\r\n\t\t\t\t\t\t\t\t\r\n                    \r\n            <\/div>\r\n            <div class=\"gallery-item col-sm-6 col-lg-4\">\r\n                    \r\n                        <img decoding=\"async\" src=\"https:\/\/www.emidav.com\/wp-content\/uploads\/2025\/06\/577512904479232891-380x281-1-300x215.jpg\" alt=\"\" class=\"img-fluid\">\r\n\t\t\t\t\t\t\t\t\r\n                    \r\n            <\/div><\/div>\n","protected":false},"excerpt":{"rendered":"<p>Redresoarele sunt componente esen\u021biale pentru conversia AC\/DC, indispensabile pentru func\u021bionarea anumitor motoare electrice \u0219i sisteme de fr\u00e2nare. \u00cen oferta noastr\u0103 se reg\u0103sesc unit\u0103\u021bi redresoare fiabile, concepute pentru uz industrial, care asigur\u0103 o func\u021bionare stabil\u0103 \u0219i eficient\u0103. Cu punte trifazat\u0103 Cu punte monofazat\u0103 Componente Design compact Pentru montaj pe radiator<\/p>\n","protected":false},"author":1,"featured_media":1624,"parent":271,"menu_order":47,"comment_status":"closed","ping_status":"closed","template":"","meta":{"footnotes":""},"categories":[],"class_list":["post-291","page","type-page","status-publish","has-post-thumbnail","hentry"],"yoast_head":"<!-- This site is optimized with the Yoast SEO plugin v25.9 - https:\/\/yoast.com\/wordpress\/plugins\/seo\/ -->\n<title>Redresoare pentru Motoare Electrice \u0219i Sisteme de Fr\u00e2nare | Emidav<\/title>\n<meta name=\"description\" content=\"Unit\u0103\u021bi redresoare industriale pentru conversie AC\/DC, esen\u021biale pentru motoare \u0219i sisteme de fr\u00e2nare. Piese fiabile pentru performan\u021b\u0103 optim\u0103.\" \/>\n<meta name=\"robots\" content=\"index, follow, max-snippet:-1, max-image-preview:large, max-video-preview:-1\" \/>\n<link rel=\"canonical\" href=\"https:\/\/www.emidav.com\/ro\/produse\/piese-si-componente-de-schimb-pentru-motoare-electrice\/redresoare\/\" \/>\n<meta property=\"og:locale\" content=\"ro_RO\" \/>\n<meta property=\"og:type\" content=\"article\" \/>\n<meta property=\"og:title\" content=\"Redresoare pentru Motoare Electrice \u0219i Sisteme de Fr\u00e2nare | Emidav\" \/>\n<meta property=\"og:description\" content=\"Unit\u0103\u021bi redresoare industriale pentru conversie AC\/DC, esen\u021biale pentru motoare \u0219i sisteme de fr\u00e2nare. Piese fiabile pentru performan\u021b\u0103 optim\u0103.\" \/>\n<meta property=\"og:url\" content=\"https:\/\/www.emidav.com\/ro\/produse\/piese-si-componente-de-schimb-pentru-motoare-electrice\/redresoare\/\" \/>\n<meta property=\"og:site_name\" content=\"Emidav\" \/>\n<meta property=\"article:modified_time\" content=\"2025-07-08T17:19:38+00:00\" \/>\n<meta property=\"og:image\" content=\"https:\/\/www.emidav.com\/wp-content\/uploads\/2025\/07\/egyeniranyito.jpg\" \/>\n\t<meta property=\"og:image:width\" content=\"1920\" \/>\n\t<meta property=\"og:image:height\" content=\"1920\" \/>\n\t<meta property=\"og:image:type\" content=\"image\/jpeg\" \/>\n<meta name=\"twitter:card\" content=\"summary_large_image\" \/>\n<meta name=\"twitter:label1\" content=\"Timp estimat pentru citire\" \/>\n\t<meta name=\"twitter:data1\" content=\"1 minut\" \/>\n<script type=\"application\/ld+json\" class=\"yoast-schema-graph\">{\"@context\":\"https:\/\/schema.org\",\"@graph\":[{\"@type\":\"WebPage\",\"@id\":\"https:\/\/www.emidav.com\/ro\/produse\/piese-si-componente-de-schimb-pentru-motoare-electrice\/redresoare\/\",\"url\":\"https:\/\/www.emidav.com\/ro\/produse\/piese-si-componente-de-schimb-pentru-motoare-electrice\/redresoare\/\",\"name\":\"Redresoare pentru Motoare Electrice \u0219i Sisteme de Fr\u00e2nare | Emidav\",\"isPartOf\":{\"@id\":\"https:\/\/www.emidav.com\/ro\/#website\"},\"primaryImageOfPage\":{\"@id\":\"https:\/\/www.emidav.com\/ro\/produse\/piese-si-componente-de-schimb-pentru-motoare-electrice\/redresoare\/#primaryimage\"},\"image\":{\"@id\":\"https:\/\/www.emidav.com\/ro\/produse\/piese-si-componente-de-schimb-pentru-motoare-electrice\/redresoare\/#primaryimage\"},\"thumbnailUrl\":\"https:\/\/www.emidav.com\/wp-content\/uploads\/2025\/07\/egyeniranyito.jpg\",\"datePublished\":\"2025-05-22T18:59:25+00:00\",\"dateModified\":\"2025-07-08T17:19:38+00:00\",\"description\":\"Unit\u0103\u021bi redresoare industriale pentru conversie AC\/DC, esen\u021biale pentru motoare \u0219i sisteme de fr\u00e2nare. Piese fiabile pentru performan\u021b\u0103 optim\u0103.\",\"breadcrumb\":{\"@id\":\"https:\/\/www.emidav.com\/ro\/produse\/piese-si-componente-de-schimb-pentru-motoare-electrice\/redresoare\/#breadcrumb\"},\"inLanguage\":\"ro-RO\",\"potentialAction\":[{\"@type\":\"ReadAction\",\"target\":[\"https:\/\/www.emidav.com\/ro\/produse\/piese-si-componente-de-schimb-pentru-motoare-electrice\/redresoare\/\"]}]},{\"@type\":\"ImageObject\",\"inLanguage\":\"ro-RO\",\"@id\":\"https:\/\/www.emidav.com\/ro\/produse\/piese-si-componente-de-schimb-pentru-motoare-electrice\/redresoare\/#primaryimage\",\"url\":\"https:\/\/www.emidav.com\/wp-content\/uploads\/2025\/07\/egyeniranyito.jpg\",\"contentUrl\":\"https:\/\/www.emidav.com\/wp-content\/uploads\/2025\/07\/egyeniranyito.jpg\",\"width\":1920,\"height\":1920},{\"@type\":\"BreadcrumbList\",\"@id\":\"https:\/\/www.emidav.com\/ro\/produse\/piese-si-componente-de-schimb-pentru-motoare-electrice\/redresoare\/#breadcrumb\",\"itemListElement\":[{\"@type\":\"ListItem\",\"position\":1,\"name\":\"Acas\u0103\",\"item\":\"https:\/\/www.emidav.com\/ro\/\"},{\"@type\":\"ListItem\",\"position\":2,\"name\":\"Produse\",\"item\":\"https:\/\/www.emidav.com\/ro\/produse\/\"},{\"@type\":\"ListItem\",\"position\":3,\"name\":\"Piese \u0219i Componente de Schimb pentru Motoare Electrice\",\"item\":\"https:\/\/www.emidav.com\/ro\/produse\/piese-si-componente-de-schimb-pentru-motoare-electrice\/\"},{\"@type\":\"ListItem\",\"position\":4,\"name\":\"Redresoare\"}]},{\"@type\":\"WebSite\",\"@id\":\"https:\/\/www.emidav.com\/ro\/#website\",\"url\":\"https:\/\/www.emidav.com\/ro\/\",\"name\":\"Emidav Hungary\",\"description\":\"\",\"publisher\":{\"@id\":\"https:\/\/www.emidav.com\/ro\/#organization\"},\"alternateName\":\"Emidav\",\"potentialAction\":[{\"@type\":\"SearchAction\",\"target\":{\"@type\":\"EntryPoint\",\"urlTemplate\":\"https:\/\/www.emidav.com\/ro\/?s={search_term_string}\"},\"query-input\":{\"@type\":\"PropertyValueSpecification\",\"valueRequired\":true,\"valueName\":\"search_term_string\"}}],\"inLanguage\":\"ro-RO\"},{\"@type\":\"Organization\",\"@id\":\"https:\/\/www.emidav.com\/ro\/#organization\",\"name\":\"Emidav Hungary Kft.\",\"url\":\"https:\/\/www.emidav.com\/ro\/\",\"logo\":{\"@type\":\"ImageObject\",\"inLanguage\":\"ro-RO\",\"@id\":\"https:\/\/www.emidav.com\/ro\/#\/schema\/logo\/image\/\",\"url\":\"https:\/\/www.emidav.com\/wp-content\/uploads\/2025\/07\/emidav_logo.webp\",\"contentUrl\":\"https:\/\/www.emidav.com\/wp-content\/uploads\/2025\/07\/emidav_logo.webp\",\"width\":1490,\"height\":533,\"caption\":\"Emidav Hungary Kft.\"},\"image\":{\"@id\":\"https:\/\/www.emidav.com\/ro\/#\/schema\/logo\/image\/\"}}]}<\/script>\n<!-- \/ Yoast SEO plugin. -->","yoast_head_json":{"title":"Redresoare pentru Motoare Electrice \u0219i Sisteme de Fr\u00e2nare | Emidav","description":"Unit\u0103\u021bi redresoare industriale pentru conversie AC\/DC, esen\u021biale pentru motoare \u0219i sisteme de fr\u00e2nare. Piese fiabile pentru performan\u021b\u0103 optim\u0103.","robots":{"index":"index","follow":"follow","max-snippet":"max-snippet:-1","max-image-preview":"max-image-preview:large","max-video-preview":"max-video-preview:-1"},"canonical":"https:\/\/www.emidav.com\/ro\/produse\/piese-si-componente-de-schimb-pentru-motoare-electrice\/redresoare\/","og_locale":"ro_RO","og_type":"article","og_title":"Redresoare pentru Motoare Electrice \u0219i Sisteme de Fr\u00e2nare | Emidav","og_description":"Unit\u0103\u021bi redresoare industriale pentru conversie AC\/DC, esen\u021biale pentru motoare \u0219i sisteme de fr\u00e2nare. Piese fiabile pentru performan\u021b\u0103 optim\u0103.","og_url":"https:\/\/www.emidav.com\/ro\/produse\/piese-si-componente-de-schimb-pentru-motoare-electrice\/redresoare\/","og_site_name":"Emidav","article_modified_time":"2025-07-08T17:19:38+00:00","og_image":[{"width":1920,"height":1920,"url":"https:\/\/www.emidav.com\/wp-content\/uploads\/2025\/07\/egyeniranyito.jpg","type":"image\/jpeg"}],"twitter_card":"summary_large_image","twitter_misc":{"Timp estimat pentru citire":"1 minut"},"schema":{"@context":"https:\/\/schema.org","@graph":[{"@type":"WebPage","@id":"https:\/\/www.emidav.com\/ro\/produse\/piese-si-componente-de-schimb-pentru-motoare-electrice\/redresoare\/","url":"https:\/\/www.emidav.com\/ro\/produse\/piese-si-componente-de-schimb-pentru-motoare-electrice\/redresoare\/","name":"Redresoare pentru Motoare Electrice \u0219i Sisteme de Fr\u00e2nare | Emidav","isPartOf":{"@id":"https:\/\/www.emidav.com\/ro\/#website"},"primaryImageOfPage":{"@id":"https:\/\/www.emidav.com\/ro\/produse\/piese-si-componente-de-schimb-pentru-motoare-electrice\/redresoare\/#primaryimage"},"image":{"@id":"https:\/\/www.emidav.com\/ro\/produse\/piese-si-componente-de-schimb-pentru-motoare-electrice\/redresoare\/#primaryimage"},"thumbnailUrl":"https:\/\/www.emidav.com\/wp-content\/uploads\/2025\/07\/egyeniranyito.jpg","datePublished":"2025-05-22T18:59:25+00:00","dateModified":"2025-07-08T17:19:38+00:00","description":"Unit\u0103\u021bi redresoare industriale pentru conversie AC\/DC, esen\u021biale pentru motoare \u0219i sisteme de fr\u00e2nare. Piese fiabile pentru performan\u021b\u0103 optim\u0103.","breadcrumb":{"@id":"https:\/\/www.emidav.com\/ro\/produse\/piese-si-componente-de-schimb-pentru-motoare-electrice\/redresoare\/#breadcrumb"},"inLanguage":"ro-RO","potentialAction":[{"@type":"ReadAction","target":["https:\/\/www.emidav.com\/ro\/produse\/piese-si-componente-de-schimb-pentru-motoare-electrice\/redresoare\/"]}]},{"@type":"ImageObject","inLanguage":"ro-RO","@id":"https:\/\/www.emidav.com\/ro\/produse\/piese-si-componente-de-schimb-pentru-motoare-electrice\/redresoare\/#primaryimage","url":"https:\/\/www.emidav.com\/wp-content\/uploads\/2025\/07\/egyeniranyito.jpg","contentUrl":"https:\/\/www.emidav.com\/wp-content\/uploads\/2025\/07\/egyeniranyito.jpg","width":1920,"height":1920},{"@type":"BreadcrumbList","@id":"https:\/\/www.emidav.com\/ro\/produse\/piese-si-componente-de-schimb-pentru-motoare-electrice\/redresoare\/#breadcrumb","itemListElement":[{"@type":"ListItem","position":1,"name":"Acas\u0103","item":"https:\/\/www.emidav.com\/ro\/"},{"@type":"ListItem","position":2,"name":"Produse","item":"https:\/\/www.emidav.com\/ro\/produse\/"},{"@type":"ListItem","position":3,"name":"Piese \u0219i Componente de Schimb pentru Motoare Electrice","item":"https:\/\/www.emidav.com\/ro\/produse\/piese-si-componente-de-schimb-pentru-motoare-electrice\/"},{"@type":"ListItem","position":4,"name":"Redresoare"}]},{"@type":"WebSite","@id":"https:\/\/www.emidav.com\/ro\/#website","url":"https:\/\/www.emidav.com\/ro\/","name":"Emidav Hungary","description":"","publisher":{"@id":"https:\/\/www.emidav.com\/ro\/#organization"},"alternateName":"Emidav","potentialAction":[{"@type":"SearchAction","target":{"@type":"EntryPoint","urlTemplate":"https:\/\/www.emidav.com\/ro\/?s={search_term_string}"},"query-input":{"@type":"PropertyValueSpecification","valueRequired":true,"valueName":"search_term_string"}}],"inLanguage":"ro-RO"},{"@type":"Organization","@id":"https:\/\/www.emidav.com\/ro\/#organization","name":"Emidav Hungary Kft.","url":"https:\/\/www.emidav.com\/ro\/","logo":{"@type":"ImageObject","inLanguage":"ro-RO","@id":"https:\/\/www.emidav.com\/ro\/#\/schema\/logo\/image\/","url":"https:\/\/www.emidav.com\/wp-content\/uploads\/2025\/07\/emidav_logo.webp","contentUrl":"https:\/\/www.emidav.com\/wp-content\/uploads\/2025\/07\/emidav_logo.webp","width":1490,"height":533,"caption":"Emidav Hungary Kft."},"image":{"@id":"https:\/\/www.emidav.com\/ro\/#\/schema\/logo\/image\/"}}]}},"_links":{"self":[{"href":"https:\/\/www.emidav.com\/ro\/wp-json\/wp\/v2\/pages\/291","targetHints":{"allow":["GET"]}}],"collection":[{"href":"https:\/\/www.emidav.com\/ro\/wp-json\/wp\/v2\/pages"}],"about":[{"href":"https:\/\/www.emidav.com\/ro\/wp-json\/wp\/v2\/types\/page"}],"author":[{"embeddable":true,"href":"https:\/\/www.emidav.com\/ro\/wp-json\/wp\/v2\/users\/1"}],"replies":[{"embeddable":true,"href":"https:\/\/www.emidav.com\/ro\/wp-json\/wp\/v2\/comments?post=291"}],"version-history":[{"count":6,"href":"https:\/\/www.emidav.com\/ro\/wp-json\/wp\/v2\/pages\/291\/revisions"}],"predecessor-version":[{"id":1429,"href":"https:\/\/www.emidav.com\/ro\/wp-json\/wp\/v2\/pages\/291\/revisions\/1429"}],"up":[{"embeddable":true,"href":"https:\/\/www.emidav.com\/ro\/wp-json\/wp\/v2\/pages\/271"}],"wp:featuredmedia":[{"embeddable":true,"href":"https:\/\/www.emidav.com\/ro\/wp-json\/wp\/v2\/media\/1624"}],"wp:attachment":[{"href":"https:\/\/www.emidav.com\/ro\/wp-json\/wp\/v2\/media?parent=291"}],"wp:term":[{"taxonomy":"category","embeddable":true,"href":"https:\/\/www.emidav.com\/ro\/wp-json\/wp\/v2\/categories?post=291"}],"curies":[{"name":"wp","href":"https:\/\/api.w.org\/{rel}","templated":true}]}}