{"id":289,"date":"2025-05-22T18:59:09","date_gmt":"2025-05-22T18:59:09","guid":{"rendered":"https:\/\/www.emidav.com\/?page_id=289"},"modified":"2025-07-08T17:02:12","modified_gmt":"2025-07-08T17:02:12","slug":"perii-de-carbon-suporturi-si-comutatoare","status":"publish","type":"page","link":"https:\/\/www.emidav.com\/ro\/produse\/piese-si-componente-de-schimb-pentru-motoare-electrice\/perii-de-carbon-suporturi-si-comutatoare\/","title":{"rendered":"Perii de Carbon, Suporturi \u0219i Comutatoare"},"content":{"rendered":"<p>Periile de carbon, suporturile pentru perii \u0219i colectoarele fac parte dintre componentele de uzur\u0103 ale motoarelor electrice, iar \u00eenlocuirea lor periodic\u0103 este esen\u021bial\u0103 pentru func\u021bionarea f\u0103r\u0103 \u00eentreruperi.<br \/>\nMaterialele de calitate asigur\u0103 o bun\u0103 conductivitate \u0219i o durat\u0103 de via\u021b\u0103 \u00eendelungat\u0103. Oferim o gam\u0103 larg\u0103 de produse pentru diferite tipuri \u0219i dimensiuni.<\/p>\n<ul>\n<li><a href=\"https:\/\/faet.it\/en\/products\/other\/brushes-brush-holders-collectors\/industrial-electric-motor-brushes\/\" target=\"_blank\" rel=\"noopener\">Perii de carbon pentru motoare electrice<\/a><\/li>\n<li><a href=\"https:\/\/faet.it\/en\/products\/other\/brushes-brush-holders-collectors\/brush-holders\/\" target=\"_blank\" rel=\"noopener\">Suporturi pentru perii<\/a><\/li>\n<li><a href=\"https:\/\/faet.it\/en\/products\/other\/brushes-brush-holders-collectors\/manifolds\/\" target=\"_blank\" rel=\"noopener\">Comutatoare<\/a><\/li>\n<li><a href=\"https:\/\/faet.it\/en\/products\/other\/brushes-brush-holders-collectors\/accessories\/\" target=\"_blank\" rel=\"noopener\">Accesorii<\/a><\/li>\n<li><a href=\"https:\/\/faet.it\/en\/products\/other\/brushes-brush-holders-collectors\/brushes-for-electric-tools\/\" target=\"_blank\" rel=\"noopener\">Perii de carbon pentru unelte electrice de m\u00e2n\u0103<\/a><\/li>\n<\/ul>\n<div class=\"gallery-imgs gal-852845 row\">\r\n            <div class=\"gallery-item col-sm-6 col-lg-4\">\r\n                    \r\n                        <img decoding=\"async\" src=\"https:\/\/www.emidav.com\/wp-content\/uploads\/2025\/06\/505812904479944926-380x292-1-300x215.jpg\" alt=\"\" class=\"img-fluid\">\r\n\t\t\t\t\t\t\t\t\r\n                    \r\n            <\/div>\r\n            <div class=\"gallery-item col-sm-6 col-lg-4\">\r\n                    \r\n                        <img decoding=\"async\" src=\"https:\/\/www.emidav.com\/wp-content\/uploads\/2025\/06\/778512904481544032-380x285-1-300x215.jpg\" alt=\"\" class=\"img-fluid\">\r\n\t\t\t\t\t\t\t\t\r\n                    \r\n            <\/div>\r\n            <div class=\"gallery-item col-sm-6 col-lg-4\">\r\n                    \r\n                        <img decoding=\"async\" src=\"https:\/\/www.emidav.com\/wp-content\/uploads\/2025\/06\/179312904474048591-380x339-2-300x215.jpg\" alt=\"\" class=\"img-fluid\">\r\n\t\t\t\t\t\t\t\t\r\n                    \r\n            <\/div><\/div>\n","protected":false},"excerpt":{"rendered":"<p>Periile de carbon, suporturile pentru perii \u0219i colectoarele fac parte dintre componentele de uzur\u0103 ale motoarelor electrice, iar \u00eenlocuirea lor periodic\u0103 este esen\u021bial\u0103 pentru func\u021bionarea f\u0103r\u0103 \u00eentreruperi. Materialele de calitate asigur\u0103 o bun\u0103 conductivitate \u0219i o durat\u0103 de via\u021b\u0103 \u00eendelungat\u0103. Oferim o gam\u0103 larg\u0103 de produse pentru diferite tipuri \u0219i dimensiuni. Perii de carbon pentru [&hellip;]<\/p>\n","protected":false},"author":1,"featured_media":1621,"parent":271,"menu_order":58,"comment_status":"closed","ping_status":"closed","template":"","meta":{"footnotes":""},"categories":[],"class_list":["post-289","page","type-page","status-publish","has-post-thumbnail","hentry"],"yoast_head":"<!-- This site is optimized with the Yoast SEO plugin v25.9 - https:\/\/yoast.com\/wordpress\/plugins\/seo\/ -->\n<title>Perii de Carbon, Suporturi \u0219i Colectoare pentru Motoare Electrice | Emidav<\/title>\n<meta name=\"description\" content=\"Gam\u0103 larg\u0103 de perii de carbon, suporturi \u0219i colectoare pentru motoare electrice. Componente de uzur\u0103 de calitate pentru func\u021bionare fiabil\u0103 \u0219i durabilitate.\" \/>\n<meta name=\"robots\" content=\"index, follow, max-snippet:-1, max-image-preview:large, max-video-preview:-1\" \/>\n<link rel=\"canonical\" href=\"https:\/\/www.emidav.com\/ro\/produse\/piese-si-componente-de-schimb-pentru-motoare-electrice\/perii-de-carbon-suporturi-si-comutatoare\/\" \/>\n<meta property=\"og:locale\" content=\"ro_RO\" \/>\n<meta property=\"og:type\" content=\"article\" \/>\n<meta property=\"og:title\" content=\"Perii de Carbon, Suporturi \u0219i Colectoare pentru Motoare Electrice | Emidav\" \/>\n<meta property=\"og:description\" content=\"Gam\u0103 larg\u0103 de perii de carbon, suporturi \u0219i colectoare pentru motoare electrice. Componente de uzur\u0103 de calitate pentru func\u021bionare fiabil\u0103 \u0219i durabilitate.\" \/>\n<meta property=\"og:url\" content=\"https:\/\/www.emidav.com\/ro\/produse\/piese-si-componente-de-schimb-pentru-motoare-electrice\/perii-de-carbon-suporturi-si-comutatoare\/\" \/>\n<meta property=\"og:site_name\" content=\"Emidav\" \/>\n<meta property=\"article:modified_time\" content=\"2025-07-08T17:02:12+00:00\" \/>\n<meta property=\"og:image\" content=\"https:\/\/www.emidav.com\/wp-content\/uploads\/2025\/07\/szkefe.jpg\" \/>\n\t<meta property=\"og:image:width\" content=\"1920\" \/>\n\t<meta property=\"og:image:height\" content=\"1280\" \/>\n\t<meta property=\"og:image:type\" content=\"image\/jpeg\" \/>\n<meta name=\"twitter:card\" content=\"summary_large_image\" \/>\n<meta name=\"twitter:label1\" content=\"Timp estimat pentru citire\" \/>\n\t<meta name=\"twitter:data1\" content=\"1 minut\" \/>\n<script type=\"application\/ld+json\" class=\"yoast-schema-graph\">{\"@context\":\"https:\/\/schema.org\",\"@graph\":[{\"@type\":\"WebPage\",\"@id\":\"https:\/\/www.emidav.com\/ro\/produse\/piese-si-componente-de-schimb-pentru-motoare-electrice\/perii-de-carbon-suporturi-si-comutatoare\/\",\"url\":\"https:\/\/www.emidav.com\/ro\/produse\/piese-si-componente-de-schimb-pentru-motoare-electrice\/perii-de-carbon-suporturi-si-comutatoare\/\",\"name\":\"Perii de Carbon, Suporturi \u0219i Colectoare pentru Motoare Electrice | Emidav\",\"isPartOf\":{\"@id\":\"https:\/\/www.emidav.com\/ro\/#website\"},\"primaryImageOfPage\":{\"@id\":\"https:\/\/www.emidav.com\/ro\/produse\/piese-si-componente-de-schimb-pentru-motoare-electrice\/perii-de-carbon-suporturi-si-comutatoare\/#primaryimage\"},\"image\":{\"@id\":\"https:\/\/www.emidav.com\/ro\/produse\/piese-si-componente-de-schimb-pentru-motoare-electrice\/perii-de-carbon-suporturi-si-comutatoare\/#primaryimage\"},\"thumbnailUrl\":\"https:\/\/www.emidav.com\/wp-content\/uploads\/2025\/07\/szkefe.jpg\",\"datePublished\":\"2025-05-22T18:59:09+00:00\",\"dateModified\":\"2025-07-08T17:02:12+00:00\",\"description\":\"Gam\u0103 larg\u0103 de perii de carbon, suporturi \u0219i colectoare pentru motoare electrice. Componente de uzur\u0103 de calitate pentru func\u021bionare fiabil\u0103 \u0219i durabilitate.\",\"breadcrumb\":{\"@id\":\"https:\/\/www.emidav.com\/ro\/produse\/piese-si-componente-de-schimb-pentru-motoare-electrice\/perii-de-carbon-suporturi-si-comutatoare\/#breadcrumb\"},\"inLanguage\":\"ro-RO\",\"potentialAction\":[{\"@type\":\"ReadAction\",\"target\":[\"https:\/\/www.emidav.com\/ro\/produse\/piese-si-componente-de-schimb-pentru-motoare-electrice\/perii-de-carbon-suporturi-si-comutatoare\/\"]}]},{\"@type\":\"ImageObject\",\"inLanguage\":\"ro-RO\",\"@id\":\"https:\/\/www.emidav.com\/ro\/produse\/piese-si-componente-de-schimb-pentru-motoare-electrice\/perii-de-carbon-suporturi-si-comutatoare\/#primaryimage\",\"url\":\"https:\/\/www.emidav.com\/wp-content\/uploads\/2025\/07\/szkefe.jpg\",\"contentUrl\":\"https:\/\/www.emidav.com\/wp-content\/uploads\/2025\/07\/szkefe.jpg\",\"width\":1920,\"height\":1280},{\"@type\":\"BreadcrumbList\",\"@id\":\"https:\/\/www.emidav.com\/ro\/produse\/piese-si-componente-de-schimb-pentru-motoare-electrice\/perii-de-carbon-suporturi-si-comutatoare\/#breadcrumb\",\"itemListElement\":[{\"@type\":\"ListItem\",\"position\":1,\"name\":\"Acas\u0103\",\"item\":\"https:\/\/www.emidav.com\/ro\/\"},{\"@type\":\"ListItem\",\"position\":2,\"name\":\"Produse\",\"item\":\"https:\/\/www.emidav.com\/ro\/produse\/\"},{\"@type\":\"ListItem\",\"position\":3,\"name\":\"Piese \u0219i Componente de Schimb pentru Motoare Electrice\",\"item\":\"https:\/\/www.emidav.com\/ro\/produse\/piese-si-componente-de-schimb-pentru-motoare-electrice\/\"},{\"@type\":\"ListItem\",\"position\":4,\"name\":\"Perii de Carbon, Suporturi \u0219i Comutatoare\"}]},{\"@type\":\"WebSite\",\"@id\":\"https:\/\/www.emidav.com\/ro\/#website\",\"url\":\"https:\/\/www.emidav.com\/ro\/\",\"name\":\"Emidav Hungary\",\"description\":\"\",\"publisher\":{\"@id\":\"https:\/\/www.emidav.com\/ro\/#organization\"},\"alternateName\":\"Emidav\",\"potentialAction\":[{\"@type\":\"SearchAction\",\"target\":{\"@type\":\"EntryPoint\",\"urlTemplate\":\"https:\/\/www.emidav.com\/ro\/?s={search_term_string}\"},\"query-input\":{\"@type\":\"PropertyValueSpecification\",\"valueRequired\":true,\"valueName\":\"search_term_string\"}}],\"inLanguage\":\"ro-RO\"},{\"@type\":\"Organization\",\"@id\":\"https:\/\/www.emidav.com\/ro\/#organization\",\"name\":\"Emidav Hungary Kft.\",\"url\":\"https:\/\/www.emidav.com\/ro\/\",\"logo\":{\"@type\":\"ImageObject\",\"inLanguage\":\"ro-RO\",\"@id\":\"https:\/\/www.emidav.com\/ro\/#\/schema\/logo\/image\/\",\"url\":\"https:\/\/www.emidav.com\/wp-content\/uploads\/2025\/07\/emidav_logo.webp\",\"contentUrl\":\"https:\/\/www.emidav.com\/wp-content\/uploads\/2025\/07\/emidav_logo.webp\",\"width\":1490,\"height\":533,\"caption\":\"Emidav Hungary Kft.\"},\"image\":{\"@id\":\"https:\/\/www.emidav.com\/ro\/#\/schema\/logo\/image\/\"}}]}<\/script>\n<!-- \/ Yoast SEO plugin. -->","yoast_head_json":{"title":"Perii de Carbon, Suporturi \u0219i Colectoare pentru Motoare Electrice | Emidav","description":"Gam\u0103 larg\u0103 de perii de carbon, suporturi \u0219i colectoare pentru motoare electrice. Componente de uzur\u0103 de calitate pentru func\u021bionare fiabil\u0103 \u0219i durabilitate.","robots":{"index":"index","follow":"follow","max-snippet":"max-snippet:-1","max-image-preview":"max-image-preview:large","max-video-preview":"max-video-preview:-1"},"canonical":"https:\/\/www.emidav.com\/ro\/produse\/piese-si-componente-de-schimb-pentru-motoare-electrice\/perii-de-carbon-suporturi-si-comutatoare\/","og_locale":"ro_RO","og_type":"article","og_title":"Perii de Carbon, Suporturi \u0219i Colectoare pentru Motoare Electrice | Emidav","og_description":"Gam\u0103 larg\u0103 de perii de carbon, suporturi \u0219i colectoare pentru motoare electrice. Componente de uzur\u0103 de calitate pentru func\u021bionare fiabil\u0103 \u0219i durabilitate.","og_url":"https:\/\/www.emidav.com\/ro\/produse\/piese-si-componente-de-schimb-pentru-motoare-electrice\/perii-de-carbon-suporturi-si-comutatoare\/","og_site_name":"Emidav","article_modified_time":"2025-07-08T17:02:12+00:00","og_image":[{"width":1920,"height":1280,"url":"https:\/\/www.emidav.com\/wp-content\/uploads\/2025\/07\/szkefe.jpg","type":"image\/jpeg"}],"twitter_card":"summary_large_image","twitter_misc":{"Timp estimat pentru citire":"1 minut"},"schema":{"@context":"https:\/\/schema.org","@graph":[{"@type":"WebPage","@id":"https:\/\/www.emidav.com\/ro\/produse\/piese-si-componente-de-schimb-pentru-motoare-electrice\/perii-de-carbon-suporturi-si-comutatoare\/","url":"https:\/\/www.emidav.com\/ro\/produse\/piese-si-componente-de-schimb-pentru-motoare-electrice\/perii-de-carbon-suporturi-si-comutatoare\/","name":"Perii de Carbon, Suporturi \u0219i Colectoare pentru Motoare Electrice | Emidav","isPartOf":{"@id":"https:\/\/www.emidav.com\/ro\/#website"},"primaryImageOfPage":{"@id":"https:\/\/www.emidav.com\/ro\/produse\/piese-si-componente-de-schimb-pentru-motoare-electrice\/perii-de-carbon-suporturi-si-comutatoare\/#primaryimage"},"image":{"@id":"https:\/\/www.emidav.com\/ro\/produse\/piese-si-componente-de-schimb-pentru-motoare-electrice\/perii-de-carbon-suporturi-si-comutatoare\/#primaryimage"},"thumbnailUrl":"https:\/\/www.emidav.com\/wp-content\/uploads\/2025\/07\/szkefe.jpg","datePublished":"2025-05-22T18:59:09+00:00","dateModified":"2025-07-08T17:02:12+00:00","description":"Gam\u0103 larg\u0103 de perii de carbon, suporturi \u0219i colectoare pentru motoare electrice. Componente de uzur\u0103 de calitate pentru func\u021bionare fiabil\u0103 \u0219i durabilitate.","breadcrumb":{"@id":"https:\/\/www.emidav.com\/ro\/produse\/piese-si-componente-de-schimb-pentru-motoare-electrice\/perii-de-carbon-suporturi-si-comutatoare\/#breadcrumb"},"inLanguage":"ro-RO","potentialAction":[{"@type":"ReadAction","target":["https:\/\/www.emidav.com\/ro\/produse\/piese-si-componente-de-schimb-pentru-motoare-electrice\/perii-de-carbon-suporturi-si-comutatoare\/"]}]},{"@type":"ImageObject","inLanguage":"ro-RO","@id":"https:\/\/www.emidav.com\/ro\/produse\/piese-si-componente-de-schimb-pentru-motoare-electrice\/perii-de-carbon-suporturi-si-comutatoare\/#primaryimage","url":"https:\/\/www.emidav.com\/wp-content\/uploads\/2025\/07\/szkefe.jpg","contentUrl":"https:\/\/www.emidav.com\/wp-content\/uploads\/2025\/07\/szkefe.jpg","width":1920,"height":1280},{"@type":"BreadcrumbList","@id":"https:\/\/www.emidav.com\/ro\/produse\/piese-si-componente-de-schimb-pentru-motoare-electrice\/perii-de-carbon-suporturi-si-comutatoare\/#breadcrumb","itemListElement":[{"@type":"ListItem","position":1,"name":"Acas\u0103","item":"https:\/\/www.emidav.com\/ro\/"},{"@type":"ListItem","position":2,"name":"Produse","item":"https:\/\/www.emidav.com\/ro\/produse\/"},{"@type":"ListItem","position":3,"name":"Piese \u0219i Componente de Schimb pentru Motoare Electrice","item":"https:\/\/www.emidav.com\/ro\/produse\/piese-si-componente-de-schimb-pentru-motoare-electrice\/"},{"@type":"ListItem","position":4,"name":"Perii de Carbon, Suporturi \u0219i Comutatoare"}]},{"@type":"WebSite","@id":"https:\/\/www.emidav.com\/ro\/#website","url":"https:\/\/www.emidav.com\/ro\/","name":"Emidav Hungary","description":"","publisher":{"@id":"https:\/\/www.emidav.com\/ro\/#organization"},"alternateName":"Emidav","potentialAction":[{"@type":"SearchAction","target":{"@type":"EntryPoint","urlTemplate":"https:\/\/www.emidav.com\/ro\/?s={search_term_string}"},"query-input":{"@type":"PropertyValueSpecification","valueRequired":true,"valueName":"search_term_string"}}],"inLanguage":"ro-RO"},{"@type":"Organization","@id":"https:\/\/www.emidav.com\/ro\/#organization","name":"Emidav Hungary Kft.","url":"https:\/\/www.emidav.com\/ro\/","logo":{"@type":"ImageObject","inLanguage":"ro-RO","@id":"https:\/\/www.emidav.com\/ro\/#\/schema\/logo\/image\/","url":"https:\/\/www.emidav.com\/wp-content\/uploads\/2025\/07\/emidav_logo.webp","contentUrl":"https:\/\/www.emidav.com\/wp-content\/uploads\/2025\/07\/emidav_logo.webp","width":1490,"height":533,"caption":"Emidav Hungary Kft."},"image":{"@id":"https:\/\/www.emidav.com\/ro\/#\/schema\/logo\/image\/"}}]}},"_links":{"self":[{"href":"https:\/\/www.emidav.com\/ro\/wp-json\/wp\/v2\/pages\/289","targetHints":{"allow":["GET"]}}],"collection":[{"href":"https:\/\/www.emidav.com\/ro\/wp-json\/wp\/v2\/pages"}],"about":[{"href":"https:\/\/www.emidav.com\/ro\/wp-json\/wp\/v2\/types\/page"}],"author":[{"embeddable":true,"href":"https:\/\/www.emidav.com\/ro\/wp-json\/wp\/v2\/users\/1"}],"replies":[{"embeddable":true,"href":"https:\/\/www.emidav.com\/ro\/wp-json\/wp\/v2\/comments?post=289"}],"version-history":[{"count":7,"href":"https:\/\/www.emidav.com\/ro\/wp-json\/wp\/v2\/pages\/289\/revisions"}],"predecessor-version":[{"id":1428,"href":"https:\/\/www.emidav.com\/ro\/wp-json\/wp\/v2\/pages\/289\/revisions\/1428"}],"up":[{"embeddable":true,"href":"https:\/\/www.emidav.com\/ro\/wp-json\/wp\/v2\/pages\/271"}],"wp:featuredmedia":[{"embeddable":true,"href":"https:\/\/www.emidav.com\/ro\/wp-json\/wp\/v2\/media\/1621"}],"wp:attachment":[{"href":"https:\/\/www.emidav.com\/ro\/wp-json\/wp\/v2\/media?parent=289"}],"wp:term":[{"taxonomy":"category","embeddable":true,"href":"https:\/\/www.emidav.com\/ro\/wp-json\/wp\/v2\/categories?post=289"}],"curies":[{"name":"wp","href":"https:\/\/api.w.org\/{rel}","templated":true}]}}