{"id":287,"date":"2025-05-22T18:58:56","date_gmt":"2025-05-22T18:58:56","guid":{"rendered":"https:\/\/www.emidav.com\/?page_id=287"},"modified":"2025-07-08T16:48:37","modified_gmt":"2025-07-08T16:48:37","slug":"frane-electrice","status":"publish","type":"page","link":"https:\/\/www.emidav.com\/ro\/produse\/piese-si-componente-de-schimb-pentru-motoare-electrice\/frane-electrice\/","title":{"rendered":"Fr\u00e2ne Electrice"},"content":{"rendered":"<p>Fr\u00e2nele electrice permit oprirea rapid\u0103 \u0219i sigur\u0103 a motorului, \u00een special \u00een medii industriale sau \u00een aplica\u021bii cu iner\u021bie mare.<br \/>\nProdusele noastre sunt disponibile \u00een diferite dimensiuni \u0219i configura\u021bii, pentru a se adapta cu u\u0219urin\u021b\u0103 la diverse sisteme de motoare \u0219i transmisie.<\/p>\n<ul>\n<li><a href=\"https:\/\/faet.it\/en\/products\/other\/dc-ac-alternating-and-direct-electric-brakes\/mec-series-t-series-electric-brakes\/\" target=\"_blank\" rel=\"noopener\">TEMPORITI seria MEC \u0219i T<\/a><\/li>\n<li><a href=\"https:\/\/faet.it\/en\/products\/other\/dc-ac-alternating-and-direct-electric-brakes\/spares-for-mec-series-t-series-electric-brakes\/\" target=\"_blank\" rel=\"noopener\">Piese pentru TEMPORITI seria MEC \u0219i T<\/a><\/li>\n<li><a href=\"https:\/\/faet.it\/en\/products\/other\/dc-ac-alternating-and-direct-electric-brakes\/misc-dc-ac-electric-brakes\/\" target=\"_blank\" rel=\"noopener\">TEMPORITI<\/a><\/li>\n<li><a href=\"https:\/\/faet.it\/en\/products\/other\/dc-ac-alternating-and-direct-electric-brakes\/rectifiers-for-electric-brakes\/\" target=\"_blank\" rel=\"noopener\">Redresoare<\/a><\/li>\n<li><a href=\"https:\/\/faet.it\/en\/products\/other\/dc-ac-alternating-and-direct-electric-brakes\/original-mgm-spare-parts\/\" target=\"_blank\" rel=\"noopener\">MGM<\/a><\/li>\n<li><a href=\"https:\/\/faet.it\/en\/products\/other\/dc-ac-alternating-and-direct-electric-brakes\/lenze-originals\/\" target=\"_blank\" rel=\"noopener\">LENZE<\/a><\/li>\n<\/ul>\n<div class=\"gallery-imgs gal-831834 row\">\r\n            <div class=\"gallery-item col-sm-6 col-lg-4\">\r\n                    \r\n                        <img decoding=\"async\" src=\"https:\/\/www.emidav.com\/wp-content\/uploads\/2025\/06\/198212904478869998-380x281-1-300x215.jpg\" alt=\"\" class=\"img-fluid\">\r\n\t\t\t\t\t\t\t\t\r\n                    \r\n            <\/div>\r\n            <div class=\"gallery-item col-sm-6 col-lg-4\">\r\n                    \r\n                        <img decoding=\"async\" src=\"https:\/\/www.emidav.com\/wp-content\/uploads\/2025\/06\/513012904479532388-380x318-1-300x215.jpg\" alt=\"\" class=\"img-fluid\">\r\n\t\t\t\t\t\t\t\t\r\n                    \r\n            <\/div>\r\n            <div class=\"gallery-item col-sm-6 col-lg-4\">\r\n                    \r\n                        <img decoding=\"async\" src=\"https:\/\/www.emidav.com\/wp-content\/uploads\/2025\/06\/730412904482968057-380x304-1-300x215.jpg\" alt=\"\" class=\"img-fluid\">\r\n\t\t\t\t\t\t\t\t\r\n                    \r\n            <\/div><\/div>\n","protected":false},"excerpt":{"rendered":"<p>Fr\u00e2nele electrice permit oprirea rapid\u0103 \u0219i sigur\u0103 a motorului, \u00een special \u00een medii industriale sau \u00een aplica\u021bii cu iner\u021bie mare. Produsele noastre sunt disponibile \u00een diferite dimensiuni \u0219i configura\u021bii, pentru a se adapta cu u\u0219urin\u021b\u0103 la diverse sisteme de motoare \u0219i transmisie. TEMPORITI seria MEC \u0219i T Piese pentru TEMPORITI seria MEC \u0219i T TEMPORITI [&hellip;]<\/p>\n","protected":false},"author":1,"featured_media":1618,"parent":271,"menu_order":48,"comment_status":"closed","ping_status":"closed","template":"","meta":{"footnotes":""},"categories":[],"class_list":["post-287","page","type-page","status-publish","has-post-thumbnail","hentry"],"yoast_head":"<!-- This site is optimized with the Yoast SEO plugin v25.9 - https:\/\/yoast.com\/wordpress\/plugins\/seo\/ -->\n<title>Fr\u00e2ne Electrice Industriale pentru Motoare | Emidav Kft.<\/title>\n<meta name=\"description\" content=\"Fr\u00e2ne electrice pentru motoare, pentru oprirea rapid\u0103 \u0219i sigur\u0103. Diverse dimensiuni pentru aplica\u021bii industriale \u0219i cu iner\u021bie mare.\" \/>\n<meta name=\"robots\" content=\"index, follow, max-snippet:-1, max-image-preview:large, max-video-preview:-1\" \/>\n<link rel=\"canonical\" href=\"https:\/\/www.emidav.com\/ro\/produse\/piese-si-componente-de-schimb-pentru-motoare-electrice\/frane-electrice\/\" \/>\n<meta property=\"og:locale\" content=\"ro_RO\" \/>\n<meta property=\"og:type\" content=\"article\" \/>\n<meta property=\"og:title\" content=\"Fr\u00e2ne Electrice Industriale pentru Motoare | Emidav Kft.\" \/>\n<meta property=\"og:description\" content=\"Fr\u00e2ne electrice pentru motoare, pentru oprirea rapid\u0103 \u0219i sigur\u0103. Diverse dimensiuni pentru aplica\u021bii industriale \u0219i cu iner\u021bie mare.\" \/>\n<meta property=\"og:url\" content=\"https:\/\/www.emidav.com\/ro\/produse\/piese-si-componente-de-schimb-pentru-motoare-electrice\/frane-electrice\/\" \/>\n<meta property=\"og:site_name\" content=\"Emidav\" \/>\n<meta property=\"article:modified_time\" content=\"2025-07-08T16:48:37+00:00\" \/>\n<meta property=\"og:image\" content=\"https:\/\/www.emidav.com\/wp-content\/uploads\/2025\/07\/ef.jpg\" \/>\n\t<meta property=\"og:image:width\" content=\"1920\" \/>\n\t<meta property=\"og:image:height\" content=\"1280\" \/>\n\t<meta property=\"og:image:type\" content=\"image\/jpeg\" \/>\n<meta name=\"twitter:card\" content=\"summary_large_image\" \/>\n<meta name=\"twitter:label1\" content=\"Timp estimat pentru citire\" \/>\n\t<meta name=\"twitter:data1\" content=\"1 minut\" \/>\n<script type=\"application\/ld+json\" class=\"yoast-schema-graph\">{\"@context\":\"https:\/\/schema.org\",\"@graph\":[{\"@type\":\"WebPage\",\"@id\":\"https:\/\/www.emidav.com\/ro\/produse\/piese-si-componente-de-schimb-pentru-motoare-electrice\/frane-electrice\/\",\"url\":\"https:\/\/www.emidav.com\/ro\/produse\/piese-si-componente-de-schimb-pentru-motoare-electrice\/frane-electrice\/\",\"name\":\"Fr\u00e2ne Electrice Industriale pentru Motoare | Emidav Kft.\",\"isPartOf\":{\"@id\":\"https:\/\/www.emidav.com\/ro\/#website\"},\"primaryImageOfPage\":{\"@id\":\"https:\/\/www.emidav.com\/ro\/produse\/piese-si-componente-de-schimb-pentru-motoare-electrice\/frane-electrice\/#primaryimage\"},\"image\":{\"@id\":\"https:\/\/www.emidav.com\/ro\/produse\/piese-si-componente-de-schimb-pentru-motoare-electrice\/frane-electrice\/#primaryimage\"},\"thumbnailUrl\":\"https:\/\/www.emidav.com\/wp-content\/uploads\/2025\/07\/ef.jpg\",\"datePublished\":\"2025-05-22T18:58:56+00:00\",\"dateModified\":\"2025-07-08T16:48:37+00:00\",\"description\":\"Fr\u00e2ne electrice pentru motoare, pentru oprirea rapid\u0103 \u0219i sigur\u0103. Diverse dimensiuni pentru aplica\u021bii industriale \u0219i cu iner\u021bie mare.\",\"breadcrumb\":{\"@id\":\"https:\/\/www.emidav.com\/ro\/produse\/piese-si-componente-de-schimb-pentru-motoare-electrice\/frane-electrice\/#breadcrumb\"},\"inLanguage\":\"ro-RO\",\"potentialAction\":[{\"@type\":\"ReadAction\",\"target\":[\"https:\/\/www.emidav.com\/ro\/produse\/piese-si-componente-de-schimb-pentru-motoare-electrice\/frane-electrice\/\"]}]},{\"@type\":\"ImageObject\",\"inLanguage\":\"ro-RO\",\"@id\":\"https:\/\/www.emidav.com\/ro\/produse\/piese-si-componente-de-schimb-pentru-motoare-electrice\/frane-electrice\/#primaryimage\",\"url\":\"https:\/\/www.emidav.com\/wp-content\/uploads\/2025\/07\/ef.jpg\",\"contentUrl\":\"https:\/\/www.emidav.com\/wp-content\/uploads\/2025\/07\/ef.jpg\",\"width\":1920,\"height\":1280},{\"@type\":\"BreadcrumbList\",\"@id\":\"https:\/\/www.emidav.com\/ro\/produse\/piese-si-componente-de-schimb-pentru-motoare-electrice\/frane-electrice\/#breadcrumb\",\"itemListElement\":[{\"@type\":\"ListItem\",\"position\":1,\"name\":\"Acas\u0103\",\"item\":\"https:\/\/www.emidav.com\/ro\/\"},{\"@type\":\"ListItem\",\"position\":2,\"name\":\"Produse\",\"item\":\"https:\/\/www.emidav.com\/ro\/produse\/\"},{\"@type\":\"ListItem\",\"position\":3,\"name\":\"Piese \u0219i Componente de Schimb pentru Motoare Electrice\",\"item\":\"https:\/\/www.emidav.com\/ro\/produse\/piese-si-componente-de-schimb-pentru-motoare-electrice\/\"},{\"@type\":\"ListItem\",\"position\":4,\"name\":\"Fr\u00e2ne Electrice\"}]},{\"@type\":\"WebSite\",\"@id\":\"https:\/\/www.emidav.com\/ro\/#website\",\"url\":\"https:\/\/www.emidav.com\/ro\/\",\"name\":\"Emidav Hungary\",\"description\":\"\",\"publisher\":{\"@id\":\"https:\/\/www.emidav.com\/ro\/#organization\"},\"alternateName\":\"Emidav\",\"potentialAction\":[{\"@type\":\"SearchAction\",\"target\":{\"@type\":\"EntryPoint\",\"urlTemplate\":\"https:\/\/www.emidav.com\/ro\/?s={search_term_string}\"},\"query-input\":{\"@type\":\"PropertyValueSpecification\",\"valueRequired\":true,\"valueName\":\"search_term_string\"}}],\"inLanguage\":\"ro-RO\"},{\"@type\":\"Organization\",\"@id\":\"https:\/\/www.emidav.com\/ro\/#organization\",\"name\":\"Emidav Hungary Kft.\",\"url\":\"https:\/\/www.emidav.com\/ro\/\",\"logo\":{\"@type\":\"ImageObject\",\"inLanguage\":\"ro-RO\",\"@id\":\"https:\/\/www.emidav.com\/ro\/#\/schema\/logo\/image\/\",\"url\":\"https:\/\/www.emidav.com\/wp-content\/uploads\/2025\/07\/emidav_logo.webp\",\"contentUrl\":\"https:\/\/www.emidav.com\/wp-content\/uploads\/2025\/07\/emidav_logo.webp\",\"width\":1490,\"height\":533,\"caption\":\"Emidav Hungary Kft.\"},\"image\":{\"@id\":\"https:\/\/www.emidav.com\/ro\/#\/schema\/logo\/image\/\"}}]}<\/script>\n<!-- \/ Yoast SEO plugin. -->","yoast_head_json":{"title":"Fr\u00e2ne Electrice Industriale pentru Motoare | Emidav Kft.","description":"Fr\u00e2ne electrice pentru motoare, pentru oprirea rapid\u0103 \u0219i sigur\u0103. Diverse dimensiuni pentru aplica\u021bii industriale \u0219i cu iner\u021bie mare.","robots":{"index":"index","follow":"follow","max-snippet":"max-snippet:-1","max-image-preview":"max-image-preview:large","max-video-preview":"max-video-preview:-1"},"canonical":"https:\/\/www.emidav.com\/ro\/produse\/piese-si-componente-de-schimb-pentru-motoare-electrice\/frane-electrice\/","og_locale":"ro_RO","og_type":"article","og_title":"Fr\u00e2ne Electrice Industriale pentru Motoare | Emidav Kft.","og_description":"Fr\u00e2ne electrice pentru motoare, pentru oprirea rapid\u0103 \u0219i sigur\u0103. Diverse dimensiuni pentru aplica\u021bii industriale \u0219i cu iner\u021bie mare.","og_url":"https:\/\/www.emidav.com\/ro\/produse\/piese-si-componente-de-schimb-pentru-motoare-electrice\/frane-electrice\/","og_site_name":"Emidav","article_modified_time":"2025-07-08T16:48:37+00:00","og_image":[{"width":1920,"height":1280,"url":"https:\/\/www.emidav.com\/wp-content\/uploads\/2025\/07\/ef.jpg","type":"image\/jpeg"}],"twitter_card":"summary_large_image","twitter_misc":{"Timp estimat pentru citire":"1 minut"},"schema":{"@context":"https:\/\/schema.org","@graph":[{"@type":"WebPage","@id":"https:\/\/www.emidav.com\/ro\/produse\/piese-si-componente-de-schimb-pentru-motoare-electrice\/frane-electrice\/","url":"https:\/\/www.emidav.com\/ro\/produse\/piese-si-componente-de-schimb-pentru-motoare-electrice\/frane-electrice\/","name":"Fr\u00e2ne Electrice Industriale pentru Motoare | Emidav Kft.","isPartOf":{"@id":"https:\/\/www.emidav.com\/ro\/#website"},"primaryImageOfPage":{"@id":"https:\/\/www.emidav.com\/ro\/produse\/piese-si-componente-de-schimb-pentru-motoare-electrice\/frane-electrice\/#primaryimage"},"image":{"@id":"https:\/\/www.emidav.com\/ro\/produse\/piese-si-componente-de-schimb-pentru-motoare-electrice\/frane-electrice\/#primaryimage"},"thumbnailUrl":"https:\/\/www.emidav.com\/wp-content\/uploads\/2025\/07\/ef.jpg","datePublished":"2025-05-22T18:58:56+00:00","dateModified":"2025-07-08T16:48:37+00:00","description":"Fr\u00e2ne electrice pentru motoare, pentru oprirea rapid\u0103 \u0219i sigur\u0103. Diverse dimensiuni pentru aplica\u021bii industriale \u0219i cu iner\u021bie mare.","breadcrumb":{"@id":"https:\/\/www.emidav.com\/ro\/produse\/piese-si-componente-de-schimb-pentru-motoare-electrice\/frane-electrice\/#breadcrumb"},"inLanguage":"ro-RO","potentialAction":[{"@type":"ReadAction","target":["https:\/\/www.emidav.com\/ro\/produse\/piese-si-componente-de-schimb-pentru-motoare-electrice\/frane-electrice\/"]}]},{"@type":"ImageObject","inLanguage":"ro-RO","@id":"https:\/\/www.emidav.com\/ro\/produse\/piese-si-componente-de-schimb-pentru-motoare-electrice\/frane-electrice\/#primaryimage","url":"https:\/\/www.emidav.com\/wp-content\/uploads\/2025\/07\/ef.jpg","contentUrl":"https:\/\/www.emidav.com\/wp-content\/uploads\/2025\/07\/ef.jpg","width":1920,"height":1280},{"@type":"BreadcrumbList","@id":"https:\/\/www.emidav.com\/ro\/produse\/piese-si-componente-de-schimb-pentru-motoare-electrice\/frane-electrice\/#breadcrumb","itemListElement":[{"@type":"ListItem","position":1,"name":"Acas\u0103","item":"https:\/\/www.emidav.com\/ro\/"},{"@type":"ListItem","position":2,"name":"Produse","item":"https:\/\/www.emidav.com\/ro\/produse\/"},{"@type":"ListItem","position":3,"name":"Piese \u0219i Componente de Schimb pentru Motoare Electrice","item":"https:\/\/www.emidav.com\/ro\/produse\/piese-si-componente-de-schimb-pentru-motoare-electrice\/"},{"@type":"ListItem","position":4,"name":"Fr\u00e2ne Electrice"}]},{"@type":"WebSite","@id":"https:\/\/www.emidav.com\/ro\/#website","url":"https:\/\/www.emidav.com\/ro\/","name":"Emidav Hungary","description":"","publisher":{"@id":"https:\/\/www.emidav.com\/ro\/#organization"},"alternateName":"Emidav","potentialAction":[{"@type":"SearchAction","target":{"@type":"EntryPoint","urlTemplate":"https:\/\/www.emidav.com\/ro\/?s={search_term_string}"},"query-input":{"@type":"PropertyValueSpecification","valueRequired":true,"valueName":"search_term_string"}}],"inLanguage":"ro-RO"},{"@type":"Organization","@id":"https:\/\/www.emidav.com\/ro\/#organization","name":"Emidav Hungary Kft.","url":"https:\/\/www.emidav.com\/ro\/","logo":{"@type":"ImageObject","inLanguage":"ro-RO","@id":"https:\/\/www.emidav.com\/ro\/#\/schema\/logo\/image\/","url":"https:\/\/www.emidav.com\/wp-content\/uploads\/2025\/07\/emidav_logo.webp","contentUrl":"https:\/\/www.emidav.com\/wp-content\/uploads\/2025\/07\/emidav_logo.webp","width":1490,"height":533,"caption":"Emidav Hungary Kft."},"image":{"@id":"https:\/\/www.emidav.com\/ro\/#\/schema\/logo\/image\/"}}]}},"_links":{"self":[{"href":"https:\/\/www.emidav.com\/ro\/wp-json\/wp\/v2\/pages\/287","targetHints":{"allow":["GET"]}}],"collection":[{"href":"https:\/\/www.emidav.com\/ro\/wp-json\/wp\/v2\/pages"}],"about":[{"href":"https:\/\/www.emidav.com\/ro\/wp-json\/wp\/v2\/types\/page"}],"author":[{"embeddable":true,"href":"https:\/\/www.emidav.com\/ro\/wp-json\/wp\/v2\/users\/1"}],"replies":[{"embeddable":true,"href":"https:\/\/www.emidav.com\/ro\/wp-json\/wp\/v2\/comments?post=287"}],"version-history":[{"count":6,"href":"https:\/\/www.emidav.com\/ro\/wp-json\/wp\/v2\/pages\/287\/revisions"}],"predecessor-version":[{"id":1427,"href":"https:\/\/www.emidav.com\/ro\/wp-json\/wp\/v2\/pages\/287\/revisions\/1427"}],"up":[{"embeddable":true,"href":"https:\/\/www.emidav.com\/ro\/wp-json\/wp\/v2\/pages\/271"}],"wp:featuredmedia":[{"embeddable":true,"href":"https:\/\/www.emidav.com\/ro\/wp-json\/wp\/v2\/media\/1618"}],"wp:attachment":[{"href":"https:\/\/www.emidav.com\/ro\/wp-json\/wp\/v2\/media?parent=287"}],"wp:term":[{"taxonomy":"category","embeddable":true,"href":"https:\/\/www.emidav.com\/ro\/wp-json\/wp\/v2\/categories?post=287"}],"curies":[{"name":"wp","href":"https:\/\/api.w.org\/{rel}","templated":true}]}}