{"id":283,"date":"2025-05-22T18:54:09","date_gmt":"2025-05-22T18:54:09","guid":{"rendered":"https:\/\/www.emidav.com\/?page_id=283"},"modified":"2025-07-08T15:44:33","modified_gmt":"2025-07-08T15:44:33","slug":"cablu-unipolar-si-multipolar","status":"publish","type":"page","link":"https:\/\/www.emidav.com\/ro\/produse\/materiale-izolatoare-si-cablu\/cablu-unipolar-si-multipolar\/","title":{"rendered":"Cablu Unipolar \u0219i Multipolar"},"content":{"rendered":"<p>Cablurile unipolare \u0219i multipolare sunt utilizate pe scar\u0103 larg\u0103 \u00een domeniul industrial, al ingineriei mecanice \u0219i al tehnicii de automatizare. Alegerea corect\u0103 a cablului este esen\u021bial\u0103 pentru func\u021bionarea sigur\u0103 \u0219i eficient\u0103 a sistemelor electrice.<br data-start=\"324\" data-end=\"327\" \/>\u00cen oferta noastr\u0103 ve\u021bi g\u0103si cabluri flexibile, rezistente la c\u0103ldur\u0103, ecranate \u0219i cabluri industriale standard, care respect\u0103 cerin\u021bele tehnice \u0219i de siguran\u021b\u0103 moderne. Oferim consultan\u021b\u0103 tehnic\u0103 pentru a ajuta partenerii no\u0219tri s\u0103 aleag\u0103 tipul cel mai potrivit.<\/p>\n<ul>\n<li><a href=\"https:\/\/faet.it\/en\/products\/insulating-materials\/single-and-multi-pole-cables\/one-pole-cables\/\" target=\"_blank\" rel=\"noopener\">Unipolar<\/a><\/li>\n<li><a href=\"https:\/\/faet.it\/en\/products\/insulating-materials\/single-and-multi-pole-cables\/multi-pole-cables\/\" target=\"_blank\" rel=\"noopener\">Multipolar<\/a><\/li>\n<\/ul>\n<div class=\"gallery-imgs gal-810807 row\">\r\n            <div class=\"gallery-item col-sm-6 col-lg-4\">\r\n                    \r\n                        <img decoding=\"async\" src=\"https:\/\/www.emidav.com\/wp-content\/uploads\/2025\/06\/689114013537517269-380x289-1-300x215.jpg\" alt=\"\" class=\"img-fluid\">\r\n\t\t\t\t\t\t\t\t\r\n                    \r\n            <\/div>\r\n            <div class=\"gallery-item col-sm-6 col-lg-4\">\r\n                    \r\n                        <img decoding=\"async\" src=\"https:\/\/www.emidav.com\/wp-content\/uploads\/2025\/06\/14712904479829899-380x285-1-300x215.jpg\" alt=\"\" class=\"img-fluid\">\r\n\t\t\t\t\t\t\t\t\r\n                    \r\n            <\/div>\r\n            <div class=\"gallery-item col-sm-6 col-lg-4\">\r\n                    \r\n                        <img decoding=\"async\" src=\"https:\/\/www.emidav.com\/wp-content\/uploads\/2025\/06\/637512904480783814-380x253-1-300x215.jpg\" alt=\"\" class=\"img-fluid\">\r\n\t\t\t\t\t\t\t\t\r\n                    \r\n            <\/div><\/div>\n","protected":false},"excerpt":{"rendered":"<p>Cablurile unipolare \u0219i multipolare sunt utilizate pe scar\u0103 larg\u0103 \u00een domeniul industrial, al ingineriei mecanice \u0219i al tehnicii de automatizare. Alegerea corect\u0103 a cablului este esen\u021bial\u0103 pentru func\u021bionarea sigur\u0103 \u0219i eficient\u0103 a sistemelor electrice.\u00cen oferta noastr\u0103 ve\u021bi g\u0103si cabluri flexibile, rezistente la c\u0103ldur\u0103, ecranate \u0219i cabluri industriale standard, care respect\u0103 cerin\u021bele tehnice \u0219i de siguran\u021b\u0103 [&hellip;]<\/p>\n","protected":false},"author":1,"featured_media":1603,"parent":269,"menu_order":84,"comment_status":"closed","ping_status":"closed","template":"","meta":{"footnotes":""},"categories":[],"class_list":["post-283","page","type-page","status-publish","has-post-thumbnail","hentry"],"yoast_head":"<!-- This site is optimized with the Yoast SEO plugin v25.9 - https:\/\/yoast.com\/wordpress\/plugins\/seo\/ -->\n<title>Cabluri Industriale pentru Automatiz\u0103ri \u0219i Utilaje | Emidav<\/title>\n<meta name=\"description\" content=\"G\u0103si\u021bi la noi cabluri industriale unipolare \u0219i multipolare. Oferim tipuri flexibile, ecranate \u0219i rezistente la c\u0103ldur\u0103 pentru o operare sigur\u0103.\" \/>\n<meta name=\"robots\" content=\"index, follow, max-snippet:-1, max-image-preview:large, max-video-preview:-1\" \/>\n<link rel=\"canonical\" href=\"https:\/\/www.emidav.com\/ro\/produse\/materiale-izolatoare-si-cablu\/cablu-unipolar-si-multipolar\/\" \/>\n<meta property=\"og:locale\" content=\"ro_RO\" \/>\n<meta property=\"og:type\" content=\"article\" \/>\n<meta property=\"og:title\" content=\"Cabluri Industriale pentru Automatiz\u0103ri \u0219i Utilaje | Emidav\" \/>\n<meta property=\"og:description\" content=\"G\u0103si\u021bi la noi cabluri industriale unipolare \u0219i multipolare. Oferim tipuri flexibile, ecranate \u0219i rezistente la c\u0103ldur\u0103 pentru o operare sigur\u0103.\" \/>\n<meta property=\"og:url\" content=\"https:\/\/www.emidav.com\/ro\/produse\/materiale-izolatoare-si-cablu\/cablu-unipolar-si-multipolar\/\" \/>\n<meta property=\"og:site_name\" content=\"Emidav\" \/>\n<meta property=\"article:modified_time\" content=\"2025-07-08T15:44:33+00:00\" \/>\n<meta property=\"og:image\" content=\"https:\/\/www.emidav.com\/wp-content\/uploads\/2025\/07\/egypolusu.jpg\" \/>\n\t<meta property=\"og:image:width\" content=\"1920\" \/>\n\t<meta property=\"og:image:height\" content=\"1280\" \/>\n\t<meta property=\"og:image:type\" content=\"image\/jpeg\" \/>\n<meta name=\"twitter:card\" content=\"summary_large_image\" \/>\n<meta name=\"twitter:label1\" content=\"Timp estimat pentru citire\" \/>\n\t<meta name=\"twitter:data1\" content=\"1 minut\" \/>\n<script type=\"application\/ld+json\" class=\"yoast-schema-graph\">{\"@context\":\"https:\/\/schema.org\",\"@graph\":[{\"@type\":\"WebPage\",\"@id\":\"https:\/\/www.emidav.com\/ro\/produse\/materiale-izolatoare-si-cablu\/cablu-unipolar-si-multipolar\/\",\"url\":\"https:\/\/www.emidav.com\/ro\/produse\/materiale-izolatoare-si-cablu\/cablu-unipolar-si-multipolar\/\",\"name\":\"Cabluri Industriale pentru Automatiz\u0103ri \u0219i Utilaje | Emidav\",\"isPartOf\":{\"@id\":\"https:\/\/www.emidav.com\/ro\/#website\"},\"primaryImageOfPage\":{\"@id\":\"https:\/\/www.emidav.com\/ro\/produse\/materiale-izolatoare-si-cablu\/cablu-unipolar-si-multipolar\/#primaryimage\"},\"image\":{\"@id\":\"https:\/\/www.emidav.com\/ro\/produse\/materiale-izolatoare-si-cablu\/cablu-unipolar-si-multipolar\/#primaryimage\"},\"thumbnailUrl\":\"https:\/\/www.emidav.com\/wp-content\/uploads\/2025\/07\/egypolusu.jpg\",\"datePublished\":\"2025-05-22T18:54:09+00:00\",\"dateModified\":\"2025-07-08T15:44:33+00:00\",\"description\":\"G\u0103si\u021bi la noi cabluri industriale unipolare \u0219i multipolare. Oferim tipuri flexibile, ecranate \u0219i rezistente la c\u0103ldur\u0103 pentru o operare sigur\u0103.\",\"breadcrumb\":{\"@id\":\"https:\/\/www.emidav.com\/ro\/produse\/materiale-izolatoare-si-cablu\/cablu-unipolar-si-multipolar\/#breadcrumb\"},\"inLanguage\":\"ro-RO\",\"potentialAction\":[{\"@type\":\"ReadAction\",\"target\":[\"https:\/\/www.emidav.com\/ro\/produse\/materiale-izolatoare-si-cablu\/cablu-unipolar-si-multipolar\/\"]}]},{\"@type\":\"ImageObject\",\"inLanguage\":\"ro-RO\",\"@id\":\"https:\/\/www.emidav.com\/ro\/produse\/materiale-izolatoare-si-cablu\/cablu-unipolar-si-multipolar\/#primaryimage\",\"url\":\"https:\/\/www.emidav.com\/wp-content\/uploads\/2025\/07\/egypolusu.jpg\",\"contentUrl\":\"https:\/\/www.emidav.com\/wp-content\/uploads\/2025\/07\/egypolusu.jpg\",\"width\":1920,\"height\":1280},{\"@type\":\"BreadcrumbList\",\"@id\":\"https:\/\/www.emidav.com\/ro\/produse\/materiale-izolatoare-si-cablu\/cablu-unipolar-si-multipolar\/#breadcrumb\",\"itemListElement\":[{\"@type\":\"ListItem\",\"position\":1,\"name\":\"Acas\u0103\",\"item\":\"https:\/\/www.emidav.com\/ro\/\"},{\"@type\":\"ListItem\",\"position\":2,\"name\":\"Produse\",\"item\":\"https:\/\/www.emidav.com\/ro\/produse\/\"},{\"@type\":\"ListItem\",\"position\":3,\"name\":\"Materiale Izolatoare \u0219i Cablu\",\"item\":\"https:\/\/www.emidav.com\/ro\/produse\/materiale-izolatoare-si-cablu\/\"},{\"@type\":\"ListItem\",\"position\":4,\"name\":\"Cablu Unipolar \u0219i Multipolar\"}]},{\"@type\":\"WebSite\",\"@id\":\"https:\/\/www.emidav.com\/ro\/#website\",\"url\":\"https:\/\/www.emidav.com\/ro\/\",\"name\":\"Emidav Hungary\",\"description\":\"\",\"publisher\":{\"@id\":\"https:\/\/www.emidav.com\/ro\/#organization\"},\"alternateName\":\"Emidav\",\"potentialAction\":[{\"@type\":\"SearchAction\",\"target\":{\"@type\":\"EntryPoint\",\"urlTemplate\":\"https:\/\/www.emidav.com\/ro\/?s={search_term_string}\"},\"query-input\":{\"@type\":\"PropertyValueSpecification\",\"valueRequired\":true,\"valueName\":\"search_term_string\"}}],\"inLanguage\":\"ro-RO\"},{\"@type\":\"Organization\",\"@id\":\"https:\/\/www.emidav.com\/ro\/#organization\",\"name\":\"Emidav Hungary Kft.\",\"url\":\"https:\/\/www.emidav.com\/ro\/\",\"logo\":{\"@type\":\"ImageObject\",\"inLanguage\":\"ro-RO\",\"@id\":\"https:\/\/www.emidav.com\/ro\/#\/schema\/logo\/image\/\",\"url\":\"https:\/\/www.emidav.com\/wp-content\/uploads\/2025\/07\/emidav_logo.webp\",\"contentUrl\":\"https:\/\/www.emidav.com\/wp-content\/uploads\/2025\/07\/emidav_logo.webp\",\"width\":1490,\"height\":533,\"caption\":\"Emidav Hungary Kft.\"},\"image\":{\"@id\":\"https:\/\/www.emidav.com\/ro\/#\/schema\/logo\/image\/\"}}]}<\/script>\n<!-- \/ Yoast SEO plugin. -->","yoast_head_json":{"title":"Cabluri Industriale pentru Automatiz\u0103ri \u0219i Utilaje | Emidav","description":"G\u0103si\u021bi la noi cabluri industriale unipolare \u0219i multipolare. Oferim tipuri flexibile, ecranate \u0219i rezistente la c\u0103ldur\u0103 pentru o operare sigur\u0103.","robots":{"index":"index","follow":"follow","max-snippet":"max-snippet:-1","max-image-preview":"max-image-preview:large","max-video-preview":"max-video-preview:-1"},"canonical":"https:\/\/www.emidav.com\/ro\/produse\/materiale-izolatoare-si-cablu\/cablu-unipolar-si-multipolar\/","og_locale":"ro_RO","og_type":"article","og_title":"Cabluri Industriale pentru Automatiz\u0103ri \u0219i Utilaje | Emidav","og_description":"G\u0103si\u021bi la noi cabluri industriale unipolare \u0219i multipolare. Oferim tipuri flexibile, ecranate \u0219i rezistente la c\u0103ldur\u0103 pentru o operare sigur\u0103.","og_url":"https:\/\/www.emidav.com\/ro\/produse\/materiale-izolatoare-si-cablu\/cablu-unipolar-si-multipolar\/","og_site_name":"Emidav","article_modified_time":"2025-07-08T15:44:33+00:00","og_image":[{"width":1920,"height":1280,"url":"https:\/\/www.emidav.com\/wp-content\/uploads\/2025\/07\/egypolusu.jpg","type":"image\/jpeg"}],"twitter_card":"summary_large_image","twitter_misc":{"Timp estimat pentru citire":"1 minut"},"schema":{"@context":"https:\/\/schema.org","@graph":[{"@type":"WebPage","@id":"https:\/\/www.emidav.com\/ro\/produse\/materiale-izolatoare-si-cablu\/cablu-unipolar-si-multipolar\/","url":"https:\/\/www.emidav.com\/ro\/produse\/materiale-izolatoare-si-cablu\/cablu-unipolar-si-multipolar\/","name":"Cabluri Industriale pentru Automatiz\u0103ri \u0219i Utilaje | Emidav","isPartOf":{"@id":"https:\/\/www.emidav.com\/ro\/#website"},"primaryImageOfPage":{"@id":"https:\/\/www.emidav.com\/ro\/produse\/materiale-izolatoare-si-cablu\/cablu-unipolar-si-multipolar\/#primaryimage"},"image":{"@id":"https:\/\/www.emidav.com\/ro\/produse\/materiale-izolatoare-si-cablu\/cablu-unipolar-si-multipolar\/#primaryimage"},"thumbnailUrl":"https:\/\/www.emidav.com\/wp-content\/uploads\/2025\/07\/egypolusu.jpg","datePublished":"2025-05-22T18:54:09+00:00","dateModified":"2025-07-08T15:44:33+00:00","description":"G\u0103si\u021bi la noi cabluri industriale unipolare \u0219i multipolare. Oferim tipuri flexibile, ecranate \u0219i rezistente la c\u0103ldur\u0103 pentru o operare sigur\u0103.","breadcrumb":{"@id":"https:\/\/www.emidav.com\/ro\/produse\/materiale-izolatoare-si-cablu\/cablu-unipolar-si-multipolar\/#breadcrumb"},"inLanguage":"ro-RO","potentialAction":[{"@type":"ReadAction","target":["https:\/\/www.emidav.com\/ro\/produse\/materiale-izolatoare-si-cablu\/cablu-unipolar-si-multipolar\/"]}]},{"@type":"ImageObject","inLanguage":"ro-RO","@id":"https:\/\/www.emidav.com\/ro\/produse\/materiale-izolatoare-si-cablu\/cablu-unipolar-si-multipolar\/#primaryimage","url":"https:\/\/www.emidav.com\/wp-content\/uploads\/2025\/07\/egypolusu.jpg","contentUrl":"https:\/\/www.emidav.com\/wp-content\/uploads\/2025\/07\/egypolusu.jpg","width":1920,"height":1280},{"@type":"BreadcrumbList","@id":"https:\/\/www.emidav.com\/ro\/produse\/materiale-izolatoare-si-cablu\/cablu-unipolar-si-multipolar\/#breadcrumb","itemListElement":[{"@type":"ListItem","position":1,"name":"Acas\u0103","item":"https:\/\/www.emidav.com\/ro\/"},{"@type":"ListItem","position":2,"name":"Produse","item":"https:\/\/www.emidav.com\/ro\/produse\/"},{"@type":"ListItem","position":3,"name":"Materiale Izolatoare \u0219i Cablu","item":"https:\/\/www.emidav.com\/ro\/produse\/materiale-izolatoare-si-cablu\/"},{"@type":"ListItem","position":4,"name":"Cablu Unipolar \u0219i Multipolar"}]},{"@type":"WebSite","@id":"https:\/\/www.emidav.com\/ro\/#website","url":"https:\/\/www.emidav.com\/ro\/","name":"Emidav Hungary","description":"","publisher":{"@id":"https:\/\/www.emidav.com\/ro\/#organization"},"alternateName":"Emidav","potentialAction":[{"@type":"SearchAction","target":{"@type":"EntryPoint","urlTemplate":"https:\/\/www.emidav.com\/ro\/?s={search_term_string}"},"query-input":{"@type":"PropertyValueSpecification","valueRequired":true,"valueName":"search_term_string"}}],"inLanguage":"ro-RO"},{"@type":"Organization","@id":"https:\/\/www.emidav.com\/ro\/#organization","name":"Emidav Hungary Kft.","url":"https:\/\/www.emidav.com\/ro\/","logo":{"@type":"ImageObject","inLanguage":"ro-RO","@id":"https:\/\/www.emidav.com\/ro\/#\/schema\/logo\/image\/","url":"https:\/\/www.emidav.com\/wp-content\/uploads\/2025\/07\/emidav_logo.webp","contentUrl":"https:\/\/www.emidav.com\/wp-content\/uploads\/2025\/07\/emidav_logo.webp","width":1490,"height":533,"caption":"Emidav Hungary Kft."},"image":{"@id":"https:\/\/www.emidav.com\/ro\/#\/schema\/logo\/image\/"}}]}},"_links":{"self":[{"href":"https:\/\/www.emidav.com\/ro\/wp-json\/wp\/v2\/pages\/283","targetHints":{"allow":["GET"]}}],"collection":[{"href":"https:\/\/www.emidav.com\/ro\/wp-json\/wp\/v2\/pages"}],"about":[{"href":"https:\/\/www.emidav.com\/ro\/wp-json\/wp\/v2\/types\/page"}],"author":[{"embeddable":true,"href":"https:\/\/www.emidav.com\/ro\/wp-json\/wp\/v2\/users\/1"}],"replies":[{"embeddable":true,"href":"https:\/\/www.emidav.com\/ro\/wp-json\/wp\/v2\/comments?post=283"}],"version-history":[{"count":6,"href":"https:\/\/www.emidav.com\/ro\/wp-json\/wp\/v2\/pages\/283\/revisions"}],"predecessor-version":[{"id":1425,"href":"https:\/\/www.emidav.com\/ro\/wp-json\/wp\/v2\/pages\/283\/revisions\/1425"}],"up":[{"embeddable":true,"href":"https:\/\/www.emidav.com\/ro\/wp-json\/wp\/v2\/pages\/269"}],"wp:featuredmedia":[{"embeddable":true,"href":"https:\/\/www.emidav.com\/ro\/wp-json\/wp\/v2\/media\/1603"}],"wp:attachment":[{"href":"https:\/\/www.emidav.com\/ro\/wp-json\/wp\/v2\/media?parent=283"}],"wp:term":[{"taxonomy":"category","embeddable":true,"href":"https:\/\/www.emidav.com\/ro\/wp-json\/wp\/v2\/categories?post=283"}],"curies":[{"name":"wp","href":"https:\/\/api.w.org\/{rel}","templated":true}]}}