{"id":281,"date":"2025-05-22T18:52:41","date_gmt":"2025-05-22T18:52:41","guid":{"rendered":"https:\/\/www.emidav.com\/?page_id=281"},"modified":"2025-07-08T15:33:07","modified_gmt":"2025-07-08T15:33:07","slug":"materiale-pentru-bobinaj","status":"publish","type":"page","link":"https:\/\/www.emidav.com\/ro\/produse\/materiale-izolatoare-si-cablu\/materiale-pentru-bobinaj\/","title":{"rendered":"Materiale Pentru Bobinaj"},"content":{"rendered":"<p>Pentru fabricarea \u0219i repara\u021bia motoarelor electrice, materialele speciale de bobinaj sunt indispensabile, asigur\u00e2nd izola\u021bie electric\u0103 adecvat\u0103 \u0219i rezisten\u021b\u0103 la temperaturi ridicate. Gama noastr\u0103 include diverse tipuri de h\u00e2rtii izolatoare, folii, pene \u0219i alte materiale auxiliare pentru bobinaj, care contribuie fiabil la func\u021bionarea de durat\u0103 a motoarelor.<br \/>\nUtilizarea materiilor prime de \u00eenalt\u0103 calitate nu doar spore\u0219te performan\u021ba, ci \u0219i siguran\u021ba \u2013 fie c\u0103 este vorba despre un bobinaj nou sau o recondi\u021bionare.<\/p>\n<ul>\n<li><a href=\"https:\/\/faet.it\/en\/products\/insulating-materials\/materials-for-ul-windings\/insulating-papers-and-laminates\/\" target=\"_blank\" rel=\"noopener\">H\u00e2rtii izolatoare<\/a><\/li>\n<li><a href=\"https:\/\/faet.it\/en\/products\/insulating-materials\/materials-for-ul-windings\/adhesive-tapes\/\" target=\"_blank\" rel=\"noopener\">Benzi autoadezive<\/a><\/li>\n<li><a href=\"https:\/\/faet.it\/en\/products\/insulating-materials\/materials-for-ul-windings\/insulating-fiberglass-sleeving\/\" target=\"_blank\" rel=\"noopener\">Tuburi \u0219i mansoane izolatoare<\/a><\/li>\n<li><a href=\"https:\/\/faet.it\/en\/products\/insulating-materials\/materials-for-ul-windings\/sensata-ptc-disconnector-drive-protectors\/\" target=\"_blank\" rel=\"noopener\">Dispozitive de protec\u021bie pentru motoare, SENSATA, PTC<\/a><\/li>\n<li><a href=\"https:\/\/faet.it\/en\/products\/insulating-materials\/materials-for-ul-windings\/string-raffia-for-binding\/\" target=\"_blank\" rel=\"noopener\">Sfori \u0219i fire sintetice pentru legare<\/a><\/li>\n<li><a href=\"https:\/\/faet.it\/en\/products\/insulating-materials\/materials-for-ul-windings\/slot-wedges\/\" target=\"_blank\" rel=\"noopener\">Cleme terminale \/ pene de cap\u0103t<\/a><\/li>\n<li><a href=\"https:\/\/faet.it\/en\/products\/insulating-materials\/materials-for-ul-windings\/beech-and-glass-sticks\/\" target=\"_blank\" rel=\"noopener\">Tije din lemn de fag \u0219i fibr\u0103 de sticl\u0103<\/a><\/li>\n<li><a href=\"https:\/\/faet.it\/en\/products\/insulating-materials\/materials-for-ul-windings\/non-adhesive-tapes\/\" target=\"_blank\" rel=\"noopener\">Benzi neadezive<\/a><\/li>\n<li><a href=\"https:\/\/faet.it\/en\/products\/insulating-materials\/materials-for-ul-windings\/dolphs-albesiano-varnishes-coatings\/\" target=\"_blank\" rel=\"noopener\">Lacuri \u0219i acoperiri Dolph&#8217;s\u00ae \u2013 Albesiano\u00ae<\/a><\/li>\n<li><a href=\"https:\/\/faet.it\/en\/products\/insulating-materials\/materials-for-ul-windings\/universal-stripper\/\" target=\"_blank\" rel=\"noopener\">Decapant universal<\/a><\/li>\n<li><a href=\"https:\/\/faet.it\/en\/products\/insulating-materials\/materials-for-ul-windings\/heaters-for-windings\/\" target=\"_blank\" rel=\"noopener\">\u00cenc\u0103lzitoare pentru bobinaje<\/a><\/li>\n<li><a href=\"https:\/\/faet.it\/en\/products\/insulating-materials\/materials-for-ul-windings\/plastic-cowlings-and-laces\/\" target=\"_blank\" rel=\"noopener\">Capace din plastic \u0219i \u0219nururi<\/a><\/li>\n<li><a href=\"https:\/\/faet.it\/en\/products\/insulating-materials\/materials-for-ul-windings\/enamelled-and-coated-copper\/\" target=\"_blank\" rel=\"noopener\">S\u00e2rm\u0103 de cupru emailat\u0103 \u0219i acoperit\u0103<\/a><\/li>\n<\/ul>\n<div class=\"gallery-imgs gal-791802 row\">\r\n            <div class=\"gallery-item col-sm-6 col-lg-4\">\r\n                    \r\n                        <img decoding=\"async\" src=\"https:\/\/www.emidav.com\/wp-content\/uploads\/2025\/06\/5116129044852859-380x285-1-300x215.jpg\" alt=\"\" class=\"img-fluid\">\r\n\t\t\t\t\t\t\t\t\r\n                    \r\n            <\/div>\r\n            <div class=\"gallery-item col-sm-6 col-lg-4\">\r\n                    \r\n                        <img decoding=\"async\" src=\"https:\/\/www.emidav.com\/wp-content\/uploads\/2025\/06\/967112904484846443-380x254-1-300x215.jpg\" alt=\"\" class=\"img-fluid\">\r\n\t\t\t\t\t\t\t\t\r\n                    \r\n            <\/div>\r\n            <div class=\"gallery-item col-sm-6 col-lg-4\">\r\n                    \r\n                        <img decoding=\"async\" src=\"https:\/\/www.emidav.com\/wp-content\/uploads\/2025\/06\/4181290448372756-380x285-1-300x215.jpg\" alt=\"\" class=\"img-fluid\">\r\n\t\t\t\t\t\t\t\t\r\n                    \r\n            <\/div><\/div>\n","protected":false},"excerpt":{"rendered":"<p>Pentru fabricarea \u0219i repara\u021bia motoarelor electrice, materialele speciale de bobinaj sunt indispensabile, asigur\u00e2nd izola\u021bie electric\u0103 adecvat\u0103 \u0219i rezisten\u021b\u0103 la temperaturi ridicate. Gama noastr\u0103 include diverse tipuri de h\u00e2rtii izolatoare, folii, pene \u0219i alte materiale auxiliare pentru bobinaj, care contribuie fiabil la func\u021bionarea de durat\u0103 a motoarelor. Utilizarea materiilor prime de \u00eenalt\u0103 calitate nu doar spore\u0219te [&hellip;]<\/p>\n","protected":false},"author":1,"featured_media":1600,"parent":269,"menu_order":83,"comment_status":"closed","ping_status":"closed","template":"","meta":{"footnotes":""},"categories":[],"class_list":["post-281","page","type-page","status-publish","has-post-thumbnail","hentry"],"yoast_head":"<!-- This site is optimized with the Yoast SEO plugin v25.9 - https:\/\/yoast.com\/wordpress\/plugins\/seo\/ -->\n<title>Materiale de Bobinaj pentru Repara\u021bii Motoare Electrice | Emidav<\/title>\n<meta name=\"description\" content=\"Tot ce ave\u021bi nevoie pentru repara\u021bia \u0219i bobinajul motoarelor electrice. G\u0103si\u021bi h\u00e2rtii izolatoare, pene \u0219i folii pentru o func\u021bionare fiabil\u0103 \u0219i de durat\u0103.\" \/>\n<meta name=\"robots\" content=\"index, follow, max-snippet:-1, max-image-preview:large, max-video-preview:-1\" \/>\n<link rel=\"canonical\" href=\"https:\/\/www.emidav.com\/ro\/produse\/materiale-izolatoare-si-cablu\/materiale-pentru-bobinaj\/\" \/>\n<meta property=\"og:locale\" content=\"ro_RO\" \/>\n<meta property=\"og:type\" content=\"article\" \/>\n<meta property=\"og:title\" content=\"Materiale de Bobinaj pentru Repara\u021bii Motoare Electrice | Emidav\" \/>\n<meta property=\"og:description\" content=\"Tot ce ave\u021bi nevoie pentru repara\u021bia \u0219i bobinajul motoarelor electrice. G\u0103si\u021bi h\u00e2rtii izolatoare, pene \u0219i folii pentru o func\u021bionare fiabil\u0103 \u0219i de durat\u0103.\" \/>\n<meta property=\"og:url\" content=\"https:\/\/www.emidav.com\/ro\/produse\/materiale-izolatoare-si-cablu\/materiale-pentru-bobinaj\/\" \/>\n<meta property=\"og:site_name\" content=\"Emidav\" \/>\n<meta property=\"article:modified_time\" content=\"2025-07-08T15:33:07+00:00\" \/>\n<meta property=\"og:image\" content=\"https:\/\/www.emidav.com\/wp-content\/uploads\/2025\/07\/tekercseles.jpg\" \/>\n\t<meta property=\"og:image:width\" content=\"1920\" \/>\n\t<meta property=\"og:image:height\" content=\"1280\" \/>\n\t<meta property=\"og:image:type\" content=\"image\/jpeg\" \/>\n<meta name=\"twitter:card\" content=\"summary_large_image\" \/>\n<meta name=\"twitter:label1\" content=\"Timp estimat pentru citire\" \/>\n\t<meta name=\"twitter:data1\" content=\"1 minut\" \/>\n<script type=\"application\/ld+json\" class=\"yoast-schema-graph\">{\"@context\":\"https:\/\/schema.org\",\"@graph\":[{\"@type\":\"WebPage\",\"@id\":\"https:\/\/www.emidav.com\/ro\/produse\/materiale-izolatoare-si-cablu\/materiale-pentru-bobinaj\/\",\"url\":\"https:\/\/www.emidav.com\/ro\/produse\/materiale-izolatoare-si-cablu\/materiale-pentru-bobinaj\/\",\"name\":\"Materiale de Bobinaj pentru Repara\u021bii Motoare Electrice | Emidav\",\"isPartOf\":{\"@id\":\"https:\/\/www.emidav.com\/ro\/#website\"},\"primaryImageOfPage\":{\"@id\":\"https:\/\/www.emidav.com\/ro\/produse\/materiale-izolatoare-si-cablu\/materiale-pentru-bobinaj\/#primaryimage\"},\"image\":{\"@id\":\"https:\/\/www.emidav.com\/ro\/produse\/materiale-izolatoare-si-cablu\/materiale-pentru-bobinaj\/#primaryimage\"},\"thumbnailUrl\":\"https:\/\/www.emidav.com\/wp-content\/uploads\/2025\/07\/tekercseles.jpg\",\"datePublished\":\"2025-05-22T18:52:41+00:00\",\"dateModified\":\"2025-07-08T15:33:07+00:00\",\"description\":\"Tot ce ave\u021bi nevoie pentru repara\u021bia \u0219i bobinajul motoarelor electrice. G\u0103si\u021bi h\u00e2rtii izolatoare, pene \u0219i folii pentru o func\u021bionare fiabil\u0103 \u0219i de durat\u0103.\",\"breadcrumb\":{\"@id\":\"https:\/\/www.emidav.com\/ro\/produse\/materiale-izolatoare-si-cablu\/materiale-pentru-bobinaj\/#breadcrumb\"},\"inLanguage\":\"ro-RO\",\"potentialAction\":[{\"@type\":\"ReadAction\",\"target\":[\"https:\/\/www.emidav.com\/ro\/produse\/materiale-izolatoare-si-cablu\/materiale-pentru-bobinaj\/\"]}]},{\"@type\":\"ImageObject\",\"inLanguage\":\"ro-RO\",\"@id\":\"https:\/\/www.emidav.com\/ro\/produse\/materiale-izolatoare-si-cablu\/materiale-pentru-bobinaj\/#primaryimage\",\"url\":\"https:\/\/www.emidav.com\/wp-content\/uploads\/2025\/07\/tekercseles.jpg\",\"contentUrl\":\"https:\/\/www.emidav.com\/wp-content\/uploads\/2025\/07\/tekercseles.jpg\",\"width\":1920,\"height\":1280},{\"@type\":\"BreadcrumbList\",\"@id\":\"https:\/\/www.emidav.com\/ro\/produse\/materiale-izolatoare-si-cablu\/materiale-pentru-bobinaj\/#breadcrumb\",\"itemListElement\":[{\"@type\":\"ListItem\",\"position\":1,\"name\":\"Acas\u0103\",\"item\":\"https:\/\/www.emidav.com\/ro\/\"},{\"@type\":\"ListItem\",\"position\":2,\"name\":\"Produse\",\"item\":\"https:\/\/www.emidav.com\/ro\/produse\/\"},{\"@type\":\"ListItem\",\"position\":3,\"name\":\"Materiale Izolatoare \u0219i Cablu\",\"item\":\"https:\/\/www.emidav.com\/ro\/produse\/materiale-izolatoare-si-cablu\/\"},{\"@type\":\"ListItem\",\"position\":4,\"name\":\"Materiale Pentru Bobinaj\"}]},{\"@type\":\"WebSite\",\"@id\":\"https:\/\/www.emidav.com\/ro\/#website\",\"url\":\"https:\/\/www.emidav.com\/ro\/\",\"name\":\"Emidav Hungary\",\"description\":\"\",\"publisher\":{\"@id\":\"https:\/\/www.emidav.com\/ro\/#organization\"},\"alternateName\":\"Emidav\",\"potentialAction\":[{\"@type\":\"SearchAction\",\"target\":{\"@type\":\"EntryPoint\",\"urlTemplate\":\"https:\/\/www.emidav.com\/ro\/?s={search_term_string}\"},\"query-input\":{\"@type\":\"PropertyValueSpecification\",\"valueRequired\":true,\"valueName\":\"search_term_string\"}}],\"inLanguage\":\"ro-RO\"},{\"@type\":\"Organization\",\"@id\":\"https:\/\/www.emidav.com\/ro\/#organization\",\"name\":\"Emidav Hungary Kft.\",\"url\":\"https:\/\/www.emidav.com\/ro\/\",\"logo\":{\"@type\":\"ImageObject\",\"inLanguage\":\"ro-RO\",\"@id\":\"https:\/\/www.emidav.com\/ro\/#\/schema\/logo\/image\/\",\"url\":\"https:\/\/www.emidav.com\/wp-content\/uploads\/2025\/07\/emidav_logo.webp\",\"contentUrl\":\"https:\/\/www.emidav.com\/wp-content\/uploads\/2025\/07\/emidav_logo.webp\",\"width\":1490,\"height\":533,\"caption\":\"Emidav Hungary Kft.\"},\"image\":{\"@id\":\"https:\/\/www.emidav.com\/ro\/#\/schema\/logo\/image\/\"}}]}<\/script>\n<!-- \/ Yoast SEO plugin. -->","yoast_head_json":{"title":"Materiale de Bobinaj pentru Repara\u021bii Motoare Electrice | Emidav","description":"Tot ce ave\u021bi nevoie pentru repara\u021bia \u0219i bobinajul motoarelor electrice. G\u0103si\u021bi h\u00e2rtii izolatoare, pene \u0219i folii pentru o func\u021bionare fiabil\u0103 \u0219i de durat\u0103.","robots":{"index":"index","follow":"follow","max-snippet":"max-snippet:-1","max-image-preview":"max-image-preview:large","max-video-preview":"max-video-preview:-1"},"canonical":"https:\/\/www.emidav.com\/ro\/produse\/materiale-izolatoare-si-cablu\/materiale-pentru-bobinaj\/","og_locale":"ro_RO","og_type":"article","og_title":"Materiale de Bobinaj pentru Repara\u021bii Motoare Electrice | Emidav","og_description":"Tot ce ave\u021bi nevoie pentru repara\u021bia \u0219i bobinajul motoarelor electrice. G\u0103si\u021bi h\u00e2rtii izolatoare, pene \u0219i folii pentru o func\u021bionare fiabil\u0103 \u0219i de durat\u0103.","og_url":"https:\/\/www.emidav.com\/ro\/produse\/materiale-izolatoare-si-cablu\/materiale-pentru-bobinaj\/","og_site_name":"Emidav","article_modified_time":"2025-07-08T15:33:07+00:00","og_image":[{"width":1920,"height":1280,"url":"https:\/\/www.emidav.com\/wp-content\/uploads\/2025\/07\/tekercseles.jpg","type":"image\/jpeg"}],"twitter_card":"summary_large_image","twitter_misc":{"Timp estimat pentru citire":"1 minut"},"schema":{"@context":"https:\/\/schema.org","@graph":[{"@type":"WebPage","@id":"https:\/\/www.emidav.com\/ro\/produse\/materiale-izolatoare-si-cablu\/materiale-pentru-bobinaj\/","url":"https:\/\/www.emidav.com\/ro\/produse\/materiale-izolatoare-si-cablu\/materiale-pentru-bobinaj\/","name":"Materiale de Bobinaj pentru Repara\u021bii Motoare Electrice | Emidav","isPartOf":{"@id":"https:\/\/www.emidav.com\/ro\/#website"},"primaryImageOfPage":{"@id":"https:\/\/www.emidav.com\/ro\/produse\/materiale-izolatoare-si-cablu\/materiale-pentru-bobinaj\/#primaryimage"},"image":{"@id":"https:\/\/www.emidav.com\/ro\/produse\/materiale-izolatoare-si-cablu\/materiale-pentru-bobinaj\/#primaryimage"},"thumbnailUrl":"https:\/\/www.emidav.com\/wp-content\/uploads\/2025\/07\/tekercseles.jpg","datePublished":"2025-05-22T18:52:41+00:00","dateModified":"2025-07-08T15:33:07+00:00","description":"Tot ce ave\u021bi nevoie pentru repara\u021bia \u0219i bobinajul motoarelor electrice. G\u0103si\u021bi h\u00e2rtii izolatoare, pene \u0219i folii pentru o func\u021bionare fiabil\u0103 \u0219i de durat\u0103.","breadcrumb":{"@id":"https:\/\/www.emidav.com\/ro\/produse\/materiale-izolatoare-si-cablu\/materiale-pentru-bobinaj\/#breadcrumb"},"inLanguage":"ro-RO","potentialAction":[{"@type":"ReadAction","target":["https:\/\/www.emidav.com\/ro\/produse\/materiale-izolatoare-si-cablu\/materiale-pentru-bobinaj\/"]}]},{"@type":"ImageObject","inLanguage":"ro-RO","@id":"https:\/\/www.emidav.com\/ro\/produse\/materiale-izolatoare-si-cablu\/materiale-pentru-bobinaj\/#primaryimage","url":"https:\/\/www.emidav.com\/wp-content\/uploads\/2025\/07\/tekercseles.jpg","contentUrl":"https:\/\/www.emidav.com\/wp-content\/uploads\/2025\/07\/tekercseles.jpg","width":1920,"height":1280},{"@type":"BreadcrumbList","@id":"https:\/\/www.emidav.com\/ro\/produse\/materiale-izolatoare-si-cablu\/materiale-pentru-bobinaj\/#breadcrumb","itemListElement":[{"@type":"ListItem","position":1,"name":"Acas\u0103","item":"https:\/\/www.emidav.com\/ro\/"},{"@type":"ListItem","position":2,"name":"Produse","item":"https:\/\/www.emidav.com\/ro\/produse\/"},{"@type":"ListItem","position":3,"name":"Materiale Izolatoare \u0219i Cablu","item":"https:\/\/www.emidav.com\/ro\/produse\/materiale-izolatoare-si-cablu\/"},{"@type":"ListItem","position":4,"name":"Materiale Pentru Bobinaj"}]},{"@type":"WebSite","@id":"https:\/\/www.emidav.com\/ro\/#website","url":"https:\/\/www.emidav.com\/ro\/","name":"Emidav Hungary","description":"","publisher":{"@id":"https:\/\/www.emidav.com\/ro\/#organization"},"alternateName":"Emidav","potentialAction":[{"@type":"SearchAction","target":{"@type":"EntryPoint","urlTemplate":"https:\/\/www.emidav.com\/ro\/?s={search_term_string}"},"query-input":{"@type":"PropertyValueSpecification","valueRequired":true,"valueName":"search_term_string"}}],"inLanguage":"ro-RO"},{"@type":"Organization","@id":"https:\/\/www.emidav.com\/ro\/#organization","name":"Emidav Hungary Kft.","url":"https:\/\/www.emidav.com\/ro\/","logo":{"@type":"ImageObject","inLanguage":"ro-RO","@id":"https:\/\/www.emidav.com\/ro\/#\/schema\/logo\/image\/","url":"https:\/\/www.emidav.com\/wp-content\/uploads\/2025\/07\/emidav_logo.webp","contentUrl":"https:\/\/www.emidav.com\/wp-content\/uploads\/2025\/07\/emidav_logo.webp","width":1490,"height":533,"caption":"Emidav Hungary Kft."},"image":{"@id":"https:\/\/www.emidav.com\/ro\/#\/schema\/logo\/image\/"}}]}},"_links":{"self":[{"href":"https:\/\/www.emidav.com\/ro\/wp-json\/wp\/v2\/pages\/281","targetHints":{"allow":["GET"]}}],"collection":[{"href":"https:\/\/www.emidav.com\/ro\/wp-json\/wp\/v2\/pages"}],"about":[{"href":"https:\/\/www.emidav.com\/ro\/wp-json\/wp\/v2\/types\/page"}],"author":[{"embeddable":true,"href":"https:\/\/www.emidav.com\/ro\/wp-json\/wp\/v2\/users\/1"}],"replies":[{"embeddable":true,"href":"https:\/\/www.emidav.com\/ro\/wp-json\/wp\/v2\/comments?post=281"}],"version-history":[{"count":9,"href":"https:\/\/www.emidav.com\/ro\/wp-json\/wp\/v2\/pages\/281\/revisions"}],"predecessor-version":[{"id":1424,"href":"https:\/\/www.emidav.com\/ro\/wp-json\/wp\/v2\/pages\/281\/revisions\/1424"}],"up":[{"embeddable":true,"href":"https:\/\/www.emidav.com\/ro\/wp-json\/wp\/v2\/pages\/269"}],"wp:featuredmedia":[{"embeddable":true,"href":"https:\/\/www.emidav.com\/ro\/wp-json\/wp\/v2\/media\/1600"}],"wp:attachment":[{"href":"https:\/\/www.emidav.com\/ro\/wp-json\/wp\/v2\/media?parent=281"}],"wp:term":[{"taxonomy":"category","embeddable":true,"href":"https:\/\/www.emidav.com\/ro\/wp-json\/wp\/v2\/categories?post=281"}],"curies":[{"name":"wp","href":"https:\/\/api.w.org\/{rel}","templated":true}]}}