{"id":278,"date":"2025-04-17T09:15:48","date_gmt":"2025-04-17T09:15:48","guid":{"rendered":"https:\/\/www.emidav.com\/?page_id=278"},"modified":"2025-07-08T14:16:29","modified_gmt":"2025-07-08T14:16:29","slug":"roten","status":"publish","type":"page","link":"https:\/\/www.emidav.com\/ro\/produse\/garnituri-mecanice\/roten\/","title":{"rendered":"Roten Etan\u0219\u0103ri Mecanice"},"content":{"rendered":"<p>Utilizarea etan\u0219\u0103rilor mecanice este esen\u021bial\u0103 \u00een cazul arborilor rotativi ai pompelor, compresoarelor, ventilatoarelor, malaxoarelor, motoarelor, rulmen\u021bilor etc., acolo unde trebuie evitat\u0103 scurgerea lichidelor.<br data-start=\"294\" data-end=\"297\" \/>Etan\u0219\u0103rile mecanice ROTEN\u00ae, fabricate de peste 65 de ani \u0219i utilizate \u00een cele mai importante fabrici europene, au o construc\u021bie simpl\u0103, dar ofer\u0103 toate caracteristicile esen\u021biale legate de performan\u021b\u0103 \u0219i func\u021bionalitate. Datorit\u0103 acestora, se evit\u0103 uzura arborilor \u0219i \u00eentre\u021binerea frecvent\u0103, oferind \u00een acela\u0219i timp avantaje tehnice \u0219i economice clare.<br data-start=\"653\" data-end=\"656\" \/>Aceste calit\u0103\u021bi sunt garantate de activitatea continu\u0103 de cercetare \u2013 o tr\u0103s\u0103tur\u0103 definitorie a brandului ROTEN\u00ae.<\/p>\n<ul>\n<li><a href=\"https:\/\/faet.it\/en\/products\/mechanical-seals\/roten-seals\/roten-2-and-uniten-2\/\" target=\"_blank\" rel=\"noopener\">Roten 2 \u0219i Uniten 2<\/a><\/li>\n<li><a href=\"https:\/\/faet.it\/en\/products\/mechanical-seals\/roten-seals\/roten-3-and-uniten-3\/\" target=\"_blank\" rel=\"noopener\">Roten 3 \u0219i Uniten 3<\/a><\/li>\n<li><a href=\"https:\/\/faet.it\/en\/products\/mechanical-seals\/roten-seals\/roten-4-and-uniten-4\/\" target=\"_blank\" rel=\"noopener\">Roten 4 \u0219i Uniten 4<\/a><\/li>\n<li><a href=\"https:\/\/faet.it\/en\/products\/mechanical-seals\/roten-seals\/roten-5-and-uniten-5\/\" target=\"_blank\" rel=\"noopener\">Roten 5 \u0219i Uniten 5<\/a><\/li>\n<li><a href=\"https:\/\/faet.it\/en\/products\/mechanical-seals\/roten-seals\/o-ring-for-roten-and-uniten-type-2-and-5\/\" target=\"_blank\" rel=\"noopener\">Inele O pentru Roten \u0219i Uniten 2 \u0219i 5<\/a><\/li>\n<li><a href=\"https:\/\/faet.it\/en\/products\/mechanical-seals\/roten-seals\/seals-for-ksb-e-vergani-pumps\/\" target=\"_blank\" rel=\"noopener\">Pentru pompe KSB<\/a><\/li>\n<li><a href=\"https:\/\/faet.it\/en\/products\/mechanical-seals\/roten-seals\/lowara-pumps-mechanical-seals\/\" target=\"_blank\" rel=\"noopener\">Pentru pompe LOWARA<\/a><\/li>\n<\/ul>\n<div class=\"gallery-imgs gal-726732 row\">\r\n            <div class=\"gallery-item col-sm-6 col-lg-4\">\r\n                    \r\n                        <img decoding=\"async\" src=\"https:\/\/www.emidav.com\/wp-content\/uploads\/2025\/06\/IMG_5865-300x215.jpeg\" alt=\"\" class=\"img-fluid\">\r\n\t\t\t\t\t\t\t\t\r\n                    \r\n            <\/div>\r\n            <div class=\"gallery-item col-sm-6 col-lg-4\">\r\n                    \r\n                        <img decoding=\"async\" src=\"https:\/\/www.emidav.com\/wp-content\/uploads\/2025\/06\/IMG_5867-300x215.jpeg\" alt=\"\" class=\"img-fluid\">\r\n\t\t\t\t\t\t\t\t\r\n                    \r\n            <\/div>\r\n            <div class=\"gallery-item col-sm-6 col-lg-4\">\r\n                    \r\n                        <img decoding=\"async\" src=\"https:\/\/www.emidav.com\/wp-content\/uploads\/2025\/06\/IMG_5866-300x215.jpeg\" alt=\"\" class=\"img-fluid\">\r\n\t\t\t\t\t\t\t\t\r\n                    \r\n            <\/div><\/div>\n","protected":false},"excerpt":{"rendered":"<p>Utilizarea etan\u0219\u0103rilor mecanice este esen\u021bial\u0103 \u00een cazul arborilor rotativi ai pompelor, compresoarelor, ventilatoarelor, malaxoarelor, motoarelor, rulmen\u021bilor etc., acolo unde trebuie evitat\u0103 scurgerea lichidelor.Etan\u0219\u0103rile mecanice ROTEN\u00ae, fabricate de peste 65 de ani \u0219i utilizate \u00een cele mai importante fabrici europene, au o construc\u021bie simpl\u0103, dar ofer\u0103 toate caracteristicile esen\u021biale legate de performan\u021b\u0103 \u0219i func\u021bionalitate. Datorit\u0103 acestora, [&hellip;]<\/p>\n","protected":false},"author":1,"featured_media":1609,"parent":267,"menu_order":79,"comment_status":"closed","ping_status":"closed","template":"","meta":{"footnotes":""},"categories":[],"class_list":["post-278","page","type-page","status-publish","has-post-thumbnail","hentry"],"yoast_head":"<!-- This site is optimized with the Yoast SEO plugin v25.9 - https:\/\/yoast.com\/wordpress\/plugins\/seo\/ -->\n<title>Distribuitor Oficial: Etan\u0219\u0103ri Mecanice Roten | Emidav Kft.<\/title>\n<meta name=\"description\" content=\"De peste 65 de ani, ROTEN\u00ae ofer\u0103 etan\u0219\u0103ri mecanice premium companiilor de top din Europa. Solu\u021bii fiabile pentru pompe \u0219i utilaje, de la partenerul oficial.\" \/>\n<meta name=\"robots\" content=\"index, follow, max-snippet:-1, max-image-preview:large, max-video-preview:-1\" \/>\n<link rel=\"canonical\" href=\"https:\/\/www.emidav.com\/ro\/produse\/garnituri-mecanice\/roten\/\" \/>\n<meta property=\"og:locale\" content=\"ro_RO\" \/>\n<meta property=\"og:type\" content=\"article\" \/>\n<meta property=\"og:title\" content=\"Distribuitor Oficial: Etan\u0219\u0103ri Mecanice Roten | Emidav Kft.\" \/>\n<meta property=\"og:description\" content=\"De peste 65 de ani, ROTEN\u00ae ofer\u0103 etan\u0219\u0103ri mecanice premium companiilor de top din Europa. Solu\u021bii fiabile pentru pompe \u0219i utilaje, de la partenerul oficial.\" \/>\n<meta property=\"og:url\" content=\"https:\/\/www.emidav.com\/ro\/produse\/garnituri-mecanice\/roten\/\" \/>\n<meta property=\"og:site_name\" content=\"Emidav\" \/>\n<meta property=\"article:modified_time\" content=\"2025-07-08T14:16:29+00:00\" \/>\n<meta property=\"og:image\" content=\"https:\/\/www.emidav.com\/wp-content\/uploads\/2025\/07\/mt.jpg\" \/>\n\t<meta property=\"og:image:width\" content=\"1920\" \/>\n\t<meta property=\"og:image:height\" content=\"1280\" \/>\n\t<meta property=\"og:image:type\" content=\"image\/jpeg\" \/>\n<meta name=\"twitter:card\" content=\"summary_large_image\" \/>\n<meta name=\"twitter:label1\" content=\"Timp estimat pentru citire\" \/>\n\t<meta name=\"twitter:data1\" content=\"1 minut\" \/>\n<script type=\"application\/ld+json\" class=\"yoast-schema-graph\">{\"@context\":\"https:\/\/schema.org\",\"@graph\":[{\"@type\":\"WebPage\",\"@id\":\"https:\/\/www.emidav.com\/ro\/produse\/garnituri-mecanice\/roten\/\",\"url\":\"https:\/\/www.emidav.com\/ro\/produse\/garnituri-mecanice\/roten\/\",\"name\":\"Distribuitor Oficial: Etan\u0219\u0103ri Mecanice Roten | Emidav Kft.\",\"isPartOf\":{\"@id\":\"https:\/\/www.emidav.com\/ro\/#website\"},\"primaryImageOfPage\":{\"@id\":\"https:\/\/www.emidav.com\/ro\/produse\/garnituri-mecanice\/roten\/#primaryimage\"},\"image\":{\"@id\":\"https:\/\/www.emidav.com\/ro\/produse\/garnituri-mecanice\/roten\/#primaryimage\"},\"thumbnailUrl\":\"https:\/\/www.emidav.com\/wp-content\/uploads\/2025\/07\/mt.jpg\",\"datePublished\":\"2025-04-17T09:15:48+00:00\",\"dateModified\":\"2025-07-08T14:16:29+00:00\",\"description\":\"De peste 65 de ani, ROTEN\u00ae ofer\u0103 etan\u0219\u0103ri mecanice premium companiilor de top din Europa. Solu\u021bii fiabile pentru pompe \u0219i utilaje, de la partenerul oficial.\",\"breadcrumb\":{\"@id\":\"https:\/\/www.emidav.com\/ro\/produse\/garnituri-mecanice\/roten\/#breadcrumb\"},\"inLanguage\":\"ro-RO\",\"potentialAction\":[{\"@type\":\"ReadAction\",\"target\":[\"https:\/\/www.emidav.com\/ro\/produse\/garnituri-mecanice\/roten\/\"]}]},{\"@type\":\"ImageObject\",\"inLanguage\":\"ro-RO\",\"@id\":\"https:\/\/www.emidav.com\/ro\/produse\/garnituri-mecanice\/roten\/#primaryimage\",\"url\":\"https:\/\/www.emidav.com\/wp-content\/uploads\/2025\/07\/mt.jpg\",\"contentUrl\":\"https:\/\/www.emidav.com\/wp-content\/uploads\/2025\/07\/mt.jpg\",\"width\":1920,\"height\":1280},{\"@type\":\"BreadcrumbList\",\"@id\":\"https:\/\/www.emidav.com\/ro\/produse\/garnituri-mecanice\/roten\/#breadcrumb\",\"itemListElement\":[{\"@type\":\"ListItem\",\"position\":1,\"name\":\"Acas\u0103\",\"item\":\"https:\/\/www.emidav.com\/ro\/\"},{\"@type\":\"ListItem\",\"position\":2,\"name\":\"Produse\",\"item\":\"https:\/\/www.emidav.com\/ro\/produse\/\"},{\"@type\":\"ListItem\",\"position\":3,\"name\":\"Garnituri Mecanice\",\"item\":\"https:\/\/www.emidav.com\/ro\/produse\/garnituri-mecanice\/\"},{\"@type\":\"ListItem\",\"position\":4,\"name\":\"Roten Etan\u0219\u0103ri Mecanice\"}]},{\"@type\":\"WebSite\",\"@id\":\"https:\/\/www.emidav.com\/ro\/#website\",\"url\":\"https:\/\/www.emidav.com\/ro\/\",\"name\":\"Emidav Hungary\",\"description\":\"\",\"publisher\":{\"@id\":\"https:\/\/www.emidav.com\/ro\/#organization\"},\"alternateName\":\"Emidav\",\"potentialAction\":[{\"@type\":\"SearchAction\",\"target\":{\"@type\":\"EntryPoint\",\"urlTemplate\":\"https:\/\/www.emidav.com\/ro\/?s={search_term_string}\"},\"query-input\":{\"@type\":\"PropertyValueSpecification\",\"valueRequired\":true,\"valueName\":\"search_term_string\"}}],\"inLanguage\":\"ro-RO\"},{\"@type\":\"Organization\",\"@id\":\"https:\/\/www.emidav.com\/ro\/#organization\",\"name\":\"Emidav Hungary Kft.\",\"url\":\"https:\/\/www.emidav.com\/ro\/\",\"logo\":{\"@type\":\"ImageObject\",\"inLanguage\":\"ro-RO\",\"@id\":\"https:\/\/www.emidav.com\/ro\/#\/schema\/logo\/image\/\",\"url\":\"https:\/\/www.emidav.com\/wp-content\/uploads\/2025\/07\/emidav_logo.webp\",\"contentUrl\":\"https:\/\/www.emidav.com\/wp-content\/uploads\/2025\/07\/emidav_logo.webp\",\"width\":1490,\"height\":533,\"caption\":\"Emidav Hungary Kft.\"},\"image\":{\"@id\":\"https:\/\/www.emidav.com\/ro\/#\/schema\/logo\/image\/\"}}]}<\/script>\n<!-- \/ Yoast SEO plugin. -->","yoast_head_json":{"title":"Distribuitor Oficial: Etan\u0219\u0103ri Mecanice Roten | Emidav Kft.","description":"De peste 65 de ani, ROTEN\u00ae ofer\u0103 etan\u0219\u0103ri mecanice premium companiilor de top din Europa. Solu\u021bii fiabile pentru pompe \u0219i utilaje, de la partenerul oficial.","robots":{"index":"index","follow":"follow","max-snippet":"max-snippet:-1","max-image-preview":"max-image-preview:large","max-video-preview":"max-video-preview:-1"},"canonical":"https:\/\/www.emidav.com\/ro\/produse\/garnituri-mecanice\/roten\/","og_locale":"ro_RO","og_type":"article","og_title":"Distribuitor Oficial: Etan\u0219\u0103ri Mecanice Roten | Emidav Kft.","og_description":"De peste 65 de ani, ROTEN\u00ae ofer\u0103 etan\u0219\u0103ri mecanice premium companiilor de top din Europa. Solu\u021bii fiabile pentru pompe \u0219i utilaje, de la partenerul oficial.","og_url":"https:\/\/www.emidav.com\/ro\/produse\/garnituri-mecanice\/roten\/","og_site_name":"Emidav","article_modified_time":"2025-07-08T14:16:29+00:00","og_image":[{"width":1920,"height":1280,"url":"https:\/\/www.emidav.com\/wp-content\/uploads\/2025\/07\/mt.jpg","type":"image\/jpeg"}],"twitter_card":"summary_large_image","twitter_misc":{"Timp estimat pentru citire":"1 minut"},"schema":{"@context":"https:\/\/schema.org","@graph":[{"@type":"WebPage","@id":"https:\/\/www.emidav.com\/ro\/produse\/garnituri-mecanice\/roten\/","url":"https:\/\/www.emidav.com\/ro\/produse\/garnituri-mecanice\/roten\/","name":"Distribuitor Oficial: Etan\u0219\u0103ri Mecanice Roten | Emidav Kft.","isPartOf":{"@id":"https:\/\/www.emidav.com\/ro\/#website"},"primaryImageOfPage":{"@id":"https:\/\/www.emidav.com\/ro\/produse\/garnituri-mecanice\/roten\/#primaryimage"},"image":{"@id":"https:\/\/www.emidav.com\/ro\/produse\/garnituri-mecanice\/roten\/#primaryimage"},"thumbnailUrl":"https:\/\/www.emidav.com\/wp-content\/uploads\/2025\/07\/mt.jpg","datePublished":"2025-04-17T09:15:48+00:00","dateModified":"2025-07-08T14:16:29+00:00","description":"De peste 65 de ani, ROTEN\u00ae ofer\u0103 etan\u0219\u0103ri mecanice premium companiilor de top din Europa. Solu\u021bii fiabile pentru pompe \u0219i utilaje, de la partenerul oficial.","breadcrumb":{"@id":"https:\/\/www.emidav.com\/ro\/produse\/garnituri-mecanice\/roten\/#breadcrumb"},"inLanguage":"ro-RO","potentialAction":[{"@type":"ReadAction","target":["https:\/\/www.emidav.com\/ro\/produse\/garnituri-mecanice\/roten\/"]}]},{"@type":"ImageObject","inLanguage":"ro-RO","@id":"https:\/\/www.emidav.com\/ro\/produse\/garnituri-mecanice\/roten\/#primaryimage","url":"https:\/\/www.emidav.com\/wp-content\/uploads\/2025\/07\/mt.jpg","contentUrl":"https:\/\/www.emidav.com\/wp-content\/uploads\/2025\/07\/mt.jpg","width":1920,"height":1280},{"@type":"BreadcrumbList","@id":"https:\/\/www.emidav.com\/ro\/produse\/garnituri-mecanice\/roten\/#breadcrumb","itemListElement":[{"@type":"ListItem","position":1,"name":"Acas\u0103","item":"https:\/\/www.emidav.com\/ro\/"},{"@type":"ListItem","position":2,"name":"Produse","item":"https:\/\/www.emidav.com\/ro\/produse\/"},{"@type":"ListItem","position":3,"name":"Garnituri Mecanice","item":"https:\/\/www.emidav.com\/ro\/produse\/garnituri-mecanice\/"},{"@type":"ListItem","position":4,"name":"Roten Etan\u0219\u0103ri Mecanice"}]},{"@type":"WebSite","@id":"https:\/\/www.emidav.com\/ro\/#website","url":"https:\/\/www.emidav.com\/ro\/","name":"Emidav Hungary","description":"","publisher":{"@id":"https:\/\/www.emidav.com\/ro\/#organization"},"alternateName":"Emidav","potentialAction":[{"@type":"SearchAction","target":{"@type":"EntryPoint","urlTemplate":"https:\/\/www.emidav.com\/ro\/?s={search_term_string}"},"query-input":{"@type":"PropertyValueSpecification","valueRequired":true,"valueName":"search_term_string"}}],"inLanguage":"ro-RO"},{"@type":"Organization","@id":"https:\/\/www.emidav.com\/ro\/#organization","name":"Emidav Hungary Kft.","url":"https:\/\/www.emidav.com\/ro\/","logo":{"@type":"ImageObject","inLanguage":"ro-RO","@id":"https:\/\/www.emidav.com\/ro\/#\/schema\/logo\/image\/","url":"https:\/\/www.emidav.com\/wp-content\/uploads\/2025\/07\/emidav_logo.webp","contentUrl":"https:\/\/www.emidav.com\/wp-content\/uploads\/2025\/07\/emidav_logo.webp","width":1490,"height":533,"caption":"Emidav Hungary Kft."},"image":{"@id":"https:\/\/www.emidav.com\/ro\/#\/schema\/logo\/image\/"}}]}},"_links":{"self":[{"href":"https:\/\/www.emidav.com\/ro\/wp-json\/wp\/v2\/pages\/278","targetHints":{"allow":["GET"]}}],"collection":[{"href":"https:\/\/www.emidav.com\/ro\/wp-json\/wp\/v2\/pages"}],"about":[{"href":"https:\/\/www.emidav.com\/ro\/wp-json\/wp\/v2\/types\/page"}],"author":[{"embeddable":true,"href":"https:\/\/www.emidav.com\/ro\/wp-json\/wp\/v2\/users\/1"}],"replies":[{"embeddable":true,"href":"https:\/\/www.emidav.com\/ro\/wp-json\/wp\/v2\/comments?post=278"}],"version-history":[{"count":6,"href":"https:\/\/www.emidav.com\/ro\/wp-json\/wp\/v2\/pages\/278\/revisions"}],"predecessor-version":[{"id":1422,"href":"https:\/\/www.emidav.com\/ro\/wp-json\/wp\/v2\/pages\/278\/revisions\/1422"}],"up":[{"embeddable":true,"href":"https:\/\/www.emidav.com\/ro\/wp-json\/wp\/v2\/pages\/267"}],"wp:featuredmedia":[{"embeddable":true,"href":"https:\/\/www.emidav.com\/ro\/wp-json\/wp\/v2\/media\/1609"}],"wp:attachment":[{"href":"https:\/\/www.emidav.com\/ro\/wp-json\/wp\/v2\/media?parent=278"}],"wp:term":[{"taxonomy":"category","embeddable":true,"href":"https:\/\/www.emidav.com\/ro\/wp-json\/wp\/v2\/categories?post=278"}],"curies":[{"name":"wp","href":"https:\/\/api.w.org\/{rel}","templated":true}]}}