{"id":277,"date":"2025-04-17T09:16:13","date_gmt":"2025-04-17T09:16:13","guid":{"rendered":"https:\/\/www.emidav.com\/?page_id=277"},"modified":"2025-07-08T14:41:49","modified_gmt":"2025-07-08T14:41:49","slug":"eagleburgmann-fluiten-liquiblok","status":"publish","type":"page","link":"https:\/\/www.emidav.com\/ro\/produse\/garnituri-mecanice\/eagleburgmann-fluiten-liquiblok\/","title":{"rendered":"Eagleburgmann, Fluiten, Liquiblok"},"content":{"rendered":"<p>Etan\u0219\u0103rile mecanice Fluiten sunt utilizate \u00een principal \u00een industria chimic\u0103, industria petrolier\u0103 \u0219i sectorul energetic, dar sunt prezente \u0219i \u00een industria farmaceutic\u0103, alimentar\u0103 \u0219i naval\u0103. Gama include etan\u0219\u0103ri mecanice interne \u0219i externe: unidirec\u021bionale cu arc simplu, bidirec\u021bionale cu arcuri multiple, cu arc protejat, cu burduf metalic (bellows), simple, duble \u0219i \u00een variant\u0103 cartu\u0219 (cartridge).<br \/>\nTehnologia laser de \u00eenalt nivel este utilizat\u0103 pentru produc\u021bia \u201eetan\u0219\u0103rilor cu gaz\u201d destinate malaxoarelor \u2013 extrem de solicitate \u00een industria farmaceutic\u0103, fiind \u00eenso\u021bite de certific\u0103ri FDA.<br \/>\n\u00cen industriile chimic\u0103, petrochimic\u0103, farmaceutic\u0103, alimentar\u0103, energetic\u0103 \u0219i naval\u0103, etan\u0219\u0103rile mecanice Fluiten sunt sinonime cu inova\u021bia, precizia \u0219i execu\u021bia impecabil\u0103.<\/p>\n<ul>\n<li><a href=\"https:\/\/faet.it\/en\/products\/mechanical-seals\/liquiblok-burgmann-seals\/seals-for-clean-water\/\" target=\"_blank\" rel=\"noopener\">Pentru ap\u0103 curat\u0103<\/a><\/li>\n<li><a href=\"https:\/\/faet.it\/en\/products\/mechanical-seals\/liquiblok-burgmann-seals\/seals-for-dirty-and-abrasive-liquids\/\" target=\"_blank\" rel=\"noopener\">Pentru lichide murdare \u0219i abrazive<\/a><\/li>\n<li><a href=\"https:\/\/faet.it\/en\/products\/mechanical-seals\/liquiblok-burgmann-seals\/seals-for-clean-petrochemicals\/\" target=\"_blank\" rel=\"noopener\">Pentru produse petrochimice \u2013 lichide non-abrazive<\/a><\/li>\n<li><a href=\"https:\/\/faet.it\/en\/products\/mechanical-seals\/liquiblok-burgmann-seals\/seals-for-petrochemicals-abrasion\/\" target=\"_blank\" rel=\"noopener\">Pentru produse petrochimice \u2013 lichide abrazive<\/a><\/li>\n<li><a href=\"https:\/\/faet.it\/en\/products\/mechanical-seals\/liquiblok-burgmann-seals\/seals-for-lowara-pumps\/\" target=\"_blank\" rel=\"noopener\">Pentru pompe LOWARA<\/a><\/li>\n<li><a href=\"https:\/\/faet.it\/en\/products\/mechanical-seals\/liquiblok-burgmann-seals\/seals-for-jacuzzi-pumps\/\" target=\"_blank\" rel=\"noopener\">Pentru pompe JACUZZI<\/a><\/li>\n<li><a href=\"https:\/\/faet.it\/en\/products\/mechanical-seals\/liquiblok-burgmann-seals\/bellows-seals\/\" target=\"_blank\" rel=\"noopener\">Etan\u0219\u0103ri cu burduf de cauciuc<\/a><\/li>\n<li><a href=\"https:\/\/faet.it\/en\/products\/mechanical-seals\/liquiblok-burgmann-seals\/seals-for-superheated-water\/\" target=\"_blank\" rel=\"noopener\">Pentru ap\u0103 suprainc\u0103lzit\u0103<\/a><\/li>\n<li><a href=\"https:\/\/faet.it\/en\/products\/mechanical-seals\/liquiblok-burgmann-seals\/seal-for-clean-water-up-to-140\/\" target=\"_blank\" rel=\"noopener\">Garnituri pentru ap\u0103 curat\u0103 p\u00e2n\u0103 la 140\u202f\u00b0C<\/a><\/li>\n<li><a href=\"https:\/\/faet.it\/en\/products\/mechanical-seals\/liquiblok-burgmann-seals\/seals-for-abs-pumps\/\" target=\"_blank\" rel=\"noopener\">Garnituri pentru pompe ABS<\/a><\/li>\n<li><a href=\"https:\/\/faet.it\/en\/products\/mechanical-seals\/liquiblok-burgmann-seals\/ksb-pump-seals\/\" target=\"_blank\" rel=\"noopener\">Garnituri pentru pompe KSB\u00ae<\/a><\/li>\n<li><a href=\"https:\/\/faet.it\/en\/products\/mechanical-seals\/liquiblok-burgmann-seals\/zenit-pumps-seals\/\" target=\"_blank\" rel=\"noopener\">Garnituri pentru pompe Zenit\u00ae<\/a><\/li>\n<li><a href=\"https:\/\/faet.it\/en\/products\/mechanical-seals\/liquiblok-burgmann-seals\/seals-for-wilo-pumps\/\" target=\"_blank\" rel=\"noopener\">Garnituri pentru pompe WILO<\/a><\/li>\n<li><a href=\"https:\/\/faet.it\/en\/products\/mechanical-seals\/liquiblok-burgmann-seals\/stationary-seals-liquiblok\/\" target=\"_blank\" rel=\"noopener\">Garnituri statice Liquiblok<\/a><\/li>\n<li><a href=\"https:\/\/faet.it\/en\/products\/mechanical-seals\/liquiblok-burgmann-seals\/seals-for-grundfos-pumps\/\" target=\"_blank\" rel=\"noopener\">Garnituri pentru pompe Grundfos<\/a><\/li>\n<li><a href=\"https:\/\/faet.it\/en\/products\/mechanical-seals\/liquiblok-burgmann-seals\/seals-for-flygt-pumps\/\" target=\"_blank\" rel=\"noopener\">Garnituri pentru pompe FLYGT<\/a><\/li>\n<li><a href=\"https:\/\/faet.it\/en\/products\/mechanical-seals\/liquiblok-burgmann-seals\/packing\/\" target=\"_blank\" rel=\"noopener\">\u0218nururi de etan\u0219are<\/a><\/li>\n<\/ul>\n<div class=\"gallery-imgs gal-778781 row\">\r\n            <div class=\"gallery-item col-sm-6 col-lg-4\">\r\n                    \r\n                        <img decoding=\"async\" src=\"https:\/\/www.emidav.com\/wp-content\/uploads\/2025\/06\/151115426150772618-380x303-1-300x215.jpg\" alt=\"\" class=\"img-fluid\">\r\n\t\t\t\t\t\t\t\t\r\n                    \r\n            <\/div>\r\n            <div class=\"gallery-item col-sm-6 col-lg-4\">\r\n                    \r\n                        <img decoding=\"async\" src=\"https:\/\/www.emidav.com\/wp-content\/uploads\/2025\/06\/673412904477155010-380x282-1-300x215.jpg\" alt=\"\" class=\"img-fluid\">\r\n\t\t\t\t\t\t\t\t\r\n                    \r\n            <\/div>\r\n            <div class=\"gallery-item col-sm-6 col-lg-4\">\r\n                    \r\n                        <img decoding=\"async\" src=\"https:\/\/www.emidav.com\/wp-content\/uploads\/2025\/06\/802815452103133839-380x207-1-300x207.jpg\" alt=\"\" class=\"img-fluid\">\r\n\t\t\t\t\t\t\t\t\r\n                    \r\n            <\/div><\/div>\n","protected":false},"excerpt":{"rendered":"<p>Etan\u0219\u0103rile mecanice Fluiten sunt utilizate \u00een principal \u00een industria chimic\u0103, industria petrolier\u0103 \u0219i sectorul energetic, dar sunt prezente \u0219i \u00een industria farmaceutic\u0103, alimentar\u0103 \u0219i naval\u0103. Gama include etan\u0219\u0103ri mecanice interne \u0219i externe: unidirec\u021bionale cu arc simplu, bidirec\u021bionale cu arcuri multiple, cu arc protejat, cu burduf metalic (bellows), simple, duble \u0219i \u00een variant\u0103 cartu\u0219 (cartridge). Tehnologia [&hellip;]<\/p>\n","protected":false},"author":1,"featured_media":1612,"parent":267,"menu_order":78,"comment_status":"closed","ping_status":"closed","template":"","meta":{"footnotes":""},"categories":[],"class_list":["post-277","page","type-page","status-publish","has-post-thumbnail","hentry"],"yoast_head":"<!-- This site is optimized with the Yoast SEO plugin v25.9 - https:\/\/yoast.com\/wordpress\/plugins\/seo\/ -->\n<title>Etan\u0219\u0103ri Mecanice: Eagleburgmann, Fluiten, Liquiblok | Emidav<\/title>\n<meta name=\"description\" content=\"Distribuitor oficial pentru m\u0103rcile Eagleburgmann, Fluiten \u0219i Liquiblok. Oferim etan\u0219\u0103ri tip cartu\u0219, cu burduf metalic \u0219i etan\u0219\u0103ri cu gaz pentru industrie.\" \/>\n<meta name=\"robots\" content=\"index, follow, max-snippet:-1, max-image-preview:large, max-video-preview:-1\" \/>\n<link rel=\"canonical\" href=\"https:\/\/www.emidav.com\/ro\/produse\/garnituri-mecanice\/eagleburgmann-fluiten-liquiblok\/\" \/>\n<meta property=\"og:locale\" content=\"ro_RO\" \/>\n<meta property=\"og:type\" content=\"article\" \/>\n<meta property=\"og:title\" content=\"Etan\u0219\u0103ri Mecanice: Eagleburgmann, Fluiten, Liquiblok | Emidav\" \/>\n<meta property=\"og:description\" content=\"Distribuitor oficial pentru m\u0103rcile Eagleburgmann, Fluiten \u0219i Liquiblok. Oferim etan\u0219\u0103ri tip cartu\u0219, cu burduf metalic \u0219i etan\u0219\u0103ri cu gaz pentru industrie.\" \/>\n<meta property=\"og:url\" content=\"https:\/\/www.emidav.com\/ro\/produse\/garnituri-mecanice\/eagleburgmann-fluiten-liquiblok\/\" \/>\n<meta property=\"og:site_name\" content=\"Emidav\" \/>\n<meta property=\"article:modified_time\" content=\"2025-07-08T14:41:49+00:00\" \/>\n<meta property=\"og:image\" content=\"https:\/\/www.emidav.com\/wp-content\/uploads\/2025\/07\/eagle.jpg\" \/>\n\t<meta property=\"og:image:width\" content=\"1920\" \/>\n\t<meta property=\"og:image:height\" content=\"1280\" \/>\n\t<meta property=\"og:image:type\" content=\"image\/jpeg\" \/>\n<meta name=\"twitter:card\" content=\"summary_large_image\" \/>\n<meta name=\"twitter:label1\" content=\"Timp estimat pentru citire\" \/>\n\t<meta name=\"twitter:data1\" content=\"2 minute\" \/>\n<script type=\"application\/ld+json\" class=\"yoast-schema-graph\">{\"@context\":\"https:\/\/schema.org\",\"@graph\":[{\"@type\":\"WebPage\",\"@id\":\"https:\/\/www.emidav.com\/ro\/produse\/garnituri-mecanice\/eagleburgmann-fluiten-liquiblok\/\",\"url\":\"https:\/\/www.emidav.com\/ro\/produse\/garnituri-mecanice\/eagleburgmann-fluiten-liquiblok\/\",\"name\":\"Etan\u0219\u0103ri Mecanice: Eagleburgmann, Fluiten, Liquiblok | Emidav\",\"isPartOf\":{\"@id\":\"https:\/\/www.emidav.com\/ro\/#website\"},\"primaryImageOfPage\":{\"@id\":\"https:\/\/www.emidav.com\/ro\/produse\/garnituri-mecanice\/eagleburgmann-fluiten-liquiblok\/#primaryimage\"},\"image\":{\"@id\":\"https:\/\/www.emidav.com\/ro\/produse\/garnituri-mecanice\/eagleburgmann-fluiten-liquiblok\/#primaryimage\"},\"thumbnailUrl\":\"https:\/\/www.emidav.com\/wp-content\/uploads\/2025\/07\/eagle.jpg\",\"datePublished\":\"2025-04-17T09:16:13+00:00\",\"dateModified\":\"2025-07-08T14:41:49+00:00\",\"description\":\"Distribuitor oficial pentru m\u0103rcile Eagleburgmann, Fluiten \u0219i Liquiblok. Oferim etan\u0219\u0103ri tip cartu\u0219, cu burduf metalic \u0219i etan\u0219\u0103ri cu gaz pentru industrie.\",\"breadcrumb\":{\"@id\":\"https:\/\/www.emidav.com\/ro\/produse\/garnituri-mecanice\/eagleburgmann-fluiten-liquiblok\/#breadcrumb\"},\"inLanguage\":\"ro-RO\",\"potentialAction\":[{\"@type\":\"ReadAction\",\"target\":[\"https:\/\/www.emidav.com\/ro\/produse\/garnituri-mecanice\/eagleburgmann-fluiten-liquiblok\/\"]}]},{\"@type\":\"ImageObject\",\"inLanguage\":\"ro-RO\",\"@id\":\"https:\/\/www.emidav.com\/ro\/produse\/garnituri-mecanice\/eagleburgmann-fluiten-liquiblok\/#primaryimage\",\"url\":\"https:\/\/www.emidav.com\/wp-content\/uploads\/2025\/07\/eagle.jpg\",\"contentUrl\":\"https:\/\/www.emidav.com\/wp-content\/uploads\/2025\/07\/eagle.jpg\",\"width\":1920,\"height\":1280},{\"@type\":\"BreadcrumbList\",\"@id\":\"https:\/\/www.emidav.com\/ro\/produse\/garnituri-mecanice\/eagleburgmann-fluiten-liquiblok\/#breadcrumb\",\"itemListElement\":[{\"@type\":\"ListItem\",\"position\":1,\"name\":\"Acas\u0103\",\"item\":\"https:\/\/www.emidav.com\/ro\/\"},{\"@type\":\"ListItem\",\"position\":2,\"name\":\"Produse\",\"item\":\"https:\/\/www.emidav.com\/ro\/produse\/\"},{\"@type\":\"ListItem\",\"position\":3,\"name\":\"Garnituri Mecanice\",\"item\":\"https:\/\/www.emidav.com\/ro\/produse\/garnituri-mecanice\/\"},{\"@type\":\"ListItem\",\"position\":4,\"name\":\"Eagleburgmann, Fluiten, Liquiblok\"}]},{\"@type\":\"WebSite\",\"@id\":\"https:\/\/www.emidav.com\/ro\/#website\",\"url\":\"https:\/\/www.emidav.com\/ro\/\",\"name\":\"Emidav Hungary\",\"description\":\"\",\"publisher\":{\"@id\":\"https:\/\/www.emidav.com\/ro\/#organization\"},\"alternateName\":\"Emidav\",\"potentialAction\":[{\"@type\":\"SearchAction\",\"target\":{\"@type\":\"EntryPoint\",\"urlTemplate\":\"https:\/\/www.emidav.com\/ro\/?s={search_term_string}\"},\"query-input\":{\"@type\":\"PropertyValueSpecification\",\"valueRequired\":true,\"valueName\":\"search_term_string\"}}],\"inLanguage\":\"ro-RO\"},{\"@type\":\"Organization\",\"@id\":\"https:\/\/www.emidav.com\/ro\/#organization\",\"name\":\"Emidav Hungary Kft.\",\"url\":\"https:\/\/www.emidav.com\/ro\/\",\"logo\":{\"@type\":\"ImageObject\",\"inLanguage\":\"ro-RO\",\"@id\":\"https:\/\/www.emidav.com\/ro\/#\/schema\/logo\/image\/\",\"url\":\"https:\/\/www.emidav.com\/wp-content\/uploads\/2025\/07\/emidav_logo.webp\",\"contentUrl\":\"https:\/\/www.emidav.com\/wp-content\/uploads\/2025\/07\/emidav_logo.webp\",\"width\":1490,\"height\":533,\"caption\":\"Emidav Hungary Kft.\"},\"image\":{\"@id\":\"https:\/\/www.emidav.com\/ro\/#\/schema\/logo\/image\/\"}}]}<\/script>\n<!-- \/ Yoast SEO plugin. -->","yoast_head_json":{"title":"Etan\u0219\u0103ri Mecanice: Eagleburgmann, Fluiten, Liquiblok | Emidav","description":"Distribuitor oficial pentru m\u0103rcile Eagleburgmann, Fluiten \u0219i Liquiblok. Oferim etan\u0219\u0103ri tip cartu\u0219, cu burduf metalic \u0219i etan\u0219\u0103ri cu gaz pentru industrie.","robots":{"index":"index","follow":"follow","max-snippet":"max-snippet:-1","max-image-preview":"max-image-preview:large","max-video-preview":"max-video-preview:-1"},"canonical":"https:\/\/www.emidav.com\/ro\/produse\/garnituri-mecanice\/eagleburgmann-fluiten-liquiblok\/","og_locale":"ro_RO","og_type":"article","og_title":"Etan\u0219\u0103ri Mecanice: Eagleburgmann, Fluiten, Liquiblok | Emidav","og_description":"Distribuitor oficial pentru m\u0103rcile Eagleburgmann, Fluiten \u0219i Liquiblok. Oferim etan\u0219\u0103ri tip cartu\u0219, cu burduf metalic \u0219i etan\u0219\u0103ri cu gaz pentru industrie.","og_url":"https:\/\/www.emidav.com\/ro\/produse\/garnituri-mecanice\/eagleburgmann-fluiten-liquiblok\/","og_site_name":"Emidav","article_modified_time":"2025-07-08T14:41:49+00:00","og_image":[{"width":1920,"height":1280,"url":"https:\/\/www.emidav.com\/wp-content\/uploads\/2025\/07\/eagle.jpg","type":"image\/jpeg"}],"twitter_card":"summary_large_image","twitter_misc":{"Timp estimat pentru citire":"2 minute"},"schema":{"@context":"https:\/\/schema.org","@graph":[{"@type":"WebPage","@id":"https:\/\/www.emidav.com\/ro\/produse\/garnituri-mecanice\/eagleburgmann-fluiten-liquiblok\/","url":"https:\/\/www.emidav.com\/ro\/produse\/garnituri-mecanice\/eagleburgmann-fluiten-liquiblok\/","name":"Etan\u0219\u0103ri Mecanice: Eagleburgmann, Fluiten, Liquiblok | Emidav","isPartOf":{"@id":"https:\/\/www.emidav.com\/ro\/#website"},"primaryImageOfPage":{"@id":"https:\/\/www.emidav.com\/ro\/produse\/garnituri-mecanice\/eagleburgmann-fluiten-liquiblok\/#primaryimage"},"image":{"@id":"https:\/\/www.emidav.com\/ro\/produse\/garnituri-mecanice\/eagleburgmann-fluiten-liquiblok\/#primaryimage"},"thumbnailUrl":"https:\/\/www.emidav.com\/wp-content\/uploads\/2025\/07\/eagle.jpg","datePublished":"2025-04-17T09:16:13+00:00","dateModified":"2025-07-08T14:41:49+00:00","description":"Distribuitor oficial pentru m\u0103rcile Eagleburgmann, Fluiten \u0219i Liquiblok. Oferim etan\u0219\u0103ri tip cartu\u0219, cu burduf metalic \u0219i etan\u0219\u0103ri cu gaz pentru industrie.","breadcrumb":{"@id":"https:\/\/www.emidav.com\/ro\/produse\/garnituri-mecanice\/eagleburgmann-fluiten-liquiblok\/#breadcrumb"},"inLanguage":"ro-RO","potentialAction":[{"@type":"ReadAction","target":["https:\/\/www.emidav.com\/ro\/produse\/garnituri-mecanice\/eagleburgmann-fluiten-liquiblok\/"]}]},{"@type":"ImageObject","inLanguage":"ro-RO","@id":"https:\/\/www.emidav.com\/ro\/produse\/garnituri-mecanice\/eagleburgmann-fluiten-liquiblok\/#primaryimage","url":"https:\/\/www.emidav.com\/wp-content\/uploads\/2025\/07\/eagle.jpg","contentUrl":"https:\/\/www.emidav.com\/wp-content\/uploads\/2025\/07\/eagle.jpg","width":1920,"height":1280},{"@type":"BreadcrumbList","@id":"https:\/\/www.emidav.com\/ro\/produse\/garnituri-mecanice\/eagleburgmann-fluiten-liquiblok\/#breadcrumb","itemListElement":[{"@type":"ListItem","position":1,"name":"Acas\u0103","item":"https:\/\/www.emidav.com\/ro\/"},{"@type":"ListItem","position":2,"name":"Produse","item":"https:\/\/www.emidav.com\/ro\/produse\/"},{"@type":"ListItem","position":3,"name":"Garnituri Mecanice","item":"https:\/\/www.emidav.com\/ro\/produse\/garnituri-mecanice\/"},{"@type":"ListItem","position":4,"name":"Eagleburgmann, Fluiten, Liquiblok"}]},{"@type":"WebSite","@id":"https:\/\/www.emidav.com\/ro\/#website","url":"https:\/\/www.emidav.com\/ro\/","name":"Emidav Hungary","description":"","publisher":{"@id":"https:\/\/www.emidav.com\/ro\/#organization"},"alternateName":"Emidav","potentialAction":[{"@type":"SearchAction","target":{"@type":"EntryPoint","urlTemplate":"https:\/\/www.emidav.com\/ro\/?s={search_term_string}"},"query-input":{"@type":"PropertyValueSpecification","valueRequired":true,"valueName":"search_term_string"}}],"inLanguage":"ro-RO"},{"@type":"Organization","@id":"https:\/\/www.emidav.com\/ro\/#organization","name":"Emidav Hungary Kft.","url":"https:\/\/www.emidav.com\/ro\/","logo":{"@type":"ImageObject","inLanguage":"ro-RO","@id":"https:\/\/www.emidav.com\/ro\/#\/schema\/logo\/image\/","url":"https:\/\/www.emidav.com\/wp-content\/uploads\/2025\/07\/emidav_logo.webp","contentUrl":"https:\/\/www.emidav.com\/wp-content\/uploads\/2025\/07\/emidav_logo.webp","width":1490,"height":533,"caption":"Emidav Hungary Kft."},"image":{"@id":"https:\/\/www.emidav.com\/ro\/#\/schema\/logo\/image\/"}}]}},"_links":{"self":[{"href":"https:\/\/www.emidav.com\/ro\/wp-json\/wp\/v2\/pages\/277","targetHints":{"allow":["GET"]}}],"collection":[{"href":"https:\/\/www.emidav.com\/ro\/wp-json\/wp\/v2\/pages"}],"about":[{"href":"https:\/\/www.emidav.com\/ro\/wp-json\/wp\/v2\/types\/page"}],"author":[{"embeddable":true,"href":"https:\/\/www.emidav.com\/ro\/wp-json\/wp\/v2\/users\/1"}],"replies":[{"embeddable":true,"href":"https:\/\/www.emidav.com\/ro\/wp-json\/wp\/v2\/comments?post=277"}],"version-history":[{"count":7,"href":"https:\/\/www.emidav.com\/ro\/wp-json\/wp\/v2\/pages\/277\/revisions"}],"predecessor-version":[{"id":1423,"href":"https:\/\/www.emidav.com\/ro\/wp-json\/wp\/v2\/pages\/277\/revisions\/1423"}],"up":[{"embeddable":true,"href":"https:\/\/www.emidav.com\/ro\/wp-json\/wp\/v2\/pages\/267"}],"wp:featuredmedia":[{"embeddable":true,"href":"https:\/\/www.emidav.com\/ro\/wp-json\/wp\/v2\/media\/1612"}],"wp:attachment":[{"href":"https:\/\/www.emidav.com\/ro\/wp-json\/wp\/v2\/media?parent=277"}],"wp:term":[{"taxonomy":"category","embeddable":true,"href":"https:\/\/www.emidav.com\/ro\/wp-json\/wp\/v2\/categories?post=277"}],"curies":[{"name":"wp","href":"https:\/\/api.w.org\/{rel}","templated":true}]}}