{"id":275,"date":"2025-04-17T08:55:15","date_gmt":"2025-04-17T08:55:15","guid":{"rendered":"https:\/\/www.emidav.com\/?page_id=275"},"modified":"2025-06-05T07:29:03","modified_gmt":"2025-06-05T07:29:03","slug":"vase-de-expansiune-hidrofor","status":"publish","type":"page","link":"https:\/\/www.emidav.com\/ro\/produse\/vase-de-expansiune-hidrofor\/","title":{"rendered":"Vase de Expansiune Hidrofor"},"content":{"rendered":"<p><span style=\"font-size: 18pt;\"><strong>Vase de Expansiune Hidrofor<\/strong><\/span><\/p>\n<p>Rezervoarele hidrofor sunt elemente indispensabile \u00een sistemele de alimentare cu ap\u0103 pentru uz casnic, asigur\u00e2nd o distribu\u021bie uniform\u0103 a presiunii apei \u0219i protej\u00e2nd pompa.<br \/>\nAcestea reduc num\u0103rul de porniri ale pompei, prelungind astfel durata de via\u021b\u0103 a echipamentului \u0219i contribuind la economisirea de energie.<br \/>\n\u00cen oferta noastr\u0103 ve\u021bi g\u0103si rezervoare hidrofor cu membran\u0103 din cauciuc, \u00eenchise ermetic, disponibile \u00een diverse dimensiuni \u0219i configura\u021bii \u2013 ideale at\u00e2t pentru aplica\u021bii domestice, c\u00e2t \u0219i pentru utiliz\u0103ri industriale de mici dimensiuni.<\/p>\n","protected":false},"excerpt":{"rendered":"<p>Vase de Expansiune Hidrofor Rezervoarele hidrofor sunt elemente indispensabile \u00een sistemele de alimentare cu ap\u0103 pentru uz casnic, asigur\u00e2nd o distribu\u021bie uniform\u0103 a presiunii apei \u0219i protej\u00e2nd pompa. Acestea reduc num\u0103rul de porniri ale pompei, prelungind astfel durata de via\u021b\u0103 a echipamentului \u0219i contribuind la economisirea de energie. \u00cen oferta noastr\u0103 ve\u021bi g\u0103si rezervoare hidrofor [&hellip;]<\/p>\n","protected":false},"author":1,"featured_media":0,"parent":259,"menu_order":81,"comment_status":"closed","ping_status":"closed","template":"","meta":{"footnotes":""},"categories":[],"class_list":["post-275","page","type-page","status-publish","hentry"],"yoast_head":"<!-- This site is optimized with the Yoast SEO plugin v25.9 - https:\/\/yoast.com\/wordpress\/plugins\/seo\/ -->\n<title>Vase de Expansiune Hidrofor | Emidav<\/title>\n<meta name=\"robots\" content=\"index, follow, max-snippet:-1, max-image-preview:large, max-video-preview:-1\" \/>\n<link rel=\"canonical\" href=\"https:\/\/www.emidav.com\/ro\/produse\/vase-de-expansiune-hidrofor\/\" \/>\n<meta property=\"og:locale\" content=\"ro_RO\" \/>\n<meta property=\"og:type\" content=\"article\" \/>\n<meta property=\"og:title\" content=\"Vase de Expansiune Hidrofor | Emidav\" \/>\n<meta property=\"og:description\" content=\"Vase de Expansiune Hidrofor Rezervoarele hidrofor sunt elemente indispensabile \u00een sistemele de alimentare cu ap\u0103 pentru uz casnic, asigur\u00e2nd o distribu\u021bie uniform\u0103 a presiunii apei \u0219i protej\u00e2nd pompa. Acestea reduc num\u0103rul de porniri ale pompei, prelungind astfel durata de via\u021b\u0103 a echipamentului \u0219i contribuind la economisirea de energie. \u00cen oferta noastr\u0103 ve\u021bi g\u0103si rezervoare hidrofor [&hellip;]\" \/>\n<meta property=\"og:url\" content=\"https:\/\/www.emidav.com\/ro\/produse\/vase-de-expansiune-hidrofor\/\" \/>\n<meta property=\"og:site_name\" content=\"Emidav\" \/>\n<meta property=\"article:modified_time\" content=\"2025-06-05T07:29:03+00:00\" \/>\n<meta property=\"og:image\" content=\"https:\/\/www.emidav.com\/wp-content\/uploads\/2025\/07\/emidav_site_image.webp\" \/>\n\t<meta property=\"og:image:width\" content=\"1200\" \/>\n\t<meta property=\"og:image:height\" content=\"675\" \/>\n\t<meta property=\"og:image:type\" content=\"image\/webp\" \/>\n<meta name=\"twitter:card\" content=\"summary_large_image\" \/>\n<meta name=\"twitter:label1\" content=\"Timp estimat pentru citire\" \/>\n\t<meta name=\"twitter:data1\" content=\"1 minut\" \/>\n<script type=\"application\/ld+json\" class=\"yoast-schema-graph\">{\"@context\":\"https:\/\/schema.org\",\"@graph\":[{\"@type\":\"WebPage\",\"@id\":\"https:\/\/www.emidav.com\/ro\/produse\/vase-de-expansiune-hidrofor\/\",\"url\":\"https:\/\/www.emidav.com\/ro\/produse\/vase-de-expansiune-hidrofor\/\",\"name\":\"Vase de Expansiune Hidrofor | Emidav\",\"isPartOf\":{\"@id\":\"https:\/\/www.emidav.com\/ro\/#website\"},\"datePublished\":\"2025-04-17T08:55:15+00:00\",\"dateModified\":\"2025-06-05T07:29:03+00:00\",\"breadcrumb\":{\"@id\":\"https:\/\/www.emidav.com\/ro\/produse\/vase-de-expansiune-hidrofor\/#breadcrumb\"},\"inLanguage\":\"ro-RO\",\"potentialAction\":[{\"@type\":\"ReadAction\",\"target\":[\"https:\/\/www.emidav.com\/ro\/produse\/vase-de-expansiune-hidrofor\/\"]}]},{\"@type\":\"BreadcrumbList\",\"@id\":\"https:\/\/www.emidav.com\/ro\/produse\/vase-de-expansiune-hidrofor\/#breadcrumb\",\"itemListElement\":[{\"@type\":\"ListItem\",\"position\":1,\"name\":\"Acas\u0103\",\"item\":\"https:\/\/www.emidav.com\/ro\/\"},{\"@type\":\"ListItem\",\"position\":2,\"name\":\"Produse\",\"item\":\"https:\/\/www.emidav.com\/ro\/produse\/\"},{\"@type\":\"ListItem\",\"position\":3,\"name\":\"Vase de Expansiune Hidrofor\"}]},{\"@type\":\"WebSite\",\"@id\":\"https:\/\/www.emidav.com\/ro\/#website\",\"url\":\"https:\/\/www.emidav.com\/ro\/\",\"name\":\"Emidav Hungary\",\"description\":\"\",\"publisher\":{\"@id\":\"https:\/\/www.emidav.com\/ro\/#organization\"},\"alternateName\":\"Emidav\",\"potentialAction\":[{\"@type\":\"SearchAction\",\"target\":{\"@type\":\"EntryPoint\",\"urlTemplate\":\"https:\/\/www.emidav.com\/ro\/?s={search_term_string}\"},\"query-input\":{\"@type\":\"PropertyValueSpecification\",\"valueRequired\":true,\"valueName\":\"search_term_string\"}}],\"inLanguage\":\"ro-RO\"},{\"@type\":\"Organization\",\"@id\":\"https:\/\/www.emidav.com\/ro\/#organization\",\"name\":\"Emidav Hungary Kft.\",\"url\":\"https:\/\/www.emidav.com\/ro\/\",\"logo\":{\"@type\":\"ImageObject\",\"inLanguage\":\"ro-RO\",\"@id\":\"https:\/\/www.emidav.com\/ro\/#\/schema\/logo\/image\/\",\"url\":\"https:\/\/www.emidav.com\/wp-content\/uploads\/2025\/07\/emidav_logo.webp\",\"contentUrl\":\"https:\/\/www.emidav.com\/wp-content\/uploads\/2025\/07\/emidav_logo.webp\",\"width\":1490,\"height\":533,\"caption\":\"Emidav Hungary Kft.\"},\"image\":{\"@id\":\"https:\/\/www.emidav.com\/ro\/#\/schema\/logo\/image\/\"}}]}<\/script>\n<!-- \/ Yoast SEO plugin. -->","yoast_head_json":{"title":"Vase de Expansiune Hidrofor | Emidav","robots":{"index":"index","follow":"follow","max-snippet":"max-snippet:-1","max-image-preview":"max-image-preview:large","max-video-preview":"max-video-preview:-1"},"canonical":"https:\/\/www.emidav.com\/ro\/produse\/vase-de-expansiune-hidrofor\/","og_locale":"ro_RO","og_type":"article","og_title":"Vase de Expansiune Hidrofor | Emidav","og_description":"Vase de Expansiune Hidrofor Rezervoarele hidrofor sunt elemente indispensabile \u00een sistemele de alimentare cu ap\u0103 pentru uz casnic, asigur\u00e2nd o distribu\u021bie uniform\u0103 a presiunii apei \u0219i protej\u00e2nd pompa. Acestea reduc num\u0103rul de porniri ale pompei, prelungind astfel durata de via\u021b\u0103 a echipamentului \u0219i contribuind la economisirea de energie. \u00cen oferta noastr\u0103 ve\u021bi g\u0103si rezervoare hidrofor [&hellip;]","og_url":"https:\/\/www.emidav.com\/ro\/produse\/vase-de-expansiune-hidrofor\/","og_site_name":"Emidav","article_modified_time":"2025-06-05T07:29:03+00:00","og_image":[{"width":1200,"height":675,"url":"https:\/\/www.emidav.com\/wp-content\/uploads\/2025\/07\/emidav_site_image.webp","type":"image\/webp"}],"twitter_card":"summary_large_image","twitter_misc":{"Timp estimat pentru citire":"1 minut"},"schema":{"@context":"https:\/\/schema.org","@graph":[{"@type":"WebPage","@id":"https:\/\/www.emidav.com\/ro\/produse\/vase-de-expansiune-hidrofor\/","url":"https:\/\/www.emidav.com\/ro\/produse\/vase-de-expansiune-hidrofor\/","name":"Vase de Expansiune Hidrofor | Emidav","isPartOf":{"@id":"https:\/\/www.emidav.com\/ro\/#website"},"datePublished":"2025-04-17T08:55:15+00:00","dateModified":"2025-06-05T07:29:03+00:00","breadcrumb":{"@id":"https:\/\/www.emidav.com\/ro\/produse\/vase-de-expansiune-hidrofor\/#breadcrumb"},"inLanguage":"ro-RO","potentialAction":[{"@type":"ReadAction","target":["https:\/\/www.emidav.com\/ro\/produse\/vase-de-expansiune-hidrofor\/"]}]},{"@type":"BreadcrumbList","@id":"https:\/\/www.emidav.com\/ro\/produse\/vase-de-expansiune-hidrofor\/#breadcrumb","itemListElement":[{"@type":"ListItem","position":1,"name":"Acas\u0103","item":"https:\/\/www.emidav.com\/ro\/"},{"@type":"ListItem","position":2,"name":"Produse","item":"https:\/\/www.emidav.com\/ro\/produse\/"},{"@type":"ListItem","position":3,"name":"Vase de Expansiune Hidrofor"}]},{"@type":"WebSite","@id":"https:\/\/www.emidav.com\/ro\/#website","url":"https:\/\/www.emidav.com\/ro\/","name":"Emidav Hungary","description":"","publisher":{"@id":"https:\/\/www.emidav.com\/ro\/#organization"},"alternateName":"Emidav","potentialAction":[{"@type":"SearchAction","target":{"@type":"EntryPoint","urlTemplate":"https:\/\/www.emidav.com\/ro\/?s={search_term_string}"},"query-input":{"@type":"PropertyValueSpecification","valueRequired":true,"valueName":"search_term_string"}}],"inLanguage":"ro-RO"},{"@type":"Organization","@id":"https:\/\/www.emidav.com\/ro\/#organization","name":"Emidav Hungary Kft.","url":"https:\/\/www.emidav.com\/ro\/","logo":{"@type":"ImageObject","inLanguage":"ro-RO","@id":"https:\/\/www.emidav.com\/ro\/#\/schema\/logo\/image\/","url":"https:\/\/www.emidav.com\/wp-content\/uploads\/2025\/07\/emidav_logo.webp","contentUrl":"https:\/\/www.emidav.com\/wp-content\/uploads\/2025\/07\/emidav_logo.webp","width":1490,"height":533,"caption":"Emidav Hungary Kft."},"image":{"@id":"https:\/\/www.emidav.com\/ro\/#\/schema\/logo\/image\/"}}]}},"_links":{"self":[{"href":"https:\/\/www.emidav.com\/ro\/wp-json\/wp\/v2\/pages\/275","targetHints":{"allow":["GET"]}}],"collection":[{"href":"https:\/\/www.emidav.com\/ro\/wp-json\/wp\/v2\/pages"}],"about":[{"href":"https:\/\/www.emidav.com\/ro\/wp-json\/wp\/v2\/types\/page"}],"author":[{"embeddable":true,"href":"https:\/\/www.emidav.com\/ro\/wp-json\/wp\/v2\/users\/1"}],"replies":[{"embeddable":true,"href":"https:\/\/www.emidav.com\/ro\/wp-json\/wp\/v2\/comments?post=275"}],"version-history":[{"count":2,"href":"https:\/\/www.emidav.com\/ro\/wp-json\/wp\/v2\/pages\/275\/revisions"}],"predecessor-version":[{"id":506,"href":"https:\/\/www.emidav.com\/ro\/wp-json\/wp\/v2\/pages\/275\/revisions\/506"}],"up":[{"embeddable":true,"href":"https:\/\/www.emidav.com\/ro\/wp-json\/wp\/v2\/pages\/259"}],"wp:attachment":[{"href":"https:\/\/www.emidav.com\/ro\/wp-json\/wp\/v2\/media?parent=275"}],"wp:term":[{"taxonomy":"category","embeddable":true,"href":"https:\/\/www.emidav.com\/ro\/wp-json\/wp\/v2\/categories?post=275"}],"curies":[{"name":"wp","href":"https:\/\/api.w.org\/{rel}","templated":true}]}}