{"id":265,"date":"2025-04-17T08:53:49","date_gmt":"2025-04-17T08:53:49","guid":{"rendered":"https:\/\/www.emidav.com\/?page_id=265"},"modified":"2025-07-08T13:48:33","modified_gmt":"2025-07-08T13:48:33","slug":"motoare-electrice-si-invertoare","status":"publish","type":"page","link":"https:\/\/www.emidav.com\/ro\/produse\/motoare-electrice-si-invertoare\/","title":{"rendered":"Motoare Electrice \u0219i Invertoare"},"content":{"rendered":"<p><span style=\"font-size: 18pt;\"><strong>Motoare Electrice<\/strong><\/span><\/p>\n<p>Motoarele electrice reprezint\u0103 solu\u021bii fiabile de ac\u021bionare pentru echipamentele moderne industriale \u0219i casnice. Sunt utilizate \u00eentr-o gam\u0103 larg\u0103 de aplica\u021bii: pentru ac\u021bionarea pompelor, ventilatoarelor, compresoarelor, ma\u0219inilor \u0219i altor echipamente. \u00cen oferta noastr\u0103 se reg\u0103sesc motoare cu diverse puteri, construc\u021bii \u0219i tensiuni, adaptate celor mai frecvente cerin\u021be de utilizare.<br \/>\nUn motor electric de calitate asigur\u0103 o durat\u0103 lung\u0103 de via\u021b\u0103, necesit\u0103 \u00eentre\u021binere redus\u0103 \u0219i ofer\u0103 func\u021bionare eficient\u0103 din punct de vedere energetic \u2013 contribuind astfel la o activitate fiabil\u0103 \u0219i eficient\u0103.<\/p>\n<p><strong><span style=\"font-size: 18pt;\">Invertoare<\/span><\/strong><\/p>\n<p>Invertoarele permit reglarea precis\u0103 a tura\u021biei motoarelor electrice, oferind astfel nu doar o func\u021bionare mai flexibil\u0103, ci \u0219i economii semnificative de energie. Utilizarea lor este deosebit de avantajoas\u0103 \u00een sistemele \u00een care este necesar controlul ac\u021bion\u0103rii \u00een condi\u021bii de sarcin\u0103 variabil\u0103 \u2013 cum ar fi pompele, ventilatoarele sau diverse utilaje.<br \/>\n\u00cen oferta noastr\u0103 se reg\u0103sesc invertoare fiabile, destinate at\u00e2t aplica\u021biilor industriale, c\u00e2t \u0219i celor generale, u\u0219or de integrat \u00een sistemele existente. Oferim suport tehnic pentru alegerea tipului potrivit \u0219i pentru punerea sa \u00een func\u021biune.<\/p>\n<ul>\n<li><a href=\"https:\/\/faet.it\/it\/prodotti\/motori-e-pompe\/motori-elettrici-inverter\/abb-smart-sensor\/smart-sensor-abb-e-accessori\/\" target=\"_blank\" rel=\"noopener\">Senzor inteligent ABB<\/a><\/li>\n<li><a href=\"https:\/\/faet.it\/en\/products\/pumps\/electric-motors-inverters\/three-phase-electric-motors\/\" target=\"_blank\" rel=\"noopener\">Sistem trifazat<\/a><\/li>\n<li><a href=\"https:\/\/faet.it\/en\/products\/pumps\/electric-motors-inverters\/single-phase-electric-motors-made-in-italy\/\" target=\"_blank\" rel=\"noopener\">Sistem monofazat<\/a><\/li>\n<li><a href=\"https:\/\/faet.it\/en\/products\/pumps\/electric-motors-inverters\/servofan-motor-and-fan-cover-kit\/\" target=\"_blank\" rel=\"noopener\">Kit ventilator servo<\/a><\/li>\n<li><a href=\"https:\/\/faet.it\/en\/products\/pumps\/electric-motors-inverters\/external-fan-group-wistro\/\" target=\"_blank\" rel=\"noopener\">Kit Wistro<\/a><\/li>\n<\/ul>\n<div class=\"gallery-imgs gal-764769 row\">\r\n            <div class=\"gallery-item col-sm-6 col-lg-4\">\r\n                    \r\n                        <img decoding=\"async\" src=\"https:\/\/www.emidav.com\/wp-content\/uploads\/2025\/06\/IMG_5881-300x215.jpeg\" alt=\"\" class=\"img-fluid\">\r\n\t\t\t\t\t\t\t\t\r\n                    \r\n            <\/div>\r\n            <div class=\"gallery-item col-sm-6 col-lg-4\">\r\n                    \r\n                        <img decoding=\"async\" src=\"https:\/\/www.emidav.com\/wp-content\/uploads\/2025\/06\/smart_sensor_for_motors_single-380x272-1-300x215.jpg\" alt=\"\" class=\"img-fluid\">\r\n\t\t\t\t\t\t\t\t\r\n                    \r\n            <\/div>\r\n            <div class=\"gallery-item col-sm-6 col-lg-4\">\r\n                    \r\n                        <img decoding=\"async\" src=\"https:\/\/www.emidav.com\/wp-content\/uploads\/2025\/06\/933612904484818828-380x233-1-300x215.jpg\" alt=\"\" class=\"img-fluid\">\r\n\t\t\t\t\t\t\t\t\r\n                    \r\n            <\/div><\/div>\n","protected":false},"excerpt":{"rendered":"<p>Motoarele electrice reprezint\u0103 solu\u021bii fiabile de ac\u021bionare pentru echipamentele moderne industriale \u0219i casnice. Sunt utilizate \u00eentr-o gam\u0103 larg\u0103 de aplica\u021bii: pentru ac\u021bionarea pompelor, ventilatoarelor, compresoarelor, ma\u0219inilor \u0219i altor echipamente. \u00cen oferta noastr\u0103 se reg\u0103sesc motoare cu diverse puteri, construc\u021bii \u0219i tensiuni, adaptate celor mai frecvente cerin\u021be de utilizare.<\/p>\n","protected":false},"author":1,"featured_media":1606,"parent":259,"menu_order":400,"comment_status":"closed","ping_status":"closed","template":"","meta":{"footnotes":""},"categories":[5],"class_list":["post-265","page","type-page","status-publish","has-post-thumbnail","hentry","category-kemelt-1-ro"],"yoast_head":"<!-- This site is optimized with the Yoast SEO plugin v25.9 - https:\/\/yoast.com\/wordpress\/plugins\/seo\/ -->\n<title>Motoare Electrice \u0219i Invertoare (Convertizoare de Frecven\u021b\u0103)<\/title>\n<meta name=\"description\" content=\"Gam\u0103 variat\u0103 de motoare electrice industriale \u0219i convertoare de frecven\u021b\u0103. Control precis al tura\u021biei, eficien\u021b\u0103 energetic\u0103 \u0219i suport tehnic.\" \/>\n<meta name=\"robots\" content=\"index, follow, max-snippet:-1, max-image-preview:large, max-video-preview:-1\" \/>\n<link rel=\"canonical\" href=\"https:\/\/www.emidav.com\/ro\/produse\/motoare-electrice-si-invertoare\/\" \/>\n<meta property=\"og:locale\" content=\"ro_RO\" \/>\n<meta property=\"og:type\" content=\"article\" \/>\n<meta property=\"og:title\" content=\"Motoare Electrice \u0219i Invertoare (Convertizoare de Frecven\u021b\u0103)\" \/>\n<meta property=\"og:description\" content=\"Gam\u0103 variat\u0103 de motoare electrice industriale \u0219i convertoare de frecven\u021b\u0103. Control precis al tura\u021biei, eficien\u021b\u0103 energetic\u0103 \u0219i suport tehnic.\" \/>\n<meta property=\"og:url\" content=\"https:\/\/www.emidav.com\/ro\/produse\/motoare-electrice-si-invertoare\/\" \/>\n<meta property=\"og:site_name\" content=\"Emidav\" \/>\n<meta property=\"article:modified_time\" content=\"2025-07-08T13:48:33+00:00\" \/>\n<meta property=\"og:image\" content=\"https:\/\/www.emidav.com\/wp-content\/uploads\/2025\/07\/villmotor.jpg\" \/>\n\t<meta property=\"og:image:width\" content=\"1920\" \/>\n\t<meta property=\"og:image:height\" content=\"1280\" \/>\n\t<meta property=\"og:image:type\" content=\"image\/jpeg\" \/>\n<meta name=\"twitter:card\" content=\"summary_large_image\" \/>\n<meta name=\"twitter:label1\" content=\"Timp estimat pentru citire\" \/>\n\t<meta name=\"twitter:data1\" content=\"2 minute\" \/>\n<script type=\"application\/ld+json\" class=\"yoast-schema-graph\">{\"@context\":\"https:\/\/schema.org\",\"@graph\":[{\"@type\":\"WebPage\",\"@id\":\"https:\/\/www.emidav.com\/ro\/produse\/motoare-electrice-si-invertoare\/\",\"url\":\"https:\/\/www.emidav.com\/ro\/produse\/motoare-electrice-si-invertoare\/\",\"name\":\"Motoare Electrice \u0219i Invertoare (Convertizoare de Frecven\u021b\u0103)\",\"isPartOf\":{\"@id\":\"https:\/\/www.emidav.com\/ro\/#website\"},\"primaryImageOfPage\":{\"@id\":\"https:\/\/www.emidav.com\/ro\/produse\/motoare-electrice-si-invertoare\/#primaryimage\"},\"image\":{\"@id\":\"https:\/\/www.emidav.com\/ro\/produse\/motoare-electrice-si-invertoare\/#primaryimage\"},\"thumbnailUrl\":\"https:\/\/www.emidav.com\/wp-content\/uploads\/2025\/07\/villmotor.jpg\",\"datePublished\":\"2025-04-17T08:53:49+00:00\",\"dateModified\":\"2025-07-08T13:48:33+00:00\",\"description\":\"Gam\u0103 variat\u0103 de motoare electrice industriale \u0219i convertoare de frecven\u021b\u0103. Control precis al tura\u021biei, eficien\u021b\u0103 energetic\u0103 \u0219i suport tehnic.\",\"breadcrumb\":{\"@id\":\"https:\/\/www.emidav.com\/ro\/produse\/motoare-electrice-si-invertoare\/#breadcrumb\"},\"inLanguage\":\"ro-RO\",\"potentialAction\":[{\"@type\":\"ReadAction\",\"target\":[\"https:\/\/www.emidav.com\/ro\/produse\/motoare-electrice-si-invertoare\/\"]}]},{\"@type\":\"ImageObject\",\"inLanguage\":\"ro-RO\",\"@id\":\"https:\/\/www.emidav.com\/ro\/produse\/motoare-electrice-si-invertoare\/#primaryimage\",\"url\":\"https:\/\/www.emidav.com\/wp-content\/uploads\/2025\/07\/villmotor.jpg\",\"contentUrl\":\"https:\/\/www.emidav.com\/wp-content\/uploads\/2025\/07\/villmotor.jpg\",\"width\":1920,\"height\":1280},{\"@type\":\"BreadcrumbList\",\"@id\":\"https:\/\/www.emidav.com\/ro\/produse\/motoare-electrice-si-invertoare\/#breadcrumb\",\"itemListElement\":[{\"@type\":\"ListItem\",\"position\":1,\"name\":\"Acas\u0103\",\"item\":\"https:\/\/www.emidav.com\/ro\/\"},{\"@type\":\"ListItem\",\"position\":2,\"name\":\"Produse\",\"item\":\"https:\/\/www.emidav.com\/ro\/produse\/\"},{\"@type\":\"ListItem\",\"position\":3,\"name\":\"Motoare Electrice \u0219i Invertoare\"}]},{\"@type\":\"WebSite\",\"@id\":\"https:\/\/www.emidav.com\/ro\/#website\",\"url\":\"https:\/\/www.emidav.com\/ro\/\",\"name\":\"Emidav Hungary\",\"description\":\"\",\"publisher\":{\"@id\":\"https:\/\/www.emidav.com\/ro\/#organization\"},\"alternateName\":\"Emidav\",\"potentialAction\":[{\"@type\":\"SearchAction\",\"target\":{\"@type\":\"EntryPoint\",\"urlTemplate\":\"https:\/\/www.emidav.com\/ro\/?s={search_term_string}\"},\"query-input\":{\"@type\":\"PropertyValueSpecification\",\"valueRequired\":true,\"valueName\":\"search_term_string\"}}],\"inLanguage\":\"ro-RO\"},{\"@type\":\"Organization\",\"@id\":\"https:\/\/www.emidav.com\/ro\/#organization\",\"name\":\"Emidav Hungary Kft.\",\"url\":\"https:\/\/www.emidav.com\/ro\/\",\"logo\":{\"@type\":\"ImageObject\",\"inLanguage\":\"ro-RO\",\"@id\":\"https:\/\/www.emidav.com\/ro\/#\/schema\/logo\/image\/\",\"url\":\"https:\/\/www.emidav.com\/wp-content\/uploads\/2025\/07\/emidav_logo.webp\",\"contentUrl\":\"https:\/\/www.emidav.com\/wp-content\/uploads\/2025\/07\/emidav_logo.webp\",\"width\":1490,\"height\":533,\"caption\":\"Emidav Hungary Kft.\"},\"image\":{\"@id\":\"https:\/\/www.emidav.com\/ro\/#\/schema\/logo\/image\/\"}}]}<\/script>\n<!-- \/ Yoast SEO plugin. -->","yoast_head_json":{"title":"Motoare Electrice \u0219i Invertoare (Convertizoare de Frecven\u021b\u0103)","description":"Gam\u0103 variat\u0103 de motoare electrice industriale \u0219i convertoare de frecven\u021b\u0103. Control precis al tura\u021biei, eficien\u021b\u0103 energetic\u0103 \u0219i suport tehnic.","robots":{"index":"index","follow":"follow","max-snippet":"max-snippet:-1","max-image-preview":"max-image-preview:large","max-video-preview":"max-video-preview:-1"},"canonical":"https:\/\/www.emidav.com\/ro\/produse\/motoare-electrice-si-invertoare\/","og_locale":"ro_RO","og_type":"article","og_title":"Motoare Electrice \u0219i Invertoare (Convertizoare de Frecven\u021b\u0103)","og_description":"Gam\u0103 variat\u0103 de motoare electrice industriale \u0219i convertoare de frecven\u021b\u0103. Control precis al tura\u021biei, eficien\u021b\u0103 energetic\u0103 \u0219i suport tehnic.","og_url":"https:\/\/www.emidav.com\/ro\/produse\/motoare-electrice-si-invertoare\/","og_site_name":"Emidav","article_modified_time":"2025-07-08T13:48:33+00:00","og_image":[{"width":1920,"height":1280,"url":"https:\/\/www.emidav.com\/wp-content\/uploads\/2025\/07\/villmotor.jpg","type":"image\/jpeg"}],"twitter_card":"summary_large_image","twitter_misc":{"Timp estimat pentru citire":"2 minute"},"schema":{"@context":"https:\/\/schema.org","@graph":[{"@type":"WebPage","@id":"https:\/\/www.emidav.com\/ro\/produse\/motoare-electrice-si-invertoare\/","url":"https:\/\/www.emidav.com\/ro\/produse\/motoare-electrice-si-invertoare\/","name":"Motoare Electrice \u0219i Invertoare (Convertizoare de Frecven\u021b\u0103)","isPartOf":{"@id":"https:\/\/www.emidav.com\/ro\/#website"},"primaryImageOfPage":{"@id":"https:\/\/www.emidav.com\/ro\/produse\/motoare-electrice-si-invertoare\/#primaryimage"},"image":{"@id":"https:\/\/www.emidav.com\/ro\/produse\/motoare-electrice-si-invertoare\/#primaryimage"},"thumbnailUrl":"https:\/\/www.emidav.com\/wp-content\/uploads\/2025\/07\/villmotor.jpg","datePublished":"2025-04-17T08:53:49+00:00","dateModified":"2025-07-08T13:48:33+00:00","description":"Gam\u0103 variat\u0103 de motoare electrice industriale \u0219i convertoare de frecven\u021b\u0103. Control precis al tura\u021biei, eficien\u021b\u0103 energetic\u0103 \u0219i suport tehnic.","breadcrumb":{"@id":"https:\/\/www.emidav.com\/ro\/produse\/motoare-electrice-si-invertoare\/#breadcrumb"},"inLanguage":"ro-RO","potentialAction":[{"@type":"ReadAction","target":["https:\/\/www.emidav.com\/ro\/produse\/motoare-electrice-si-invertoare\/"]}]},{"@type":"ImageObject","inLanguage":"ro-RO","@id":"https:\/\/www.emidav.com\/ro\/produse\/motoare-electrice-si-invertoare\/#primaryimage","url":"https:\/\/www.emidav.com\/wp-content\/uploads\/2025\/07\/villmotor.jpg","contentUrl":"https:\/\/www.emidav.com\/wp-content\/uploads\/2025\/07\/villmotor.jpg","width":1920,"height":1280},{"@type":"BreadcrumbList","@id":"https:\/\/www.emidav.com\/ro\/produse\/motoare-electrice-si-invertoare\/#breadcrumb","itemListElement":[{"@type":"ListItem","position":1,"name":"Acas\u0103","item":"https:\/\/www.emidav.com\/ro\/"},{"@type":"ListItem","position":2,"name":"Produse","item":"https:\/\/www.emidav.com\/ro\/produse\/"},{"@type":"ListItem","position":3,"name":"Motoare Electrice \u0219i Invertoare"}]},{"@type":"WebSite","@id":"https:\/\/www.emidav.com\/ro\/#website","url":"https:\/\/www.emidav.com\/ro\/","name":"Emidav Hungary","description":"","publisher":{"@id":"https:\/\/www.emidav.com\/ro\/#organization"},"alternateName":"Emidav","potentialAction":[{"@type":"SearchAction","target":{"@type":"EntryPoint","urlTemplate":"https:\/\/www.emidav.com\/ro\/?s={search_term_string}"},"query-input":{"@type":"PropertyValueSpecification","valueRequired":true,"valueName":"search_term_string"}}],"inLanguage":"ro-RO"},{"@type":"Organization","@id":"https:\/\/www.emidav.com\/ro\/#organization","name":"Emidav Hungary Kft.","url":"https:\/\/www.emidav.com\/ro\/","logo":{"@type":"ImageObject","inLanguage":"ro-RO","@id":"https:\/\/www.emidav.com\/ro\/#\/schema\/logo\/image\/","url":"https:\/\/www.emidav.com\/wp-content\/uploads\/2025\/07\/emidav_logo.webp","contentUrl":"https:\/\/www.emidav.com\/wp-content\/uploads\/2025\/07\/emidav_logo.webp","width":1490,"height":533,"caption":"Emidav Hungary Kft."},"image":{"@id":"https:\/\/www.emidav.com\/ro\/#\/schema\/logo\/image\/"}}]}},"_links":{"self":[{"href":"https:\/\/www.emidav.com\/ro\/wp-json\/wp\/v2\/pages\/265","targetHints":{"allow":["GET"]}}],"collection":[{"href":"https:\/\/www.emidav.com\/ro\/wp-json\/wp\/v2\/pages"}],"about":[{"href":"https:\/\/www.emidav.com\/ro\/wp-json\/wp\/v2\/types\/page"}],"author":[{"embeddable":true,"href":"https:\/\/www.emidav.com\/ro\/wp-json\/wp\/v2\/users\/1"}],"replies":[{"embeddable":true,"href":"https:\/\/www.emidav.com\/ro\/wp-json\/wp\/v2\/comments?post=265"}],"version-history":[{"count":6,"href":"https:\/\/www.emidav.com\/ro\/wp-json\/wp\/v2\/pages\/265\/revisions"}],"predecessor-version":[{"id":1034,"href":"https:\/\/www.emidav.com\/ro\/wp-json\/wp\/v2\/pages\/265\/revisions\/1034"}],"up":[{"embeddable":true,"href":"https:\/\/www.emidav.com\/ro\/wp-json\/wp\/v2\/pages\/259"}],"wp:featuredmedia":[{"embeddable":true,"href":"https:\/\/www.emidav.com\/ro\/wp-json\/wp\/v2\/media\/1606"}],"wp:attachment":[{"href":"https:\/\/www.emidav.com\/ro\/wp-json\/wp\/v2\/media?parent=265"}],"wp:term":[{"taxonomy":"category","embeddable":true,"href":"https:\/\/www.emidav.com\/ro\/wp-json\/wp\/v2\/categories?post=265"}],"curies":[{"name":"wp","href":"https:\/\/api.w.org\/{rel}","templated":true}]}}