{"id":263,"date":"2025-04-17T08:53:34","date_gmt":"2025-04-17T08:53:34","guid":{"rendered":"https:\/\/www.emidav.com\/?page_id=263"},"modified":"2025-07-08T13:28:34","modified_gmt":"2025-07-08T13:28:34","slug":"ventilatoare","status":"publish","type":"page","link":"https:\/\/www.emidav.com\/ro\/produse\/ventilatoare\/","title":{"rendered":"Ventilatoare"},"content":{"rendered":"<p><span style=\"font-size: 18pt;\"><strong>Ventilatoare Axiale, Centrifugale, Tangentiale \u0219i de Acoperi\u0219, Ventilo-convectoare<\/strong><\/span><\/p>\n<p data-start=\"92\" data-end=\"440\">Ventilatoarele joac\u0103 un rol esen\u021bial \u00een func\u021bionarea eficient\u0103 a sistemelor de ventila\u021bie, fie c\u0103 este vorba despre r\u0103cire, aerisire sau schimb de aer. Gama noastr\u0103 include ventilatoare axiale, centrifugale, tangentiale \u0219i de acoperi\u0219, precum \u0219i convectoare cu ventilator \u2013 potrivite at\u00e2t pentru uz reziden\u021bial, c\u00e2t \u0219i industrial sau comercial.<br \/>\nDiferitele tipuri de ventilatoare ofer\u0103 solu\u021bii optime pentru cerin\u021be variate de debit de aer \u0219i condi\u021bii de instalare. Produsele noastre asigur\u0103 o func\u021bionare fiabil\u0103, un nivel redus de zgomot \u0219i o durat\u0103 de via\u021b\u0103 \u00eendelungat\u0103 \u2013 pentru o ventila\u021bie de calitate.<\/p>\n<ul>\n<li><a href=\"https:\/\/faet.it\/en\/products\/motors-and-fans\/ventilation-air-conditioning-extraction\/pentavalent-motors-shaded-pole-accessories\/\" target=\"_blank\" rel=\"noopener\">Motoare pentavalente cu poli umbri\u021bi<\/a><\/li>\n<li><a href=\"https:\/\/faet.it\/en\/products\/motors-and-fans\/ventilation-air-conditioning-extraction\/motori-per-aspirapolvere-en\/\" target=\"_blank\" rel=\"noopener\">Motoare pentru aspiratoare<\/a><\/li>\n<li><a href=\"https:\/\/faet.it\/en\/products\/motors-and-fans\/ventilation-air-conditioning-extraction\/duct-fans\/\" target=\"_blank\" rel=\"noopener\">Ventilatoare de canal<\/a><\/li>\n<li><a href=\"https:\/\/faet.it\/en\/products\/motors-and-fans\/ventilation-air-conditioning-extraction\/spare-motors-for-convection-fans\/\" target=\"_blank\" rel=\"noopener\">Componente pentru motoare de ventilo-convectoare<\/a><\/li>\n<li><a href=\"https:\/\/faet.it\/en\/products\/motors-and-fans\/ventilation-air-conditioning-extraction\/extraction-towers\/\" target=\"_blank\" rel=\"noopener\">Ventilatoare de acoperi\u0219<\/a><\/li>\n<li><a href=\"https:\/\/faet.it\/en\/products\/motors-and-fans\/ventilation-air-conditioning-extraction\/ventilating-boxes\/\" target=\"_blank\" rel=\"noopener\">Cutii de ventila\u021bie \/ unit\u0103\u021bi de evacuare<\/a><\/li>\n<li><a href=\"https:\/\/faet.it\/en\/products\/motors-and-fans\/ventilation-air-conditioning-extraction\/electric-fans-for-unit-heaters\/\" target=\"_blank\" rel=\"noopener\">Ventilatoare pentru generatoare de aer cald<\/a><\/li>\n<li><a href=\"https:\/\/faet.it\/en\/products\/motors-and-fans\/ventilation-air-conditioning-extraction\/radial-fans\/\" target=\"_blank\" rel=\"noopener\">Ventilatoare radiale (centrifugale)<\/a><\/li>\n<li><a href=\"https:\/\/faet.it\/en\/products\/motors-and-fans\/ventilation-air-conditioning-extraction\/electric-regulators\/\" target=\"_blank\" rel=\"noopener\">Regulatoare electrice<\/a><\/li>\n<li><a href=\"https:\/\/faet.it\/en\/products\/motors-and-fans\/ventilation-air-conditioning-extraction\/axial-fans\/\" target=\"_blank\" rel=\"noopener\">Ventilatoare axiale<\/a><\/li>\n<li><a href=\"https:\/\/faet.it\/en\/products\/motors-and-fans\/ventilation-air-conditioning-extraction\/mono-suction-centrifugal-fans\/\" target=\"_blank\" rel=\"noopener\">Ventilatoare centrifugale cu aspira\u021bie unic\u0103<\/a><\/li>\n<li><a href=\"https:\/\/faet.it\/en\/products\/motors-and-fans\/ventilation-air-conditioning-extraction\/destratifier\/\" target=\"_blank\" rel=\"noopener\">Ventilatoare de desp\u0103r\u021bire a stratului de aer<\/a><\/li>\n<li><a href=\"https:\/\/faet.it\/en\/products\/motors-and-fans\/ventilation-air-conditioning-extraction\/helical-fans\/\" target=\"_blank\" rel=\"noopener\">Ventilatoare helicoidale (cu pale r\u0103sucite)<\/a><\/li>\n<li><a href=\"https:\/\/faet.it\/en\/products\/motors-and-fans\/ventilation-air-conditioning-extraction\/double-suction-centrifugal-fans\/\" target=\"_blank\" rel=\"noopener\">Ventilatoare centrifugale cu dubl\u0103 aspira\u021bie<\/a><\/li>\n<li><a href=\"https:\/\/faet.it\/en\/products\/motors-and-fans\/ventilation-air-conditioning-extraction\/strumentazione-per-ventilazione-en\/\" target=\"_blank\" rel=\"noopener\">Instrumente \u0219i echipamente pentru ventila\u021bie<\/a><\/li>\n<li><a href=\"https:\/\/faet.it\/en\/products\/motors-and-fans\/ventilation-air-conditioning-extraction\/motors-for-dust-liquid-vacuum-cleaners\/\" target=\"_blank\" rel=\"noopener\">Motoare pentru aspirare praf \/ lichide<\/a><\/li>\n<li><a href=\"https:\/\/faet.it\/en\/products\/motors-and-fans\/ventilation-air-conditioning-extraction\/tangential-fans\/\" target=\"_blank\" rel=\"noopener\">Ventilatoare tangentiale<\/a><\/li>\n<li><a href=\"https:\/\/faet.it\/en\/products\/motors-and-fans\/ventilation-air-conditioning-extraction\/soffianti-en\/\" target=\"_blank\" rel=\"noopener\">Suflante \/ ma\u0219ini de suflat<\/a><\/li>\n<\/ul>\n<div class=\"gallery-imgs gal-737743 row\">\r\n            <div class=\"gallery-item col-sm-6 col-lg-4\">\r\n                    \r\n                        <img decoding=\"async\" src=\"https:\/\/www.emidav.com\/wp-content\/uploads\/2025\/06\/IMG_5876-300x215.jpeg\" alt=\"\" class=\"img-fluid\">\r\n\t\t\t\t\t\t\t\t\r\n                    \r\n            <\/div>\r\n            <div class=\"gallery-item col-sm-6 col-lg-4\">\r\n                    \r\n                        <img decoding=\"async\" src=\"https:\/\/www.emidav.com\/wp-content\/uploads\/2025\/06\/IMG_5878-300x215.jpeg\" alt=\"\" class=\"img-fluid\">\r\n\t\t\t\t\t\t\t\t\r\n                    \r\n            <\/div>\r\n            <div class=\"gallery-item col-sm-6 col-lg-4\">\r\n                    \r\n                        <img decoding=\"async\" src=\"https:\/\/www.emidav.com\/wp-content\/uploads\/2025\/06\/IMG_5880-300x215.jpeg\" alt=\"\" class=\"img-fluid\">\r\n\t\t\t\t\t\t\t\t\r\n                    \r\n            <\/div><\/div>\n","protected":false},"excerpt":{"rendered":"<p>Ventilatoarele joac\u0103 un rol esen\u021bial \u00een func\u021bionarea eficient\u0103 a sistemelor de ventila\u021bie, fie c\u0103 este vorba despre r\u0103cire, aerisire sau schimb de aer. Gama noastr\u0103 include ventilatoare axiale, centrifugale, tangentiale \u0219i de acoperi\u0219, precum \u0219i convectoare cu ventilator \u2013 potrivite at\u00e2t pentru uz reziden\u021bial, c\u00e2t \u0219i industrial sau comercial.<\/p>\n","protected":false},"author":1,"featured_media":1597,"parent":259,"menu_order":300,"comment_status":"closed","ping_status":"closed","template":"","meta":{"footnotes":""},"categories":[5],"class_list":["post-263","page","type-page","status-publish","has-post-thumbnail","hentry","category-kemelt-1-ro"],"yoast_head":"<!-- This site is optimized with the Yoast SEO plugin v25.9 - https:\/\/yoast.com\/wordpress\/plugins\/seo\/ -->\n<title>Ventilatoare Axiale, Centrifugale \u0219i de Acoperi\u0219 | Emidav Kft.<\/title>\n<meta name=\"description\" content=\"Ob\u021bine\u021bi o ventila\u021bie eficient\u0103 cu ventilatoarele noastre performante. Proiectate pentru zgomot redus, fiabilitate \u0219i durat\u0103 lung\u0103 de via\u021b\u0103. Gam\u0103 variat\u0103.\" \/>\n<meta name=\"robots\" content=\"index, follow, max-snippet:-1, max-image-preview:large, max-video-preview:-1\" \/>\n<link rel=\"canonical\" href=\"https:\/\/www.emidav.com\/ro\/produse\/ventilatoare\/\" \/>\n<meta property=\"og:locale\" content=\"ro_RO\" \/>\n<meta property=\"og:type\" content=\"article\" \/>\n<meta property=\"og:title\" content=\"Ventilatoare Axiale, Centrifugale \u0219i de Acoperi\u0219 | Emidav Kft.\" \/>\n<meta property=\"og:description\" content=\"Ob\u021bine\u021bi o ventila\u021bie eficient\u0103 cu ventilatoarele noastre performante. Proiectate pentru zgomot redus, fiabilitate \u0219i durat\u0103 lung\u0103 de via\u021b\u0103. Gam\u0103 variat\u0103.\" \/>\n<meta property=\"og:url\" content=\"https:\/\/www.emidav.com\/ro\/produse\/ventilatoare\/\" \/>\n<meta property=\"og:site_name\" content=\"Emidav\" \/>\n<meta property=\"article:modified_time\" content=\"2025-07-08T13:28:34+00:00\" \/>\n<meta property=\"og:image\" content=\"https:\/\/www.emidav.com\/wp-content\/uploads\/2025\/07\/06634c90-5303-4992-a6b9-e755cb638aad-e1752211074368.jpg\" \/>\n\t<meta property=\"og:image:width\" content=\"1920\" \/>\n\t<meta property=\"og:image:height\" content=\"1920\" \/>\n\t<meta property=\"og:image:type\" content=\"image\/jpeg\" \/>\n<meta name=\"twitter:card\" content=\"summary_large_image\" \/>\n<meta name=\"twitter:label1\" content=\"Timp estimat pentru citire\" \/>\n\t<meta name=\"twitter:data1\" content=\"2 minute\" \/>\n<script type=\"application\/ld+json\" class=\"yoast-schema-graph\">{\"@context\":\"https:\/\/schema.org\",\"@graph\":[{\"@type\":\"WebPage\",\"@id\":\"https:\/\/www.emidav.com\/ro\/produse\/ventilatoare\/\",\"url\":\"https:\/\/www.emidav.com\/ro\/produse\/ventilatoare\/\",\"name\":\"Ventilatoare Axiale, Centrifugale \u0219i de Acoperi\u0219 | Emidav Kft.\",\"isPartOf\":{\"@id\":\"https:\/\/www.emidav.com\/ro\/#website\"},\"primaryImageOfPage\":{\"@id\":\"https:\/\/www.emidav.com\/ro\/produse\/ventilatoare\/#primaryimage\"},\"image\":{\"@id\":\"https:\/\/www.emidav.com\/ro\/produse\/ventilatoare\/#primaryimage\"},\"thumbnailUrl\":\"https:\/\/www.emidav.com\/wp-content\/uploads\/2025\/07\/06634c90-5303-4992-a6b9-e755cb638aad-e1752211074368.jpg\",\"datePublished\":\"2025-04-17T08:53:34+00:00\",\"dateModified\":\"2025-07-08T13:28:34+00:00\",\"description\":\"Ob\u021bine\u021bi o ventila\u021bie eficient\u0103 cu ventilatoarele noastre performante. Proiectate pentru zgomot redus, fiabilitate \u0219i durat\u0103 lung\u0103 de via\u021b\u0103. Gam\u0103 variat\u0103.\",\"breadcrumb\":{\"@id\":\"https:\/\/www.emidav.com\/ro\/produse\/ventilatoare\/#breadcrumb\"},\"inLanguage\":\"ro-RO\",\"potentialAction\":[{\"@type\":\"ReadAction\",\"target\":[\"https:\/\/www.emidav.com\/ro\/produse\/ventilatoare\/\"]}]},{\"@type\":\"ImageObject\",\"inLanguage\":\"ro-RO\",\"@id\":\"https:\/\/www.emidav.com\/ro\/produse\/ventilatoare\/#primaryimage\",\"url\":\"https:\/\/www.emidav.com\/wp-content\/uploads\/2025\/07\/06634c90-5303-4992-a6b9-e755cb638aad-e1752211074368.jpg\",\"contentUrl\":\"https:\/\/www.emidav.com\/wp-content\/uploads\/2025\/07\/06634c90-5303-4992-a6b9-e755cb638aad-e1752211074368.jpg\",\"width\":1920,\"height\":1920},{\"@type\":\"BreadcrumbList\",\"@id\":\"https:\/\/www.emidav.com\/ro\/produse\/ventilatoare\/#breadcrumb\",\"itemListElement\":[{\"@type\":\"ListItem\",\"position\":1,\"name\":\"Acas\u0103\",\"item\":\"https:\/\/www.emidav.com\/ro\/\"},{\"@type\":\"ListItem\",\"position\":2,\"name\":\"Produse\",\"item\":\"https:\/\/www.emidav.com\/ro\/produse\/\"},{\"@type\":\"ListItem\",\"position\":3,\"name\":\"Ventilatoare\"}]},{\"@type\":\"WebSite\",\"@id\":\"https:\/\/www.emidav.com\/ro\/#website\",\"url\":\"https:\/\/www.emidav.com\/ro\/\",\"name\":\"Emidav Hungary\",\"description\":\"\",\"publisher\":{\"@id\":\"https:\/\/www.emidav.com\/ro\/#organization\"},\"alternateName\":\"Emidav\",\"potentialAction\":[{\"@type\":\"SearchAction\",\"target\":{\"@type\":\"EntryPoint\",\"urlTemplate\":\"https:\/\/www.emidav.com\/ro\/?s={search_term_string}\"},\"query-input\":{\"@type\":\"PropertyValueSpecification\",\"valueRequired\":true,\"valueName\":\"search_term_string\"}}],\"inLanguage\":\"ro-RO\"},{\"@type\":\"Organization\",\"@id\":\"https:\/\/www.emidav.com\/ro\/#organization\",\"name\":\"Emidav Hungary Kft.\",\"url\":\"https:\/\/www.emidav.com\/ro\/\",\"logo\":{\"@type\":\"ImageObject\",\"inLanguage\":\"ro-RO\",\"@id\":\"https:\/\/www.emidav.com\/ro\/#\/schema\/logo\/image\/\",\"url\":\"https:\/\/www.emidav.com\/wp-content\/uploads\/2025\/07\/emidav_logo.webp\",\"contentUrl\":\"https:\/\/www.emidav.com\/wp-content\/uploads\/2025\/07\/emidav_logo.webp\",\"width\":1490,\"height\":533,\"caption\":\"Emidav Hungary Kft.\"},\"image\":{\"@id\":\"https:\/\/www.emidav.com\/ro\/#\/schema\/logo\/image\/\"}}]}<\/script>\n<!-- \/ Yoast SEO plugin. -->","yoast_head_json":{"title":"Ventilatoare Axiale, Centrifugale \u0219i de Acoperi\u0219 | Emidav Kft.","description":"Ob\u021bine\u021bi o ventila\u021bie eficient\u0103 cu ventilatoarele noastre performante. Proiectate pentru zgomot redus, fiabilitate \u0219i durat\u0103 lung\u0103 de via\u021b\u0103. Gam\u0103 variat\u0103.","robots":{"index":"index","follow":"follow","max-snippet":"max-snippet:-1","max-image-preview":"max-image-preview:large","max-video-preview":"max-video-preview:-1"},"canonical":"https:\/\/www.emidav.com\/ro\/produse\/ventilatoare\/","og_locale":"ro_RO","og_type":"article","og_title":"Ventilatoare Axiale, Centrifugale \u0219i de Acoperi\u0219 | Emidav Kft.","og_description":"Ob\u021bine\u021bi o ventila\u021bie eficient\u0103 cu ventilatoarele noastre performante. Proiectate pentru zgomot redus, fiabilitate \u0219i durat\u0103 lung\u0103 de via\u021b\u0103. Gam\u0103 variat\u0103.","og_url":"https:\/\/www.emidav.com\/ro\/produse\/ventilatoare\/","og_site_name":"Emidav","article_modified_time":"2025-07-08T13:28:34+00:00","og_image":[{"width":1920,"height":1920,"url":"https:\/\/www.emidav.com\/wp-content\/uploads\/2025\/07\/06634c90-5303-4992-a6b9-e755cb638aad-e1752211074368.jpg","type":"image\/jpeg"}],"twitter_card":"summary_large_image","twitter_misc":{"Timp estimat pentru citire":"2 minute"},"schema":{"@context":"https:\/\/schema.org","@graph":[{"@type":"WebPage","@id":"https:\/\/www.emidav.com\/ro\/produse\/ventilatoare\/","url":"https:\/\/www.emidav.com\/ro\/produse\/ventilatoare\/","name":"Ventilatoare Axiale, Centrifugale \u0219i de Acoperi\u0219 | Emidav Kft.","isPartOf":{"@id":"https:\/\/www.emidav.com\/ro\/#website"},"primaryImageOfPage":{"@id":"https:\/\/www.emidav.com\/ro\/produse\/ventilatoare\/#primaryimage"},"image":{"@id":"https:\/\/www.emidav.com\/ro\/produse\/ventilatoare\/#primaryimage"},"thumbnailUrl":"https:\/\/www.emidav.com\/wp-content\/uploads\/2025\/07\/06634c90-5303-4992-a6b9-e755cb638aad-e1752211074368.jpg","datePublished":"2025-04-17T08:53:34+00:00","dateModified":"2025-07-08T13:28:34+00:00","description":"Ob\u021bine\u021bi o ventila\u021bie eficient\u0103 cu ventilatoarele noastre performante. Proiectate pentru zgomot redus, fiabilitate \u0219i durat\u0103 lung\u0103 de via\u021b\u0103. Gam\u0103 variat\u0103.","breadcrumb":{"@id":"https:\/\/www.emidav.com\/ro\/produse\/ventilatoare\/#breadcrumb"},"inLanguage":"ro-RO","potentialAction":[{"@type":"ReadAction","target":["https:\/\/www.emidav.com\/ro\/produse\/ventilatoare\/"]}]},{"@type":"ImageObject","inLanguage":"ro-RO","@id":"https:\/\/www.emidav.com\/ro\/produse\/ventilatoare\/#primaryimage","url":"https:\/\/www.emidav.com\/wp-content\/uploads\/2025\/07\/06634c90-5303-4992-a6b9-e755cb638aad-e1752211074368.jpg","contentUrl":"https:\/\/www.emidav.com\/wp-content\/uploads\/2025\/07\/06634c90-5303-4992-a6b9-e755cb638aad-e1752211074368.jpg","width":1920,"height":1920},{"@type":"BreadcrumbList","@id":"https:\/\/www.emidav.com\/ro\/produse\/ventilatoare\/#breadcrumb","itemListElement":[{"@type":"ListItem","position":1,"name":"Acas\u0103","item":"https:\/\/www.emidav.com\/ro\/"},{"@type":"ListItem","position":2,"name":"Produse","item":"https:\/\/www.emidav.com\/ro\/produse\/"},{"@type":"ListItem","position":3,"name":"Ventilatoare"}]},{"@type":"WebSite","@id":"https:\/\/www.emidav.com\/ro\/#website","url":"https:\/\/www.emidav.com\/ro\/","name":"Emidav Hungary","description":"","publisher":{"@id":"https:\/\/www.emidav.com\/ro\/#organization"},"alternateName":"Emidav","potentialAction":[{"@type":"SearchAction","target":{"@type":"EntryPoint","urlTemplate":"https:\/\/www.emidav.com\/ro\/?s={search_term_string}"},"query-input":{"@type":"PropertyValueSpecification","valueRequired":true,"valueName":"search_term_string"}}],"inLanguage":"ro-RO"},{"@type":"Organization","@id":"https:\/\/www.emidav.com\/ro\/#organization","name":"Emidav Hungary Kft.","url":"https:\/\/www.emidav.com\/ro\/","logo":{"@type":"ImageObject","inLanguage":"ro-RO","@id":"https:\/\/www.emidav.com\/ro\/#\/schema\/logo\/image\/","url":"https:\/\/www.emidav.com\/wp-content\/uploads\/2025\/07\/emidav_logo.webp","contentUrl":"https:\/\/www.emidav.com\/wp-content\/uploads\/2025\/07\/emidav_logo.webp","width":1490,"height":533,"caption":"Emidav Hungary Kft."},"image":{"@id":"https:\/\/www.emidav.com\/ro\/#\/schema\/logo\/image\/"}}]}},"_links":{"self":[{"href":"https:\/\/www.emidav.com\/ro\/wp-json\/wp\/v2\/pages\/263","targetHints":{"allow":["GET"]}}],"collection":[{"href":"https:\/\/www.emidav.com\/ro\/wp-json\/wp\/v2\/pages"}],"about":[{"href":"https:\/\/www.emidav.com\/ro\/wp-json\/wp\/v2\/types\/page"}],"author":[{"embeddable":true,"href":"https:\/\/www.emidav.com\/ro\/wp-json\/wp\/v2\/users\/1"}],"replies":[{"embeddable":true,"href":"https:\/\/www.emidav.com\/ro\/wp-json\/wp\/v2\/comments?post=263"}],"version-history":[{"count":8,"href":"https:\/\/www.emidav.com\/ro\/wp-json\/wp\/v2\/pages\/263\/revisions"}],"predecessor-version":[{"id":1421,"href":"https:\/\/www.emidav.com\/ro\/wp-json\/wp\/v2\/pages\/263\/revisions\/1421"}],"up":[{"embeddable":true,"href":"https:\/\/www.emidav.com\/ro\/wp-json\/wp\/v2\/pages\/259"}],"wp:featuredmedia":[{"embeddable":true,"href":"https:\/\/www.emidav.com\/ro\/wp-json\/wp\/v2\/media\/1597"}],"wp:attachment":[{"href":"https:\/\/www.emidav.com\/ro\/wp-json\/wp\/v2\/media?parent=263"}],"wp:term":[{"taxonomy":"category","embeddable":true,"href":"https:\/\/www.emidav.com\/ro\/wp-json\/wp\/v2\/categories?post=263"}],"curies":[{"name":"wp","href":"https:\/\/api.w.org\/{rel}","templated":true}]}}