{"id":261,"date":"2025-04-17T08:53:23","date_gmt":"2025-04-17T08:53:23","guid":{"rendered":"https:\/\/www.emidav.com\/?page_id=261"},"modified":"2025-07-08T13:08:29","modified_gmt":"2025-07-08T13:08:29","slug":"pompe-electrice-si-accesorii","status":"publish","type":"page","link":"https:\/\/www.emidav.com\/ro\/produse\/pompe-electrice-si-accesorii\/","title":{"rendered":"Pompe Electrice \u0219i Accesorii"},"content":{"rendered":"<p>Pompele electrice ofer\u0103 o solu\u021bie fiabil\u0103 \u0219i eficient\u0103 pentru transportul lichidelor \u00eentr-o gam\u0103 larg\u0103 de aplica\u021bii, fie c\u0103 este vorba despre uz casnic, industrial sau agricol. Acestea se remarc\u0103 prin u\u0219urin\u021ba \u00een utilizare, func\u021bionarea economic\u0103 din punct de vedere energetic \u0219i durabilitatea ridicat\u0103. Gama noastr\u0103 include pompe centrifugale, autoamorsante, submersibile \u0219i hidrofoare, disponibile \u00een diferite clase de putere \u0219i intervale de presiune. Pompele electrice pe care le distribuim reprezint\u0103 o alegere ideal\u0103 chiar \u0219i pentru func\u021bionare continu\u0103, datorit\u0103 materialelor de calitate superioar\u0103 \u0219i designului modern. Oferim suport tehnic \u0219i piese de schimb pentru a ne sprijini partenerii at\u00e2t \u00een alegerea produsului potrivit, c\u00e2t \u0219i \u00een exploatarea acestuia.<\/p>\n<ul>\n<li><a href=\"https:\/\/faet.it\/en\/products\/pumps\/electric-pumps-and-accessories\/pedrollo-electric-pumps\/\" target=\"_blank\" rel=\"noopener\">PEDROLLO<\/a><\/li>\n<li><a href=\"https:\/\/faet.it\/en\/products\/pumps\/electric-pumps-and-accessories\/sacemi-electric-pumps\/\" target=\"_blank\" rel=\"noopener\">SACEMI<\/a><\/li>\n<li><a href=\"https:\/\/faet.it\/en\/products\/pumps\/electric-pumps-and-accessories\/accessories-pressure-switches-and-floating-switches\/\" target=\"_blank\" rel=\"noopener\">Accesorii, presostate \u0219i comutatoare cu plutitor<\/a><\/li>\n<li><a href=\"https:\/\/faet.it\/en\/products\/pumps\/electric-pumps-and-accessories\/sauermann-pumps\/\" target=\"_blank\" rel=\"noopener\">SAUERMANN<\/a><\/li>\n<li><a href=\"https:\/\/faet.it\/en\/products\/pumps\/electric-pumps-and-accessories\/gvr-gear-pumps\/\" target=\"_blank\" rel=\"noopener\">Ac\u021bion\u0103ri cu ro\u021bi din\u021bate tip GVR<\/a><\/li>\n<\/ul>\n<div class=\"gallery-imgs gal-718703 row\">\r\n            <div class=\"gallery-item col-sm-6 col-lg-4\">\r\n                    \r\n                        <img decoding=\"async\" src=\"https:\/\/www.emidav.com\/wp-content\/uploads\/2025\/06\/IMG_5864-300x215.jpeg\" alt=\"\" class=\"img-fluid\">\r\n\t\t\t\t\t\t\t\t\r\n                    \r\n            <\/div>\r\n            <div class=\"gallery-item col-sm-6 col-lg-4\">\r\n                    \r\n                        <img decoding=\"async\" src=\"https:\/\/www.emidav.com\/wp-content\/uploads\/2025\/06\/IMG_5861-300x215.jpeg\" alt=\"\" class=\"img-fluid\">\r\n\t\t\t\t\t\t\t\t\r\n                    \r\n            <\/div>\r\n            <div class=\"gallery-item col-sm-6 col-lg-4\">\r\n                    \r\n                        <img decoding=\"async\" src=\"https:\/\/www.emidav.com\/wp-content\/uploads\/2025\/06\/IMG_5860-300x215.jpeg\" alt=\"\" class=\"img-fluid\">\r\n\t\t\t\t\t\t\t\t\r\n                    \r\n            <\/div><\/div>\n","protected":false},"excerpt":{"rendered":"<p>Pompele electrice ofer\u0103 o solu\u021bie fiabil\u0103 \u0219i eficient\u0103 pentru transportul lichidelor \u00eentr-o gam\u0103 larg\u0103 de aplica\u021bii, fie c\u0103 este vorba despre uz casnic, industrial sau agricol. Acestea se remarc\u0103 prin u\u0219urin\u021ba \u00een utilizare, func\u021bionarea economic\u0103 din punct de vedere energetic \u0219i durabilitatea ridicat\u0103. Gama noastr\u0103 include pompe centrifugale, autoamorsante, submersibile \u0219i hidrofoare, disponibile \u00een diferite clase de putere \u0219i intervale de presiune.<\/p>\n","protected":false},"author":1,"featured_media":657,"parent":259,"menu_order":200,"comment_status":"closed","ping_status":"closed","template":"","meta":{"footnotes":""},"categories":[5],"class_list":["post-261","page","type-page","status-publish","has-post-thumbnail","hentry","category-kemelt-1-ro"],"yoast_head":"<!-- This site is optimized with the Yoast SEO plugin v25.9 - https:\/\/yoast.com\/wordpress\/plugins\/seo\/ -->\n<title>Pompe Electrice Fiabile | Uz Industrial, Agricol \u0219i Casnic<\/title>\n<meta name=\"description\" content=\"Gam\u0103 larg\u0103 de pompe electrice pentru uz casnic, industrial \u0219i agricol. G\u0103si\u021bi pompe submersibile, autoamorsante sau centrifuge. Calitate \u0219i fiabilitate.\" \/>\n<meta name=\"robots\" content=\"index, follow, max-snippet:-1, max-image-preview:large, max-video-preview:-1\" \/>\n<link rel=\"canonical\" href=\"https:\/\/www.emidav.com\/ro\/produse\/pompe-electrice-si-accesorii\/\" \/>\n<meta property=\"og:locale\" content=\"ro_RO\" \/>\n<meta property=\"og:type\" content=\"article\" \/>\n<meta property=\"og:title\" content=\"Pompe Electrice Fiabile | Uz Industrial, Agricol \u0219i Casnic\" \/>\n<meta property=\"og:description\" content=\"Gam\u0103 larg\u0103 de pompe electrice pentru uz casnic, industrial \u0219i agricol. G\u0103si\u021bi pompe submersibile, autoamorsante sau centrifuge. Calitate \u0219i fiabilitate.\" \/>\n<meta property=\"og:url\" content=\"https:\/\/www.emidav.com\/ro\/produse\/pompe-electrice-si-accesorii\/\" \/>\n<meta property=\"og:site_name\" content=\"Emidav\" \/>\n<meta property=\"article:modified_time\" content=\"2025-07-08T13:08:29+00:00\" \/>\n<meta property=\"og:image\" content=\"https:\/\/www.emidav.com\/wp-content\/uploads\/2025\/06\/IMG_5851-scaled.jpeg\" \/>\n\t<meta property=\"og:image:width\" content=\"2560\" \/>\n\t<meta property=\"og:image:height\" content=\"1920\" \/>\n\t<meta property=\"og:image:type\" content=\"image\/jpeg\" \/>\n<meta name=\"twitter:card\" content=\"summary_large_image\" \/>\n<meta name=\"twitter:label1\" content=\"Timp estimat pentru citire\" \/>\n\t<meta name=\"twitter:data1\" content=\"1 minut\" \/>\n<script type=\"application\/ld+json\" class=\"yoast-schema-graph\">{\"@context\":\"https:\/\/schema.org\",\"@graph\":[{\"@type\":\"WebPage\",\"@id\":\"https:\/\/www.emidav.com\/ro\/produse\/pompe-electrice-si-accesorii\/\",\"url\":\"https:\/\/www.emidav.com\/ro\/produse\/pompe-electrice-si-accesorii\/\",\"name\":\"Pompe Electrice Fiabile | Uz Industrial, Agricol \u0219i Casnic\",\"isPartOf\":{\"@id\":\"https:\/\/www.emidav.com\/ro\/#website\"},\"primaryImageOfPage\":{\"@id\":\"https:\/\/www.emidav.com\/ro\/produse\/pompe-electrice-si-accesorii\/#primaryimage\"},\"image\":{\"@id\":\"https:\/\/www.emidav.com\/ro\/produse\/pompe-electrice-si-accesorii\/#primaryimage\"},\"thumbnailUrl\":\"https:\/\/www.emidav.com\/wp-content\/uploads\/2025\/06\/IMG_5851-scaled.jpeg\",\"datePublished\":\"2025-04-17T08:53:23+00:00\",\"dateModified\":\"2025-07-08T13:08:29+00:00\",\"description\":\"Gam\u0103 larg\u0103 de pompe electrice pentru uz casnic, industrial \u0219i agricol. G\u0103si\u021bi pompe submersibile, autoamorsante sau centrifuge. Calitate \u0219i fiabilitate.\",\"breadcrumb\":{\"@id\":\"https:\/\/www.emidav.com\/ro\/produse\/pompe-electrice-si-accesorii\/#breadcrumb\"},\"inLanguage\":\"ro-RO\",\"potentialAction\":[{\"@type\":\"ReadAction\",\"target\":[\"https:\/\/www.emidav.com\/ro\/produse\/pompe-electrice-si-accesorii\/\"]}]},{\"@type\":\"ImageObject\",\"inLanguage\":\"ro-RO\",\"@id\":\"https:\/\/www.emidav.com\/ro\/produse\/pompe-electrice-si-accesorii\/#primaryimage\",\"url\":\"https:\/\/www.emidav.com\/wp-content\/uploads\/2025\/06\/IMG_5851-scaled.jpeg\",\"contentUrl\":\"https:\/\/www.emidav.com\/wp-content\/uploads\/2025\/06\/IMG_5851-scaled.jpeg\",\"width\":2560,\"height\":1920},{\"@type\":\"BreadcrumbList\",\"@id\":\"https:\/\/www.emidav.com\/ro\/produse\/pompe-electrice-si-accesorii\/#breadcrumb\",\"itemListElement\":[{\"@type\":\"ListItem\",\"position\":1,\"name\":\"Acas\u0103\",\"item\":\"https:\/\/www.emidav.com\/ro\/\"},{\"@type\":\"ListItem\",\"position\":2,\"name\":\"Produse\",\"item\":\"https:\/\/www.emidav.com\/ro\/produse\/\"},{\"@type\":\"ListItem\",\"position\":3,\"name\":\"Pompe Electrice \u0219i Accesorii\"}]},{\"@type\":\"WebSite\",\"@id\":\"https:\/\/www.emidav.com\/ro\/#website\",\"url\":\"https:\/\/www.emidav.com\/ro\/\",\"name\":\"Emidav Hungary\",\"description\":\"\",\"publisher\":{\"@id\":\"https:\/\/www.emidav.com\/ro\/#organization\"},\"alternateName\":\"Emidav\",\"potentialAction\":[{\"@type\":\"SearchAction\",\"target\":{\"@type\":\"EntryPoint\",\"urlTemplate\":\"https:\/\/www.emidav.com\/ro\/?s={search_term_string}\"},\"query-input\":{\"@type\":\"PropertyValueSpecification\",\"valueRequired\":true,\"valueName\":\"search_term_string\"}}],\"inLanguage\":\"ro-RO\"},{\"@type\":\"Organization\",\"@id\":\"https:\/\/www.emidav.com\/ro\/#organization\",\"name\":\"Emidav Hungary Kft.\",\"url\":\"https:\/\/www.emidav.com\/ro\/\",\"logo\":{\"@type\":\"ImageObject\",\"inLanguage\":\"ro-RO\",\"@id\":\"https:\/\/www.emidav.com\/ro\/#\/schema\/logo\/image\/\",\"url\":\"https:\/\/www.emidav.com\/wp-content\/uploads\/2025\/07\/emidav_logo.webp\",\"contentUrl\":\"https:\/\/www.emidav.com\/wp-content\/uploads\/2025\/07\/emidav_logo.webp\",\"width\":1490,\"height\":533,\"caption\":\"Emidav Hungary Kft.\"},\"image\":{\"@id\":\"https:\/\/www.emidav.com\/ro\/#\/schema\/logo\/image\/\"}}]}<\/script>\n<!-- \/ Yoast SEO plugin. -->","yoast_head_json":{"title":"Pompe Electrice Fiabile | Uz Industrial, Agricol \u0219i Casnic","description":"Gam\u0103 larg\u0103 de pompe electrice pentru uz casnic, industrial \u0219i agricol. G\u0103si\u021bi pompe submersibile, autoamorsante sau centrifuge. Calitate \u0219i fiabilitate.","robots":{"index":"index","follow":"follow","max-snippet":"max-snippet:-1","max-image-preview":"max-image-preview:large","max-video-preview":"max-video-preview:-1"},"canonical":"https:\/\/www.emidav.com\/ro\/produse\/pompe-electrice-si-accesorii\/","og_locale":"ro_RO","og_type":"article","og_title":"Pompe Electrice Fiabile | Uz Industrial, Agricol \u0219i Casnic","og_description":"Gam\u0103 larg\u0103 de pompe electrice pentru uz casnic, industrial \u0219i agricol. G\u0103si\u021bi pompe submersibile, autoamorsante sau centrifuge. Calitate \u0219i fiabilitate.","og_url":"https:\/\/www.emidav.com\/ro\/produse\/pompe-electrice-si-accesorii\/","og_site_name":"Emidav","article_modified_time":"2025-07-08T13:08:29+00:00","og_image":[{"width":2560,"height":1920,"url":"https:\/\/www.emidav.com\/wp-content\/uploads\/2025\/06\/IMG_5851-scaled.jpeg","type":"image\/jpeg"}],"twitter_card":"summary_large_image","twitter_misc":{"Timp estimat pentru citire":"1 minut"},"schema":{"@context":"https:\/\/schema.org","@graph":[{"@type":"WebPage","@id":"https:\/\/www.emidav.com\/ro\/produse\/pompe-electrice-si-accesorii\/","url":"https:\/\/www.emidav.com\/ro\/produse\/pompe-electrice-si-accesorii\/","name":"Pompe Electrice Fiabile | Uz Industrial, Agricol \u0219i Casnic","isPartOf":{"@id":"https:\/\/www.emidav.com\/ro\/#website"},"primaryImageOfPage":{"@id":"https:\/\/www.emidav.com\/ro\/produse\/pompe-electrice-si-accesorii\/#primaryimage"},"image":{"@id":"https:\/\/www.emidav.com\/ro\/produse\/pompe-electrice-si-accesorii\/#primaryimage"},"thumbnailUrl":"https:\/\/www.emidav.com\/wp-content\/uploads\/2025\/06\/IMG_5851-scaled.jpeg","datePublished":"2025-04-17T08:53:23+00:00","dateModified":"2025-07-08T13:08:29+00:00","description":"Gam\u0103 larg\u0103 de pompe electrice pentru uz casnic, industrial \u0219i agricol. G\u0103si\u021bi pompe submersibile, autoamorsante sau centrifuge. Calitate \u0219i fiabilitate.","breadcrumb":{"@id":"https:\/\/www.emidav.com\/ro\/produse\/pompe-electrice-si-accesorii\/#breadcrumb"},"inLanguage":"ro-RO","potentialAction":[{"@type":"ReadAction","target":["https:\/\/www.emidav.com\/ro\/produse\/pompe-electrice-si-accesorii\/"]}]},{"@type":"ImageObject","inLanguage":"ro-RO","@id":"https:\/\/www.emidav.com\/ro\/produse\/pompe-electrice-si-accesorii\/#primaryimage","url":"https:\/\/www.emidav.com\/wp-content\/uploads\/2025\/06\/IMG_5851-scaled.jpeg","contentUrl":"https:\/\/www.emidav.com\/wp-content\/uploads\/2025\/06\/IMG_5851-scaled.jpeg","width":2560,"height":1920},{"@type":"BreadcrumbList","@id":"https:\/\/www.emidav.com\/ro\/produse\/pompe-electrice-si-accesorii\/#breadcrumb","itemListElement":[{"@type":"ListItem","position":1,"name":"Acas\u0103","item":"https:\/\/www.emidav.com\/ro\/"},{"@type":"ListItem","position":2,"name":"Produse","item":"https:\/\/www.emidav.com\/ro\/produse\/"},{"@type":"ListItem","position":3,"name":"Pompe Electrice \u0219i Accesorii"}]},{"@type":"WebSite","@id":"https:\/\/www.emidav.com\/ro\/#website","url":"https:\/\/www.emidav.com\/ro\/","name":"Emidav Hungary","description":"","publisher":{"@id":"https:\/\/www.emidav.com\/ro\/#organization"},"alternateName":"Emidav","potentialAction":[{"@type":"SearchAction","target":{"@type":"EntryPoint","urlTemplate":"https:\/\/www.emidav.com\/ro\/?s={search_term_string}"},"query-input":{"@type":"PropertyValueSpecification","valueRequired":true,"valueName":"search_term_string"}}],"inLanguage":"ro-RO"},{"@type":"Organization","@id":"https:\/\/www.emidav.com\/ro\/#organization","name":"Emidav Hungary Kft.","url":"https:\/\/www.emidav.com\/ro\/","logo":{"@type":"ImageObject","inLanguage":"ro-RO","@id":"https:\/\/www.emidav.com\/ro\/#\/schema\/logo\/image\/","url":"https:\/\/www.emidav.com\/wp-content\/uploads\/2025\/07\/emidav_logo.webp","contentUrl":"https:\/\/www.emidav.com\/wp-content\/uploads\/2025\/07\/emidav_logo.webp","width":1490,"height":533,"caption":"Emidav Hungary Kft."},"image":{"@id":"https:\/\/www.emidav.com\/ro\/#\/schema\/logo\/image\/"}}]}},"_links":{"self":[{"href":"https:\/\/www.emidav.com\/ro\/wp-json\/wp\/v2\/pages\/261","targetHints":{"allow":["GET"]}}],"collection":[{"href":"https:\/\/www.emidav.com\/ro\/wp-json\/wp\/v2\/pages"}],"about":[{"href":"https:\/\/www.emidav.com\/ro\/wp-json\/wp\/v2\/types\/page"}],"author":[{"embeddable":true,"href":"https:\/\/www.emidav.com\/ro\/wp-json\/wp\/v2\/users\/1"}],"replies":[{"embeddable":true,"href":"https:\/\/www.emidav.com\/ro\/wp-json\/wp\/v2\/comments?post=261"}],"version-history":[{"count":7,"href":"https:\/\/www.emidav.com\/ro\/wp-json\/wp\/v2\/pages\/261\/revisions"}],"predecessor-version":[{"id":1420,"href":"https:\/\/www.emidav.com\/ro\/wp-json\/wp\/v2\/pages\/261\/revisions\/1420"}],"up":[{"embeddable":true,"href":"https:\/\/www.emidav.com\/ro\/wp-json\/wp\/v2\/pages\/259"}],"wp:featuredmedia":[{"embeddable":true,"href":"https:\/\/www.emidav.com\/ro\/wp-json\/wp\/v2\/media\/657"}],"wp:attachment":[{"href":"https:\/\/www.emidav.com\/ro\/wp-json\/wp\/v2\/media?parent=261"}],"wp:term":[{"taxonomy":"category","embeddable":true,"href":"https:\/\/www.emidav.com\/ro\/wp-json\/wp\/v2\/categories?post=261"}],"curies":[{"name":"wp","href":"https:\/\/api.w.org\/{rel}","templated":true}]}}