{"id":257,"date":"2025-04-17T08:53:06","date_gmt":"2025-04-17T08:53:06","guid":{"rendered":"https:\/\/www.emidav.com\/?page_id=257"},"modified":"2025-07-08T07:20:10","modified_gmt":"2025-07-08T07:20:10","slug":"conductoare-din-cupru","status":"publish","type":"page","link":"https:\/\/www.emidav.com\/ro\/produse\/conductoare-din-cupru\/","title":{"rendered":"Fire de Cupru \u0219i Aluminiu"},"content":{"rendered":"<p>Firele de cupru emailate sunt componente esen\u021biale pentru motoarele electrice, transformatoare \u0219i alte aplica\u021bii de bobinare.<br \/>\nDatorit\u0103 conductivit\u0103\u021bii electrice excelente, rezisten\u021bei termice \u0219i robuste\u021bei mecanice, asigur\u0103 o func\u021bionare fiabil\u0103 chiar \u0219i \u00een condi\u021bii solicitante.<br \/>\n\u00cen oferta noastr\u0103 se reg\u0103sesc fire de cupru de diferite diametre, conforme cu standardele industriale de calitate \u2013 fie c\u0103 este vorba despre repara\u021bii, produc\u021bie sau rebobinare.<\/p>\n","protected":false},"excerpt":{"rendered":"<p>Firele de cupru emailate sunt componente esen\u021biale pentru motoarele electrice, transformatoare \u0219i alte aplica\u021bii de bobinare.<br \/>\n\u00cen oferta noastr\u0103 se reg\u0103sesc fire de cupru de diferite diametre, conforme cu standardele industriale de calitate \u2013 fie c\u0103 este vorba despre repara\u021bii, produc\u021bie sau rebobinare.<\/p>\n","protected":false},"author":1,"featured_media":989,"parent":259,"menu_order":100,"comment_status":"closed","ping_status":"closed","template":"","meta":{"footnotes":""},"categories":[],"class_list":["post-257","page","type-page","status-publish","has-post-thumbnail","hentry"],"yoast_head":"<!-- This site is optimized with the Yoast SEO plugin v25.9 - https:\/\/yoast.com\/wordpress\/plugins\/seo\/ -->\n<title>Fire de Cupru \u0219i Aluminiu | Emidav<\/title>\n<meta name=\"robots\" content=\"index, follow, max-snippet:-1, max-image-preview:large, max-video-preview:-1\" \/>\n<link rel=\"canonical\" href=\"https:\/\/www.emidav.com\/ro\/produse\/conductoare-din-cupru\/\" \/>\n<meta property=\"og:locale\" content=\"ro_RO\" \/>\n<meta property=\"og:type\" content=\"article\" \/>\n<meta property=\"og:title\" content=\"Fire de Cupru \u0219i Aluminiu | Emidav\" \/>\n<meta property=\"og:description\" content=\"Firele de cupru emailate sunt componente esen\u021biale pentru motoarele electrice, transformatoare \u0219i alte aplica\u021bii de bobinare. \u00cen oferta noastr\u0103 se reg\u0103sesc fire de cupru de diferite diametre, conforme cu standardele industriale de calitate \u2013 fie c\u0103 este vorba despre repara\u021bii, produc\u021bie sau rebobinare.\" \/>\n<meta property=\"og:url\" content=\"https:\/\/www.emidav.com\/ro\/produse\/conductoare-din-cupru\/\" \/>\n<meta property=\"og:site_name\" content=\"Emidav\" \/>\n<meta property=\"article:modified_time\" content=\"2025-07-08T07:20:10+00:00\" \/>\n<meta property=\"og:image\" content=\"https:\/\/www.emidav.com\/wp-content\/uploads\/2025\/06\/rezhuzalok.jpg\" \/>\n\t<meta property=\"og:image:width\" content=\"1920\" \/>\n\t<meta property=\"og:image:height\" content=\"1280\" \/>\n\t<meta property=\"og:image:type\" content=\"image\/jpeg\" \/>\n<meta name=\"twitter:card\" content=\"summary_large_image\" \/>\n<meta name=\"twitter:label1\" content=\"Timp estimat pentru citire\" \/>\n\t<meta name=\"twitter:data1\" content=\"1 minut\" \/>\n<script type=\"application\/ld+json\" class=\"yoast-schema-graph\">{\"@context\":\"https:\/\/schema.org\",\"@graph\":[{\"@type\":\"WebPage\",\"@id\":\"https:\/\/www.emidav.com\/ro\/produse\/conductoare-din-cupru\/\",\"url\":\"https:\/\/www.emidav.com\/ro\/produse\/conductoare-din-cupru\/\",\"name\":\"Fire de Cupru \u0219i Aluminiu | Emidav\",\"isPartOf\":{\"@id\":\"https:\/\/www.emidav.com\/ro\/#website\"},\"primaryImageOfPage\":{\"@id\":\"https:\/\/www.emidav.com\/ro\/produse\/conductoare-din-cupru\/#primaryimage\"},\"image\":{\"@id\":\"https:\/\/www.emidav.com\/ro\/produse\/conductoare-din-cupru\/#primaryimage\"},\"thumbnailUrl\":\"https:\/\/www.emidav.com\/wp-content\/uploads\/2025\/06\/rezhuzalok.jpg\",\"datePublished\":\"2025-04-17T08:53:06+00:00\",\"dateModified\":\"2025-07-08T07:20:10+00:00\",\"breadcrumb\":{\"@id\":\"https:\/\/www.emidav.com\/ro\/produse\/conductoare-din-cupru\/#breadcrumb\"},\"inLanguage\":\"ro-RO\",\"potentialAction\":[{\"@type\":\"ReadAction\",\"target\":[\"https:\/\/www.emidav.com\/ro\/produse\/conductoare-din-cupru\/\"]}]},{\"@type\":\"ImageObject\",\"inLanguage\":\"ro-RO\",\"@id\":\"https:\/\/www.emidav.com\/ro\/produse\/conductoare-din-cupru\/#primaryimage\",\"url\":\"https:\/\/www.emidav.com\/wp-content\/uploads\/2025\/06\/rezhuzalok.jpg\",\"contentUrl\":\"https:\/\/www.emidav.com\/wp-content\/uploads\/2025\/06\/rezhuzalok.jpg\",\"width\":1920,\"height\":1280},{\"@type\":\"BreadcrumbList\",\"@id\":\"https:\/\/www.emidav.com\/ro\/produse\/conductoare-din-cupru\/#breadcrumb\",\"itemListElement\":[{\"@type\":\"ListItem\",\"position\":1,\"name\":\"Acas\u0103\",\"item\":\"https:\/\/www.emidav.com\/ro\/\"},{\"@type\":\"ListItem\",\"position\":2,\"name\":\"Produse\",\"item\":\"https:\/\/www.emidav.com\/ro\/produse\/\"},{\"@type\":\"ListItem\",\"position\":3,\"name\":\"Fire de Cupru \u0219i Aluminiu\"}]},{\"@type\":\"WebSite\",\"@id\":\"https:\/\/www.emidav.com\/ro\/#website\",\"url\":\"https:\/\/www.emidav.com\/ro\/\",\"name\":\"Emidav Hungary\",\"description\":\"\",\"publisher\":{\"@id\":\"https:\/\/www.emidav.com\/ro\/#organization\"},\"alternateName\":\"Emidav\",\"potentialAction\":[{\"@type\":\"SearchAction\",\"target\":{\"@type\":\"EntryPoint\",\"urlTemplate\":\"https:\/\/www.emidav.com\/ro\/?s={search_term_string}\"},\"query-input\":{\"@type\":\"PropertyValueSpecification\",\"valueRequired\":true,\"valueName\":\"search_term_string\"}}],\"inLanguage\":\"ro-RO\"},{\"@type\":\"Organization\",\"@id\":\"https:\/\/www.emidav.com\/ro\/#organization\",\"name\":\"Emidav Hungary Kft.\",\"url\":\"https:\/\/www.emidav.com\/ro\/\",\"logo\":{\"@type\":\"ImageObject\",\"inLanguage\":\"ro-RO\",\"@id\":\"https:\/\/www.emidav.com\/ro\/#\/schema\/logo\/image\/\",\"url\":\"https:\/\/www.emidav.com\/wp-content\/uploads\/2025\/07\/emidav_logo.webp\",\"contentUrl\":\"https:\/\/www.emidav.com\/wp-content\/uploads\/2025\/07\/emidav_logo.webp\",\"width\":1490,\"height\":533,\"caption\":\"Emidav Hungary Kft.\"},\"image\":{\"@id\":\"https:\/\/www.emidav.com\/ro\/#\/schema\/logo\/image\/\"}}]}<\/script>\n<!-- \/ Yoast SEO plugin. -->","yoast_head_json":{"title":"Fire de Cupru \u0219i Aluminiu | Emidav","robots":{"index":"index","follow":"follow","max-snippet":"max-snippet:-1","max-image-preview":"max-image-preview:large","max-video-preview":"max-video-preview:-1"},"canonical":"https:\/\/www.emidav.com\/ro\/produse\/conductoare-din-cupru\/","og_locale":"ro_RO","og_type":"article","og_title":"Fire de Cupru \u0219i Aluminiu | Emidav","og_description":"Firele de cupru emailate sunt componente esen\u021biale pentru motoarele electrice, transformatoare \u0219i alte aplica\u021bii de bobinare. \u00cen oferta noastr\u0103 se reg\u0103sesc fire de cupru de diferite diametre, conforme cu standardele industriale de calitate \u2013 fie c\u0103 este vorba despre repara\u021bii, produc\u021bie sau rebobinare.","og_url":"https:\/\/www.emidav.com\/ro\/produse\/conductoare-din-cupru\/","og_site_name":"Emidav","article_modified_time":"2025-07-08T07:20:10+00:00","og_image":[{"width":1920,"height":1280,"url":"https:\/\/www.emidav.com\/wp-content\/uploads\/2025\/06\/rezhuzalok.jpg","type":"image\/jpeg"}],"twitter_card":"summary_large_image","twitter_misc":{"Timp estimat pentru citire":"1 minut"},"schema":{"@context":"https:\/\/schema.org","@graph":[{"@type":"WebPage","@id":"https:\/\/www.emidav.com\/ro\/produse\/conductoare-din-cupru\/","url":"https:\/\/www.emidav.com\/ro\/produse\/conductoare-din-cupru\/","name":"Fire de Cupru \u0219i Aluminiu | Emidav","isPartOf":{"@id":"https:\/\/www.emidav.com\/ro\/#website"},"primaryImageOfPage":{"@id":"https:\/\/www.emidav.com\/ro\/produse\/conductoare-din-cupru\/#primaryimage"},"image":{"@id":"https:\/\/www.emidav.com\/ro\/produse\/conductoare-din-cupru\/#primaryimage"},"thumbnailUrl":"https:\/\/www.emidav.com\/wp-content\/uploads\/2025\/06\/rezhuzalok.jpg","datePublished":"2025-04-17T08:53:06+00:00","dateModified":"2025-07-08T07:20:10+00:00","breadcrumb":{"@id":"https:\/\/www.emidav.com\/ro\/produse\/conductoare-din-cupru\/#breadcrumb"},"inLanguage":"ro-RO","potentialAction":[{"@type":"ReadAction","target":["https:\/\/www.emidav.com\/ro\/produse\/conductoare-din-cupru\/"]}]},{"@type":"ImageObject","inLanguage":"ro-RO","@id":"https:\/\/www.emidav.com\/ro\/produse\/conductoare-din-cupru\/#primaryimage","url":"https:\/\/www.emidav.com\/wp-content\/uploads\/2025\/06\/rezhuzalok.jpg","contentUrl":"https:\/\/www.emidav.com\/wp-content\/uploads\/2025\/06\/rezhuzalok.jpg","width":1920,"height":1280},{"@type":"BreadcrumbList","@id":"https:\/\/www.emidav.com\/ro\/produse\/conductoare-din-cupru\/#breadcrumb","itemListElement":[{"@type":"ListItem","position":1,"name":"Acas\u0103","item":"https:\/\/www.emidav.com\/ro\/"},{"@type":"ListItem","position":2,"name":"Produse","item":"https:\/\/www.emidav.com\/ro\/produse\/"},{"@type":"ListItem","position":3,"name":"Fire de Cupru \u0219i Aluminiu"}]},{"@type":"WebSite","@id":"https:\/\/www.emidav.com\/ro\/#website","url":"https:\/\/www.emidav.com\/ro\/","name":"Emidav Hungary","description":"","publisher":{"@id":"https:\/\/www.emidav.com\/ro\/#organization"},"alternateName":"Emidav","potentialAction":[{"@type":"SearchAction","target":{"@type":"EntryPoint","urlTemplate":"https:\/\/www.emidav.com\/ro\/?s={search_term_string}"},"query-input":{"@type":"PropertyValueSpecification","valueRequired":true,"valueName":"search_term_string"}}],"inLanguage":"ro-RO"},{"@type":"Organization","@id":"https:\/\/www.emidav.com\/ro\/#organization","name":"Emidav Hungary Kft.","url":"https:\/\/www.emidav.com\/ro\/","logo":{"@type":"ImageObject","inLanguage":"ro-RO","@id":"https:\/\/www.emidav.com\/ro\/#\/schema\/logo\/image\/","url":"https:\/\/www.emidav.com\/wp-content\/uploads\/2025\/07\/emidav_logo.webp","contentUrl":"https:\/\/www.emidav.com\/wp-content\/uploads\/2025\/07\/emidav_logo.webp","width":1490,"height":533,"caption":"Emidav Hungary Kft."},"image":{"@id":"https:\/\/www.emidav.com\/ro\/#\/schema\/logo\/image\/"}}]}},"_links":{"self":[{"href":"https:\/\/www.emidav.com\/ro\/wp-json\/wp\/v2\/pages\/257","targetHints":{"allow":["GET"]}}],"collection":[{"href":"https:\/\/www.emidav.com\/ro\/wp-json\/wp\/v2\/pages"}],"about":[{"href":"https:\/\/www.emidav.com\/ro\/wp-json\/wp\/v2\/types\/page"}],"author":[{"embeddable":true,"href":"https:\/\/www.emidav.com\/ro\/wp-json\/wp\/v2\/users\/1"}],"replies":[{"embeddable":true,"href":"https:\/\/www.emidav.com\/ro\/wp-json\/wp\/v2\/comments?post=257"}],"version-history":[{"count":4,"href":"https:\/\/www.emidav.com\/ro\/wp-json\/wp\/v2\/pages\/257\/revisions"}],"predecessor-version":[{"id":1441,"href":"https:\/\/www.emidav.com\/ro\/wp-json\/wp\/v2\/pages\/257\/revisions\/1441"}],"up":[{"embeddable":true,"href":"https:\/\/www.emidav.com\/ro\/wp-json\/wp\/v2\/pages\/259"}],"wp:featuredmedia":[{"embeddable":true,"href":"https:\/\/www.emidav.com\/ro\/wp-json\/wp\/v2\/media\/989"}],"wp:attachment":[{"href":"https:\/\/www.emidav.com\/ro\/wp-json\/wp\/v2\/media?parent=257"}],"wp:term":[{"taxonomy":"category","embeddable":true,"href":"https:\/\/www.emidav.com\/ro\/wp-json\/wp\/v2\/categories?post=257"}],"curies":[{"name":"wp","href":"https:\/\/api.w.org\/{rel}","templated":true}]}}