{"id":1134,"date":"2025-06-25T08:51:45","date_gmt":"2025-06-25T08:51:45","guid":{"rendered":"https:\/\/www.emidav.com\/?page_id=1134"},"modified":"2025-07-08T11:50:28","modified_gmt":"2025-07-08T11:50:28","slug":"marci","status":"publish","type":"page","link":"https:\/\/www.emidav.com\/ro\/marci\/","title":{"rendered":"M\u0103rci"},"content":{"rendered":"","protected":false},"excerpt":{"rendered":"","protected":false},"author":1,"featured_media":0,"parent":0,"menu_order":25,"comment_status":"closed","ping_status":"closed","template":"template-brands.php","meta":{"footnotes":""},"categories":[],"class_list":["post-1134","page","type-page","status-publish","hentry"],"yoast_head":"<!-- This site is optimized with the Yoast SEO plugin v25.9 - https:\/\/yoast.com\/wordpress\/plugins\/seo\/ -->\n<title>M\u0103rci Europene Premium \u0219i Partenerii No\u0219tri | Emidav Kft.<\/title>\n<meta name=\"description\" content=\"Emidav Kft. este distribuitorul oficial \u00een Rom\u00e2nia pentru m\u0103rci de top din Europa. Garant\u0103m produse autentice \u0219i suport specializat.\" \/>\n<meta name=\"robots\" content=\"index, follow, max-snippet:-1, max-image-preview:large, max-video-preview:-1\" \/>\n<link rel=\"canonical\" href=\"https:\/\/www.emidav.com\/ro\/marci\/\" \/>\n<meta property=\"og:locale\" content=\"ro_RO\" \/>\n<meta property=\"og:type\" content=\"article\" \/>\n<meta property=\"og:title\" content=\"M\u0103rci Europene Premium \u0219i Partenerii No\u0219tri | Emidav Kft.\" \/>\n<meta property=\"og:description\" content=\"Emidav Kft. este distribuitorul oficial \u00een Rom\u00e2nia pentru m\u0103rci de top din Europa. Garant\u0103m produse autentice \u0219i suport specializat.\" \/>\n<meta property=\"og:url\" content=\"https:\/\/www.emidav.com\/ro\/marci\/\" \/>\n<meta property=\"og:site_name\" content=\"Emidav\" \/>\n<meta property=\"article:modified_time\" content=\"2025-07-08T11:50:28+00:00\" \/>\n<meta property=\"og:image\" content=\"https:\/\/www.emidav.com\/wp-content\/uploads\/2025\/07\/emidav_site_image.webp\" \/>\n\t<meta property=\"og:image:width\" content=\"1200\" \/>\n\t<meta property=\"og:image:height\" content=\"675\" \/>\n\t<meta property=\"og:image:type\" content=\"image\/webp\" \/>\n<meta name=\"twitter:card\" content=\"summary_large_image\" \/>\n<script type=\"application\/ld+json\" class=\"yoast-schema-graph\">{\"@context\":\"https:\/\/schema.org\",\"@graph\":[{\"@type\":\"WebPage\",\"@id\":\"https:\/\/www.emidav.com\/ro\/marci\/\",\"url\":\"https:\/\/www.emidav.com\/ro\/marci\/\",\"name\":\"M\u0103rci Europene Premium \u0219i Partenerii No\u0219tri | Emidav Kft.\",\"isPartOf\":{\"@id\":\"https:\/\/www.emidav.com\/ro\/#website\"},\"datePublished\":\"2025-06-25T08:51:45+00:00\",\"dateModified\":\"2025-07-08T11:50:28+00:00\",\"description\":\"Emidav Kft. este distribuitorul oficial \u00een Rom\u00e2nia pentru m\u0103rci de top din Europa. Garant\u0103m produse autentice \u0219i suport specializat.\",\"breadcrumb\":{\"@id\":\"https:\/\/www.emidav.com\/ro\/marci\/#breadcrumb\"},\"inLanguage\":\"ro-RO\",\"potentialAction\":[{\"@type\":\"ReadAction\",\"target\":[\"https:\/\/www.emidav.com\/ro\/marci\/\"]}]},{\"@type\":\"BreadcrumbList\",\"@id\":\"https:\/\/www.emidav.com\/ro\/marci\/#breadcrumb\",\"itemListElement\":[{\"@type\":\"ListItem\",\"position\":1,\"name\":\"Acas\u0103\",\"item\":\"https:\/\/www.emidav.com\/ro\/\"},{\"@type\":\"ListItem\",\"position\":2,\"name\":\"M\u0103rci\"}]},{\"@type\":\"WebSite\",\"@id\":\"https:\/\/www.emidav.com\/ro\/#website\",\"url\":\"https:\/\/www.emidav.com\/ro\/\",\"name\":\"Emidav Hungary\",\"description\":\"\",\"publisher\":{\"@id\":\"https:\/\/www.emidav.com\/ro\/#organization\"},\"alternateName\":\"Emidav\",\"potentialAction\":[{\"@type\":\"SearchAction\",\"target\":{\"@type\":\"EntryPoint\",\"urlTemplate\":\"https:\/\/www.emidav.com\/ro\/?s={search_term_string}\"},\"query-input\":{\"@type\":\"PropertyValueSpecification\",\"valueRequired\":true,\"valueName\":\"search_term_string\"}}],\"inLanguage\":\"ro-RO\"},{\"@type\":\"Organization\",\"@id\":\"https:\/\/www.emidav.com\/ro\/#organization\",\"name\":\"Emidav Hungary Kft.\",\"url\":\"https:\/\/www.emidav.com\/ro\/\",\"logo\":{\"@type\":\"ImageObject\",\"inLanguage\":\"ro-RO\",\"@id\":\"https:\/\/www.emidav.com\/ro\/#\/schema\/logo\/image\/\",\"url\":\"https:\/\/www.emidav.com\/wp-content\/uploads\/2025\/07\/emidav_logo.webp\",\"contentUrl\":\"https:\/\/www.emidav.com\/wp-content\/uploads\/2025\/07\/emidav_logo.webp\",\"width\":1490,\"height\":533,\"caption\":\"Emidav Hungary Kft.\"},\"image\":{\"@id\":\"https:\/\/www.emidav.com\/ro\/#\/schema\/logo\/image\/\"}}]}<\/script>\n<!-- \/ Yoast SEO plugin. -->","yoast_head_json":{"title":"M\u0103rci Europene Premium \u0219i Partenerii No\u0219tri | Emidav Kft.","description":"Emidav Kft. este distribuitorul oficial \u00een Rom\u00e2nia pentru m\u0103rci de top din Europa. Garant\u0103m produse autentice \u0219i suport specializat.","robots":{"index":"index","follow":"follow","max-snippet":"max-snippet:-1","max-image-preview":"max-image-preview:large","max-video-preview":"max-video-preview:-1"},"canonical":"https:\/\/www.emidav.com\/ro\/marci\/","og_locale":"ro_RO","og_type":"article","og_title":"M\u0103rci Europene Premium \u0219i Partenerii No\u0219tri | Emidav Kft.","og_description":"Emidav Kft. este distribuitorul oficial \u00een Rom\u00e2nia pentru m\u0103rci de top din Europa. Garant\u0103m produse autentice \u0219i suport specializat.","og_url":"https:\/\/www.emidav.com\/ro\/marci\/","og_site_name":"Emidav","article_modified_time":"2025-07-08T11:50:28+00:00","og_image":[{"width":1200,"height":675,"url":"https:\/\/www.emidav.com\/wp-content\/uploads\/2025\/07\/emidav_site_image.webp","type":"image\/webp"}],"twitter_card":"summary_large_image","schema":{"@context":"https:\/\/schema.org","@graph":[{"@type":"WebPage","@id":"https:\/\/www.emidav.com\/ro\/marci\/","url":"https:\/\/www.emidav.com\/ro\/marci\/","name":"M\u0103rci Europene Premium \u0219i Partenerii No\u0219tri | Emidav Kft.","isPartOf":{"@id":"https:\/\/www.emidav.com\/ro\/#website"},"datePublished":"2025-06-25T08:51:45+00:00","dateModified":"2025-07-08T11:50:28+00:00","description":"Emidav Kft. este distribuitorul oficial \u00een Rom\u00e2nia pentru m\u0103rci de top din Europa. Garant\u0103m produse autentice \u0219i suport specializat.","breadcrumb":{"@id":"https:\/\/www.emidav.com\/ro\/marci\/#breadcrumb"},"inLanguage":"ro-RO","potentialAction":[{"@type":"ReadAction","target":["https:\/\/www.emidav.com\/ro\/marci\/"]}]},{"@type":"BreadcrumbList","@id":"https:\/\/www.emidav.com\/ro\/marci\/#breadcrumb","itemListElement":[{"@type":"ListItem","position":1,"name":"Acas\u0103","item":"https:\/\/www.emidav.com\/ro\/"},{"@type":"ListItem","position":2,"name":"M\u0103rci"}]},{"@type":"WebSite","@id":"https:\/\/www.emidav.com\/ro\/#website","url":"https:\/\/www.emidav.com\/ro\/","name":"Emidav Hungary","description":"","publisher":{"@id":"https:\/\/www.emidav.com\/ro\/#organization"},"alternateName":"Emidav","potentialAction":[{"@type":"SearchAction","target":{"@type":"EntryPoint","urlTemplate":"https:\/\/www.emidav.com\/ro\/?s={search_term_string}"},"query-input":{"@type":"PropertyValueSpecification","valueRequired":true,"valueName":"search_term_string"}}],"inLanguage":"ro-RO"},{"@type":"Organization","@id":"https:\/\/www.emidav.com\/ro\/#organization","name":"Emidav Hungary Kft.","url":"https:\/\/www.emidav.com\/ro\/","logo":{"@type":"ImageObject","inLanguage":"ro-RO","@id":"https:\/\/www.emidav.com\/ro\/#\/schema\/logo\/image\/","url":"https:\/\/www.emidav.com\/wp-content\/uploads\/2025\/07\/emidav_logo.webp","contentUrl":"https:\/\/www.emidav.com\/wp-content\/uploads\/2025\/07\/emidav_logo.webp","width":1490,"height":533,"caption":"Emidav Hungary Kft."},"image":{"@id":"https:\/\/www.emidav.com\/ro\/#\/schema\/logo\/image\/"}}]}},"_links":{"self":[{"href":"https:\/\/www.emidav.com\/ro\/wp-json\/wp\/v2\/pages\/1134","targetHints":{"allow":["GET"]}}],"collection":[{"href":"https:\/\/www.emidav.com\/ro\/wp-json\/wp\/v2\/pages"}],"about":[{"href":"https:\/\/www.emidav.com\/ro\/wp-json\/wp\/v2\/types\/page"}],"author":[{"embeddable":true,"href":"https:\/\/www.emidav.com\/ro\/wp-json\/wp\/v2\/users\/1"}],"replies":[{"embeddable":true,"href":"https:\/\/www.emidav.com\/ro\/wp-json\/wp\/v2\/comments?post=1134"}],"version-history":[{"count":1,"href":"https:\/\/www.emidav.com\/ro\/wp-json\/wp\/v2\/pages\/1134\/revisions"}],"predecessor-version":[{"id":1135,"href":"https:\/\/www.emidav.com\/ro\/wp-json\/wp\/v2\/pages\/1134\/revisions\/1135"}],"wp:attachment":[{"href":"https:\/\/www.emidav.com\/ro\/wp-json\/wp\/v2\/media?parent=1134"}],"wp:term":[{"taxonomy":"category","embeddable":true,"href":"https:\/\/www.emidav.com\/ro\/wp-json\/wp\/v2\/categories?post=1134"}],"curies":[{"name":"wp","href":"https:\/\/api.w.org\/{rel}","templated":true}]}}