{"id":1080,"date":"2025-06-25T06:35:15","date_gmt":"2025-06-25T06:35:15","guid":{"rendered":"https:\/\/www.emidav.com\/?page_id=1080"},"modified":"2025-07-08T11:29:23","modified_gmt":"2025-07-08T11:29:23","slug":"cookie-policy","status":"publish","type":"page","link":"https:\/\/www.emidav.com\/ro\/cookie-policy\/","title":{"rendered":"Cookie Policy"},"content":{"rendered":"<h2 data-pm-slice=\"1 1 []\"><strong>POLITICA PRIVIND COOKIE-URILE<\/strong><\/h2>\n<p data-pm-slice=\"1 1 []\">Aceast\u0103 Politic\u0103 privind cookie-urile face parte integrant\u0103 din Notificarea de Confiden\u021bialitate a EMIDAV HUNGARY Kft., disponibil\u0103 pe site-ul <a>www.emidav.com<\/a>. Prin navigarea pe site, utilizatorul este de acord cu utilizarea cookie-urilor conform acestei politici, cu excep\u021bia cazului \u00een care set\u0103rile implicite (bannerul de cookie-uri sau gestionarea preferin\u021belor) indic\u0103 altfel.<\/p>\n<h3>1. <strong>Ce sunt cookie-urile?<\/strong><\/h3>\n<p data-pm-slice=\"1 1 []\">Cookie-urile sunt fi\u0219iere text mici trimise de un site web c\u0103tre dispozitivul utilizatorului (calculator, tablet\u0103, smartphone), pentru a stoca informa\u021bii care faciliteaz\u0103 navigarea. Cookie-urile nu d\u0103uneaz\u0103 dispozitivului \u0219i pot fi citite sau modificate doar de site-ul care le-a creat.<\/p>\n<h3>2. <strong>De ce folosim cookie-uri?<\/strong><\/h3>\n<p data-pm-slice=\"1 1 []\">Folosim cookie-uri pe site-ul nostru \u00een urm\u0103toarele scopuri:<\/p>\n<ul>\n<li>\n<p data-pm-slice=\"1 1 [&quot;list&quot;,{&quot;spread&quot;:false,&quot;start&quot;:828,&quot;end&quot;:1202},&quot;regular_list_item&quot;,{&quot;start&quot;:828,&quot;end&quot;:911}]\">Pentru a facilita \u0219i simplifica navigarea \u0219i vizualizarea con\u021binutului site-ului;<\/p>\n<\/li>\n<li>Pentru a men\u021bine experien\u021ba de navigare a vizitatorilor, astfel \u00eenc\u00e2t navigarea s\u0103 fie mai rapid\u0103 \u0219i personalizat\u0103;<\/li>\n<li>\n<p data-pm-slice=\"1 1 [&quot;list&quot;,{&quot;spread&quot;:false,&quot;start&quot;:828,&quot;end&quot;:1202},&quot;regular_list_item&quot;,{&quot;start&quot;:1030,&quot;end&quot;:1202}]\">Pentru a colecta anonim date de navigare \u0219i a crea statistici agregate, care ne ajut\u0103 s\u0103 \u00eembun\u0103t\u0103\u021bim con\u021binutul site-ului conform nevoilor \u0219i preferin\u021belor vizitatorilor.<\/p>\n<\/li>\n<\/ul>\n<h3>3. <strong>Ce tipuri de cookie-uri folosim?<\/strong><\/h3>\n<ul>\n<li><strong>Cookie-uri necesare func\u021bion\u0103rii<\/strong><\/li>\n<\/ul>\n<ol>\n<li data-pm-slice=\"1 1 []\">Scop: Asigur\u0103 func\u021bionarea corect\u0103 a site-ului, faciliteaz\u0103 utilizarea acestuia \u0219i colecteaz\u0103 informa\u021bii f\u0103r\u0103 a identifica vizitatorii. Exemple: acceptarea cookie-urilor, salvarea datelor de autentificare, starea mesajelor informative.<\/li>\n<li data-pm-slice=\"1 1 []\">Temei legal: Interesul legitim al operatorului (Art. 6 alin. (1) lit. f) din GDPR).<\/li>\n<li data-pm-slice=\"1 1 []\">Durat\u0103: Cookie-uri de sesiune sau persistente, ce pot fi \u0219terse din browser.<\/li>\n<\/ol>\n<ul>\n<li><strong>Cookie-uri statistice<\/strong><\/li>\n<\/ul>\n<ol>\n<li>Scop: Pentru a \u00eembun\u0103t\u0103\u021bi site-ul \u0219i experien\u021ba utilizatorului, colect\u0103m informa\u021bii despre modul \u00eencare vizitatorii utilizeaz\u0103 site-ul. Aceste cookie-uri nu identific\u0103 utilizatorii, ci adun\u0103 date precum paginile vizitate, zonele accesate, durata sesiunii, eventualele erori.<\/li>\n<li>Temei legal: Consim\u021bam\u00e2ntul utilizatorului.<\/li>\n<li>Instrumente folosite: Google Analytics sau altele configurate pentru anonimizarea adresei IP.<\/li>\n<\/ol>\n<ul>\n<li><strong>Cookie-uri de targetare \u0219i publicitate<\/strong><\/li>\n<\/ul>\n<ol>\n<li data-pm-slice=\"1 1 []\">Scop: Afi\u0219area de reclame relevante pentru utilizator, pe baza intereselor sale. Nu identific\u0103 direct persoana, dar colecteaz\u0103 date despre comportamentul de navigare. Cu acordul prealabil al utilizatorului, aceste date pot fi corelate cu datele sale personale pentru comunicare de marketing personalizat\u0103.<\/li>\n<li data-pm-slice=\"1 1 []\">Temei legal: Consim\u021bam\u00e2ntul utilizatorului.<\/li>\n<li data-pm-slice=\"1 1 []\">Durat\u0103: P\u00e2n\u0103 la 12 luni.<\/li>\n<\/ol>\n<p data-pm-slice=\"1 1 []\"><strong>Not\u0103:<\/strong> F\u0103r\u0103 acordul expres, nu se instaleaz\u0103 cookie-uri non-tehnice la accesarea site-ului.<\/p>\n<h3>4. <strong>Cum folosim cookie-urile?<\/strong><\/h3>\n<p>Utilizatorul poate modifica oric\u00e2nd preferin\u021bele privind cookie-urile:<\/p>\n<ul>\n<li data-start=\"120\" data-end=\"177\">Prin bannerul de consim\u021b\u0103m\u00e2nt la prima accesare;<\/li>\n<li data-start=\"120\" data-end=\"177\">Prin pagina dedicat\u0103 gestion\u0103rii preferin\u021belor privind cookie-urile (link disponibil la subsolul paginii);<\/li>\n<li data-pm-slice=\"1 1 [&quot;list&quot;,{&quot;spread&quot;:false,&quot;start&quot;:2794,&quot;end&quot;:3027},&quot;regular_list_item&quot;,{&quot;start&quot;:2954,&quot;end&quot;:3027}]\">Prin set\u0103rile browserului, unde pot fi blocate sau \u0219terse cookie-urile.<\/li>\n<\/ul>\n<p>Linkuri utile pentru gestionarea cookie-urilor \u00een cele mai populare browsere:<\/p>\n<ul>\n<li><a href=\"https:\/\/support.google.com\/chrome\/answer\/95647?hl=en&amp;co=GENIE.Platform%3DAndroid\">Google Chrome<\/a><\/li>\n<li><a href=\"https:\/\/support.mozilla.org\/en-US\/kb\/clear-cookies-and-site-data-firefox\">Mozilla Firefox<\/a><\/li>\n<li><a href=\"https:\/\/help.apple.com\/safari\/mac\/8.0\/en.lproj\/sfri11471.html\">Apple Safari<\/a><\/li>\n<li><a href=\"https:\/\/support.microsoft.com\/en-us\/windows\/manage-cookies-in-microsoft-edge-view-allow-block-delete-and-use-168dab11-0753-043d-7c16-ede5947fc64d\">Microsoft Edge<\/a><\/li>\n<\/ul>\n<h3>5. <strong>Cookie-uri ale ter\u021belor p\u0103r\u021bi<\/strong><\/h3>\n<p data-pm-slice=\"1 1 []\">Unele servicii ter\u021be (ex. videoclipuri integrate, h\u0103r\u021bi, butoane sociale) pot instala propriile cookie-uri. Compania nu are control direct asupra acestor cookie-uri. V\u0103 recomand\u0103m consultarea politicilor de confiden\u021bialitate ale furnizorilor:<\/p>\n<ul>\n<li><a href=\"https:\/\/policies.google.com\/privacy?hl=en-US\">Google<\/a> (YouTube, Maps, Analytics)<\/li>\n<li><a href=\"https:\/\/www.facebook.com\/policy.php\">Meta<\/a> (Facebook, Instagram)<\/li>\n<li><a href=\"https:\/\/www.linkedin.com\/legal\/privacy-policy\">LinkedIn<\/a><\/li>\n<\/ul>\n<h3>6. <strong>Cum pot fi dezactivate cookie-urile?<\/strong><\/h3>\n<p>Majoritatea browserelor accept\u0103 automat cookie-urile, dar utilizatorul le poate modifica pentru a le bloca sau a alege de fiecare dat\u0103 dac\u0103 le permite. Reamintim c\u0103 dezactivarea cookie-urilor poate afecta func\u021bionarea corect\u0103 a site-ului. V\u0103 atragem aten\u021bia c\u0103, deoarece scopul cookie-urilor este de a facilita sau permite utilizarea func\u021bionalit\u0103\u021bilor \u0219i proceselor site-ului nostru, blocarea sau \u0219tergerea acestora poate duce la imposibilitatea utiliz\u0103rii complete a func\u021biilor site-ului, iar acesta ar putea func\u021biona diferit fa\u021b\u0103 de cum a fost proiectat \u00een browserul dumneavoastr\u0103.<\/p>\n<p data-pm-slice=\"1 1 []\">Informa\u021bii suplimentare despre set\u0103rile cookie pentru cele mai utilizate browsere:<\/p>\n<ul>\n<li><a href=\"https:\/\/support.google.com\/chrome\/answer\/95647?hl=en&amp;co=GENIE.Platform%3DDesktop\">Google Chrome<\/a><\/li>\n<li><a href=\"https:\/\/support.mozilla.org\/en-US\/kb\/block-websites-storing-cookies-site-data-firefox\">Firefox<\/a><\/li>\n<li><a href=\"https:\/\/support.microsoft.com\/en-us\/topic\/how-to-delete-cookie-files-in-internet-explorer-bca9446f-d873-78de-77ba-d42645fa52fc\">Microsoft Internet Explorer<\/a><\/li>\n<li><a href=\"https:\/\/support.microsoft.com\/en-us\/windows\/manage-cookies-in-microsoft-edge-view-allow-block-delete-and-use-168dab11-0753-043d-7c16-ede5947fc64d\">Microsoft Edge<\/a><\/li>\n<li><a href=\"https:\/\/support.apple.com\/en-gb\/guide\/safari\/ibrw850f6c51\/mac\">Safari<\/a><\/li>\n<\/ul>\n<h3>7. <strong>Modificarea Politicii de Cookie-uri<\/strong><\/h3>\n<p>Compania i\u0219i rezerv\u0103 dreptul de a actualiza aceast\u0103 Politic\u0103 privind cookie-urile oric\u00e2nd. Modific\u0103rile intr\u0103 \u00een vigoare la publicarea pe site.<\/p>\n","protected":false},"excerpt":{"rendered":"<p>POLITICA PRIVIND COOKIE-URILE Aceast\u0103 Politic\u0103 privind cookie-urile face parte integrant\u0103 din Notificarea de Confiden\u021bialitate a EMIDAV HUNGARY Kft., disponibil\u0103 pe site-ul www.emidav.com. Prin navigarea pe site, utilizatorul este de acord cu utilizarea cookie-urilor conform acestei politici, cu excep\u021bia cazului \u00een care set\u0103rile implicite (bannerul de cookie-uri sau gestionarea preferin\u021belor) indic\u0103 altfel. 1. Ce sunt cookie-urile? [&hellip;]<\/p>\n","protected":false},"author":1,"featured_media":0,"parent":0,"menu_order":8,"comment_status":"closed","ping_status":"closed","template":"","meta":{"footnotes":""},"categories":[],"class_list":["post-1080","page","type-page","status-publish","hentry"],"yoast_head":"<!-- This site is optimized with the Yoast SEO plugin v25.9 - https:\/\/yoast.com\/wordpress\/plugins\/seo\/ -->\n<title>Cookie Policy | Emidav Kft. | Solu\u021bii Electromecanice<\/title>\n<meta name=\"description\" content=\"De peste 25 de ani, Emidav Kft. distribuie produse electromecanice de calitate superioar\u0103 de la produc\u0103tori europeni. Expertiz\u0103 \u0219i fiabilitate.\" \/>\n<meta name=\"robots\" content=\"index, follow, max-snippet:-1, max-image-preview:large, max-video-preview:-1\" \/>\n<link rel=\"canonical\" href=\"https:\/\/www.emidav.com\/ro\/cookie-policy\/\" \/>\n<meta property=\"og:locale\" content=\"ro_RO\" \/>\n<meta property=\"og:type\" content=\"article\" \/>\n<meta property=\"og:title\" content=\"Cookie Policy | Emidav Kft. | Solu\u021bii Electromecanice\" \/>\n<meta property=\"og:description\" content=\"De peste 25 de ani, Emidav Kft. distribuie produse electromecanice de calitate superioar\u0103 de la produc\u0103tori europeni. Expertiz\u0103 \u0219i fiabilitate.\" \/>\n<meta property=\"og:url\" content=\"https:\/\/www.emidav.com\/ro\/cookie-policy\/\" \/>\n<meta property=\"og:site_name\" content=\"Emidav\" \/>\n<meta property=\"article:modified_time\" content=\"2025-07-08T11:29:23+00:00\" \/>\n<meta property=\"og:image\" content=\"https:\/\/www.emidav.com\/wp-content\/uploads\/2025\/07\/emidav_site_image.webp\" \/>\n\t<meta property=\"og:image:width\" content=\"1200\" \/>\n\t<meta property=\"og:image:height\" content=\"675\" \/>\n\t<meta property=\"og:image:type\" content=\"image\/webp\" \/>\n<meta name=\"twitter:card\" content=\"summary_large_image\" \/>\n<meta name=\"twitter:label1\" content=\"Timp estimat pentru citire\" \/>\n\t<meta name=\"twitter:data1\" content=\"4 minute\" \/>\n<script type=\"application\/ld+json\" class=\"yoast-schema-graph\">{\"@context\":\"https:\/\/schema.org\",\"@graph\":[{\"@type\":\"WebPage\",\"@id\":\"https:\/\/www.emidav.com\/ro\/cookie-policy\/\",\"url\":\"https:\/\/www.emidav.com\/ro\/cookie-policy\/\",\"name\":\"Cookie Policy | Emidav Kft. | Solu\u021bii Electromecanice\",\"isPartOf\":{\"@id\":\"https:\/\/www.emidav.com\/ro\/#website\"},\"datePublished\":\"2025-06-25T06:35:15+00:00\",\"dateModified\":\"2025-07-08T11:29:23+00:00\",\"description\":\"De peste 25 de ani, Emidav Kft. distribuie produse electromecanice de calitate superioar\u0103 de la produc\u0103tori europeni. Expertiz\u0103 \u0219i fiabilitate.\",\"breadcrumb\":{\"@id\":\"https:\/\/www.emidav.com\/ro\/cookie-policy\/#breadcrumb\"},\"inLanguage\":\"ro-RO\",\"potentialAction\":[{\"@type\":\"ReadAction\",\"target\":[\"https:\/\/www.emidav.com\/ro\/cookie-policy\/\"]}]},{\"@type\":\"BreadcrumbList\",\"@id\":\"https:\/\/www.emidav.com\/ro\/cookie-policy\/#breadcrumb\",\"itemListElement\":[{\"@type\":\"ListItem\",\"position\":1,\"name\":\"Acas\u0103\",\"item\":\"https:\/\/www.emidav.com\/ro\/\"},{\"@type\":\"ListItem\",\"position\":2,\"name\":\"Cookie Policy\"}]},{\"@type\":\"WebSite\",\"@id\":\"https:\/\/www.emidav.com\/ro\/#website\",\"url\":\"https:\/\/www.emidav.com\/ro\/\",\"name\":\"Emidav Hungary\",\"description\":\"\",\"publisher\":{\"@id\":\"https:\/\/www.emidav.com\/ro\/#organization\"},\"alternateName\":\"Emidav\",\"potentialAction\":[{\"@type\":\"SearchAction\",\"target\":{\"@type\":\"EntryPoint\",\"urlTemplate\":\"https:\/\/www.emidav.com\/ro\/?s={search_term_string}\"},\"query-input\":{\"@type\":\"PropertyValueSpecification\",\"valueRequired\":true,\"valueName\":\"search_term_string\"}}],\"inLanguage\":\"ro-RO\"},{\"@type\":\"Organization\",\"@id\":\"https:\/\/www.emidav.com\/ro\/#organization\",\"name\":\"Emidav Hungary Kft.\",\"url\":\"https:\/\/www.emidav.com\/ro\/\",\"logo\":{\"@type\":\"ImageObject\",\"inLanguage\":\"ro-RO\",\"@id\":\"https:\/\/www.emidav.com\/ro\/#\/schema\/logo\/image\/\",\"url\":\"https:\/\/www.emidav.com\/wp-content\/uploads\/2025\/07\/emidav_logo.webp\",\"contentUrl\":\"https:\/\/www.emidav.com\/wp-content\/uploads\/2025\/07\/emidav_logo.webp\",\"width\":1490,\"height\":533,\"caption\":\"Emidav Hungary Kft.\"},\"image\":{\"@id\":\"https:\/\/www.emidav.com\/ro\/#\/schema\/logo\/image\/\"}}]}<\/script>\n<!-- \/ Yoast SEO plugin. -->","yoast_head_json":{"title":"Cookie Policy | Emidav Kft. | Solu\u021bii Electromecanice","description":"De peste 25 de ani, Emidav Kft. distribuie produse electromecanice de calitate superioar\u0103 de la produc\u0103tori europeni. Expertiz\u0103 \u0219i fiabilitate.","robots":{"index":"index","follow":"follow","max-snippet":"max-snippet:-1","max-image-preview":"max-image-preview:large","max-video-preview":"max-video-preview:-1"},"canonical":"https:\/\/www.emidav.com\/ro\/cookie-policy\/","og_locale":"ro_RO","og_type":"article","og_title":"Cookie Policy | Emidav Kft. | Solu\u021bii Electromecanice","og_description":"De peste 25 de ani, Emidav Kft. distribuie produse electromecanice de calitate superioar\u0103 de la produc\u0103tori europeni. Expertiz\u0103 \u0219i fiabilitate.","og_url":"https:\/\/www.emidav.com\/ro\/cookie-policy\/","og_site_name":"Emidav","article_modified_time":"2025-07-08T11:29:23+00:00","og_image":[{"width":1200,"height":675,"url":"https:\/\/www.emidav.com\/wp-content\/uploads\/2025\/07\/emidav_site_image.webp","type":"image\/webp"}],"twitter_card":"summary_large_image","twitter_misc":{"Timp estimat pentru citire":"4 minute"},"schema":{"@context":"https:\/\/schema.org","@graph":[{"@type":"WebPage","@id":"https:\/\/www.emidav.com\/ro\/cookie-policy\/","url":"https:\/\/www.emidav.com\/ro\/cookie-policy\/","name":"Cookie Policy | Emidav Kft. | Solu\u021bii Electromecanice","isPartOf":{"@id":"https:\/\/www.emidav.com\/ro\/#website"},"datePublished":"2025-06-25T06:35:15+00:00","dateModified":"2025-07-08T11:29:23+00:00","description":"De peste 25 de ani, Emidav Kft. distribuie produse electromecanice de calitate superioar\u0103 de la produc\u0103tori europeni. Expertiz\u0103 \u0219i fiabilitate.","breadcrumb":{"@id":"https:\/\/www.emidav.com\/ro\/cookie-policy\/#breadcrumb"},"inLanguage":"ro-RO","potentialAction":[{"@type":"ReadAction","target":["https:\/\/www.emidav.com\/ro\/cookie-policy\/"]}]},{"@type":"BreadcrumbList","@id":"https:\/\/www.emidav.com\/ro\/cookie-policy\/#breadcrumb","itemListElement":[{"@type":"ListItem","position":1,"name":"Acas\u0103","item":"https:\/\/www.emidav.com\/ro\/"},{"@type":"ListItem","position":2,"name":"Cookie Policy"}]},{"@type":"WebSite","@id":"https:\/\/www.emidav.com\/ro\/#website","url":"https:\/\/www.emidav.com\/ro\/","name":"Emidav Hungary","description":"","publisher":{"@id":"https:\/\/www.emidav.com\/ro\/#organization"},"alternateName":"Emidav","potentialAction":[{"@type":"SearchAction","target":{"@type":"EntryPoint","urlTemplate":"https:\/\/www.emidav.com\/ro\/?s={search_term_string}"},"query-input":{"@type":"PropertyValueSpecification","valueRequired":true,"valueName":"search_term_string"}}],"inLanguage":"ro-RO"},{"@type":"Organization","@id":"https:\/\/www.emidav.com\/ro\/#organization","name":"Emidav Hungary Kft.","url":"https:\/\/www.emidav.com\/ro\/","logo":{"@type":"ImageObject","inLanguage":"ro-RO","@id":"https:\/\/www.emidav.com\/ro\/#\/schema\/logo\/image\/","url":"https:\/\/www.emidav.com\/wp-content\/uploads\/2025\/07\/emidav_logo.webp","contentUrl":"https:\/\/www.emidav.com\/wp-content\/uploads\/2025\/07\/emidav_logo.webp","width":1490,"height":533,"caption":"Emidav Hungary Kft."},"image":{"@id":"https:\/\/www.emidav.com\/ro\/#\/schema\/logo\/image\/"}}]}},"_links":{"self":[{"href":"https:\/\/www.emidav.com\/ro\/wp-json\/wp\/v2\/pages\/1080","targetHints":{"allow":["GET"]}}],"collection":[{"href":"https:\/\/www.emidav.com\/ro\/wp-json\/wp\/v2\/pages"}],"about":[{"href":"https:\/\/www.emidav.com\/ro\/wp-json\/wp\/v2\/types\/page"}],"author":[{"embeddable":true,"href":"https:\/\/www.emidav.com\/ro\/wp-json\/wp\/v2\/users\/1"}],"replies":[{"embeddable":true,"href":"https:\/\/www.emidav.com\/ro\/wp-json\/wp\/v2\/comments?post=1080"}],"version-history":[{"count":15,"href":"https:\/\/www.emidav.com\/ro\/wp-json\/wp\/v2\/pages\/1080\/revisions"}],"predecessor-version":[{"id":1117,"href":"https:\/\/www.emidav.com\/ro\/wp-json\/wp\/v2\/pages\/1080\/revisions\/1117"}],"wp:attachment":[{"href":"https:\/\/www.emidav.com\/ro\/wp-json\/wp\/v2\/media?parent=1080"}],"wp:term":[{"taxonomy":"category","embeddable":true,"href":"https:\/\/www.emidav.com\/ro\/wp-json\/wp\/v2\/categories?post=1080"}],"curies":[{"name":"wp","href":"https:\/\/api.w.org\/{rel}","templated":true}]}}